{"id":387,"date":"2021-07-13T17:02:45","date_gmt":"2021-07-13T20:02:45","guid":{"rendered":"https:\/\/www2.uepg.br\/ppgh\/?page_id=387"},"modified":"2021-07-14T15:23:41","modified_gmt":"2021-07-14T18:23:41","slug":"edital-ppgh-08-2021","status":"publish","type":"page","link":"https:\/\/www2.uepg.br\/ppgh\/edital-ppgh-08-2021\/","title":{"rendered":"EDITAL PPGH 08\/2021"},"content":{"rendered":"<p><img loading=\"lazy\" class=\"alignnone size-full wp-image-278 alignright\" src=\"http:\/\/www2.uepg.br\/ppgh\/wp-content\/uploads\/sites\/131\/2021\/02\/imagem_2021-02-17_133847.png\" alt=\"\" width=\"257\" height=\"67\" \/><\/p>\n<p>&nbsp;<\/p>\n<p>&nbsp;<\/p>\n<p>&nbsp;<\/p>\n<hr \/>\n<p><strong>EDITAL PPGH 08\/2021 &#8211; PROJETOS SELECIONADOS NO PROCESSO SELETIVO DE 2021 E CONVOCA\u00c7\u00c3O PARA AVALIA\u00c7\u00c3O REMOTA <\/strong><\/p>\n<p>A Coordena\u00e7\u00e3o do Programa de P\u00f3s-Gradua\u00e7\u00e3o em Hist\u00f3ria (PPGH) da Universidade Estadual de Ponta Grossa, no uso de suas atribui\u00e7\u00f5es, considerando o que prev\u00ea o Edital PPGH 05\/2021 e 06\/2021 e em aten\u00e7\u00e3o \u00e0 delibera\u00e7\u00e3o da Comiss\u00e3o de Sele\u00e7\u00e3o e do Colegiado, convoca os\/as CANDIDATOS\/AS SELECIONADOS\/AS na primeira etapa do processo seletivo e torna p\u00fablico as datas e os hor\u00e1rios de realiza\u00e7\u00e3o da avalia\u00e7\u00e3o remota (argui\u00e7\u00e3o on-line) sobre os respectivos projeto de pesquisa e trajet\u00f3ria acad\u00eamica e profissional. A avalia\u00e7\u00e3o se dar\u00e1 via plataforma Google Meet e o link ser\u00e1 enviado ainda nesta semana diretamente para o e-mail dos(as) candidatos(as) selecionados(as):<\/p>\n<p>&nbsp;<\/p>\n<table style=\"height: 277px\" width=\"502\">\n<tbody>\n<tr>\n<td width=\"368\"><strong>N\u00facleo de pesquisas em Estudos de G\u00eanero<\/strong><\/td>\n<td width=\"94\"><strong>Dia<\/strong><\/td>\n<td width=\"104\"><strong>Hor\u00e1rio<\/strong><\/td>\n<\/tr>\n<tr>\n<td width=\"368\">Frederico Renan Hilgenberg Gomes<\/td>\n<td width=\"94\">20\/07<\/td>\n<td width=\"104\">9:00<\/td>\n<\/tr>\n<tr>\n<td width=\"368\">Luana Dias dos Santos<\/td>\n<td width=\"94\">20\/07<\/td>\n<td width=\"104\">9:30<\/td>\n<\/tr>\n<tr>\n<td width=\"368\">Thayn\u00e1 Guedes Assun\u00e7\u00e3o Martins<\/td>\n<td width=\"94\">20\/07<\/td>\n<td width=\"104\">10:00<\/td>\n<\/tr>\n<\/tbody>\n<\/table>\n<p>&nbsp;<\/p>\n<p>&nbsp;<\/p>\n<table>\n<tbody>\n<tr>\n<td width=\"368\"><strong>N\u00facleo de pesquisas em Hist\u00f3ria Intelectual<\/strong><\/td>\n<td width=\"94\"><strong>Dia<\/strong><\/td>\n<td width=\"104\"><strong>Hor\u00e1rio<\/strong><\/td>\n<\/tr>\n<tr>\n<td width=\"368\">D\u00e9bora do Rocio Pacheco da Silva<\/td>\n<td width=\"94\">20\/07<\/td>\n<td width=\"104\">9:00<\/td>\n<\/tr>\n<tr>\n<td width=\"368\">Elaine Cristina Itner Voidelo<\/td>\n<td width=\"94\">20\/07<\/td>\n<td width=\"104\">9:30<\/td>\n<\/tr>\n<tr>\n<td width=\"368\">Jo\u00e3o Paulo de Souza Freitas<\/td>\n<td width=\"94\">20\/07<\/td>\n<td width=\"104\">10:00<\/td>\n<\/tr>\n<tr>\n<td width=\"368\">Paulo Henrique Taufer<\/td>\n<td width=\"94\">20\/07<\/td>\n<td width=\"104\">10:30<\/td>\n<\/tr>\n<tr>\n<td width=\"368\">Thiago de Paula<\/td>\n<td width=\"94\">20\/07<\/td>\n<td width=\"104\">11:00<\/td>\n<\/tr>\n<\/tbody>\n<\/table>\n<p>&nbsp;<\/p>\n<p>&nbsp;<\/p>\n<table>\n<tbody>\n<tr>\n<td width=\"368\"><strong>N\u00facleo de pesquisas em Hist\u00f3ria e Religi\u00e3o<\/strong><\/td>\n<td width=\"94\"><strong>Dia<\/strong><\/td>\n<td width=\"104\"><strong>Hor\u00e1rio<\/strong><\/td>\n<\/tr>\n<tr>\n<td width=\"368\">Bruno dos Santos Grube<\/td>\n<td width=\"94\">20\/07<\/td>\n<td width=\"104\">14:00<\/td>\n<\/tr>\n<tr>\n<td width=\"368\">Elter Taets Garcia<\/td>\n<td width=\"94\">20\/07<\/td>\n<td width=\"104\">14:30<\/td>\n<\/tr>\n<tr>\n<td width=\"368\">Luis Ricardo Pauluk<\/td>\n<td width=\"94\">20\/07<\/td>\n<td width=\"104\">15:00<\/td>\n<\/tr>\n<tr>\n<td width=\"368\">Ricardo Enguel Gon\u00e7alves<\/td>\n<td width=\"94\">20\/07<\/td>\n<td width=\"104\">15:30<\/td>\n<\/tr>\n<tr>\n<td width=\"368\"><\/td>\n<td width=\"94\"><\/td>\n<td width=\"104\"><\/td>\n<\/tr>\n<\/tbody>\n<\/table>\n<p>&nbsp;<\/p>\n<table>\n<tbody>\n<tr>\n<td width=\"368\"><strong>N\u00facleo de pesquisas em Hist\u00f3ria e Imagens<\/strong><\/td>\n<td width=\"94\"><strong>Dia<\/strong><\/td>\n<td width=\"104\"><strong>Hor\u00e1rio<\/strong><\/td>\n<\/tr>\n<tr>\n<td width=\"368\">Ana Regina Praxedes Fernandes<\/td>\n<td width=\"94\">22\/07<\/td>\n<td width=\"104\">10:00<\/td>\n<\/tr>\n<tr>\n<td width=\"368\">Gabriela Martins de Azevedo<\/td>\n<td width=\"94\">22\/07<\/td>\n<td width=\"104\">10:30<\/td>\n<\/tr>\n<tr>\n<td width=\"368\">Ketlyn C. de Souza<\/td>\n<td width=\"94\">22\/07<\/td>\n<td width=\"104\">11:00<\/td>\n<\/tr>\n<\/tbody>\n<\/table>\n<p>&nbsp;<\/p>\n<p>&nbsp;<\/p>\n<table>\n<tbody>\n<tr>\n<td width=\"368\"><strong>N\u00facleo de pesquisas em Did\u00e1tica da Hist\u00f3ria<\/strong><\/td>\n<td width=\"94\"><strong>Dia<\/strong><\/td>\n<td width=\"104\"><strong>Hor\u00e1rio<\/strong><\/td>\n<\/tr>\n<tr>\n<td width=\"368\">Edson Willian da Costa<\/td>\n<td width=\"94\">22\/07<\/td>\n<td width=\"104\">14:00<\/td>\n<\/tr>\n<tr>\n<td width=\"368\">Let\u00edcia Marques Almeida<\/td>\n<td width=\"94\">22\/07<\/td>\n<td width=\"104\">14:30<\/td>\n<\/tr>\n<tr>\n<td width=\"368\">Liriane Val\u00e9ria Pereira Soares<\/td>\n<td width=\"94\">22\/07<\/td>\n<td width=\"104\">15:00<\/td>\n<\/tr>\n<tr>\n<td width=\"368\">Luiz Eduardo Ferreira Palma<\/td>\n<td width=\"94\">22\/07<\/td>\n<td width=\"104\">15:30<\/td>\n<\/tr>\n<\/tbody>\n<\/table>\n<p>&nbsp;<\/p>\n<p>&nbsp;<\/p>\n<table>\n<tbody>\n<tr>\n<td width=\"368\"><strong>N\u00facleo de pesquisas em Mem\u00f3ria, Cultura e Natureza<\/strong><\/td>\n<td width=\"94\"><strong>Dia<\/strong><\/td>\n<td width=\"104\"><strong>Hor\u00e1rio<\/strong><\/td>\n<\/tr>\n<tr>\n<td width=\"368\">Alana Maria de Lima Barros<\/td>\n<td width=\"94\">23\/07<\/td>\n<td width=\"104\">9:00<\/td>\n<\/tr>\n<tr>\n<td width=\"368\">Brenda Caroline Busato Rotter<\/td>\n<td width=\"94\">23\/07<\/td>\n<td width=\"104\">9:30<\/td>\n<\/tr>\n<tr>\n<td width=\"368\">Everton Carneiro Cipriano<\/td>\n<td width=\"94\">23\/07<\/td>\n<td width=\"104\">10:00<\/td>\n<\/tr>\n<tr>\n<td width=\"368\">Irio Junior Bernich<\/td>\n<td width=\"94\">23\/07<\/td>\n<td width=\"104\">10:30<\/td>\n<\/tr>\n<tr>\n<td width=\"368\">Mauro S\u00e9rgio Souza Pinto<\/td>\n<td width=\"94\">23\/07<\/td>\n<td width=\"104\">11:00<\/td>\n<\/tr>\n<\/tbody>\n<\/table>\n<p>&nbsp;<\/p>\n<p style=\"text-align: right\">Ponta Grossa, 13 de julho de 2021<\/p>\n<p style=\"text-align: right\">Coordena\u00e7\u00e3o do PPGH<\/p>\n<p>&nbsp;<\/p>\n","protected":false},"excerpt":{"rendered":"<p>&nbsp; &nbsp; &nbsp; EDITAL PPGH 08\/2021 &#8211; PROJETOS SELECIONADOS NO PROCESSO SELETIVO DE 2021 E CONVOCA\u00c7\u00c3O PARA AVALIA\u00c7\u00c3O REMOTA A Coordena\u00e7\u00e3o do Programa de P\u00f3s-Gradua\u00e7\u00e3o em Hist\u00f3ria (PPGH) da Universidade Estadual de Ponta Grossa, no uso de suas atribui\u00e7\u00f5es, considerando o que prev\u00ea o Edital PPGH 05\/2021 e 06\/2021 e em aten\u00e7\u00e3o \u00e0 delibera\u00e7\u00e3o da&nbsp;&hellip;<\/p>\n","protected":false},"author":188,"featured_media":0,"parent":0,"menu_order":0,"comment_status":"closed","ping_status":"closed","template":"","meta":[],"_links":{"self":[{"href":"https:\/\/www2.uepg.br\/ppgh\/wp-json\/wp\/v2\/pages\/387"}],"collection":[{"href":"https:\/\/www2.uepg.br\/ppgh\/wp-json\/wp\/v2\/pages"}],"about":[{"href":"https:\/\/www2.uepg.br\/ppgh\/wp-json\/wp\/v2\/types\/page"}],"author":[{"embeddable":true,"href":"https:\/\/www2.uepg.br\/ppgh\/wp-json\/wp\/v2\/users\/188"}],"replies":[{"embeddable":true,"href":"https:\/\/www2.uepg.br\/ppgh\/wp-json\/wp\/v2\/comments?post=387"}],"version-history":[{"count":4,"href":"https:\/\/www2.uepg.br\/ppgh\/wp-json\/wp\/v2\/pages\/387\/revisions"}],"predecessor-version":[{"id":392,"href":"https:\/\/www2.uepg.br\/ppgh\/wp-json\/wp\/v2\/pages\/387\/revisions\/392"}],"wp:attachment":[{"href":"https:\/\/www2.uepg.br\/ppgh\/wp-json\/wp\/v2\/media?parent=387"}],"curies":[{"name":"wp","href":"https:\/\/api.w.org\/{rel}","templated":true}]}}