{"id":404,"date":"2021-08-03T10:23:43","date_gmt":"2021-08-03T13:23:43","guid":{"rendered":"https:\/\/www2.uepg.br\/ppgh\/?page_id=404"},"modified":"2021-08-13T13:47:31","modified_gmt":"2021-08-13T16:47:31","slug":"404-2","status":"publish","type":"page","link":"https:\/\/www2.uepg.br\/ppgh\/404-2\/","title":{"rendered":"EDITAL PPGH 10 2021"},"content":{"rendered":"<p><img loading=\"lazy\" class=\"alignnone size-full wp-image-278 alignright\" src=\"http:\/\/www2.uepg.br\/ppgh\/wp-content\/uploads\/sites\/131\/2021\/02\/imagem_2021-02-17_133847.png\" alt=\"\" width=\"257\" height=\"67\" \/><\/p>\n<p>&nbsp;<\/p>\n<p>&nbsp;<\/p>\n<p>&nbsp;<\/p>\n<hr \/>\n<p><strong>EDITAL PPGH 10\/2021<\/strong><\/p>\n<p>&nbsp;<\/p>\n<p>&nbsp;<\/p>\n<p>ABERTURA DE INSCRI\u00c7\u00d5ES PARA ALUNOS ESPECIAIS EM DISCIPLINAS ISOLADAS NO MESTRADO EM HIST\u00d3RIA, CULTURA E IDENTIDADES PARA O SEGUNDO SEMESTRE DE 2021 \u2013 aulas remotas<\/p>\n<p>&nbsp;<\/p>\n<p>A Coordena\u00e7\u00e3o do Programa de P\u00f3s-Gradua\u00e7\u00e3o em Hist\u00f3ria, da Universidade Estadual de Ponta Grossa, no uso de suas atribui\u00e7\u00f5es e, em aten\u00e7\u00e3o \u00e0 delibera\u00e7\u00e3o do Colegiado e de acordo com o artigo 21. II do Regulamento do PPGH, faz saber que est\u00e3o abertas as inscri\u00e7\u00f5es para o processo de inscri\u00e7\u00e3o de alunos especiais em disciplina isolada, conforme o que disp\u00f5e o presente Edital:<\/p>\n<p>1.Poder\u00e3o se inscrever todos os alunos que conclu\u00edram curso superior em Hist\u00f3ria ou \u00e1reas afins.<\/p>\n<p>2. A inscri\u00e7\u00e3o do candidato implicar\u00e1 o conhecimento e a t\u00e1cita aceita\u00e7\u00e3o das normas e condi\u00e7\u00f5es estabelecidas neste Edital, das quais n\u00e3o poder\u00e1 alegar desconhecimento. Dentre as normas gerais, destacados os itens a seguir:<\/p>\n<p style=\"padding-left: 40px\">2.1 \u00c9 vedada mais de uma inscri\u00e7\u00e3o por candidato.<br \/>\n2.2 A aprova\u00e7\u00e3o na sele\u00e7\u00e3o para aluno especial n\u00e3o garante a aprova\u00e7\u00e3o do candidato como aluno regular do Programa.<br \/>\n2.3 A admiss\u00e3o do aluno especial ter\u00e1 validade de um semestre letivo.<br \/>\n2.4 \u00c9 vedado o trancamento de matr\u00edcula ao aluno especial.<\/p>\n<p>3. Disciplinas que aceitar\u00e3o alunos especiais, seus respectivos professores respons\u00e1veis, hor\u00e1rio, ementa, carga hor\u00e1ria e vagas:<\/p>\n<p><strong>N\u00facleo de Pesquisa em Hist\u00f3ria e Religi\u00e3o I<br \/>\n<\/strong>Profa. Ros\u00e2ngela Zulian<br \/>\n<strong>Hor\u00e1rio<\/strong>: Quartas-feiras, das 8:00 \u00e0s 12:00 h, on-line<br \/>\n<strong>Ementa<\/strong>: O fen\u00f4meno religioso. Religi\u00f5es, coexist\u00eancia e conflitos internos ao campo religioso. Institui\u00e7\u00f5es, movimentos religiosos e sujeitos. O processo hist\u00f3rico de organiza\u00e7\u00e3o e interpreta\u00e7\u00e3o das pr\u00e1ticas, s\u00edmbolos e linguagens nas religi\u00f5es, em suas m\u00faltiplas manifesta\u00e7\u00f5es e express\u00f5es. Interfaces com a antropologia, a sociologia, a psicologia e a literatura. A cultura cat\u00f3lica brasileira em seus encontros e confrontos com outras formas de cren\u00e7a. A ressignifica\u00e7\u00e3o da religiosidade brasileira a partir do movimento de reforma da Igreja no Brasil no s\u00e9culo XIX. Perspectivas de trabalho a partir da interpreta\u00e7\u00e3o das fontes religiosas oficiais no Brasil.<br \/>\n60 horas \/ 4 cr\u00e9ditos<br \/>\n2 vagas<\/p>\n<p><strong>M\u00e9todos e T\u00e9cnicas de Pesquisa em Hist\u00f3ria<br \/>\n<\/strong>Prof. Edson Armando Silva<br \/>\n<strong>Hor\u00e1rio<\/strong>: Quintas-feiras, das 8:00 \u00e0s 12:00 h, on-line<br \/>\n<strong>Ementa<\/strong>: An\u00e1lises e discuss\u00f5es sobre teoria, procedimentos metodol\u00f3gicos no campo da pesquisa hist\u00f3rica, o uso historiogr\u00e1fico de diferentes fontes hist\u00f3ricas, a problematiza\u00e7\u00e3o dos objetos, a constru\u00e7\u00e3o de hip\u00f3teses de trabalho e objetivos. Constru\u00e7\u00e3o dos instrumentos necess\u00e1rios para a elabora\u00e7\u00e3o de um texto historiogr\u00e1fico. Princ\u00edpios para a elabora\u00e7\u00e3o do projeto de pesquisa.<br \/>\n60 horas \/ 4 cr\u00e9ditos<br \/>\n5 vagas<\/p>\n<p><strong>Teoria da Hist\u00f3ria<br \/>\n<\/strong>Prof. Erivan Cassiano Karvat<br \/>\n<strong>Hor\u00e1rio:<\/strong> Quintas-feiras, das 13h30 \u00e0s 17h30, on-line.<br \/>\n<strong>Ementa:<\/strong> Estudo acerca das perspectivas e tend\u00eancias historiogr\u00e1ficas contempor\u00e2neas a partir da an\u00e1lise de constitui\u00e7\u00e3o de um \u201cmodelo moderno de hist\u00f3ria\u201d e de sua historicidade, apontando para suas quest\u00f5es, problemas e desdobramentos: suas principais matrizes, suas concep\u00e7\u00f5es de hist\u00f3ria e representa\u00e7\u00f5es de tempo, as formas de discurso, bem como sua rela\u00e7\u00e3o com chamados princ\u00edpios de cientificidade (rela\u00e7\u00e3o sujeito x objeto, di\u00e1logos interdisciplinares, concep\u00e7\u00f5es de ci\u00eancia).<br \/>\n60 horas \/ 4 cr\u00e9ditos<br \/>\n5 vagas<\/p>\n<p><strong>N\u00facleo de Pesquisas em Did\u00e1tica da Hist\u00f3ria I<br \/>\n<\/strong>Prof. Luis Fernando Cerri<br \/>\n<strong>Hor\u00e1rio<\/strong>: Sextas-feiras, das 14h \u00e0s 18h, on-line.<br \/>\n<strong>Ementa:<\/strong> An\u00e1lise e discuss\u00e3o de fundamentos te\u00f3ricos e de investiga\u00e7\u00f5es multifacetadas sobre tr\u00eas p\u00f3los fundamentais da rela\u00e7\u00e3o de ensino e aprendizagem em Hist\u00f3ria: sujeitos, saberes e pr\u00e1ticas. Quem s\u00e3o, o que pensam e como agem professores e alunos diante do desafio de produzir o conhecimento hist\u00f3rico escolar, o pensar historicamente, e como o fazem, ou seja, que m\u00e9todos, t\u00e9cnicas e recursos utilizam diante dessa finalidade. Produ\u00e7\u00e3o de conhecimentos sobre o tema, na intera\u00e7\u00e3o entre os sujeitos envolvidos (pesquisadores, professores e alunos) diante dos desafios da pr\u00e1tica, procurando reflex\u00f5es aprofundadas a partir do atendimento \u00e0s necessidades imediatas. O conceito de consci\u00eancia hist\u00f3rica, que amplia a defini\u00e7\u00e3o de Did\u00e1tica da Hist\u00f3ria, descentrando-a do ensino para contemplar a centralidade da aprendizagem hist\u00f3rica. Estudos para compreender como as pessoas aprendem e aplicam conte\u00fados hist\u00f3ricos em sua vida cotidiana. Professores e de alunos, entendidos como sujeitos integrais, cuja identidade vai al\u00e9m de sua vincula\u00e7\u00e3o escolar e de seus conhecimentos hist\u00f3ricos. Usos sociais do conhecimento hist\u00f3rico, percep\u00e7\u00e3o da sociedade e da comunica\u00e7\u00e3o de massa como fatores educativos.<br \/>\n60 horas \/ 4 cr\u00e9ditos<br \/>\n3 vagas<\/p>\n<p>&nbsp;<\/p>\n<p>4. Per\u00edodo e orienta\u00e7\u00e3o para as inscri\u00e7\u00f5es:<\/p>\n<p style=\"padding-left: 40px\">a) Per\u00edodo: de 9 a 13 de agosto de 2021<br \/>\nb) As inscri\u00e7\u00f5es dever\u00e3o ser feitas enviando exclusivamente por e-mail (<a href=\"mailto:inscricaoppgh@gmail.com\">inscricaoppgh@gmail.com<\/a>) a documenta\u00e7\u00e3o descrita no item 5 deste Edital.<\/p>\n<p>5. Documentos necess\u00e1rios \u00e0 inscri\u00e7\u00e3o:<\/p>\n<p style=\"padding-left: 40px\">5.1 Formul\u00e1rio de inscri\u00e7\u00e3o (em anexo) devidamente preenchido e assinado.<\/p>\n<p style=\"padding-left: 40px\">5.2 Curr\u00edculo Lates atualizado.<\/p>\n<p style=\"padding-left: 40px\">5.3 Carta de inten\u00e7\u00e3o (ver abaixo item 7).<\/p>\n<p style=\"padding-left: 40px\">5.4 Uma foto 3&#215;4 recente.<\/p>\n<p style=\"padding-left: 40px\">5.5 C\u00f3pia do diploma de curso de gradua\u00e7\u00e3o (frente e verso).<\/p>\n<p style=\"padding-left: 40px\">5.6 Documentos pessoais: c\u00f3pias de RG, CPF.<\/p>\n<p>6. N\u00e3o ser\u00e1 aceita a inscri\u00e7\u00e3o do candidato que n\u00e3o enviar a documenta\u00e7\u00e3o completa.<\/p>\n<p>7. O processo de sele\u00e7\u00e3o \u00e9 composto por uma (01) etapa: avalia\u00e7\u00e3o da carta de inten\u00e7\u00e3o.<\/p>\n<p style=\"padding-left: 40px\">7.1 A avalia\u00e7\u00e3o da carta de inten\u00e7\u00e3o exigir\u00e1 que o candidato enfatize os seguintes itens:<br \/>\na) Motivos pelos quais deseja frequentar a disciplina;<br \/>\nb) Experi\u00eancia acad\u00eamica (est\u00e1gio, monitoria, inicia\u00e7\u00e3o cient\u00edfica, TCC) ou profissional do candidato na \u00e1rea da disciplina ou \u00e1reas afins;<br \/>\nc) Benef\u00edcios que a realiza\u00e7\u00e3o da disciplina trar\u00e1 para o seu desempenho acad\u00eamico e profissional.<\/p>\n<p>&nbsp;<\/p>\n<p>8) A divulga\u00e7\u00e3o do resultado ser\u00e1 feita em edital no dia 16 de agosto de 2021 na p\u00e1gina do Programa: <a href=\"http:\/\/www2.uepg.br\/ppgh\">http:\/\/www2.uepg.br\/ppgh<\/a>.<\/p>\n<p>&nbsp;<\/p>\n<p>As aulas ter\u00e3o in\u00edcio no dia 18 de agosto de 2021.<\/p>\n<p>&nbsp;<\/p>\n<p style=\"text-align: right\">Ponta Grossa, 03 de agosto de 2021.<\/p>\n<p style=\"text-align: right\">Coordena\u00e7\u00e3o do PPGH<\/p>\n","protected":false},"excerpt":{"rendered":"<p>&nbsp; &nbsp; &nbsp; EDITAL PPGH 10\/2021 &nbsp; &nbsp; ABERTURA DE INSCRI\u00c7\u00d5ES PARA ALUNOS ESPECIAIS EM DISCIPLINAS ISOLADAS NO MESTRADO EM HIST\u00d3RIA, CULTURA E IDENTIDADES PARA O SEGUNDO SEMESTRE DE 2021 \u2013 aulas remotas &nbsp; A Coordena\u00e7\u00e3o do Programa de P\u00f3s-Gradua\u00e7\u00e3o em Hist\u00f3ria, da Universidade Estadual de Ponta Grossa, no uso de suas atribui\u00e7\u00f5es e, em&nbsp;&hellip;<\/p>\n","protected":false},"author":188,"featured_media":0,"parent":0,"menu_order":0,"comment_status":"closed","ping_status":"closed","template":"","meta":[],"_links":{"self":[{"href":"https:\/\/www2.uepg.br\/ppgh\/wp-json\/wp\/v2\/pages\/404"}],"collection":[{"href":"https:\/\/www2.uepg.br\/ppgh\/wp-json\/wp\/v2\/pages"}],"about":[{"href":"https:\/\/www2.uepg.br\/ppgh\/wp-json\/wp\/v2\/types\/page"}],"author":[{"embeddable":true,"href":"https:\/\/www2.uepg.br\/ppgh\/wp-json\/wp\/v2\/users\/188"}],"replies":[{"embeddable":true,"href":"https:\/\/www2.uepg.br\/ppgh\/wp-json\/wp\/v2\/comments?post=404"}],"version-history":[{"count":2,"href":"https:\/\/www2.uepg.br\/ppgh\/wp-json\/wp\/v2\/pages\/404\/revisions"}],"predecessor-version":[{"id":406,"href":"https:\/\/www2.uepg.br\/ppgh\/wp-json\/wp\/v2\/pages\/404\/revisions\/406"}],"wp:attachment":[{"href":"https:\/\/www2.uepg.br\/ppgh\/wp-json\/wp\/v2\/media?parent=404"}],"curies":[{"name":"wp","href":"https:\/\/api.w.org\/{rel}","templated":true}]}}