{"id":499,"date":"2022-03-03T10:05:33","date_gmt":"2022-03-03T13:05:33","guid":{"rendered":"https:\/\/www2.uepg.br\/ppgh\/?page_id=499"},"modified":"2022-03-03T10:05:33","modified_gmt":"2022-03-03T13:05:33","slug":"edital-ppgh-02-2022","status":"publish","type":"page","link":"https:\/\/www2.uepg.br\/ppgh\/edital-ppgh-02-2022\/","title":{"rendered":"EDITAL PPGH 02\/2022"},"content":{"rendered":"<p><img class=\"alignright\" src=\"http:\/\/www2.uepg.br\/ppgh\/wp-content\/uploads\/sites\/131\/2021\/02\/imagem_2021-02-17_133847.png\" \/><\/p>\n<p>&nbsp;<\/p>\n<p>&nbsp;<\/p>\n<p>&nbsp;<\/p>\n<hr \/>\n<h3>EDITAL PPGH 02\/2021<\/h3>\n<h3>APROVA\u00c7\u00c3O DE INSCRI\u00c7\u00d5ES DE ALUNOS ESPECIAIS EM DISCIPLINAS ISOLADAS NO MESTRADO EM HIST\u00d3RIA, CULTURA &amp; IDENTIDADES<br \/>\nNO PRIMEIRO SEMESTRE DE 2021<\/h3>\n<p><strong>T\u00f3picos especiais em Mem\u00f3ria, Narrativa e Hist\u00f3ria Oral<br \/>\n<\/strong><br \/>\nInscri\u00e7\u00f5es aprovadas:<br \/>\nCristiane Aparecida Raineri Oliveira<br \/>\nFelipe Andr\u00e9 Pedroso de Oliveira<br \/>\nGuilherme Felipe Silva de Castro<\/p>\n<p><strong>T\u00f3picos especiais em Hist\u00f3ria, Cultura e Natureza<\/p>\n<p><\/strong>Inscri\u00e7\u00f5es aprovadas:<br \/>\nAlu\u00edzio Alfredo Carsten<br \/>\nJo\u00e3o Francisco Mir\u00f3 Medeiros Nogueira<br \/>\n<strong><br \/>\n<\/strong><\/p>\n<p>&nbsp;<\/p>\n<p>As aulas ser\u00e3o presenciais, no Museu Campos Gerais, e iniciam no dia 09 de mar\u00e7o (quarta-feira) e 10 de mar\u00e7o (quinta-feira).<\/p>\n<p>Ponta Grossa, 03 de mar\u00e7o de 2022.<br \/>\nCoordena\u00e7\u00e3o do PPGH<\/p>\n","protected":false},"excerpt":{"rendered":"<p>&nbsp; &nbsp; &nbsp; EDITAL PPGH 02\/2021 APROVA\u00c7\u00c3O DE INSCRI\u00c7\u00d5ES DE ALUNOS ESPECIAIS EM DISCIPLINAS ISOLADAS NO MESTRADO EM HIST\u00d3RIA, CULTURA &amp; IDENTIDADES NO PRIMEIRO SEMESTRE DE 2021 T\u00f3picos especiais em Mem\u00f3ria, Narrativa e Hist\u00f3ria Oral Inscri\u00e7\u00f5es aprovadas: Cristiane Aparecida Raineri Oliveira Felipe Andr\u00e9 Pedroso de Oliveira Guilherme Felipe Silva de Castro T\u00f3picos especiais em Hist\u00f3ria,&nbsp;&hellip;<\/p>\n","protected":false},"author":188,"featured_media":0,"parent":0,"menu_order":0,"comment_status":"closed","ping_status":"closed","template":"","meta":[],"_links":{"self":[{"href":"https:\/\/www2.uepg.br\/ppgh\/wp-json\/wp\/v2\/pages\/499"}],"collection":[{"href":"https:\/\/www2.uepg.br\/ppgh\/wp-json\/wp\/v2\/pages"}],"about":[{"href":"https:\/\/www2.uepg.br\/ppgh\/wp-json\/wp\/v2\/types\/page"}],"author":[{"embeddable":true,"href":"https:\/\/www2.uepg.br\/ppgh\/wp-json\/wp\/v2\/users\/188"}],"replies":[{"embeddable":true,"href":"https:\/\/www2.uepg.br\/ppgh\/wp-json\/wp\/v2\/comments?post=499"}],"version-history":[{"count":1,"href":"https:\/\/www2.uepg.br\/ppgh\/wp-json\/wp\/v2\/pages\/499\/revisions"}],"predecessor-version":[{"id":500,"href":"https:\/\/www2.uepg.br\/ppgh\/wp-json\/wp\/v2\/pages\/499\/revisions\/500"}],"wp:attachment":[{"href":"https:\/\/www2.uepg.br\/ppgh\/wp-json\/wp\/v2\/media?parent=499"}],"curies":[{"name":"wp","href":"https:\/\/api.w.org\/{rel}","templated":true}]}}