{"id":508,"date":"2022-03-15T18:21:19","date_gmt":"2022-03-15T21:21:19","guid":{"rendered":"https:\/\/www2.uepg.br\/ppgh\/?page_id=508"},"modified":"2022-03-15T18:21:19","modified_gmt":"2022-03-15T21:21:19","slug":"edital-ppgh-03-2022","status":"publish","type":"page","link":"https:\/\/www2.uepg.br\/ppgh\/edital-ppgh-03-2022\/","title":{"rendered":"EDITAL PPGH 03 2022"},"content":{"rendered":"<p><img loading=\"lazy\" class=\"size-full wp-image-278 alignright\" src=\"http:\/\/www2.uepg.br\/ppgh\/wp-content\/uploads\/sites\/131\/2021\/02\/imagem_2021-02-17_133847.png\" alt=\"\" width=\"257\" height=\"67\" \/><\/p>\n<p>&nbsp;<\/p>\n<p>&nbsp;<\/p>\n<p>&nbsp;<\/p>\n<hr \/>\n<p><strong>Ed<\/strong><strong>ital PPGH 03\/2022 \u2013 SELE\u00c7\u00c3O PARA BOLSAS DE DEMANDA SOCIAL <\/strong><\/p>\n<p><strong>\u00a0<\/strong><\/p>\n<p>O Programa de Mestrado em Hist\u00f3ria, Cultura e Identidades realizar\u00e1 sele\u00e7\u00e3o de\u00a0alunos para Bolsas eventualmente concedidas.<\/p>\n<p>Tem direito a concorrer no Processo de Sele\u00e7\u00e3o os alunos regulares que possam se\u00a0 \u00a0dedicar\u00a0\u00a0 integralmente\u00a0 \u00a0\u00e0s\u00a0 \u00a0atividades\u00a0\u00a0 do\u00a0 \u00a0Programa, ou seja, que n\u00e3o mantenham v\u00ednculo empregat\u00edcio ou que estejam liberados de suas atividades profissionais \u00a0sem \u00a0recebimento \u00a0de \u00a0vencimentos \u00a0(excluem-se \u00a0neste \u00a0\u00faltimo \u00a0os integrantes do quadro funcional da UEPG).<\/p>\n<p>Apenas em caso de bolsa CAPES, ser\u00e1 permitido o v\u00ednculo empregat\u00edcio comprovado de at\u00e9 20 horas em atividade de doc\u00eancia (Hist\u00f3ria) ou de atividade profissional diretamente relacionada a tem\u00e1tica de pesquisa, ap\u00f3s aprova\u00e7\u00e3o do orientador e do Colegiado do PPGH.<\/p>\n<p>A dedica\u00e7\u00e3o integral implica, al\u00e9m do acompanhamento dos cr\u00e9ditos, 20 horas\u00a0semanais de perman\u00eancia nas depend\u00eancias do PPGH UEPG, distribu\u00eddas entre atividades de laborat\u00f3rio, de campo, de est\u00e1gio de doc\u00eancia e outras, atribu\u00eddas e supervisionadas pelo orientador.<\/p>\n<p>Os candidatos \u00e0 bolsa ser\u00e3o selecionados a partir de crit\u00e9rios e pontua\u00e7\u00e3o apresentados no quadro anexo, mediante inscri\u00e7\u00e3o junto ao PPGH \u2013 atrav\u00e9s, exclusivamente, do envio por e-mail (ppgh.uepg@gmail.com) \u2013 <strong>entre os dias 16 a 23\/03\/2022<\/strong>, enviando na mensagem de inscri\u00e7\u00e3o o <strong>link de seu Curr\u00edculo Lattes \u00a0atualizado \u00a0<\/strong>e \u00a0documenta\u00e7\u00e3o comprobat\u00f3ria de participa\u00e7\u00e3o do(a) interessado(o) ou de sua fam\u00edlia em programas sociais p\u00fablicos de distribui\u00e7\u00e3o de renda e\/ou de haver sido admitido(a) na gradua\u00e7\u00e3o como cotista social ou racial.<\/p>\n<p><strong>Obrigatoriamente o e-mail de inscri\u00e7\u00e3o dever\u00e1 apresentar no campo ASSUNTO o\u00a0<\/strong><strong>se<\/strong><strong>guinte texto: INSCRI\u00c7\u00c3O BOLSA <\/strong><\/p>\n<p>A somat\u00f3ria da pontua\u00e7\u00e3o no Curr\u00edculo Lattes referente aos \u00faltimos 5 anos (de\u00a02017 a 2021), conforme a tabela abaixo, \u00e9 o crit\u00e9rio para a classifica\u00e7\u00e3o de\u00a0bolsas. \u00a0Os candidatos contemplados dever\u00e3o apresentar, quando solicitados, os\u00a0documentos originais \u00e0 Comiss\u00e3o de Bolsas.<\/p>\n<p>&nbsp;<\/p>\n<p style=\"text-align: right\">Ponta Grossa, 15 de mar\u00e7o de 2022<\/p>\n<p>&nbsp;<\/p>\n<p>Comiss\u00e3o de Bolsas do PPGH<\/p>\n<p>&nbsp;<\/p>\n<p>Alessandra Izabel de Carvalho<br \/>\nErivan Cassiano Karvat<br \/>\nPatr\u00edcia Camera Varella<\/p>\n<p>&nbsp;<\/p>\n<hr \/>\n<p>&nbsp;<\/p>\n<p>ANEXO &#8211; CRIT\u00c9RIOS DE AVALIA\u00c7\u00c3O<\/p>\n<p>&nbsp;<\/p>\n<table>\n<tbody>\n<tr>\n<td width=\"366\">Discrimina\u00e7\u00e3o<\/td>\n<td width=\"66\">Pontos<\/td>\n<td width=\"66\">Quant.<\/td>\n<td width=\"69\">Total<\/td>\n<\/tr>\n<tr>\n<td width=\"366\"><strong>1.\u00a0\u00a0\u00a0 ARTIGOS\u00a0\u00a0\u00a0\u00a0\u00a0 PUBLICADOS\u00a0\u00a0\u00a0\u00a0\u00a0 EM\u00a0\u00a0\u00a0 PERI\u00d3DICOS CIENT\u00cdFICOS COM CORPO EDITORIAL *<\/strong><\/td>\n<td width=\"66\">&nbsp;<\/td>\n<td width=\"66\">&nbsp;<\/td>\n<td width=\"69\">&nbsp;<\/td>\n<\/tr>\n<tr>\n<td width=\"366\">1.1 Peri\u00f3dicos cient\u00edficos indexados QUALIS A<\/td>\n<td width=\"66\">\n<p style=\"text-align: center\">50<\/p>\n<\/td>\n<td width=\"66\">&nbsp;<\/td>\n<td width=\"69\">&nbsp;<\/td>\n<\/tr>\n<tr>\n<td width=\"366\">1.2 Peri\u00f3dicos cient\u00edficos indexados QUALIS B<\/td>\n<td width=\"66\">\n<p style=\"text-align: center\">30<\/p>\n<\/td>\n<td width=\"66\">&nbsp;<\/td>\n<td width=\"69\">&nbsp;<\/td>\n<\/tr>\n<tr>\n<td width=\"366\">1.3 Peri\u00f3dicos cient\u00edficos indexados QUALIS C<\/td>\n<td width=\"66\">\n<p style=\"text-align: center\">20<\/p>\n<\/td>\n<td width=\"66\">&nbsp;<\/td>\n<td width=\"69\">&nbsp;<\/td>\n<\/tr>\n<tr>\n<td width=\"366\">1.4 Peri\u00f3dicos cient\u00edficos n\u00e3o indexados<\/td>\n<td width=\"66\">\n<p style=\"text-align: center\">10<\/p>\n<\/td>\n<td width=\"66\">&nbsp;<\/td>\n<td width=\"69\">&nbsp;<\/td>\n<\/tr>\n<tr>\n<td width=\"366\"><strong>2. LIVROS<\/strong><\/td>\n<td width=\"66\">&nbsp;<\/td>\n<td width=\"66\">&nbsp;<\/td>\n<td width=\"69\">&nbsp;<\/td>\n<\/tr>\n<tr>\n<td width=\"366\">2.1 \u00a0Livros \u00a0especializados \u00a0editados \u00a0por \u00a0editora \u00a0com<\/p>\n<p>corpo editorial<\/td>\n<td width=\"66\">\n<p style=\"text-align: center\">50<\/p>\n<\/td>\n<td width=\"66\">&nbsp;<\/td>\n<td width=\"69\">&nbsp;<\/td>\n<\/tr>\n<tr>\n<td width=\"366\">2.2 \u00a0Cap\u00edtulos \u00a0em \u00a0livro \u00a0especializado \u00a0editado \u00a0por<\/p>\n<p>editora com corpo editorial<\/td>\n<td width=\"66\">\n<p style=\"text-align: center\">20<\/p>\n<\/td>\n<td width=\"66\">&nbsp;<\/td>\n<td width=\"69\">&nbsp;<\/td>\n<\/tr>\n<tr>\n<td width=\"366\">2.3 \u00a0Organizador \u00a0de \u00a0livro \u00a0editado \u00a0por \u00a0editora\u00a0 com corpo editorial<\/td>\n<td width=\"66\">\n<p style=\"text-align: center\">10<\/p>\n<\/td>\n<td width=\"66\">&nbsp;<\/td>\n<td width=\"69\">&nbsp;<\/td>\n<\/tr>\n<tr>\n<td width=\"366\">2.4 \u00a0\u00a0Livro \u00a0\u00a0especializado \u00a0\u00a0e\/ou\u00a0 \u00a0did\u00e1tico\u00a0 \u00a0publicado sem avalia\u00e7\u00e3o de corpo editorial<\/td>\n<td width=\"66\">\n<p style=\"text-align: center\">5<\/p>\n<\/td>\n<td width=\"66\">&nbsp;<\/td>\n<td width=\"69\">&nbsp;<\/td>\n<\/tr>\n<tr>\n<td width=\"366\"><strong>3. INICIA\u00c7\u00c3O CIENT\u00cdFICA (por ano)<\/strong><\/td>\n<td width=\"66\">\n<p style=\"text-align: center\">10<\/p>\n<\/td>\n<td width=\"66\">&nbsp;<\/td>\n<td width=\"69\">&nbsp;<\/td>\n<\/tr>\n<tr>\n<td width=\"366\"><strong>4. ESPECIALIZA\u00c7\u00c3O CONCLU\u00cdDA<\/strong><\/td>\n<td width=\"66\">\n<p style=\"text-align: center\">15<\/p>\n<\/td>\n<td width=\"66\">&nbsp;<\/td>\n<td width=\"69\">&nbsp;<\/td>\n<\/tr>\n<tr>\n<td width=\"366\"><strong>5. ORGANIZA\u00c7\u00c3O DE EVENTO CIENT\u00cdFICO<\/strong><\/td>\n<td width=\"66\">\n<p style=\"text-align: center\">10<\/p>\n<\/td>\n<td width=\"66\">&nbsp;<\/td>\n<td width=\"69\">&nbsp;<\/td>\n<\/tr>\n<tr>\n<td width=\"366\"><strong>6. COMUNICA\u00c7\u00c3O EM EVENTOS CIENT\u00cdFICOS \u2013 COM PUBLICA\u00c7\u00c3O DE RESUMO (inclusive resumo expandido)<\/strong><\/td>\n<td width=\"66\">&nbsp;<\/td>\n<td width=\"66\">&nbsp;<\/td>\n<td width=\"69\">&nbsp;<\/td>\n<\/tr>\n<tr>\n<td width=\"366\">6.1 Evento internacional<\/td>\n<td width=\"66\">\n<p style=\"text-align: center\">7<\/p>\n<\/td>\n<td width=\"66\">&nbsp;<\/td>\n<td width=\"69\">&nbsp;<\/td>\n<\/tr>\n<tr>\n<td width=\"366\">6.2 Evento nacional<\/td>\n<td width=\"66\">\n<p style=\"text-align: center\">5<\/p>\n<\/td>\n<td width=\"66\">&nbsp;<\/td>\n<td width=\"69\">&nbsp;<\/td>\n<\/tr>\n<tr>\n<td width=\"366\">6.3 Evento regional\/local<\/td>\n<td width=\"66\">\n<p style=\"text-align: center\">3<\/p>\n<\/td>\n<td width=\"66\">&nbsp;<\/td>\n<td width=\"69\">&nbsp;<\/td>\n<\/tr>\n<tr>\n<td width=\"366\"><strong>7. TRABALHOS COMPLETOS EM ANAIS COM CORPO EDITORIAL, DIVULGA\u00c7\u00c3O CIENT\u00cdFICA, TECNOL\u00d3GICA, INDUSTRIAL E ART\u00cdSTICA<\/strong><\/td>\n<td width=\"66\">&nbsp;<\/td>\n<td width=\"66\">&nbsp;<\/td>\n<td width=\"69\">&nbsp;<\/td>\n<\/tr>\n<tr>\n<td width=\"366\">7.1 Evento internacional<\/td>\n<td width=\"66\">\n<p style=\"text-align: center\">7<\/p>\n<\/td>\n<td width=\"66\">&nbsp;<\/td>\n<td width=\"69\">&nbsp;<\/td>\n<\/tr>\n<tr>\n<td width=\"366\">7.2 Evento nacional<\/td>\n<td width=\"66\">\n<p style=\"text-align: center\">5<\/p>\n<\/td>\n<td width=\"66\">&nbsp;<\/td>\n<td width=\"69\">&nbsp;<\/td>\n<\/tr>\n<tr>\n<td width=\"366\">7.3 Evento regional\/local<\/td>\n<td width=\"66\">\n<p style=\"text-align: center\">3<\/p>\n<\/td>\n<td width=\"66\">&nbsp;<\/td>\n<td width=\"69\">&nbsp;<\/td>\n<\/tr>\n<tr>\n<td width=\"366\"><strong>8. CR\u00c9DITOS CONCLU\u00cdDOS NO\u00a0 PROGRAMA DE MESTRADO EM HIST\u00d3RIA (INCLU\u00cdDO EST\u00c1GIO DE DOC\u00caNCIA COM RELAT\u00d3RIO ENTREGUE E CR\u00c9DITOS EXTERNOS COM PEDIDO DE EQUIVAL\u00caNCIA ENTREGUE (por cr\u00e9dito)<\/strong><\/td>\n<td width=\"66\">\n<p style=\"text-align: center\">1<\/p>\n<\/td>\n<td width=\"66\">&nbsp;<\/td>\n<td width=\"69\">&nbsp;<\/td>\n<\/tr>\n<tr>\n<td width=\"366\"><strong>9. FAM\u00cdLIA INSCRITA EM PROGRAMA P\u00daBLICO DE DISTRIBUI\u00c7\u00c3O DE RENDA (com comprovante)<\/strong><\/td>\n<td width=\"66\">\n<p style=\"text-align: center\">15<\/p>\n<\/td>\n<td width=\"66\">&nbsp;<\/td>\n<td width=\"69\">&nbsp;<\/td>\n<\/tr>\n<tr>\n<td width=\"366\"><strong>10. Ter ingressado na gradua\u00e7\u00e3o como cotista social ou negro<\/strong><\/td>\n<td width=\"66\">\n<p style=\"text-align: center\">15<\/p>\n<\/td>\n<td width=\"66\">&nbsp;<\/td>\n<td width=\"69\">&nbsp;<\/td>\n<\/tr>\n<\/tbody>\n<\/table>\n<p>* \u00a0Artigos aceitos para publica\u00e7\u00e3o ser\u00e3o considerados mediante apresenta\u00e7\u00e3o da\u00a0carta de aceite do peri\u00f3dico (anexada ao e-mail de inscri\u00e7\u00e3o)<\/p>\n<p>** Devem ser enviadas c\u00f3pias da ficha catalogr\u00e1fica e do sum\u00e1rio em caso de\u00a0livros e cap\u00edtulos de livro publicados (anexadas ao e-mail da inscri\u00e7\u00e3o)<\/p>\n","protected":false},"excerpt":{"rendered":"<p>&nbsp; &nbsp; &nbsp; Edital PPGH 03\/2022 \u2013 SELE\u00c7\u00c3O PARA BOLSAS DE DEMANDA SOCIAL \u00a0 O Programa de Mestrado em Hist\u00f3ria, Cultura e Identidades realizar\u00e1 sele\u00e7\u00e3o de\u00a0alunos para Bolsas eventualmente concedidas. Tem direito a concorrer no Processo de Sele\u00e7\u00e3o os alunos regulares que possam se\u00a0 \u00a0dedicar\u00a0\u00a0 integralmente\u00a0 \u00a0\u00e0s\u00a0 \u00a0atividades\u00a0\u00a0 do\u00a0 \u00a0Programa, ou seja, que n\u00e3o mantenham&nbsp;&hellip;<\/p>\n","protected":false},"author":188,"featured_media":0,"parent":0,"menu_order":0,"comment_status":"closed","ping_status":"closed","template":"","meta":[],"_links":{"self":[{"href":"https:\/\/www2.uepg.br\/ppgh\/wp-json\/wp\/v2\/pages\/508"}],"collection":[{"href":"https:\/\/www2.uepg.br\/ppgh\/wp-json\/wp\/v2\/pages"}],"about":[{"href":"https:\/\/www2.uepg.br\/ppgh\/wp-json\/wp\/v2\/types\/page"}],"author":[{"embeddable":true,"href":"https:\/\/www2.uepg.br\/ppgh\/wp-json\/wp\/v2\/users\/188"}],"replies":[{"embeddable":true,"href":"https:\/\/www2.uepg.br\/ppgh\/wp-json\/wp\/v2\/comments?post=508"}],"version-history":[{"count":1,"href":"https:\/\/www2.uepg.br\/ppgh\/wp-json\/wp\/v2\/pages\/508\/revisions"}],"predecessor-version":[{"id":509,"href":"https:\/\/www2.uepg.br\/ppgh\/wp-json\/wp\/v2\/pages\/508\/revisions\/509"}],"wp:attachment":[{"href":"https:\/\/www2.uepg.br\/ppgh\/wp-json\/wp\/v2\/media?parent=508"}],"curies":[{"name":"wp","href":"https:\/\/api.w.org\/{rel}","templated":true}]}}