{"id":51,"date":"2020-08-04T10:27:23","date_gmt":"2020-08-04T13:27:23","guid":{"rendered":"http:\/\/www2.uepg.br\/ppgh\/?page_id=51"},"modified":"2025-05-30T16:16:53","modified_gmt":"2025-05-30T19:16:53","slug":"estrutura-curricular","status":"publish","type":"page","link":"https:\/\/www2.uepg.br\/ppgh\/estrutura-curricular\/","title":{"rendered":"Estrutura Curricular"},"content":{"rendered":"<p><a href=\"https:\/\/www2.uepg.br\/ppgh\/plan-de-estudios\/\"><img loading=\"lazy\" class=\"alignright wp-image-664\" src=\"http:\/\/www2.uepg.br\/ppgh\/wp-content\/uploads\/sites\/131\/2022\/08\/espanha.png\" alt=\"Espa\u00f1ol\" width=\"63\" height=\"42\" \/><\/a><a href=\"https:\/\/www2.uepg.br\/ppgh\/curricular-structure\"><img loading=\"lazy\" class=\"alignright wp-image-665\" src=\"http:\/\/www2.uepg.br\/ppgh\/wp-content\/uploads\/sites\/131\/2022\/08\/inglaterra.png\" alt=\"English\" width=\"63\" height=\"32\" \/><\/a><\/p>\n<p>&nbsp;<\/p>\n<p>&nbsp;<\/p>\n<h2 style=\"text-align: center\"><strong>MESTRADO EM HIST\u00d3RIA<\/strong><\/h2>\n<p>As disciplinas que comp\u00f5em a grade curricular foram articuladas para dar suporte te\u00f3rico e metodol\u00f3gico aos alunos, em conformidade com seu objetivo de formar e qualificar profissionais da Hist\u00f3ria, visando uma forma\u00e7\u00e3o s\u00f3lida para a produ\u00e7\u00e3o de conhecimento e pesquisas voltadas para a \u00e1rea de Cultura e Regionalidades. Ser\u00e3o assim distribu\u00eddas:<\/p>\n<p>16 cr\u00e9ditos em disciplinas obrigat\u00f3rias do N\u00facleo Comum do Mestrado:<br \/>\n. Teoria da Hist\u00f3ria (4 cr\u00e9ditos)<br \/>\n. M\u00e9todos e T\u00e9cnicas de Pesquisa Hist\u00f3rica (4 cr\u00e9ditos)<br \/>\n. Semin\u00e1rio de disserta\u00e7\u00e3o (4 cr\u00e9ditos)<br \/>\n. Orienta\u00e7\u00e3o de Disserta\u00e7\u00e3o de Mestrado I (2 cr\u00e9ditos)<br \/>\n. Orienta\u00e7\u00e3o de Disserta\u00e7\u00e3o de Mestrado II (2 cr\u00e9ditos)<\/p>\n<p>8 cr\u00e9ditos nas disciplinas obrigat\u00f3rias de N\u00facleo de pesquisas (o mestrando deve cursar as 2 disciplinas correspondentes \u00e0 linha \u00e0 qual est\u00e1 vinculado):<br \/>\n. N\u00facleo de pesquisas I e II em Mem\u00f3ria, Acervos e patrim\u00f4nio (4 cr\u00e9ditos cada)<br \/>\n. N\u00facleo de pesquisas I e II em Ensino de Hist\u00f3ria (4 cr\u00e9ditos cada)<br \/>\n. N\u00facleo de pesquisas I e II em Sujeitos, discursos e identidades (4 cr\u00e9ditos cada)<\/p>\n<p>8 cr\u00e9ditos em disciplinas do N\u00facleo Espec\u00edfico, que \u00e9 composto por disciplinas optativas (os T\u00f3picos Especiais Tem\u00e1ticos ofertados pelo PPGH-UEPG, todos com 4 cr\u00e9ditos) ou eletivas (disciplinas ofertadas por outros programas de p\u00f3s-gradua\u00e7\u00e3o\u00a0<em>stricto sensu<\/em>\u00a0afins ao tema ou objeto de pesquisa do mestrando). Para solicitar a matr\u00edcula em quaisquer destas disciplinas, o mestrando dever\u00e1 ter a anu\u00eancia de seu orientador.<\/p>\n<p>04 cr\u00e9ditos referentes \u00e0 elabora\u00e7\u00e3o e defesa de disserta\u00e7\u00e3o.<\/p>\n<p><strong>Est\u00e1gio de doc\u00eancia<\/strong>: O aluno bolsista dever\u00e1 obter ainda 04 cr\u00e9ditos referentes ao est\u00e1gio de doc\u00eancia no ensino superior (60 horas), a ser realizado em disciplina ministrada pelo orientador em curso de gradua\u00e7\u00e3o ou em disciplina do ensino superior por ele indicada, nas quais o mestrando assuma atividades docentes sob supervis\u00e3o.<\/p>\n<p><strong>Grade Curricular<\/strong><\/p>\n<p><strong>Primeiro Semestre<\/strong><br \/>\n. Teoria da Hist\u00f3ria \u2013 4 cr\u00e9ditos &#8211; 60 horas<br \/>\n. M\u00e9todos e T\u00e9cnicas de Pesquisa Hist\u00f3rica \u2013 4 cr\u00e9ditos &#8211; 60 horas<br \/>\n. N\u00facleo de pesquisas I \u2013 4 cr\u00e9ditos &#8211; 60 horas<br \/>\n. Orienta\u00e7\u00e3o de disserta\u00e7\u00e3o I \u2013 2 cr\u00e9ditos &#8211; 30 horas<\/p>\n<p><strong>Segundo Semestre<\/strong><br \/>\n. N\u00facleo de pesquisas II \u2013 4 cr\u00e9ditos &#8211; 60 horas<br \/>\n. T\u00f3picos Especiais 1 \u2013 4 cr\u00e9ditos &#8211; 60 horas<br \/>\n. T\u00f3picos Especiais 2 \u2013 4 cr\u00e9ditos &#8211; 60 horas<\/p>\n<p><strong>Terceiro Semestre<\/strong><br \/>\n. Semin\u00e1rio de disserta\u00e7\u00e3o \u2013 4 cr\u00e9ditos &#8211; 60 horas<br \/>\n. Orienta\u00e7\u00e3o de disserta\u00e7\u00e3o II<strong>\u00a0<\/strong>\u2013 2 cr\u00e9ditos &#8211; 30 horas<\/p>\n<p><strong>Quarto Semestre<\/strong><br \/>\n. Defesa da Disserta\u00e7\u00e3o \u2013 4 cr\u00e9ditos &#8211; 60 horas<\/p>\n<p>&nbsp;<\/p>\n<p><img loading=\"lazy\" class=\"size-full wp-image-360 aligncenter\" src=\"http:\/\/www2.uepg.br\/ppgh\/wp-content\/uploads\/sites\/131\/2021\/06\/ANEXO-I.jpg\" alt=\"\" width=\"846\" height=\"1073\" srcset=\"https:\/\/www2.uepg.br\/ppgh\/wp-content\/uploads\/sites\/131\/2021\/06\/ANEXO-I.jpg 846w, https:\/\/www2.uepg.br\/ppgh\/wp-content\/uploads\/sites\/131\/2021\/06\/ANEXO-I-237x300.jpg 237w, https:\/\/www2.uepg.br\/ppgh\/wp-content\/uploads\/sites\/131\/2021\/06\/ANEXO-I-807x1024.jpg 807w, https:\/\/www2.uepg.br\/ppgh\/wp-content\/uploads\/sites\/131\/2021\/06\/ANEXO-I-768x974.jpg 768w\" sizes=\"(max-width: 846px) 100vw, 846px\" \/><\/p>\n<p>&nbsp;<\/p>\n<h2 style=\"text-align: center\"><strong>DOUTORADO EM HIST\u00d3RIA<\/strong><\/h2>\n<p>As disciplinas obrigat\u00f3rias do curso de Doutorado s\u00e3o ofertadas anualmente e incluem:<br \/>\n. Cultura e regionalidades: teoria e historiografia: (4 cr\u00e9ditos)<br \/>\n. Semin\u00e1rios de Tese I e II ( 4 cr\u00e9ditos cada)<br \/>\n. N\u00facleo de Estudos Avan\u00e7ados I a IV (2 cr\u00e9ditos cada, por linha de pesquisa);<br \/>\n. Orienta\u00e7\u00e3o de Tese de Doutorado: ODT-I a IV (2 cr\u00e9ditos cada)<br \/>\n. Estudos Individualizados I e II (4 cr\u00e9ditos cada)<br \/>\n. Defesa de tese (12 cr\u00e9ditos).<\/p>\n<p>Os doutorandos tamb\u00e9m devem cumprir:<br \/>\n. 8 cr\u00e9ditos em disciplinas optativas<br \/>\n. 4 cr\u00e9ditos em N\u00facleo de Atividades<br \/>\n. 8 cr\u00e9ditos em Estudos Individualizados<br \/>\n. 8 cr\u00e9ditos em Est\u00e1gio de Doc\u00eancia de Doutorado (EDD-I e EDD-II &#8211; 4 cr\u00e9ditos cada) &#8211; obrigat\u00f3rio para bolsistas e facultativo para n\u00e3o-bolsistas<br \/>\n. comprovar a publica\u00e7\u00e3o de 1 (uma) produ\u00e7\u00e3o bibliogr\u00e1fica qualificada (livro, cap\u00edtulo ou artigo), ou aceito para publica\u00e7\u00e3o, e a apresenta\u00e7\u00e3o de 2 (dois) trabalhos completos ou resumos em eventos qualificados da \u00e1rea e\/ou \u00e1reas correlatas.<\/p>\n<p><strong>Grade curricular<\/strong><\/p>\n<table width=\"606\">\n<tbody>\n<tr>\n<td width=\"131\"><strong>Grupo<\/strong><\/td>\n<td width=\"111\"><strong>Fluxo previsto<\/strong><\/td>\n<td width=\"230\"><strong>Nome<\/strong><\/td>\n<td width=\"55\"><strong>C.H.<\/strong><\/td>\n<td width=\"78\"><strong>Cr\u00e9ditos<\/strong><\/td>\n<\/tr>\n<tr>\n<td rowspan=\"14\" width=\"131\"><strong>Disciplinas obrigat\u00f3rias<\/strong><\/td>\n<td rowspan=\"3\" width=\"111\">&nbsp;<\/p>\n<p>1\u00ba. semestre<\/td>\n<td width=\"230\">Cultura e regionalidades: teoria e historiografia<\/td>\n<td width=\"55\">&nbsp;<\/p>\n<p>60<\/td>\n<td width=\"78\">&nbsp;<\/p>\n<p>4<\/td>\n<\/tr>\n<tr>\n<td width=\"230\">Semin\u00e1rios de Tese I<\/td>\n<td width=\"55\">&nbsp;<\/p>\n<p>60<\/td>\n<td width=\"78\">&nbsp;<\/p>\n<p>4<\/td>\n<\/tr>\n<tr>\n<td width=\"230\">OTD I<\/td>\n<td width=\"55\">&nbsp;<\/p>\n<p>30<\/td>\n<td width=\"78\">&nbsp;<\/p>\n<p>2<\/td>\n<\/tr>\n<tr>\n<td width=\"111\">2\u00ba. semestre<\/td>\n<td width=\"230\">Semin\u00e1rios de Tese II &#8211; Mem\u00f3ria, Acervos e Patrim\u00f4nio<\/p>\n<p>Semin\u00e1rios de Tese II &#8211; Ensino de Hist\u00f3ria<\/p>\n<p>Semin\u00e1rios de Tese II &#8211; Sujeitos, discursos e identidades<\/td>\n<td width=\"55\">&nbsp;<\/p>\n<p>60<\/td>\n<td width=\"78\">&nbsp;<\/p>\n<p>4<\/td>\n<\/tr>\n<tr>\n<td rowspan=\"2\" width=\"111\">3\u00ba. semestre<\/td>\n<td width=\"230\">N\u00facleo de Estudos Avan\u00e7ados I &#8211; Mem\u00f3ria, Acervos e Patrim\u00f4nio<\/p>\n<p>N\u00facleo de Estudos Avan\u00e7ados I &#8211; Ensino de Hist\u00f3ria<\/p>\n<p>N\u00facleo de Estudos Avan\u00e7ados I &#8211;\u00a0<span style=\"font-family: inherit;font-size: inherit\">Sujeitos, discursos e identidades<\/span><\/td>\n<td width=\"55\">30<\/td>\n<td width=\"78\">2<\/td>\n<\/tr>\n<tr>\n<td width=\"230\">Estudos individualizados I<\/td>\n<td width=\"55\">60<\/td>\n<td width=\"78\">4<\/td>\n<\/tr>\n<tr>\n<td rowspan=\"3\" width=\"111\">4\u00ba. semestre<\/td>\n<td width=\"230\">N\u00facleo de Estudos Avan\u00e7ados II &#8211; Mem\u00f3ria, Acervos e Patrim\u00f4nio<\/p>\n<p>N\u00facleo de Estudos Avan\u00e7ados II &#8211; Ensino de Hist\u00f3ria<\/p>\n<p>N\u00facleo de Estudos Avan\u00e7ados II &#8211; <span style=\"font-family: inherit;font-size: inherit\">Sujeitos, discursos e identidades<\/span><\/td>\n<td width=\"55\">30<\/td>\n<td width=\"78\">2<\/td>\n<\/tr>\n<tr>\n<td width=\"230\">Estudos individualizados II<\/td>\n<td width=\"55\">60<\/td>\n<td width=\"78\">4<\/td>\n<\/tr>\n<tr>\n<td width=\"230\">OTD II<\/td>\n<td width=\"55\">&nbsp;<\/p>\n<p>30<\/td>\n<td width=\"78\">&nbsp;<\/p>\n<p>2<\/td>\n<\/tr>\n<tr>\n<td rowspan=\"2\" width=\"111\">5\u00ba. semestre<\/td>\n<td width=\"230\">N\u00facleo de Estudos Avan\u00e7ados III &#8211; Mem\u00f3ria, Acervos e Patrim\u00f4nio<\/p>\n<p>N\u00facleo de Estudos Avan\u00e7ados III &#8211; Ensino de Hist\u00f3ria<\/p>\n<p>N\u00facleo de Estudos Avan\u00e7ados III &#8211; <span style=\"font-family: inherit;font-size: inherit\">Sujeitos, discursos e identidades<\/span><\/td>\n<td width=\"55\">30<\/td>\n<td width=\"78\">2<\/td>\n<\/tr>\n<tr>\n<td width=\"230\">OTD III<\/td>\n<td width=\"55\">&nbsp;<\/p>\n<p>30<\/td>\n<td width=\"78\">&nbsp;<\/p>\n<p>2<\/td>\n<\/tr>\n<tr>\n<td rowspan=\"2\" width=\"111\">6\u00ba. semestre<\/td>\n<td width=\"230\">N\u00facleo de Estudos Avan\u00e7ados IV &#8211; Mem\u00f3ria, Acervos e Patrim\u00f4nio<\/p>\n<p>N\u00facleo de Estudos Avan\u00e7ados IV &#8211; Ensino de Hist\u00f3ria<\/p>\n<p>N\u00facleo de Estudos Avan\u00e7ados IV &#8211; <span style=\"font-family: inherit;font-size: inherit\">Sujeitos, discursos e identidades<\/span><\/td>\n<td width=\"55\">30<\/td>\n<td width=\"78\">2<\/td>\n<\/tr>\n<tr>\n<td width=\"230\">OTD IV<\/td>\n<td width=\"55\">&nbsp;<\/p>\n<p>30<\/td>\n<td width=\"78\">&nbsp;<\/p>\n<p>2<\/td>\n<\/tr>\n<tr>\n<td width=\"111\">7\u00ba. semestre<\/td>\n<td width=\"230\">N\u00facleo de Atividades<\/td>\n<td width=\"55\">60<\/td>\n<td width=\"78\">4<\/td>\n<\/tr>\n<tr>\n<td colspan=\"4\" width=\"527\">Total parcial<\/td>\n<td width=\"78\"><strong>40<\/strong><\/td>\n<\/tr>\n<tr>\n<td rowspan=\"2\" width=\"131\"><strong>Disciplinas optativas *<\/strong><\/td>\n<td rowspan=\"2\" width=\"111\">2\u00ba. semestre<\/td>\n<td width=\"230\">T\u00f3picos tem\u00e1ticos I<\/td>\n<td width=\"55\">&nbsp;<\/p>\n<p>60<\/td>\n<td width=\"78\">&nbsp;<\/p>\n<p>4<\/td>\n<\/tr>\n<tr>\n<td width=\"230\">T\u00f3picos tem\u00e1ticos II<\/td>\n<td width=\"55\">&nbsp;<\/p>\n<p>60<\/td>\n<td width=\"78\">&nbsp;<\/p>\n<p>4<\/td>\n<\/tr>\n<tr>\n<td colspan=\"4\" width=\"527\">Total parcial<\/td>\n<td width=\"78\"><strong>8<\/strong><\/td>\n<\/tr>\n<tr>\n<td rowspan=\"2\" width=\"131\"><strong>Est\u00e1gio <\/strong>(facultativo para n\u00e3o bolsistas, obrigat\u00f3rio para bolsistas)<\/td>\n<td rowspan=\"2\" width=\"111\">A definir com o orientador<\/td>\n<td width=\"230\">Est\u00e1gio de Doc\u00eancia de Doutorado I<\/td>\n<td width=\"55\">60<\/td>\n<td width=\"78\">4<\/td>\n<\/tr>\n<tr>\n<td width=\"230\">Est\u00e1gio de Doc\u00eancia de Doutorado II<\/td>\n<td width=\"55\">60<\/td>\n<td width=\"78\">4<\/td>\n<\/tr>\n<tr>\n<td colspan=\"4\" width=\"527\">Total parcial<\/td>\n<td width=\"78\"><strong>8<\/strong><\/td>\n<\/tr>\n<tr>\n<td width=\"131\"><strong>Defesa<\/strong><\/td>\n<td width=\"111\">8\u00ba. semestre<\/td>\n<td width=\"230\">Defesa de Tese de Doutorado<\/td>\n<td width=\"55\">180<\/td>\n<td width=\"78\">12<\/td>\n<\/tr>\n<tr>\n<td colspan=\"4\" width=\"527\"><strong>Total m\u00ednimo de cr\u00e9ditos para estudantes n\u00e3o-bolsistas<\/strong><\/td>\n<td width=\"78\"><strong>60<\/strong><\/td>\n<\/tr>\n<tr>\n<td colspan=\"4\" width=\"527\"><strong>Total m\u00ednimo de cr\u00e9ditos para estudantes bolsistas<\/strong><\/td>\n<td width=\"78\"><strong>68<\/strong><\/td>\n<\/tr>\n<\/tbody>\n<\/table>\n<p>&nbsp;<\/p>\n","protected":false},"excerpt":{"rendered":"<p>&nbsp; &nbsp; MESTRADO EM HIST\u00d3RIA As disciplinas que comp\u00f5em a grade curricular foram articuladas para dar suporte te\u00f3rico e metodol\u00f3gico aos alunos, em conformidade com seu objetivo de formar e qualificar profissionais da Hist\u00f3ria, visando uma forma\u00e7\u00e3o s\u00f3lida para a produ\u00e7\u00e3o de conhecimento e pesquisas voltadas para a \u00e1rea de Cultura e Regionalidades. Ser\u00e3o assim&nbsp;&hellip;<\/p>\n","protected":false},"author":24,"featured_media":0,"parent":0,"menu_order":0,"comment_status":"closed","ping_status":"closed","template":"","meta":[],"_links":{"self":[{"href":"https:\/\/www2.uepg.br\/ppgh\/wp-json\/wp\/v2\/pages\/51"}],"collection":[{"href":"https:\/\/www2.uepg.br\/ppgh\/wp-json\/wp\/v2\/pages"}],"about":[{"href":"https:\/\/www2.uepg.br\/ppgh\/wp-json\/wp\/v2\/types\/page"}],"author":[{"embeddable":true,"href":"https:\/\/www2.uepg.br\/ppgh\/wp-json\/wp\/v2\/users\/24"}],"replies":[{"embeddable":true,"href":"https:\/\/www2.uepg.br\/ppgh\/wp-json\/wp\/v2\/comments?post=51"}],"version-history":[{"count":13,"href":"https:\/\/www2.uepg.br\/ppgh\/wp-json\/wp\/v2\/pages\/51\/revisions"}],"predecessor-version":[{"id":1280,"href":"https:\/\/www2.uepg.br\/ppgh\/wp-json\/wp\/v2\/pages\/51\/revisions\/1280"}],"wp:attachment":[{"href":"https:\/\/www2.uepg.br\/ppgh\/wp-json\/wp\/v2\/media?parent=51"}],"curies":[{"name":"wp","href":"https:\/\/api.w.org\/{rel}","templated":true}]}}