{"id":53,"date":"2020-08-04T10:33:30","date_gmt":"2020-08-04T13:33:30","guid":{"rendered":"http:\/\/www2.uepg.br\/ppgh\/?page_id=53"},"modified":"2026-04-17T17:59:17","modified_gmt":"2026-04-17T20:59:17","slug":"regulamentos","status":"publish","type":"page","link":"https:\/\/www2.uepg.br\/ppgh\/regulamentos\/","title":{"rendered":"Regulamentos"},"content":{"rendered":"<p><a href=\"http:\/\/www2.uepg.br\/ppgh\/wp-content\/uploads\/sites\/131\/2025\/05\/ResUNIV2024.21anexoRegulamentoPPGH.pdf\">NOVO REGULAMENTO DO PROGRAMA DE P\u00d3S-GRADUA\u00c7\u00c3O EM HIST\u00d3RIA DA UEPG<\/a> &#8211; Mestrado e Doutorado<\/p>\n<p><a href=\"http:\/\/www2.uepg.br\/ppgh\/wp-content\/uploads\/sites\/131\/2023\/01\/Regulamento_PPGH_UEPG-2022.pdf\" target=\"_blank\" rel=\"noopener noreferrer\">REGULAMENTO DO PROGRAMA DE P\u00d3S-GRADUA\u00c7\u00c3O EM HIST\u00d3RIA DA UEPG (v\u00e1lido at\u00e9 a turma de 2024)<\/a><\/p>\n<p><a href=\"http:\/\/www2.uepg.br\/ppgh\/wp-content\/uploads\/sites\/131\/2026\/04\/Anexo-da-Res-CEPE-n.-5.2026-NOVO-REGULAMENTO-da-pos-stricto-sensu.pdf\">REGULAMENTO GERAL DA P\u00d3S-GRADUA\u00c7\u00c3O &#8211; UEPG<\/a><\/p>\n<p>Credenciamento e descredenciamento de docentes permanentes do PPGH UEPG.<\/p>\n<p><a href=\"https:\/\/www2.uepg.br\/propesp\/pos-graduacao\/regulamentos-e-manuais\/\">UEPG &#8211; Legisla\u00e7\u00e3o geral sobre a p\u00f3s-gradua\u00e7\u00e3o<\/a><\/p>\n","protected":false},"excerpt":{"rendered":"<p>NOVO REGULAMENTO DO PROGRAMA DE P\u00d3S-GRADUA\u00c7\u00c3O EM HIST\u00d3RIA DA UEPG &#8211; Mestrado e Doutorado REGULAMENTO DO PROGRAMA DE P\u00d3S-GRADUA\u00c7\u00c3O EM HIST\u00d3RIA DA UEPG (v\u00e1lido at\u00e9 a turma de 2024) REGULAMENTO GERAL DA P\u00d3S-GRADUA\u00c7\u00c3O &#8211; UEPG Credenciamento e descredenciamento de docentes permanentes do PPGH UEPG. UEPG &#8211; Legisla\u00e7\u00e3o geral sobre a p\u00f3s-gradua\u00e7\u00e3o<\/p>\n","protected":false},"author":24,"featured_media":0,"parent":0,"menu_order":0,"comment_status":"closed","ping_status":"closed","template":"","meta":[],"_links":{"self":[{"href":"https:\/\/www2.uepg.br\/ppgh\/wp-json\/wp\/v2\/pages\/53"}],"collection":[{"href":"https:\/\/www2.uepg.br\/ppgh\/wp-json\/wp\/v2\/pages"}],"about":[{"href":"https:\/\/www2.uepg.br\/ppgh\/wp-json\/wp\/v2\/types\/page"}],"author":[{"embeddable":true,"href":"https:\/\/www2.uepg.br\/ppgh\/wp-json\/wp\/v2\/users\/24"}],"replies":[{"embeddable":true,"href":"https:\/\/www2.uepg.br\/ppgh\/wp-json\/wp\/v2\/comments?post=53"}],"version-history":[{"count":7,"href":"https:\/\/www2.uepg.br\/ppgh\/wp-json\/wp\/v2\/pages\/53\/revisions"}],"predecessor-version":[{"id":1516,"href":"https:\/\/www2.uepg.br\/ppgh\/wp-json\/wp\/v2\/pages\/53\/revisions\/1516"}],"wp:attachment":[{"href":"https:\/\/www2.uepg.br\/ppgh\/wp-json\/wp\/v2\/media?parent=53"}],"curies":[{"name":"wp","href":"https:\/\/api.w.org\/{rel}","templated":true}]}}