{"id":584,"date":"2022-06-20T13:44:58","date_gmt":"2022-06-20T16:44:58","guid":{"rendered":"https:\/\/www2.uepg.br\/ppgh\/?page_id=584"},"modified":"2022-06-20T14:04:50","modified_gmt":"2022-06-20T17:04:50","slug":"edital-ppgh-08-2022","status":"publish","type":"page","link":"https:\/\/www2.uepg.br\/ppgh\/edital-ppgh-08-2022\/","title":{"rendered":"EDITAL PPGH 08\/2022"},"content":{"rendered":"<p><img loading=\"lazy\" class=\"alignright size-full wp-image-278\" src=\"http:\/\/www2.uepg.br\/ppgh\/wp-content\/uploads\/sites\/131\/2021\/02\/imagem_2021-02-17_133847.png\" alt=\"\" width=\"257\" height=\"67\" \/><\/p>\n<p>&nbsp;<\/p>\n<p>&nbsp;<\/p>\n<p>&nbsp;<\/p>\n<hr \/>\n<hr \/>\n<p><strong>EDITAL PPGH 08\/2022<\/strong><\/p>\n<p>&nbsp;<\/p>\n<p><strong>PRORROGA\u00c7\u00c3O DAS INSCRI\u00c7\u00d5ES DO PROCESSO SELETIVO PARA O MESTRADO ACAD\u00caMICO EM HIST\u00d3RIA DA UEPG<\/strong><\/p>\n<p><strong>\u00a0<\/strong><strong>\u00a0<\/strong><\/p>\n<p>I \u2013 Fica prorrogado o prazo para inscri\u00e7\u00f5es no processo seletivo para o mestrado acad\u00eamico em Hist\u00f3ria da UEPG estabelecidos no Edital PPGH-UEPG 05\/2022, item 4:<\/p>\n<p>Per\u00edodo de inscri\u00e7\u00f5es online: At\u00e9 26 de junho de 2022<\/p>\n<p>II \u2013 As demais datas e prazos estabelecidos no Edital PPGH-UEPG 05\/2022, item 4 seguem inalteradas<\/p>\n<p>&nbsp;<\/p>\n<p style=\"text-align: right\">Ponta Grossa, 20 de junho de 2022<\/p>\n<p>&nbsp;<\/p>\n<p>&nbsp;<\/p>\n<p style=\"text-align: right\">Prof. Dr. Luis Fernando Cerri<\/p>\n<p style=\"text-align: right\">Coordenador do PPGH-UEPG<\/p>\n","protected":false},"excerpt":{"rendered":"<p>&nbsp; &nbsp; &nbsp; EDITAL PPGH 08\/2022 &nbsp; PRORROGA\u00c7\u00c3O DAS INSCRI\u00c7\u00d5ES DO PROCESSO SELETIVO PARA O MESTRADO ACAD\u00caMICO EM HIST\u00d3RIA DA UEPG \u00a0\u00a0 I \u2013 Fica prorrogado o prazo para inscri\u00e7\u00f5es no processo seletivo para o mestrado acad\u00eamico em Hist\u00f3ria da UEPG estabelecidos no Edital PPGH-UEPG 05\/2022, item 4: Per\u00edodo de inscri\u00e7\u00f5es online: At\u00e9 26 de&nbsp;&hellip;<\/p>\n","protected":false},"author":188,"featured_media":0,"parent":0,"menu_order":0,"comment_status":"closed","ping_status":"closed","template":"","meta":[],"_links":{"self":[{"href":"https:\/\/www2.uepg.br\/ppgh\/wp-json\/wp\/v2\/pages\/584"}],"collection":[{"href":"https:\/\/www2.uepg.br\/ppgh\/wp-json\/wp\/v2\/pages"}],"about":[{"href":"https:\/\/www2.uepg.br\/ppgh\/wp-json\/wp\/v2\/types\/page"}],"author":[{"embeddable":true,"href":"https:\/\/www2.uepg.br\/ppgh\/wp-json\/wp\/v2\/users\/188"}],"replies":[{"embeddable":true,"href":"https:\/\/www2.uepg.br\/ppgh\/wp-json\/wp\/v2\/comments?post=584"}],"version-history":[{"count":2,"href":"https:\/\/www2.uepg.br\/ppgh\/wp-json\/wp\/v2\/pages\/584\/revisions"}],"predecessor-version":[{"id":586,"href":"https:\/\/www2.uepg.br\/ppgh\/wp-json\/wp\/v2\/pages\/584\/revisions\/586"}],"wp:attachment":[{"href":"https:\/\/www2.uepg.br\/ppgh\/wp-json\/wp\/v2\/media?parent=584"}],"curies":[{"name":"wp","href":"https:\/\/api.w.org\/{rel}","templated":true}]}}