{"id":602,"date":"2022-07-11T15:12:14","date_gmt":"2022-07-11T18:12:14","guid":{"rendered":"https:\/\/www2.uepg.br\/ppgh\/?page_id=602"},"modified":"2022-07-11T19:24:21","modified_gmt":"2022-07-11T22:24:21","slug":"edital-ppgh-10-2022","status":"publish","type":"page","link":"https:\/\/www2.uepg.br\/ppgh\/edital-ppgh-10-2022\/","title":{"rendered":"EDITAL PPGH 10\/2022"},"content":{"rendered":"<p><img loading=\"lazy\" class=\"alignright size-full wp-image-278\" src=\"http:\/\/www2.uepg.br\/ppgh\/wp-content\/uploads\/sites\/131\/2021\/02\/imagem_2021-02-17_133847.png\" alt=\"\" width=\"257\" height=\"67\" \/><\/p>\n<p>&nbsp;<\/p>\n<p>&nbsp;<\/p>\n<p>&nbsp;<\/p>\n<hr \/>\n<p><strong>EDITAL PPGH 10\/2022 \u2013 PROJETOS SELECIONADOS NO PROCESSO SELETIVO DE 2022 E CONVOCA\u00c7\u00c3O PARA AVALIA\u00c7\u00c3O REMOTA<\/strong><\/p>\n<p>A Coordena\u00e7\u00e3o do Programa de P\u00f3s-Gradua\u00e7\u00e3o em Hist\u00f3ria (PPGH) da Universidade Estadual de Ponta Grossa, no uso de suas atribui\u00e7\u00f5es, considerando o que prev\u00ea o Edital PPGH 05\/2022 e 08\/2022 e em aten\u00e7\u00e3o \u00e0 delibera\u00e7\u00e3o da Comiss\u00e3o de Sele\u00e7\u00e3o e do Colegiado, convoca os\/as CANDIDATOS\/AS SELECIONADOS\/AS na primeira etapa do processo seletivo e torna p\u00fablico as datas e os hor\u00e1rios de realiza\u00e7\u00e3o da avalia\u00e7\u00e3o remota (argui\u00e7\u00e3o on-line) sobre os respectivos projeto de pesquisa e trajet\u00f3ria acad\u00eamica e profissional. A avalia\u00e7\u00e3o se dar\u00e1 via plataforma Google Meet e o link ser\u00e1 enviado ainda nesta semana diretamente para o e-mail dos(as) candidatos(as) selecionados(as):<\/p>\n<table>\n<tbody>\n<tr>\n<td width=\"255\">Candidato\/a<\/td>\n<td width=\"123\">Dia<\/td>\n<td width=\"114\">Hor\u00e1rio<\/td>\n<\/tr>\n<tr>\n<td width=\"255\">Giovana Rodrigues Martins<\/td>\n<td width=\"123\">21\/07<\/td>\n<td width=\"114\">9:30<\/td>\n<\/tr>\n<tr>\n<td width=\"255\">Arthur Ferreira Pinto<\/td>\n<td width=\"123\">18\/07<\/td>\n<td width=\"114\">9:00<\/td>\n<\/tr>\n<tr>\n<td width=\"255\">B\u00e1rbara do Carmo Noviski Gon\u00e7alves<\/td>\n<td width=\"123\">18\/07<\/td>\n<td width=\"114\">9:30<\/td>\n<\/tr>\n<tr>\n<td width=\"255\">Analine Maquea Cardeal<\/td>\n<td width=\"123\">21\/07<\/td>\n<td width=\"114\">10:00<\/td>\n<\/tr>\n<tr>\n<td width=\"255\">Elize Fadel<\/td>\n<td width=\"123\">18\/07<\/td>\n<td width=\"114\">10:00<\/td>\n<\/tr>\n<tr>\n<td width=\"255\">F\u00e1bio Ehlke Rodrigues<\/td>\n<td width=\"123\">21\/07<\/td>\n<td width=\"114\">9:00<\/td>\n<\/tr>\n<tr>\n<td width=\"255\">Fernanda Mauda<\/td>\n<td width=\"123\">18\/07<\/td>\n<td width=\"114\">10:30<\/td>\n<\/tr>\n<tr>\n<td width=\"255\">Guilherme Felipe Silva de Castro<\/td>\n<td width=\"123\">21\/07<\/td>\n<td width=\"114\">9:30<\/td>\n<\/tr>\n<tr>\n<td width=\"255\">Laureen Silva<\/td>\n<td width=\"123\">21\/07<\/td>\n<td width=\"114\">9:00<\/td>\n<\/tr>\n<tr>\n<td width=\"255\">Mirielen Machado Rodrigues<\/td>\n<td width=\"123\">19\/07<\/td>\n<td width=\"114\">10:30<\/td>\n<\/tr>\n<tr>\n<td width=\"255\">Rosana de F\u00e1tima Berton Bauer<\/td>\n<td width=\"123\">18\/07<\/td>\n<td width=\"114\">10:00<\/td>\n<\/tr>\n<\/tbody>\n<\/table>\n<p style=\"text-align: right\">Ponta Grossa, 11 de julho de 2022<\/p>\n<p style=\"text-align: right\">Coordena\u00e7\u00e3o do PPGH<\/p>\n","protected":false},"excerpt":{"rendered":"<p>&nbsp; &nbsp; &nbsp; EDITAL PPGH 10\/2022 \u2013 PROJETOS SELECIONADOS NO PROCESSO SELETIVO DE 2022 E CONVOCA\u00c7\u00c3O PARA AVALIA\u00c7\u00c3O REMOTA A Coordena\u00e7\u00e3o do Programa de P\u00f3s-Gradua\u00e7\u00e3o em Hist\u00f3ria (PPGH) da Universidade Estadual de Ponta Grossa, no uso de suas atribui\u00e7\u00f5es, considerando o que prev\u00ea o Edital PPGH 05\/2022 e 08\/2022 e em aten\u00e7\u00e3o \u00e0 delibera\u00e7\u00e3o da&nbsp;&hellip;<\/p>\n","protected":false},"author":188,"featured_media":0,"parent":0,"menu_order":0,"comment_status":"closed","ping_status":"closed","template":"","meta":[],"_links":{"self":[{"href":"https:\/\/www2.uepg.br\/ppgh\/wp-json\/wp\/v2\/pages\/602"}],"collection":[{"href":"https:\/\/www2.uepg.br\/ppgh\/wp-json\/wp\/v2\/pages"}],"about":[{"href":"https:\/\/www2.uepg.br\/ppgh\/wp-json\/wp\/v2\/types\/page"}],"author":[{"embeddable":true,"href":"https:\/\/www2.uepg.br\/ppgh\/wp-json\/wp\/v2\/users\/188"}],"replies":[{"embeddable":true,"href":"https:\/\/www2.uepg.br\/ppgh\/wp-json\/wp\/v2\/comments?post=602"}],"version-history":[{"count":2,"href":"https:\/\/www2.uepg.br\/ppgh\/wp-json\/wp\/v2\/pages\/602\/revisions"}],"predecessor-version":[{"id":609,"href":"https:\/\/www2.uepg.br\/ppgh\/wp-json\/wp\/v2\/pages\/602\/revisions\/609"}],"wp:attachment":[{"href":"https:\/\/www2.uepg.br\/ppgh\/wp-json\/wp\/v2\/media?parent=602"}],"curies":[{"name":"wp","href":"https:\/\/api.w.org\/{rel}","templated":true}]}}