{"id":61,"date":"2020-08-04T10:44:25","date_gmt":"2020-08-04T13:44:25","guid":{"rendered":"http:\/\/www2.uepg.br\/ppgh\/?page_id=61"},"modified":"2025-05-29T14:18:39","modified_gmt":"2025-05-29T17:18:39","slug":"formularios","status":"publish","type":"page","link":"https:\/\/www2.uepg.br\/ppgh\/formularios\/","title":{"rendered":"Formul\u00e1rios e arquivos"},"content":{"rendered":"<ul>\n<li><a href=\"https:\/\/forms.gle\/vnWDHRuumFvHT1kN6\" target=\"_blank\" rel=\"noopener noreferrer\">Formul\u00e1rio de Solicita\u00e7\u00e3o de Defesa ou de Qualifica\u00e7\u00e3o<\/a><\/li>\n<li>Crit\u00e9rios e orienta\u00e7\u00f5es para a <a href=\"http:\/\/www2.uepg.br\/ppgh\/wp-content\/uploads\/sites\/131\/2023\/04\/criterios-para-bolsas-1.pdf\">solicita\u00e7\u00e3o de bolsas<\/a><\/li>\n<li><a href=\"http:\/\/www2.uepg.br\/ppgh\/wp-content\/uploads\/sites\/131\/2021\/06\/Modelo_de__Relatorio_Final_de__Estagio_de_Docencia.docx\" target=\"_blank\" rel=\"noopener noreferrer\">Modelo de Relat\u00f3rio Final de Est\u00e1gio de Doc\u00eancia<\/a><\/li>\n<li><a href=\"http:\/\/www2.uepg.br\/ppgh\/wp-content\/uploads\/sites\/131\/2025\/05\/ORIENTACAO-PARA-A-ENTREGA-DA-VERSAO-FINAL.pdf\" target=\"_blank\" rel=\"noopener noreferrer\">Orienta\u00e7\u00f5es para entrega da vers\u00e3o final da Disserta\u00e7\u00e3o de Mestrado<\/a><\/li>\n<li><a href=\"http:\/\/www2.uepg.br\/ppgh\/wp-content\/uploads\/sites\/131\/2020\/08\/roteiro-de-verificacao.pdf\" target=\"_blank\" rel=\"noopener noreferrer\">Roteiro de Verifica\u00e7\u00e3o da vers\u00e3o final da disserta\u00e7\u00e3o<\/a><\/li>\n<li><a href=\"http:\/\/www2.uepg.br\/ppgh\/wp-content\/uploads\/sites\/131\/2020\/08\/Termo-de-autorizacao.pdf\" target=\"_blank\" rel=\"noopener noreferrer\">Termo de Autoriza\u00e7\u00e3o de Publica\u00e7\u00e3o da Biblioteca<\/a><\/li>\n<li><a href=\"https:\/\/www.youtube.com\/@OficialUEPG\/playlists\">V\u00eddeos da BICEN UEPG<\/a> sobre normas da ABNT<\/li>\n<li><a href=\"https:\/\/ri.uepg.br\/riuepg\/handle\/123456789\/901\">Manual de normaliza\u00e7\u00e3o de disserta\u00e7\u00f5es e teses<\/a> (BICEN-UEPG)<\/li>\n<\/ul>\n","protected":false},"excerpt":{"rendered":"<p>Formul\u00e1rio de Solicita\u00e7\u00e3o de Defesa ou de Qualifica\u00e7\u00e3o Crit\u00e9rios e orienta\u00e7\u00f5es para a solicita\u00e7\u00e3o de bolsas Modelo de Relat\u00f3rio Final de Est\u00e1gio de Doc\u00eancia Orienta\u00e7\u00f5es para entrega da vers\u00e3o final da Disserta\u00e7\u00e3o de Mestrado Roteiro de Verifica\u00e7\u00e3o da vers\u00e3o final da disserta\u00e7\u00e3o Termo de Autoriza\u00e7\u00e3o de Publica\u00e7\u00e3o da Biblioteca V\u00eddeos da BICEN UEPG sobre normas&nbsp;&hellip;<\/p>\n","protected":false},"author":24,"featured_media":0,"parent":0,"menu_order":0,"comment_status":"closed","ping_status":"closed","template":"","meta":[],"_links":{"self":[{"href":"https:\/\/www2.uepg.br\/ppgh\/wp-json\/wp\/v2\/pages\/61"}],"collection":[{"href":"https:\/\/www2.uepg.br\/ppgh\/wp-json\/wp\/v2\/pages"}],"about":[{"href":"https:\/\/www2.uepg.br\/ppgh\/wp-json\/wp\/v2\/types\/page"}],"author":[{"embeddable":true,"href":"https:\/\/www2.uepg.br\/ppgh\/wp-json\/wp\/v2\/users\/24"}],"replies":[{"embeddable":true,"href":"https:\/\/www2.uepg.br\/ppgh\/wp-json\/wp\/v2\/comments?post=61"}],"version-history":[{"count":10,"href":"https:\/\/www2.uepg.br\/ppgh\/wp-json\/wp\/v2\/pages\/61\/revisions"}],"predecessor-version":[{"id":1260,"href":"https:\/\/www2.uepg.br\/ppgh\/wp-json\/wp\/v2\/pages\/61\/revisions\/1260"}],"wp:attachment":[{"href":"https:\/\/www2.uepg.br\/ppgh\/wp-json\/wp\/v2\/media?parent=61"}],"curies":[{"name":"wp","href":"https:\/\/api.w.org\/{rel}","templated":true}]}}