{"id":611,"date":"2022-07-22T20:45:25","date_gmt":"2022-07-22T23:45:25","guid":{"rendered":"https:\/\/www2.uepg.br\/ppgh\/?page_id=611"},"modified":"2022-07-22T20:47:44","modified_gmt":"2022-07-22T23:47:44","slug":"611-2","status":"publish","type":"page","link":"https:\/\/www2.uepg.br\/ppgh\/611-2\/","title":{"rendered":"Edital PPGH 11 2022"},"content":{"rendered":"<p><img loading=\"lazy\" class=\"alignright size-full wp-image-278\" src=\"http:\/\/www2.uepg.br\/ppgh\/wp-content\/uploads\/sites\/131\/2021\/02\/imagem_2021-02-17_133847.png\" alt=\"\" width=\"257\" height=\"67\" \/><\/p>\n<p>&nbsp;<\/p>\n<p>&nbsp;<\/p>\n<p>&nbsp;<\/p>\n<hr \/>\n<p><strong>EDITAL PPGH UEPG 11\/2022<\/strong><\/p>\n<p><strong>RELA\u00c7\u00c3O DOS(AS) CANDIDATOS(AS) APROVADOS(AS) NO PROCESSO SELETIVO DE 2022<\/strong><\/p>\n<p>&nbsp;<\/p>\n<p>A Coordena\u00e7\u00e3o do Programa de P\u00f3s-Gradua\u00e7\u00e3o em Hist\u00f3ria (PPGH) da Universidade Estadual de Ponta Grossa, no uso de suas atribui\u00e7\u00f5es, considerando o que prev\u00ea o Edital PPGH 05\/2022 e 08\/2022 e em aten\u00e7\u00e3o \u00e0 delibera\u00e7\u00e3o da Comiss\u00e3o de Sele\u00e7\u00e3o e do Colegiado, torna p\u00fablico a rela\u00e7\u00e3o dos candidatos e candidatas aprovados(as) no processo seletivo com ingresso em agosto de 2022:<\/p>\n<p>&nbsp;<\/p>\n<table>\n<tbody>\n<tr>\n<td width=\"283\">\n<p style=\"text-align: center\"><strong>Candidata(o)<\/strong><\/p>\n<\/td>\n<td width=\"283\">\n<p style=\"text-align: center\"><strong>Orientador(a)\/ Coorientador(a)<\/strong><\/p>\n<\/td>\n<\/tr>\n<tr>\n<td width=\"283\">Analine Maquea Cardeal<\/td>\n<td width=\"283\">Robson Laverdi<\/p>\n<p>Lucas Erichsen<\/td>\n<\/tr>\n<tr>\n<td width=\"283\">Arthur Ferreira Pinto<\/td>\n<td width=\"283\">Erivan Karvat<\/td>\n<\/tr>\n<tr>\n<td width=\"283\">Elize Fadel<\/td>\n<td width=\"283\">Georgiane Garabely Heil V\u00e1zquez<\/td>\n<\/tr>\n<tr>\n<td width=\"283\">Fernanda Mauda<\/td>\n<td width=\"283\">Georgiane Garabely Heil V\u00e1zquez<\/td>\n<\/tr>\n<tr>\n<td width=\"283\">Giovana Rodrigues Martins<\/td>\n<td width=\"283\">Robson Laverdi<br \/>\nAlessandra Izabel de Carvalho<\/td>\n<\/tr>\n<tr>\n<td width=\"283\">Guilherme Felipe Silva de Castro<\/td>\n<td width=\"283\">Edson Armando Silva<\/td>\n<\/tr>\n<tr>\n<td width=\"283\">Laureen Silva<\/td>\n<td width=\"283\">Alessandra Izabel de Carvalho<br \/>\nEvelyn Roberta Nymmo<\/td>\n<\/tr>\n<tr>\n<td width=\"283\">Mirielen Machado Rodrigues<\/td>\n<td width=\"283\">Jana\u00edna de Paula do Esp\u00edrito Santo<\/td>\n<\/tr>\n<tr>\n<td width=\"283\">Rosana de F\u00e1tima Berton Bauer<\/td>\n<td width=\"283\">N\u00e9vio de Campos<\/td>\n<\/tr>\n<\/tbody>\n<\/table>\n<p>&nbsp;<\/p>\n<ol>\n<li>As matr\u00edculas dever\u00e3o ser realizadas entre os dias 01 e 05 de agosto de 2022, via sistema de matr\u00edculas, on-line na p\u00e1gina da UEPG.<\/li>\n<li>O in\u00edcio das aulas ser\u00e1 no dia 15 de agosto de 2022.<\/li>\n<li>A coordena\u00e7\u00e3o do PPGH entrar\u00e1 em contato antecipadamente com os\/as candidatos(as) aprovados(as) para instru\u00e7\u00f5es sobre as disciplinas a serem cursadas.<\/li>\n<\/ol>\n<p>&nbsp;<\/p>\n<p style=\"text-align: right\">Ponta Grossa, 22 de julho de 2022.<\/p>\n<p style=\"text-align: right\">Coordena\u00e7\u00e3o do PPGH<\/p>\n","protected":false},"excerpt":{"rendered":"<p>&nbsp; &nbsp; &nbsp; EDITAL PPGH UEPG 11\/2022 RELA\u00c7\u00c3O DOS(AS) CANDIDATOS(AS) APROVADOS(AS) NO PROCESSO SELETIVO DE 2022 &nbsp; A Coordena\u00e7\u00e3o do Programa de P\u00f3s-Gradua\u00e7\u00e3o em Hist\u00f3ria (PPGH) da Universidade Estadual de Ponta Grossa, no uso de suas atribui\u00e7\u00f5es, considerando o que prev\u00ea o Edital PPGH 05\/2022 e 08\/2022 e em aten\u00e7\u00e3o \u00e0 delibera\u00e7\u00e3o da Comiss\u00e3o de&nbsp;&hellip;<\/p>\n","protected":false},"author":188,"featured_media":0,"parent":0,"menu_order":0,"comment_status":"closed","ping_status":"closed","template":"","meta":[],"_links":{"self":[{"href":"https:\/\/www2.uepg.br\/ppgh\/wp-json\/wp\/v2\/pages\/611"}],"collection":[{"href":"https:\/\/www2.uepg.br\/ppgh\/wp-json\/wp\/v2\/pages"}],"about":[{"href":"https:\/\/www2.uepg.br\/ppgh\/wp-json\/wp\/v2\/types\/page"}],"author":[{"embeddable":true,"href":"https:\/\/www2.uepg.br\/ppgh\/wp-json\/wp\/v2\/users\/188"}],"replies":[{"embeddable":true,"href":"https:\/\/www2.uepg.br\/ppgh\/wp-json\/wp\/v2\/comments?post=611"}],"version-history":[{"count":3,"href":"https:\/\/www2.uepg.br\/ppgh\/wp-json\/wp\/v2\/pages\/611\/revisions"}],"predecessor-version":[{"id":614,"href":"https:\/\/www2.uepg.br\/ppgh\/wp-json\/wp\/v2\/pages\/611\/revisions\/614"}],"wp:attachment":[{"href":"https:\/\/www2.uepg.br\/ppgh\/wp-json\/wp\/v2\/media?parent=611"}],"curies":[{"name":"wp","href":"https:\/\/api.w.org\/{rel}","templated":true}]}}