{"id":648,"date":"2022-08-12T18:15:48","date_gmt":"2022-08-12T21:15:48","guid":{"rendered":"https:\/\/www2.uepg.br\/ppgh\/?page_id=648"},"modified":"2022-08-12T18:15:48","modified_gmt":"2022-08-12T21:15:48","slug":"edital-ppgh-13-2022","status":"publish","type":"page","link":"https:\/\/www2.uepg.br\/ppgh\/edital-ppgh-13-2022\/","title":{"rendered":"EDITAL PPGH 13\/2022"},"content":{"rendered":"<p><img loading=\"lazy\" class=\"alignnone size-full wp-image-278 alignright\" src=\"http:\/\/www2.uepg.br\/ppgh\/wp-content\/uploads\/sites\/131\/2021\/02\/imagem_2021-02-17_133847.png\" alt=\"\" width=\"257\" height=\"67\" \/><\/p>\n<p>&nbsp;<\/p>\n<p>&nbsp;<\/p>\n<p>&nbsp;<\/p>\n<hr \/>\n<p><strong>EDITAL PPGH 13\/2022<\/strong><\/p>\n<p><strong>APROVA\u00c7\u00c3O DE INSCRI\u00c7\u00d5ES DE ALUNOS ESPECIAIS EM DISCIPLINAS ISOLADAS NO MESTRADO EM HIST\u00d3RIA, CULTURA E IDENTIDADES NO SEGUNDO SEMESTRE DE 2022<\/strong><\/p>\n<p>&nbsp;<\/p>\n<p><strong>N\u00facleo de Pesquisas em Hist\u00f3ria e Imagem<\/strong><\/p>\n<p>Profas. Patr\u00edcia C\u00e2mera Varella e Jana\u00edna de Paula do Esp\u00edrito Santo<\/p>\n<p><strong>Hor\u00e1rio<\/strong>: Sextas-feiras das 8h \u00e0s 12h.<\/p>\n<p>INSCRI\u00c7\u00d5ES APROVADAS:<\/p>\n<ul>\n<li>Marcelo Henrique Rebonato Mendes<\/li>\n<\/ul>\n<p>&nbsp;<\/p>\n<p><strong>N\u00facleo de Pesquisas em Hist\u00f3ria Intelectual<\/strong><\/p>\n<p>Prof. Erivan Karvat<\/p>\n<p><strong>Hor\u00e1rio<\/strong>: Quartas-feiras das 8h \u00e0s 12h.<\/p>\n<p>INSCRI\u00c7\u00d5ES APROVADAS:<\/p>\n<ul>\n<li>Isabele Foga\u00e7a de Almeida<\/li>\n<li>Michelle Tatiane Hilgenberg<\/li>\n<\/ul>\n<p>&nbsp;<\/p>\n<p><strong>N\u00facleo de Pesquisas em Hist\u00f3ria e Religi\u00e3o<\/strong><\/p>\n<p>Profa. Ros\u00e2ngela Zulian<\/p>\n<p><strong>Hor\u00e1rio<\/strong>: Quartas-feiras das 8h \u00e0s 12h.<\/p>\n<p>INSCRI\u00c7\u00d5ES APROVADAS:<\/p>\n<ul>\n<li>Lorenna Rochinski<\/li>\n<li>Renan Fagundes de Souza<\/li>\n<\/ul>\n<p>&nbsp;<\/p>\n<p><strong>Teoria da Hist\u00f3ria<\/strong><\/p>\n<p>Prof. Erivan Karvat<\/p>\n<p><strong>Hor\u00e1rio<\/strong>: Quintas-feiras das 13h30 \u00e0s 17h30.<\/p>\n<p>INSCRI\u00c7\u00d5ES APROVADAS:<\/p>\n<ul>\n<li>Eli\u00e9der Doni Vieira Fortes<\/li>\n<\/ul>\n<p>&nbsp;<\/p>\n<p>&nbsp;<\/p>\n<p>As aulas ter\u00e3o in\u00edcio no dia 17 de agosto (quarta\u2010feira) e os docentes entrar\u00e3o em contato por e-mail para detalhes.<\/p>\n<p>&nbsp;<\/p>\n<p>&nbsp;<\/p>\n<p style=\"text-align: right\">Ponta Grossa, 12 de agosto de 2022.<\/p>\n<p style=\"text-align: right\">Coordena\u00e7\u00e3o do PPGH<\/p>\n","protected":false},"excerpt":{"rendered":"<p>&nbsp; &nbsp; &nbsp; EDITAL PPGH 13\/2022 APROVA\u00c7\u00c3O DE INSCRI\u00c7\u00d5ES DE ALUNOS ESPECIAIS EM DISCIPLINAS ISOLADAS NO MESTRADO EM HIST\u00d3RIA, CULTURA E IDENTIDADES NO SEGUNDO SEMESTRE DE 2022 &nbsp; N\u00facleo de Pesquisas em Hist\u00f3ria e Imagem Profas. Patr\u00edcia C\u00e2mera Varella e Jana\u00edna de Paula do Esp\u00edrito Santo Hor\u00e1rio: Sextas-feiras das 8h \u00e0s 12h. INSCRI\u00c7\u00d5ES APROVADAS: Marcelo&nbsp;&hellip;<\/p>\n","protected":false},"author":188,"featured_media":0,"parent":0,"menu_order":0,"comment_status":"closed","ping_status":"closed","template":"","meta":[],"_links":{"self":[{"href":"https:\/\/www2.uepg.br\/ppgh\/wp-json\/wp\/v2\/pages\/648"}],"collection":[{"href":"https:\/\/www2.uepg.br\/ppgh\/wp-json\/wp\/v2\/pages"}],"about":[{"href":"https:\/\/www2.uepg.br\/ppgh\/wp-json\/wp\/v2\/types\/page"}],"author":[{"embeddable":true,"href":"https:\/\/www2.uepg.br\/ppgh\/wp-json\/wp\/v2\/users\/188"}],"replies":[{"embeddable":true,"href":"https:\/\/www2.uepg.br\/ppgh\/wp-json\/wp\/v2\/comments?post=648"}],"version-history":[{"count":2,"href":"https:\/\/www2.uepg.br\/ppgh\/wp-json\/wp\/v2\/pages\/648\/revisions"}],"predecessor-version":[{"id":650,"href":"https:\/\/www2.uepg.br\/ppgh\/wp-json\/wp\/v2\/pages\/648\/revisions\/650"}],"wp:attachment":[{"href":"https:\/\/www2.uepg.br\/ppgh\/wp-json\/wp\/v2\/media?parent=648"}],"curies":[{"name":"wp","href":"https:\/\/api.w.org\/{rel}","templated":true}]}}