{"id":668,"date":"2022-08-19T17:29:14","date_gmt":"2022-08-19T20:29:14","guid":{"rendered":"https:\/\/www2.uepg.br\/ppgh\/?page_id=668"},"modified":"2025-05-08T14:59:37","modified_gmt":"2025-05-08T17:59:37","slug":"area-de-concentracion","status":"publish","type":"page","link":"https:\/\/www2.uepg.br\/ppgh\/area-de-concentracion\/","title":{"rendered":"\u00c1rea de concentraci\u00f3n"},"content":{"rendered":"<p style=\"text-align: center\"><strong><img loading=\"lazy\" class=\"alignright size-full wp-image-664\" src=\"http:\/\/www2.uepg.br\/ppgh\/wp-content\/uploads\/sites\/131\/2022\/08\/espanha.png\" alt=\"\" width=\"126\" height=\"84\" \/><br \/>\n<span style=\"text-align: start\">CULTURA Y REGIONALIDADES<\/span><\/strong><\/p>\n<p>El \u00e1rea de concentraci\u00f3n surge de la articulaci\u00f3n comprensiva de dos conceptos interconectados que fundamentan la propia \u00e1rea: cultura y regionalidades; la primera como matriz perceptiva de fen\u00f3menos tejidos entre valores y significados que organizan la vida social a lo largo del tiempo y la segunda derivada de la noci\u00f3n de regi\u00f3n, problematiz\u00e1ndola, entendida como procedimiento y perspectiva que percibe los objetos de an\u00e1lisis en sus m\u00faltiples relaciones. La propuesta epistemol\u00f3gica basada en la regionalidad pretende superar y criticar la noci\u00f3n com\u00fan de regi\u00f3n como mero recorte territorial o locus naturalizado, recept\u00e1culo donde tienen lugar las relaciones socioculturales. Se trata de un concepto tributario del concepto de espacio como construcci\u00f3n social, cultural e hist\u00f3rica que es producida y reproducida por las pr\u00e1cticas sociales y pol\u00edticas de los grupos que lo conforman. Lo que el concepto de regi\u00f3n a\u00f1ade a la noci\u00f3n de espacio como construcci\u00f3n social son las perspectivas relacionales e interaccionales en permanente transformaci\u00f3n. Con esta concepci\u00f3n, la articulaci\u00f3n de los conceptos de cultura y regionalidad busca enfatizar la complejidad de un abordaje que reconoce y problematiza el entrelazamiento intr\u00ednseco entre tiempo y espacio. Comprender c\u00f3mo se regionalizan los procesos hist\u00f3ricos a partir de las experiencias y representaciones de los diferentes individuos, grupos, clases y culturas que los componen pretende contrarrestar las las metanarrativas universalizadoras y hegem\u00f3nicas que homogeneizan la experiencia hist\u00f3rica. As\u00ed, el estudio centrado en c\u00f3mo las construcciones discursivas, la producci\u00f3n y configuraci\u00f3n de significados y los procesos identitarios se entrelazan y manifiestan en un tiempo\/espacio determinado es fundamental tanto para comprender las espec\u00edficas y variadas relaciones sociales que caracterizan la vida humana, como para formular una historiograf\u00eda efectivamente comprometida con la comprensi\u00f3n de experiencias y alternativas de organizaci\u00f3n social.<\/p>\n<p>Al articular cultura y regionalidades, proponemos un abordaje integrado e inseparable de las dimensiones material, simb\u00f3lica e ideol\u00f3gica de los objetos y temas investigados, una construcci\u00f3n multidimensional y abierta que destaca la idea de una espacialidad m\u00faltiple en una misma o m\u00faltiples din\u00e1micas temporales. Pero tambi\u00e9n asumimos la posici\u00f3n de que los espacios en cuesti\u00f3n no se reducen a su dimensi\u00f3n f\u00edsica, pues son tambi\u00e9n ordenamientos dimensionales entre sujetos y objetos, incluyendo regionalidades epistemol\u00f3gicas, referenciales, virtuales, sociales, etc.: sujetos, objetos, temas y abordajes son definidos y pensados relacionalmente en t\u00e9rminos de referencias que establecen una regionalidad en la que los elementos se ordenan y significan desde su lugar, evitando as\u00ed abordarlos per se o en s\u00ed mismos o recurrir a conceptos esencialistas.<\/p>\n<p>Al tomar la complejidad de las perspectivas espacio-temporales como eje de los temas y objetos de investigaci\u00f3n, lo innovador no es la elecci\u00f3n tem\u00e1tica -ya que todos los temas de an\u00e1lisis se insertan en dimensiones espaciales y temporales- sino el \u00e9nfasis en la complejidad de las l\u00f3gicas locales y regionales de producci\u00f3n social y cultural en lugar de simplificaciones generalizadas.<\/p>\n<p>En resumen, la articulaci\u00f3n de los conceptos de cultura y regionalidades como fundamento epistemol\u00f3gico de un programa de investigaci\u00f3n apunta a una noci\u00f3n de historia abierta, inherentemente constituida en la multiplicidad de puntos de vista que surgen de diferentes experiencias y posiciones. El \u00e9nfasis en las regionalidades se hace eco de la relevancia del Programa, destacando la importancia del contexto regional, enriqueciendo as\u00ed la investigaci\u00f3n hist\u00f3rica al considerar las intrincadas din\u00e1micas locales en la construcci\u00f3n de la historiograf\u00eda.<\/p>\n","protected":false},"excerpt":{"rendered":"<p>CULTURA Y REGIONALIDADES El \u00e1rea de concentraci\u00f3n surge de la articulaci\u00f3n comprensiva de dos conceptos interconectados que fundamentan la propia \u00e1rea: cultura y regionalidades; la primera como matriz perceptiva de fen\u00f3menos tejidos entre valores y significados que organizan la vida social a lo largo del tiempo y la segunda derivada de la noci\u00f3n de regi\u00f3n,&nbsp;&hellip;<\/p>\n","protected":false},"author":188,"featured_media":0,"parent":0,"menu_order":0,"comment_status":"closed","ping_status":"closed","template":"","meta":[],"_links":{"self":[{"href":"https:\/\/www2.uepg.br\/ppgh\/wp-json\/wp\/v2\/pages\/668"}],"collection":[{"href":"https:\/\/www2.uepg.br\/ppgh\/wp-json\/wp\/v2\/pages"}],"about":[{"href":"https:\/\/www2.uepg.br\/ppgh\/wp-json\/wp\/v2\/types\/page"}],"author":[{"embeddable":true,"href":"https:\/\/www2.uepg.br\/ppgh\/wp-json\/wp\/v2\/users\/188"}],"replies":[{"embeddable":true,"href":"https:\/\/www2.uepg.br\/ppgh\/wp-json\/wp\/v2\/comments?post=668"}],"version-history":[{"count":3,"href":"https:\/\/www2.uepg.br\/ppgh\/wp-json\/wp\/v2\/pages\/668\/revisions"}],"predecessor-version":[{"id":1242,"href":"https:\/\/www2.uepg.br\/ppgh\/wp-json\/wp\/v2\/pages\/668\/revisions\/1242"}],"wp:attachment":[{"href":"https:\/\/www2.uepg.br\/ppgh\/wp-json\/wp\/v2\/media?parent=668"}],"curies":[{"name":"wp","href":"https:\/\/api.w.org\/{rel}","templated":true}]}}