{"id":692,"date":"2022-08-26T21:11:00","date_gmt":"2022-08-27T00:11:00","guid":{"rendered":"https:\/\/www2.uepg.br\/ppgh\/?page_id=692"},"modified":"2025-05-30T16:18:17","modified_gmt":"2025-05-30T19:18:17","slug":"plan-de-estudios","status":"publish","type":"page","link":"https:\/\/www2.uepg.br\/ppgh\/plan-de-estudios\/","title":{"rendered":"Plan de estudios"},"content":{"rendered":"<p><img loading=\"lazy\" class=\"alignright size-full wp-image-664\" src=\"http:\/\/www2.uepg.br\/ppgh\/wp-content\/uploads\/sites\/131\/2022\/08\/espanha.png\" alt=\"\" width=\"126\" height=\"84\" \/><\/p>\n<p>&nbsp;<\/p>\n<p>&nbsp;<\/p>\n<h2 style=\"text-align: center\">MAESTR\u00cdA EN HISTORIA<\/h2>\n<p>Las asignaturas que componen el plan de estudios fueron articuladas para dar soporte te\u00f3rico y metodol\u00f3gico a los estudiantes, de acuerdo con su objetivo de formar y capacitar a los profesionales de la Historia, apuntando a una s\u00f3lida formaci\u00f3n para la producci\u00f3n de conocimiento e investigaci\u00f3n centrada en el \u00e1rea de Cultura y Regionalidades. Se distribuir\u00e1n de la siguiente manera<\/p>\n<p>16 cr\u00e9ditos en disciplinas obligatorias del tronco com\u00fan del M\u00e1ster:<br \/>\n. Teor\u00eda de la Historia (4 cr\u00e9ditos)<br \/>\n. M\u00e9todos y t\u00e9cnicas de investigaci\u00f3n hist\u00f3rica (4 cr\u00e9ditos)<br \/>\n. Seminario de Tesis (4 cr\u00e9ditos)<br \/>\n. Orientaci\u00f3n del Tesis de Maestr\u00eda I (2 cr\u00e9ditos)<br \/>\n. Orientaci\u00f3n del Tesis de Maestr\u00eda II (2 cr\u00e9ditos)<\/p>\n<p>8 cr\u00e9ditos en las asignaturas obligatorias del grupo de investigaci\u00f3n (el alumno debe cursar las 2 asignaturas correspondientes al grupo al que est\u00e1 vinculado):<br \/>\n. N\u00facleo de Investigaci\u00f3n I y II en Memoria, fondos documentales y patrimonio (4 cr\u00e9ditos cada uno)<br \/>\n. N\u00facleo de Investigaci\u00f3n I y II en Ense\u00f1anza de la Historia (4 cr\u00e9ditos cada uno)<br \/>\n. N\u00facleo de Investigaci\u00f3n I y II en Sujetos, discursos e identidades (4 cr\u00e9ditos cada uno)<\/p>\n<p>8 cr\u00e9ditos en disciplinas del N\u00facleo Espec\u00edfico, que se compone de disciplinas optativas (los T\u00f3picos Tem\u00e1ticos Especiales ofrecidos por el PPGH-UEPG, todos con 4 cr\u00e9ditos) o electivas (disciplinas ofrecidas por otros programas de postgrado stricto sensu relacionados con el tema u objeto de investigaci\u00f3n del m\u00e1ster). Para solicitar la inscripci\u00f3n en cualquiera de estas disciplinas, el estudiante debe contar con el consentimiento de su asesor.<\/p>\n<p>04 cr\u00e9ditos referidos a la preparaci\u00f3n y defensa de la tesis.<\/p>\n<p>Pr\u00e1ctica docente: El becario deber\u00e1 obtener tambi\u00e9n 04 cr\u00e9ditos relacionados con la pr\u00e1ctica docente en la ense\u00f1anza superior (60 horas), que deber\u00e1 realizarse en una disciplina impartida por el supervisor en los cursos de licenciatura o en una disciplina de la ense\u00f1anza superior indicada por \u00e9l, en la que el estudiante asuma actividades docentes bajo supervisi\u00f3n.<\/p>\n<p>Plan de estudios<\/p>\n<p>Primer semestre<br \/>\n. Teor\u00eda de la Historia &#8211; 4 cr\u00e9ditos &#8211; 60 horas<br \/>\n. M\u00e9todos y t\u00e9cnicas de investigaci\u00f3n hist\u00f3rica &#8211; 4 cr\u00e9ditos &#8211; 60 horas<br \/>\n. N\u00facleo de investigaci\u00f3n I &#8211; 4 cr\u00e9ditos &#8211; 60 horas<br \/>\n. Orientaci\u00f3n a la tesis I &#8211; 2 cr\u00e9ditos &#8211; 30 horas<\/p>\n<p>Segundo semestre<br \/>\n. N\u00facleo de investigaci\u00f3n II &#8211; 4 cr\u00e9ditos &#8211; 60 horas<br \/>\n. T\u00f3picos especiales 1 &#8211; 4 cr\u00e9ditos &#8211; 60 horas<br \/>\n. T\u00f3picos especiales 2 &#8211; 4 cr\u00e9ditos &#8211; 60 horas<\/p>\n<p>Tercer semestre<br \/>\n. Seminario de tesis &#8211; 4 cr\u00e9ditos &#8211; 60 horas<br \/>\n. Orientaci\u00f3n a la tesis II &#8211; 2 cr\u00e9ditos &#8211; 30 horas<\/p>\n<p>Cuarto semestre<br \/>\n. Defensa de la tesis &#8211; 4 cr\u00e9ditos &#8211; 60 horas<\/p>\n<p><img loading=\"lazy\" class=\"size-full wp-image-697 aligncenter\" src=\"http:\/\/www2.uepg.br\/ppgh\/wp-content\/uploads\/sites\/131\/2022\/08\/Articulacoes-Curriculo-PPGH-espanhol.png\" alt=\"\" width=\"945\" height=\"1037\" srcset=\"https:\/\/www2.uepg.br\/ppgh\/wp-content\/uploads\/sites\/131\/2022\/08\/Articulacoes-Curriculo-PPGH-espanhol.png 945w, https:\/\/www2.uepg.br\/ppgh\/wp-content\/uploads\/sites\/131\/2022\/08\/Articulacoes-Curriculo-PPGH-espanhol-273x300.png 273w, https:\/\/www2.uepg.br\/ppgh\/wp-content\/uploads\/sites\/131\/2022\/08\/Articulacoes-Curriculo-PPGH-espanhol-933x1024.png 933w, https:\/\/www2.uepg.br\/ppgh\/wp-content\/uploads\/sites\/131\/2022\/08\/Articulacoes-Curriculo-PPGH-espanhol-768x843.png 768w\" sizes=\"(max-width: 945px) 100vw, 945px\" \/><\/p>\n<p>&nbsp;<\/p>\n<p>&nbsp;<\/p>\n<hr \/>\n<p>&nbsp;<\/p>\n<h2 style=\"text-align: center\"><strong>DOCTORADO EN HISTORIA<\/strong><\/h2>\n<p>Las asignaturas obligatorias del curso de doctorado se ofrecen anualmente e incluyen:<br \/>\n. Cultura y regionalidades: teor\u00eda e historiograf\u00eda: (4 cr\u00e9ditos)<br \/>\n. Seminarios de Tesis I y II (4 cr\u00e9ditos cada uno)<br \/>\n. Centro de Estudios Avanzados I a IV (2 cr\u00e9ditos cada uno, por l\u00ednea de investigaci\u00f3n);<br \/>\n. Direcci\u00f3n de Tesis Doctorales: ODT-I a IV (2 cr\u00e9ditos cada una)<br \/>\n. Estudios Individualizados I y II (4 cr\u00e9ditos cada uno)<br \/>\n. Defensa de tesis (12 cr\u00e9ditos).<\/p>\n<p>Los estudiantes de doctorado tambi\u00e9n deben completar:<br \/>\n. 8 cr\u00e9ditos en asignaturas optativas<br \/>\n. 4 cr\u00e9ditos en Actividades B\u00e1sicas<br \/>\n. 8 cr\u00e9ditos en Estudios Individualizados<br \/>\n. 8 cr\u00e9ditos en Pr\u00e1cticas Docentes Doctorales (EDD-I y EDD-II &#8211; 4 cr\u00e9ditos cada una) &#8211; obligatorias para becarios y optativas para no becarios<br \/>\n. acreditar la publicaci\u00f3n de 1 (una) producci\u00f3n bibliogr\u00e1fica calificada (libro, cap\u00edtulo o art\u00edculo), o aceptada para publicaci\u00f3n, y la presentaci\u00f3n de 2 (dos) trabajos completos o res\u00famenes en eventos calificados en el \u00e1rea y\/o \u00e1reas afines.<\/p>\n<p><strong>Plan de estudios<\/strong><\/p>\n<table width=\"606\">\n<tbody>\n<tr>\n<td width=\"131\"><strong>Grupo<\/strong><\/td>\n<td width=\"111\"><strong>Flujo previsto<\/strong><\/td>\n<td width=\"230\"><strong>Nombre<\/strong><\/td>\n<td width=\"55\"><strong>C.H.<\/strong><\/td>\n<td width=\"78\"><strong>Cr\u00e9ditos<\/strong><\/td>\n<\/tr>\n<tr>\n<td rowspan=\"14\" width=\"131\">Asignaturas obligatorias<\/td>\n<td rowspan=\"3\" width=\"111\">&nbsp;<\/p>\n<p>1er. semestre<\/td>\n<td width=\"230\">Cultura y regionalidades: teor\u00eda e historiograf\u00eda<\/td>\n<td width=\"55\">&nbsp;<\/p>\n<p>60<\/td>\n<td width=\"78\">&nbsp;<\/p>\n<p>4<\/td>\n<\/tr>\n<tr>\n<td width=\"230\">Seminarios de tesis I<\/td>\n<td width=\"55\">&nbsp;<\/p>\n<p>60<\/td>\n<td width=\"78\">&nbsp;<\/p>\n<p>4<\/td>\n<\/tr>\n<tr>\n<td width=\"230\">OTD I (Direcci\u00f3n de tesis doctoral)<\/td>\n<td width=\"55\">&nbsp;<\/p>\n<p>30<\/td>\n<td width=\"78\">&nbsp;<\/p>\n<p>2<\/td>\n<\/tr>\n<tr>\n<td width=\"111\">2\u00ba. semestre<\/td>\n<td width=\"230\">Seminarios de tesis II &#8211; Memoria, fondos documentales y patrimonio<\/p>\n<p>Seminarios de tesis II &#8211; Ense\u00f1anza de Historia<\/p>\n<p>Seminarios de tesis II &#8211; Sujetos, discursos e identidades<\/td>\n<td width=\"55\">&nbsp;<\/p>\n<p>60<\/td>\n<td width=\"78\">&nbsp;<\/p>\n<p>4<\/td>\n<\/tr>\n<tr>\n<td rowspan=\"2\" width=\"111\">3er. semestre<\/td>\n<td width=\"230\">N\u00facleo de Estudios Avanzados I &#8211; Memoria, fondos documentales y patrimonio<\/p>\n<p>N\u00facleo de Estudios Avanzados I &#8211; Ense\u00f1anza de Historia<\/p>\n<p>N\u00facleo de Estudios Avanzados I &#8211; Sujetos, discursos e identidades<\/td>\n<td width=\"55\">30<\/td>\n<td width=\"78\">2<\/td>\n<\/tr>\n<tr>\n<td width=\"230\">Estudos individualizados I<\/td>\n<td width=\"55\">60<\/td>\n<td width=\"78\">4<\/td>\n<\/tr>\n<tr>\n<td rowspan=\"3\" width=\"111\">4\u00ba. semestre<\/td>\n<td width=\"230\">N\u00facleo de Estudios Avanzados II &#8211; Memoria, fondos documentales y patrimonio<\/p>\n<p>N\u00facleo de Estudios Avanzados II &#8211; Ense\u00f1anza de Historia<\/p>\n<p>N\u00facleo de Estudios Avanzados II &#8211; Sujetos, discursos e identidades<\/td>\n<td width=\"55\">30<\/td>\n<td width=\"78\">2<\/td>\n<\/tr>\n<tr>\n<td width=\"230\">Estudos individualizados II<\/td>\n<td width=\"55\">60<\/td>\n<td width=\"78\">4<\/td>\n<\/tr>\n<tr>\n<td width=\"230\">OTD II (Direcci\u00f3n de tesis doctoral)<\/td>\n<td width=\"55\">&nbsp;<\/p>\n<p>30<\/td>\n<td width=\"78\">&nbsp;<\/p>\n<p>2<\/td>\n<\/tr>\n<tr>\n<td rowspan=\"2\" width=\"111\">5\u00ba. semestre<\/td>\n<td width=\"230\">N\u00facleo de Estudios Avanzados III &#8211; Memoria, fondos documentales y patrimonio<\/p>\n<p>N\u00facleo de Estudios Avanzados III &#8211; Ense\u00f1anza de Historia<\/p>\n<p>N\u00facleo de Estudios Avanzados III &#8211; Sujetos, discursos e identidades<\/td>\n<td width=\"55\">30<\/td>\n<td width=\"78\">2<\/td>\n<\/tr>\n<tr>\n<td width=\"230\">OTD III (Direcci\u00f3n de tesis doctoral)<\/td>\n<td width=\"55\">&nbsp;<\/p>\n<p>30<\/td>\n<td width=\"78\">&nbsp;<\/p>\n<p>2<\/td>\n<\/tr>\n<tr>\n<td rowspan=\"2\" width=\"111\">6\u00ba. semestre<\/td>\n<td width=\"230\">N\u00facleo de Estudios Avanzados IV &#8211; Memoria, fondos documentales y patrimonio<\/p>\n<p>N\u00facleo de Estudios Avanzados IV &#8211; Ense\u00f1anza de Historia<\/p>\n<p>N\u00facleo de Estudios Avanzados IV &#8211; Sujetos, discursos e identidades<\/td>\n<td width=\"55\">30<\/td>\n<td width=\"78\">2<\/td>\n<\/tr>\n<tr>\n<td width=\"230\">OTD IV (Direcci\u00f3n de tesis doctoral)<\/td>\n<td width=\"55\">&nbsp;<\/p>\n<p>30<\/td>\n<td width=\"78\">&nbsp;<\/p>\n<p>2<\/td>\n<\/tr>\n<tr>\n<td width=\"111\">7\u00ba. semestre<\/td>\n<td width=\"230\">N\u00facleo de Actividades<\/td>\n<td width=\"55\">60<\/td>\n<td width=\"78\">4<\/td>\n<\/tr>\n<tr>\n<td colspan=\"4\" width=\"527\">Total parcial<\/td>\n<td width=\"78\"><strong>40<\/strong><\/td>\n<\/tr>\n<tr>\n<td rowspan=\"2\" width=\"131\"><strong>Asignaturas optativas *<\/strong><\/td>\n<td rowspan=\"2\" width=\"111\">2\u00ba. semestre<\/td>\n<td width=\"230\">T\u00f3picos tem\u00e1ticos I<\/td>\n<td width=\"55\">&nbsp;<\/p>\n<p>60<\/td>\n<td width=\"78\">&nbsp;<\/p>\n<p>4<\/td>\n<\/tr>\n<tr>\n<td width=\"230\">T\u00f3picos tem\u00e1ticos II<\/td>\n<td width=\"55\">&nbsp;<\/p>\n<p>60<\/td>\n<td width=\"78\">&nbsp;<\/p>\n<p>4<\/td>\n<\/tr>\n<tr>\n<td colspan=\"4\" width=\"527\">Total parcial<\/td>\n<td width=\"78\"><strong>8<\/strong><\/td>\n<\/tr>\n<tr>\n<td rowspan=\"2\" width=\"131\"><strong>Pr\u00e1cticas<\/strong> (optativas para los no becarios, obligatorias para los becarios)<\/td>\n<td rowspan=\"2\" width=\"111\">Se definir\u00e1 con el supervisor<\/td>\n<td width=\"230\">Pr\u00e1cticas de Docencia de Doctorado I<\/td>\n<td width=\"55\">60<\/td>\n<td width=\"78\">4<\/td>\n<\/tr>\n<tr>\n<td width=\"230\">Pr\u00e1cticas de Docencia de Doctorado II<\/td>\n<td width=\"55\">60<\/td>\n<td width=\"78\">4<\/td>\n<\/tr>\n<tr>\n<td colspan=\"4\" width=\"527\">Total parcial<\/td>\n<td width=\"78\"><strong>8<\/strong><\/td>\n<\/tr>\n<tr>\n<td width=\"131\"><strong>Defensa<\/strong><\/td>\n<td width=\"111\">8\u00ba. semestre<\/td>\n<td width=\"230\">Defensa de Tesis de Doutorado<\/td>\n<td width=\"55\">180<\/td>\n<td width=\"78\">12<\/td>\n<\/tr>\n<tr>\n<td colspan=\"4\" width=\"527\"><strong>Total m\u00ednimo de cr\u00e9ditos para estudiantes no becados<\/strong><\/td>\n<td width=\"78\"><strong>60<\/strong><\/td>\n<\/tr>\n<tr>\n<td colspan=\"4\" width=\"527\"><strong>Total m\u00ednimo de cr\u00e9ditos para estudiantes becados<\/strong><\/td>\n<td width=\"78\"><strong>68<\/strong><\/td>\n<\/tr>\n<\/tbody>\n<\/table>\n<p>&nbsp;<\/p>\n","protected":false},"excerpt":{"rendered":"<p>&nbsp; &nbsp; MAESTR\u00cdA EN HISTORIA Las asignaturas que componen el plan de estudios fueron articuladas para dar soporte te\u00f3rico y metodol\u00f3gico a los estudiantes, de acuerdo con su objetivo de formar y capacitar a los profesionales de la Historia, apuntando a una s\u00f3lida formaci\u00f3n para la producci\u00f3n de conocimiento e investigaci\u00f3n centrada en el \u00e1rea&nbsp;&hellip;<\/p>\n","protected":false},"author":188,"featured_media":0,"parent":0,"menu_order":0,"comment_status":"closed","ping_status":"closed","template":"","meta":[],"_links":{"self":[{"href":"https:\/\/www2.uepg.br\/ppgh\/wp-json\/wp\/v2\/pages\/692"}],"collection":[{"href":"https:\/\/www2.uepg.br\/ppgh\/wp-json\/wp\/v2\/pages"}],"about":[{"href":"https:\/\/www2.uepg.br\/ppgh\/wp-json\/wp\/v2\/types\/page"}],"author":[{"embeddable":true,"href":"https:\/\/www2.uepg.br\/ppgh\/wp-json\/wp\/v2\/users\/188"}],"replies":[{"embeddable":true,"href":"https:\/\/www2.uepg.br\/ppgh\/wp-json\/wp\/v2\/comments?post=692"}],"version-history":[{"count":6,"href":"https:\/\/www2.uepg.br\/ppgh\/wp-json\/wp\/v2\/pages\/692\/revisions"}],"predecessor-version":[{"id":1282,"href":"https:\/\/www2.uepg.br\/ppgh\/wp-json\/wp\/v2\/pages\/692\/revisions\/1282"}],"wp:attachment":[{"href":"https:\/\/www2.uepg.br\/ppgh\/wp-json\/wp\/v2\/media?parent=692"}],"curies":[{"name":"wp","href":"https:\/\/api.w.org\/{rel}","templated":true}]}}