{"id":718,"date":"2022-10-04T09:04:53","date_gmt":"2022-10-04T12:04:53","guid":{"rendered":"https:\/\/www2.uepg.br\/ppgh\/?page_id=718"},"modified":"2022-10-04T09:08:46","modified_gmt":"2022-10-04T12:08:46","slug":"edital-ppgh-15-2022","status":"publish","type":"page","link":"https:\/\/www2.uepg.br\/ppgh\/edital-ppgh-15-2022\/","title":{"rendered":"EDITAL PPGH 15\/2022"},"content":{"rendered":"<p style=\"text-align: right\">\u00a0<img loading=\"lazy\" class=\"alignnone size-full wp-image-278\" src=\"http:\/\/www2.uepg.br\/ppgh\/wp-content\/uploads\/sites\/131\/2021\/02\/imagem_2021-02-17_133847.png\" alt=\"\" width=\"257\" height=\"67\" \/><\/p>\n<hr \/>\n<h3><strong>EDITAL PPGH 15\/2022<\/strong><\/h3>\n<p><strong>\u00a0Aclama chapa \u00fanica de representantes discentes e suspende o processo eleitoral.<\/strong><\/p>\n<p>&nbsp;<\/p>\n<p>A Coordena\u00e7\u00e3o do Programa de P\u00f3s-Gradua\u00e7\u00e3o em Hist\u00f3ria, da Universidade Estadual de Ponta Grossa, no uso de suas atribui\u00e7\u00f5es e, nos termos do edital PPGH UEPG 14\/2022, considerando que houve inscri\u00e7\u00e3o de apenas uma chapa para a elei\u00e7\u00e3o de representantes discentes do Colegiado do Programa, ACLAMA a chapa \u00fanica inscrita e SUSPENDE o processo eleitoral.<\/p>\n<ol>\n<li style=\"text-align: left\"><span style=\"color: #000000\">Representantes discentes aclamados para mandato de 5 de outubro de 2022 a 4 de outubro de 2023:<\/span><\/li>\n<\/ol>\n<div class=\"gmail_default\" style=\"padding-left: 80px\"><span style=\"color: #000000\">Titular:<\/span><\/div>\n<div class=\"gmail_default\" style=\"padding-left: 80px\"><span style=\"color: #000000\">Frederico Renan Hilgenberg Gomes<\/span><br \/>\n<span style=\"color: #000000\">RA 1100121009017<\/span><\/div>\n<div class=\"gmail_default\" style=\"padding-left: 80px\"><\/div>\n<div class=\"gmail_default\" style=\"padding-left: 80px\"><span style=\"color: #000000\">Suplente:<\/span><\/div>\n<div class=\"gmail_default\" style=\"padding-left: 80px\"><span style=\"color: #000000\">Arthur Ferreira Pinto<\/span><\/div>\n<div style=\"padding-left: 80px\"><span style=\"color: #000000\">RA 3100122002017<\/span><\/div>\n<p>&nbsp;<\/p>\n<p style=\"text-align: right\">Ponta Grossa, 04 de outubro de 2022.<\/p>\n<p style=\"text-align: right\">Coordena\u00e7\u00e3o do PPGH<\/p>\n","protected":false},"excerpt":{"rendered":"<p>\u00a0 EDITAL PPGH 15\/2022 \u00a0Aclama chapa \u00fanica de representantes discentes e suspende o processo eleitoral. &nbsp; A Coordena\u00e7\u00e3o do Programa de P\u00f3s-Gradua\u00e7\u00e3o em Hist\u00f3ria, da Universidade Estadual de Ponta Grossa, no uso de suas atribui\u00e7\u00f5es e, nos termos do edital PPGH UEPG 14\/2022, considerando que houve inscri\u00e7\u00e3o de apenas uma chapa para a elei\u00e7\u00e3o de&nbsp;&hellip;<\/p>\n","protected":false},"author":188,"featured_media":0,"parent":0,"menu_order":0,"comment_status":"closed","ping_status":"closed","template":"","meta":[],"_links":{"self":[{"href":"https:\/\/www2.uepg.br\/ppgh\/wp-json\/wp\/v2\/pages\/718"}],"collection":[{"href":"https:\/\/www2.uepg.br\/ppgh\/wp-json\/wp\/v2\/pages"}],"about":[{"href":"https:\/\/www2.uepg.br\/ppgh\/wp-json\/wp\/v2\/types\/page"}],"author":[{"embeddable":true,"href":"https:\/\/www2.uepg.br\/ppgh\/wp-json\/wp\/v2\/users\/188"}],"replies":[{"embeddable":true,"href":"https:\/\/www2.uepg.br\/ppgh\/wp-json\/wp\/v2\/comments?post=718"}],"version-history":[{"count":2,"href":"https:\/\/www2.uepg.br\/ppgh\/wp-json\/wp\/v2\/pages\/718\/revisions"}],"predecessor-version":[{"id":721,"href":"https:\/\/www2.uepg.br\/ppgh\/wp-json\/wp\/v2\/pages\/718\/revisions\/721"}],"wp:attachment":[{"href":"https:\/\/www2.uepg.br\/ppgh\/wp-json\/wp\/v2\/media?parent=718"}],"curies":[{"name":"wp","href":"https:\/\/api.w.org\/{rel}","templated":true}]}}