{"id":766,"date":"2022-12-06T23:38:20","date_gmt":"2022-12-07T02:38:20","guid":{"rendered":"https:\/\/www2.uepg.br\/ppgh\/?page_id=766"},"modified":"2022-12-06T23:38:20","modified_gmt":"2022-12-07T02:38:20","slug":"edital-ppgh-17-2022","status":"publish","type":"page","link":"https:\/\/www2.uepg.br\/ppgh\/edital-ppgh-17-2022\/","title":{"rendered":"EDITAL PPGH 17 2022"},"content":{"rendered":"<p><strong>EDITAL PPGH 17 2022 &#8211; Homologa\u00e7\u00e3o de inscri\u00e7\u00f5es para a sele\u00e7\u00e3o de bolsista de p\u00f3s-doutorado do Programa de Desenvolvimento da P\u00f3s-gradua\u00e7\u00e3o (PDPG) \u2013 P\u00f3s-doutorado estrat\u00e9gico &#8211; CAPES<\/strong><\/p>\n<p>&nbsp;<\/p>\n<p>1. Inscri\u00e7\u00e3o homologada<\/p>\n<ul>\n<li>Anderson Prado<\/li>\n<\/ul>\n<p>2. Inscri\u00e7\u00f5es indeferidas por n\u00e3o atender ao item 3 do edital PPGH UEPG 16 de 2022.<\/p>\n<ul>\n<li>Carlos Eduardo de Andrade e Silva Ramos<\/li>\n<li>Gadiego Cararo Ribeiro<\/li>\n<\/ul>\n<p>&nbsp;<\/p>\n<p style=\"text-align: right\">Ponta Grossa, 06 de dezembro de 2022<\/p>\n<p style=\"text-align: right\">A coordena\u00e7\u00e3o<\/p>\n<p>&nbsp;<\/p>\n","protected":false},"excerpt":{"rendered":"<p>EDITAL PPGH 17 2022 &#8211; Homologa\u00e7\u00e3o de inscri\u00e7\u00f5es para a sele\u00e7\u00e3o de bolsista de p\u00f3s-doutorado do Programa de Desenvolvimento da P\u00f3s-gradua\u00e7\u00e3o (PDPG) \u2013 P\u00f3s-doutorado estrat\u00e9gico &#8211; CAPES &nbsp; 1. Inscri\u00e7\u00e3o homologada Anderson Prado 2. Inscri\u00e7\u00f5es indeferidas por n\u00e3o atender ao item 3 do edital PPGH UEPG 16 de 2022. Carlos Eduardo de Andrade e Silva&nbsp;&hellip;<\/p>\n","protected":false},"author":188,"featured_media":0,"parent":0,"menu_order":0,"comment_status":"closed","ping_status":"closed","template":"","meta":[],"_links":{"self":[{"href":"https:\/\/www2.uepg.br\/ppgh\/wp-json\/wp\/v2\/pages\/766"}],"collection":[{"href":"https:\/\/www2.uepg.br\/ppgh\/wp-json\/wp\/v2\/pages"}],"about":[{"href":"https:\/\/www2.uepg.br\/ppgh\/wp-json\/wp\/v2\/types\/page"}],"author":[{"embeddable":true,"href":"https:\/\/www2.uepg.br\/ppgh\/wp-json\/wp\/v2\/users\/188"}],"replies":[{"embeddable":true,"href":"https:\/\/www2.uepg.br\/ppgh\/wp-json\/wp\/v2\/comments?post=766"}],"version-history":[{"count":1,"href":"https:\/\/www2.uepg.br\/ppgh\/wp-json\/wp\/v2\/pages\/766\/revisions"}],"predecessor-version":[{"id":767,"href":"https:\/\/www2.uepg.br\/ppgh\/wp-json\/wp\/v2\/pages\/766\/revisions\/767"}],"wp:attachment":[{"href":"https:\/\/www2.uepg.br\/ppgh\/wp-json\/wp\/v2\/media?parent=766"}],"curies":[{"name":"wp","href":"https:\/\/api.w.org\/{rel}","templated":true}]}}