{"id":770,"date":"2022-12-07T19:10:05","date_gmt":"2022-12-07T22:10:05","guid":{"rendered":"https:\/\/www2.uepg.br\/ppgh\/?page_id=770"},"modified":"2022-12-07T19:10:25","modified_gmt":"2022-12-07T22:10:25","slug":"edital-ppgh-18-2022","status":"publish","type":"page","link":"https:\/\/www2.uepg.br\/ppgh\/edital-ppgh-18-2022\/","title":{"rendered":"EDITAL PPGH 18 2022"},"content":{"rendered":"<p><strong>EDITAL PPGH 18 2022 &#8211; Candidato aprovado para a bolsa de P\u00f3s-doutorado do Programa de Desenvolvimento da P\u00f3s-gradua\u00e7\u00e3o (PDPG) \u2013 P\u00f3s-doutorado estrat\u00e9gico &#8211; CAPES<\/strong><\/p>\n<p>A Coordena\u00e7\u00e3o do Programa de P\u00f3s-Gradua\u00e7\u00e3o em Hist\u00f3ria (PPGH) da Universidade Estadual de Ponta Grossa, no uso de suas atribui\u00e7\u00f5es, considerando o que prev\u00ea o Edital PPGH 16\/2022 e em aten\u00e7\u00e3o \u00e0 delibera\u00e7\u00e3o do Colegiado, torna p\u00fablico o candidato aprovados no processo seletivo para o est\u00e1gio p\u00f3s-doutoral junto a este Programa e para a respectiva bolsa de p\u00f3s-doutorado:<\/p>\n<p style=\"text-align: center\">Anderson Prado<\/p>\n<p>&nbsp;<\/p>\n<p style=\"text-align: right\">Ponta Grossa, 07 de dezembro de 2022<\/p>\n<p style=\"text-align: right\">A coordena\u00e7\u00e3o<\/p>\n<p>&nbsp;<\/p>\n","protected":false},"excerpt":{"rendered":"<p>EDITAL PPGH 18 2022 &#8211; Candidato aprovado para a bolsa de P\u00f3s-doutorado do Programa de Desenvolvimento da P\u00f3s-gradua\u00e7\u00e3o (PDPG) \u2013 P\u00f3s-doutorado estrat\u00e9gico &#8211; CAPES A Coordena\u00e7\u00e3o do Programa de P\u00f3s-Gradua\u00e7\u00e3o em Hist\u00f3ria (PPGH) da Universidade Estadual de Ponta Grossa, no uso de suas atribui\u00e7\u00f5es, considerando o que prev\u00ea o Edital PPGH 16\/2022 e em aten\u00e7\u00e3o&nbsp;&hellip;<\/p>\n","protected":false},"author":188,"featured_media":0,"parent":0,"menu_order":0,"comment_status":"closed","ping_status":"closed","template":"","meta":[],"_links":{"self":[{"href":"https:\/\/www2.uepg.br\/ppgh\/wp-json\/wp\/v2\/pages\/770"}],"collection":[{"href":"https:\/\/www2.uepg.br\/ppgh\/wp-json\/wp\/v2\/pages"}],"about":[{"href":"https:\/\/www2.uepg.br\/ppgh\/wp-json\/wp\/v2\/types\/page"}],"author":[{"embeddable":true,"href":"https:\/\/www2.uepg.br\/ppgh\/wp-json\/wp\/v2\/users\/188"}],"replies":[{"embeddable":true,"href":"https:\/\/www2.uepg.br\/ppgh\/wp-json\/wp\/v2\/comments?post=770"}],"version-history":[{"count":1,"href":"https:\/\/www2.uepg.br\/ppgh\/wp-json\/wp\/v2\/pages\/770\/revisions"}],"predecessor-version":[{"id":771,"href":"https:\/\/www2.uepg.br\/ppgh\/wp-json\/wp\/v2\/pages\/770\/revisions\/771"}],"wp:attachment":[{"href":"https:\/\/www2.uepg.br\/ppgh\/wp-json\/wp\/v2\/media?parent=770"}],"curies":[{"name":"wp","href":"https:\/\/api.w.org\/{rel}","templated":true}]}}