{"id":806,"date":"2023-03-09T14:12:04","date_gmt":"2023-03-09T17:12:04","guid":{"rendered":"https:\/\/www2.uepg.br\/ppgh\/?page_id=806"},"modified":"2023-03-09T14:12:16","modified_gmt":"2023-03-09T17:12:16","slug":"edital-ppgh-02-2023","status":"publish","type":"page","link":"https:\/\/www2.uepg.br\/ppgh\/edital-ppgh-02-2023\/","title":{"rendered":"EDITAL PPGH 02\/2023"},"content":{"rendered":"<p><img class=\"alignright\" src=\"http:\/\/www2.uepg.br\/ppgh\/wp-content\/uploads\/sites\/131\/2021\/02\/imagem_2021-02-17_133847.png\" \/><\/p>\n<p>&nbsp;<\/p>\n<p>&nbsp;<\/p>\n<p>&nbsp;<\/p>\n<hr \/>\n<h3>EDITAL PPGH 02\/2023<\/h3>\n<h3>APROVA\u00c7\u00c3O DE INSCRI\u00c7\u00d5ES DE ALUNOS ESPECIAIS EM DISCIPLINAS ISOLADAS NO MESTRADO EM HIST\u00d3RIA, CULTURA &amp; IDENTIDADES NO PRIMEIRO SEMESTRE DE 2023<\/h3>\n<p><strong>T\u00f3picos especiais em Mem\u00f3ria, Narrativa e Hist\u00f3ria Oral<\/strong><\/p>\n<p>Inscri\u00e7\u00f5es aprovadas:<br \/>\n<span data-contrast=\"auto\">Ana Cecilia Canales Cuadros<br \/>\n<\/span><span data-contrast=\"auto\">Amanda Taeli Rodrigues dos Santos Rodrigues<br \/>\n<\/span><span data-contrast=\"auto\">Anderson Arilson de Freitas<br \/>\n<\/span><span data-contrast=\"auto\">Andressa Ferreira <\/span><span data-ccp-props=\"{&quot;201341983&quot;:0,&quot;335559739&quot;:160,&quot;335559740&quot;:259}\"><br \/>\n<\/span><span data-contrast=\"auto\">Andri\u00e9li Gmach <\/span><span data-ccp-props=\"{&quot;201341983&quot;:0,&quot;335559739&quot;:160,&quot;335559740&quot;:259}\"><br \/>\n<\/span><span data-contrast=\"auto\">Carmelinda Conti dos Santos <\/span><span data-ccp-props=\"{&quot;201341983&quot;:0,&quot;335559739&quot;:160,&quot;335559740&quot;:259}\"><br \/>\n<\/span><span data-contrast=\"auto\">Eliete Marochi <\/span><span data-ccp-props=\"{&quot;201341983&quot;:0,&quot;335559739&quot;:160,&quot;335559740&quot;:259}\"><br \/>\n<\/span><span data-contrast=\"auto\">Gabriele Alessandra de Lima Pedroso <\/span><span data-ccp-props=\"{&quot;201341983&quot;:0,&quot;335559739&quot;:160,&quot;335559740&quot;:259}\"><br \/>\n<\/span><span data-contrast=\"auto\">Geraldo Sebasti\u00e3o Marques Junior<\/span><span data-ccp-props=\"{&quot;201341983&quot;:0,&quot;335559739&quot;:160,&quot;335559740&quot;:259}\"><br \/>\n<\/span><span data-contrast=\"auto\">Jonathan Viana da Silva <\/span><span data-ccp-props=\"{&quot;201341983&quot;:0,&quot;335559739&quot;:160,&quot;335559740&quot;:259}\"><br \/>\n<\/span><span data-contrast=\"auto\">Lilyan Almeida Cordeiro<\/span><span data-ccp-props=\"{&quot;201341983&quot;:0,&quot;335559739&quot;:160,&quot;335559740&quot;:259}\"><br \/>\n<\/span><span data-contrast=\"auto\">Luiz Fernando Pereira do Prado <\/span><span data-ccp-props=\"{&quot;201341983&quot;:0,&quot;335559739&quot;:160,&quot;335559740&quot;:259}\"><br \/>\n<\/span><span data-contrast=\"auto\">Murilo Carlos Siqueira<\/span><span data-ccp-props=\"{&quot;201341983&quot;:0,&quot;335559739&quot;:160,&quot;335559740&quot;:259}\"><br \/>\n<\/span><span data-contrast=\"auto\">Waldece Wagner Alexandre de Sousa<\/span><span data-ccp-props=\"{&quot;201341983&quot;:0,&quot;335559739&quot;:160,&quot;335559740&quot;:259}\">\u00a0<\/span><\/p>\n<p>&nbsp;<\/p>\n<p><strong>T\u00f3picos especiais em hist\u00f3ria recente<\/strong><\/p>\n<p>Inscri\u00e7\u00f5es aprovadas:<br \/>\nAdir Fellipe Silva Santos<br \/>\nC\u00edntia Cristina Lisboa da Silva<br \/>\nEmerson Melquiades Ribeiro<br \/>\nGilmar Pereira Limeira J\u00fanior<br \/>\nGiuvane de Souza Kl\u00fcppel<br \/>\nJacqueline Aparecida Bueno Machado<br \/>\nJefersson de Campos<br \/>\nJennifer Caroline Dias<br \/>\nLarissa de Quadros Machado<br \/>\nVitor Bomfim Lopes<\/p>\n<p>&nbsp;<\/p>\n<p><strong>T\u00f3picos especiais em hist\u00f3ria e imagem fotogr\u00e1fica<\/strong><\/p>\n<p>Inscri\u00e7\u00f5es aprovadas:<br \/>\nEmmanuel Fl\u00e1vio Noimann<br \/>\nSamara Hevelize de Lima<\/p>\n<p>&nbsp;<\/p>\n<p><strong>N\u00facleo de Pesquisas em Hist\u00f3ria Intelectual II<\/strong><\/p>\n<p>Inscri\u00e7\u00f5es aprovadas:<br \/>\n<span data-contrast=\"auto\">Denilton Novais Azevedo<\/span><span data-ccp-props=\"{&quot;201341983&quot;:0,&quot;335559739&quot;:160,&quot;335559740&quot;:259}\"><br \/>\n<\/span><span data-contrast=\"auto\">Isabele Foga\u00e7a de Almeida<\/span><span data-ccp-props=\"{&quot;201341983&quot;:0,&quot;335559739&quot;:160,&quot;335559740&quot;:259}\"><br \/>\n<\/span><span data-contrast=\"auto\">Andr\u00e9ia Cordeiro<\/span><span data-ccp-props=\"{&quot;201341983&quot;:0,&quot;335559739&quot;:160,&quot;335559740&quot;:259}\">\u00a0<\/span><\/p>\n<p>&nbsp;<\/p>\n<p><strong>N\u00facleo de Pesquisas em Hist\u00f3ria e Religi\u00e3o II<\/strong><\/p>\n<p>Inscri\u00e7\u00f5es aprovadas:<br \/>\nBruno Link<br \/>\nLuciano Justino<br \/>\nMarcos Pereira dos Santos<\/p>\n<p>&nbsp;<\/p>\n<p>As aulas presenciais ser\u00e3o no Museu Campos Gerais e iniciam no dia 15 de mar\u00e7o (quarta-feira). Para as participa\u00e7\u00f5es a dist\u00e2ncia, aguardem contato do docente da disciplina.<\/p>\n<p style=\"text-align: right\">Ponta Grossa, 09 de mar\u00e7o de 2023.<br \/>\nCoordena\u00e7\u00e3o do PPGH<\/p>\n","protected":false},"excerpt":{"rendered":"<p>&nbsp; &nbsp; &nbsp; EDITAL PPGH 02\/2023 APROVA\u00c7\u00c3O DE INSCRI\u00c7\u00d5ES DE ALUNOS ESPECIAIS EM DISCIPLINAS ISOLADAS NO MESTRADO EM HIST\u00d3RIA, CULTURA &amp; IDENTIDADES NO PRIMEIRO SEMESTRE DE 2023 T\u00f3picos especiais em Mem\u00f3ria, Narrativa e Hist\u00f3ria Oral Inscri\u00e7\u00f5es aprovadas: Ana Cecilia Canales Cuadros Amanda Taeli Rodrigues dos Santos Rodrigues Anderson Arilson de Freitas Andressa Ferreira Andri\u00e9li Gmach&nbsp;&hellip;<\/p>\n","protected":false},"author":188,"featured_media":0,"parent":0,"menu_order":0,"comment_status":"closed","ping_status":"closed","template":"","meta":[],"_links":{"self":[{"href":"https:\/\/www2.uepg.br\/ppgh\/wp-json\/wp\/v2\/pages\/806"}],"collection":[{"href":"https:\/\/www2.uepg.br\/ppgh\/wp-json\/wp\/v2\/pages"}],"about":[{"href":"https:\/\/www2.uepg.br\/ppgh\/wp-json\/wp\/v2\/types\/page"}],"author":[{"embeddable":true,"href":"https:\/\/www2.uepg.br\/ppgh\/wp-json\/wp\/v2\/users\/188"}],"replies":[{"embeddable":true,"href":"https:\/\/www2.uepg.br\/ppgh\/wp-json\/wp\/v2\/comments?post=806"}],"version-history":[{"count":4,"href":"https:\/\/www2.uepg.br\/ppgh\/wp-json\/wp\/v2\/pages\/806\/revisions"}],"predecessor-version":[{"id":814,"href":"https:\/\/www2.uepg.br\/ppgh\/wp-json\/wp\/v2\/pages\/806\/revisions\/814"}],"wp:attachment":[{"href":"https:\/\/www2.uepg.br\/ppgh\/wp-json\/wp\/v2\/media?parent=806"}],"curies":[{"name":"wp","href":"https:\/\/api.w.org\/{rel}","templated":true}]}}