{"id":809,"date":"2023-03-07T10:35:23","date_gmt":"2023-03-07T13:35:23","guid":{"rendered":"https:\/\/www2.uepg.br\/ppgh\/?page_id=809"},"modified":"2025-12-05T18:55:30","modified_gmt":"2025-12-05T21:55:30","slug":"calendario","status":"publish","type":"page","link":"https:\/\/www2.uepg.br\/ppgh\/calendario\/","title":{"rendered":"Calend\u00e1rio"},"content":{"rendered":"<p><strong>CALEND\u00c1RIO ACAD\u00caMICO PPGH 2026<\/strong><\/p>\n<table width=\"624\">\n<tbody>\n<tr>\n<td width=\"299\"><strong>Atividade<\/strong><\/td>\n<td width=\"325\"><strong>Data\/per\u00edodo<\/strong><\/td>\n<\/tr>\n<tr>\n<td width=\"299\">In\u00edcio do ano letivo<\/td>\n<td width=\"325\">04\/02\/26<\/td>\n<\/tr>\n<tr>\n<td width=\"299\">Final do ano letivo<\/td>\n<td width=\"325\">11\/12\/26<\/td>\n<\/tr>\n<tr>\n<td width=\"299\">Matr\u00edcula 1\u00ba semestre<\/td>\n<td width=\"325\">\u00a009 a 13\/02\/26<\/td>\n<\/tr>\n<tr>\n<td width=\"299\">In\u00edcio das aulas 1\u00ba semestre<\/td>\n<td width=\"325\">03\/03\/26<\/td>\n<\/tr>\n<tr>\n<td width=\"299\">\u00daltimo prazo para cancelamento da matr\u00edcula em disciplinas<\/td>\n<td width=\"325\">17\/04\/26<\/td>\n<\/tr>\n<tr>\n<td width=\"299\">T\u00e9rmino das aulas 1\u00ba semestre<\/td>\n<td width=\"325\">03\/07\/26<\/td>\n<\/tr>\n<tr>\n<td width=\"299\">Matr\u00edcula 2\u00ba semestre<\/td>\n<td width=\"325\">\u00a020 a 24\/07\/26<\/td>\n<\/tr>\n<tr>\n<td width=\"299\">In\u00edcio das aulas 2\u00ba semestre<\/td>\n<td width=\"325\">05\/08\/2026<\/td>\n<\/tr>\n<tr>\n<td width=\"299\">\u00daltimo prazo para cancelamento da matr\u00edcula em disciplinas<\/td>\n<td width=\"325\">11\/09\/26<\/td>\n<\/tr>\n<tr>\n<td width=\"299\">Recesso<\/td>\n<td width=\"325\">11 a 17\/10\/2026<\/td>\n<\/tr>\n<tr>\n<td width=\"299\">Sele\u00e7\u00e3o turma 2027<\/td>\n<td width=\"325\">Entre setembro e dezembro<\/td>\n<\/tr>\n<tr>\n<td width=\"299\">T\u00e9rmino das aulas 2\u00ba semestre<\/td>\n<td width=\"325\">27\/11\/26<\/td>\n<\/tr>\n<\/tbody>\n<\/table>\n<p>&nbsp;<\/p>\n<p>Hor\u00e1rios do 1\u00ba. Semestre &#8211; 2026<\/p>\n<table width=\"629\">\n<tbody>\n<tr>\n<td width=\"60\"><\/td>\n<td width=\"51\">S<\/td>\n<td width=\"93\">T<\/td>\n<td width=\"124\">Q<\/td>\n<td width=\"197\">Q<\/td>\n<td width=\"104\">S<\/td>\n<\/tr>\n<tr>\n<td width=\"60\">Manh\u00e3<\/td>\n<td width=\"51\"><\/td>\n<td width=\"93\"><\/td>\n<td width=\"124\"><\/td>\n<td width=\"197\">N\u00facleo de Pesquisa em Mem\u00f3ria, Acervos e Patrim\u00f4nios II (Robson e Patr\u00edcia) (M)<\/p>\n<p>&nbsp;<\/p>\n<p>Cultura e Regionalidades (Edson; Erivan e Cl\u00e1udio) (D)<\/td>\n<td width=\"104\">Semin\u00e1rio de Tese I (N\u00e9vio; Cerri e Robson) (D)<\/p>\n<p>&nbsp;<\/td>\n<\/tr>\n<tr>\n<td width=\"60\">Tarde<\/td>\n<td width=\"51\"><\/td>\n<td width=\"93\">T\u00f3picos especiais em Ind\u00fastria Cultural (Jana\u00edna) (M e D)<\/td>\n<td width=\"124\">T\u00f3picos Tem\u00e1ticos: Viol\u00eancia, Historicidade e Regi\u00e3o (Ilton) (M e D)<\/td>\n<td width=\"197\">N\u00facleo de Pesquisas em Sujeitos, Discursos e Identidades II (Cl\u00e1udio; Erivan; Georgiane; Ros\u00e2ngela e N\u00e9vio) (M)<\/td>\n<td width=\"104\"><\/td>\n<\/tr>\n<tr>\n<td width=\"60\">Noite<\/td>\n<td width=\"51\"><\/td>\n<td width=\"93\"><\/td>\n<td width=\"124\"><\/td>\n<td width=\"197\"><\/td>\n<td width=\"104\"><\/td>\n<\/tr>\n<\/tbody>\n<\/table>\n<p>&nbsp;<\/p>\n<p>Hor\u00e1rios do 2\u00ba. Semestre &#8211; 2026<\/p>\n<table width=\"626\">\n<tbody>\n<tr>\n<td width=\"57\"><\/td>\n<td width=\"37\">S<\/td>\n<td width=\"49\">T<\/td>\n<td width=\"280\">Q<\/td>\n<td width=\"166\">Q<\/td>\n<td width=\"37\">S<\/td>\n<\/tr>\n<tr>\n<td width=\"57\">Manh\u00e3<\/td>\n<td width=\"37\"><\/td>\n<td width=\"49\"><\/td>\n<td width=\"280\">Semin\u00e1rio de Tese II \u2013 Mem\u00f3ria, Acervos e Patrim\u00f4nio (Alessandra; Niltonci; Robson; Patr\u00edcia; Edson e Ilton) (D)<\/p>\n<p>&nbsp;<\/td>\n<td width=\"166\">Semin\u00e1rio de Tese II \u2013 Sujeitos, Discursos e Identidades (Erivan) (D)<\/td>\n<td width=\"37\"><\/td>\n<\/tr>\n<tr>\n<td width=\"57\">Tarde<\/td>\n<td width=\"37\"><\/td>\n<td width=\"49\"><\/td>\n<td width=\"280\">Semin\u00e1rio de Disserta\u00e7\u00e3o (Georgiane) (M)<\/p>\n<p>&nbsp;<\/p>\n<p>T\u00f3picos Especiais em Hist\u00f3ria, Cultura e Natureza (Alessandra) (M e D)<\/td>\n<td width=\"166\">Semin\u00e1rio de Tese II \u2013 Ensino de Hist\u00f3ria (Jana\u00edna e M. Paula) (D)<\/td>\n<td width=\"37\"><\/td>\n<\/tr>\n<tr>\n<td width=\"57\">Noite<\/td>\n<td width=\"37\"><\/td>\n<td width=\"49\"><\/td>\n<td width=\"280\">T\u00f3picos Especiais em Hist\u00f3ria Social e Mundos do Trabalho (Ros\u00e2ngela) (M e D)<\/td>\n<td width=\"166\"><\/td>\n<td width=\"37\"><\/td>\n<\/tr>\n<\/tbody>\n<\/table>\n<p>&nbsp;<\/p>\n<p>M = Mestrado<br \/>\nD = Doutorado<\/p>\n<p>&nbsp;<\/p>\n<hr \/>\n<p><strong>CALEND\u00c1RIO ACAD\u00caMICO PPGH 2025<\/strong><\/p>\n<table width=\"567\">\n<tbody>\n<tr>\n<td width=\"283\"><strong>Atividade <\/strong><\/td>\n<td width=\"284\"><strong>Data\/per\u00edodo<\/strong><\/td>\n<\/tr>\n<tr>\n<td width=\"283\">In\u00edcio do ano letivo<\/td>\n<td width=\"284\">05\/02\/25<\/td>\n<\/tr>\n<tr>\n<td width=\"283\">Final do ano letivo<\/td>\n<td width=\"284\">28\/11\/25<\/td>\n<\/tr>\n<tr>\n<td width=\"283\">Matr\u00edcula 1\u00ba semestre<\/td>\n<td width=\"284\">\u00a017 a 21\/02\/25<\/td>\n<\/tr>\n<tr>\n<td width=\"283\">In\u00edcio das aulas 1\u00ba semestre<\/td>\n<td width=\"284\">10\/03\/25<\/td>\n<\/tr>\n<tr>\n<td width=\"283\">\u00daltimo prazo para cancelamento da matr\u00edcula em disciplinas<\/td>\n<td width=\"284\">28\/04\/25<\/td>\n<\/tr>\n<tr>\n<td width=\"283\">T\u00e9rmino das aulas 1\u00ba semestre<\/td>\n<td width=\"284\">04\/07\/23<\/td>\n<\/tr>\n<tr>\n<td width=\"283\">Sele\u00e7\u00e3o turma 2025<\/td>\n<td width=\"284\">Entre maio e julho<\/td>\n<\/tr>\n<tr>\n<td width=\"283\">Matr\u00edcula 2\u00ba semestre<\/td>\n<td width=\"284\">\u00a021 a 31\/07\/25<\/td>\n<\/tr>\n<tr>\n<td width=\"283\">In\u00edcio das aulas 2\u00ba semestre<\/td>\n<td width=\"284\">4\/08\/2025<\/td>\n<\/tr>\n<tr>\n<td width=\"283\">\u00daltimo prazo para cancelamento da matr\u00edcula em disciplinas<\/td>\n<td width=\"284\">14\/09\/25<\/td>\n<\/tr>\n<tr>\n<td width=\"283\">Recesso<\/td>\n<td width=\"284\">13 a 17\/10\/2023<\/td>\n<\/tr>\n<tr>\n<td width=\"283\">Encontro Anual de Inicia\u00e7\u00e3o Cient\u00edfica<\/td>\n<td width=\"284\">24 a 26\/10\/2022<\/td>\n<\/tr>\n<tr>\n<td width=\"283\">T\u00e9rmino das aulas 2\u00ba semestre<\/td>\n<td width=\"284\">05\/12\/25<\/td>\n<\/tr>\n<\/tbody>\n<\/table>\n<p>&nbsp;<\/p>\n<p><strong>Hor\u00e1rios do 1\u00ba. semestre<\/strong><\/p>\n<table width=\"566\">\n<tbody>\n<tr>\n<td width=\"60\"><\/td>\n<td width=\"35\"><strong>S<\/strong><\/td>\n<td width=\"29\"><strong>T<\/strong><\/td>\n<td width=\"148\"><strong>Q<\/strong><\/td>\n<td width=\"148\"><strong>Q<\/strong><\/td>\n<td width=\"148\"><strong>S<\/strong><\/td>\n<\/tr>\n<tr>\n<td width=\"60\">Manh\u00e3<\/td>\n<td width=\"35\"><\/td>\n<td width=\"29\"><\/td>\n<td width=\"148\">NP de Estudos de G\u00eanero II (Georgiane)<\/p>\n<p>NP Mem\u00f3ria, Cultura e Natureza II (Alessandra)<\/td>\n<td width=\"148\">T\u00f3pico Tem\u00e1tico em Mem\u00f3ria, Narrativa e Hist\u00f3ria Oral (Robson)<\/td>\n<td width=\"148\">N\u00facleo de Pesquisa em Hist\u00f3ria Intelectual II (Erivan)<\/td>\n<\/tr>\n<tr>\n<td width=\"60\">Tarde<\/td>\n<td width=\"35\"><\/td>\n<td width=\"29\"><\/td>\n<td width=\"148\">NP de Hist\u00f3ria e Imagem II (Petuba)<\/td>\n<td width=\"148\">NP de Did\u00e1tica da Hist\u00f3ria II (Cerri)<\/td>\n<td width=\"148\"><\/td>\n<\/tr>\n<tr>\n<td width=\"60\">Noite<\/td>\n<td width=\"35\"><\/td>\n<td width=\"29\"><\/td>\n<td width=\"148\">T\u00f3picos especiais em Hist\u00f3ria recente (Cerri)<\/td>\n<td width=\"148\"><\/td>\n<td width=\"148\"><\/td>\n<\/tr>\n<\/tbody>\n<\/table>\n<p>&nbsp;<\/p>\n<p><strong>Hor\u00e1rios do 2\u00ba. semestre<\/strong><\/p>\n<table width=\"566\">\n<tbody>\n<tr>\n<td width=\"57\"><\/td>\n<td width=\"117\"><strong>S<\/strong><\/td>\n<td width=\"31\"><strong>T<\/strong><\/td>\n<td width=\"120\"><strong>Q<\/strong><\/td>\n<td width=\"120\"><strong>Q<\/strong><\/td>\n<td width=\"120\"><strong>S<\/strong><\/td>\n<\/tr>\n<tr>\n<td width=\"57\">Manh\u00e3<\/td>\n<td width=\"117\"><\/td>\n<td width=\"31\"><\/td>\n<td width=\"120\"><\/td>\n<td width=\"120\"><\/td>\n<td width=\"120\"><\/td>\n<\/tr>\n<tr>\n<td width=\"57\">Tarde<\/td>\n<td width=\"117\"><\/td>\n<td width=\"31\"><\/td>\n<td width=\"120\"><\/td>\n<td width=\"120\"><\/td>\n<td width=\"120\"><\/td>\n<\/tr>\n<\/tbody>\n<\/table>\n<p>&nbsp;<\/p>\n","protected":false},"excerpt":{"rendered":"<p>CALEND\u00c1RIO ACAD\u00caMICO PPGH 2026 Atividade Data\/per\u00edodo In\u00edcio do ano letivo 04\/02\/26 Final do ano letivo 11\/12\/26 Matr\u00edcula 1\u00ba semestre \u00a009 a 13\/02\/26 In\u00edcio das aulas 1\u00ba semestre 03\/03\/26 \u00daltimo prazo para cancelamento da matr\u00edcula em disciplinas 17\/04\/26 T\u00e9rmino das aulas 1\u00ba semestre 03\/07\/26 Matr\u00edcula 2\u00ba semestre \u00a020 a 24\/07\/26 In\u00edcio das aulas 2\u00ba semestre 05\/08\/2026&nbsp;&hellip;<\/p>\n","protected":false},"author":582,"featured_media":0,"parent":0,"menu_order":0,"comment_status":"closed","ping_status":"closed","template":"","meta":[],"_links":{"self":[{"href":"https:\/\/www2.uepg.br\/ppgh\/wp-json\/wp\/v2\/pages\/809"}],"collection":[{"href":"https:\/\/www2.uepg.br\/ppgh\/wp-json\/wp\/v2\/pages"}],"about":[{"href":"https:\/\/www2.uepg.br\/ppgh\/wp-json\/wp\/v2\/types\/page"}],"author":[{"embeddable":true,"href":"https:\/\/www2.uepg.br\/ppgh\/wp-json\/wp\/v2\/users\/582"}],"replies":[{"embeddable":true,"href":"https:\/\/www2.uepg.br\/ppgh\/wp-json\/wp\/v2\/comments?post=809"}],"version-history":[{"count":9,"href":"https:\/\/www2.uepg.br\/ppgh\/wp-json\/wp\/v2\/pages\/809\/revisions"}],"predecessor-version":[{"id":1475,"href":"https:\/\/www2.uepg.br\/ppgh\/wp-json\/wp\/v2\/pages\/809\/revisions\/1475"}],"wp:attachment":[{"href":"https:\/\/www2.uepg.br\/ppgh\/wp-json\/wp\/v2\/media?parent=809"}],"curies":[{"name":"wp","href":"https:\/\/api.w.org\/{rel}","templated":true}]}}