{"id":865,"date":"2023-06-01T15:03:54","date_gmt":"2023-06-01T18:03:54","guid":{"rendered":"https:\/\/www2.uepg.br\/ppgh\/?page_id=865"},"modified":"2023-06-03T15:28:32","modified_gmt":"2023-06-03T18:28:32","slug":"edital-ppgh-05-2023","status":"publish","type":"page","link":"https:\/\/www2.uepg.br\/ppgh\/edital-ppgh-05-2023\/","title":{"rendered":"Edital PPGH 05 2023"},"content":{"rendered":"<p><img loading=\"lazy\" class=\"size-full wp-image-278 alignright\" src=\"http:\/\/www2.uepg.br\/ppgh\/wp-content\/uploads\/sites\/131\/2021\/02\/imagem_2021-02-17_133847.png\" alt=\"\" width=\"257\" height=\"67\" \/><\/p>\n<p>&nbsp;<\/p>\n<p>&nbsp;<\/p>\n<p>&nbsp;<\/p>\n<hr \/>\n<p><strong>EDITAL PPGH 05\/2023<\/strong><\/p>\n<p><strong>EDITAL DE INSCRI\u00c7\u00c3O, SELE\u00c7\u00c3O E MATR\u00cdCULA PARA O MESTRADO <\/strong><strong>ACAD\u00caMICO EM HIST\u00d3RIA \u2013 INGRESSO EM AGOSTO DE 2023<\/strong><\/p>\n<p>A coordena\u00e7\u00e3o do Programa de P\u00f3s-Gradua\u00e7\u00e3o em Hist\u00f3ria da Universidade Estadual de Ponta Grossa, no uso de suas atribui\u00e7\u00f5es, comunica a abertura de inscri\u00e7\u00f5es para a sele\u00e7\u00e3o ao Mestrado Acad\u00eamico em Hist\u00f3ria, com ingresso em agosto de 2023.<\/p>\n<p><strong>I. Objetivos do curso<\/strong><br \/>\nConduzir \u00e0 obten\u00e7\u00e3o de grau acad\u00eamico em n\u00edvel de mestrado e formar pessoal de alta qualifica\u00e7\u00e3o e capacidade criadora para intervir, com compet\u00eancia te\u00f3rica, pol\u00edtica e t\u00e9cnica, no campo da doc\u00eancia e produzir conhecimento sobre a constru\u00e7\u00e3o dos sentidos, a constitui\u00e7\u00e3o de sujeitos e as conex\u00f5es entre processos hist\u00f3ricos, culturais e identit\u00e1rios. O profissional a ser formado deve ser capaz de atuar em institui\u00e7\u00f5es que demandem o conhecimento hist\u00f3rico, tais como as de ensino e pesquisa, os centros de documenta\u00e7\u00e3o e mem\u00f3ria, os arquivos e museus, entre outras.<\/p>\n<p><strong>II. Das Inscri\u00e7\u00f5es<\/strong><br \/>\n1) As inscri\u00e7\u00f5es compreendem: preenchimento de ficha online no sistema eletr\u00f4nico da UEPG e envio de documentos. A n\u00e3o integraliza\u00e7\u00e3o dessas etapas invalidar\u00e1 a inscri\u00e7\u00e3o.<\/p>\n<ul>\n<li>Observa\u00e7\u00e3o: <i>Ao efetivar sua inscri\u00e7\u00e3o o(a) candidato(a) fica ciente que declara aceitar que os seus dados pessoais, sens\u00edveis ou n\u00e3o, sejam tratados e processados de forma a possibilitar a efetiva execu\u00e7\u00e3o do processo seletivo, com a aplica\u00e7\u00e3o dos crit\u00e9rios de avalia\u00e7\u00e3o e sele\u00e7\u00e3o, autorizando expressamente a divulga\u00e7\u00e3o de seu nome, n\u00famero de inscri\u00e7\u00e3o e pontua\u00e7\u00e3o, em observ\u00e2ncia aos princ\u00edpios da publicidade e da transpar\u00eancia que regem a Administra\u00e7\u00e3o P\u00fablica, nos termos da Lei Federal n\u00ba 13.709, de 14 de agosto de 2018.<\/i><\/li>\n<\/ul>\n<p>2) As inscri\u00e7\u00f5es dever\u00e3o ser realizadas online, exclusivamente no endere\u00e7o eletr\u00f4nico <a href=\"https:\/\/forms.gle\/TawsX3JPrX3ThkRa9\">https:\/\/forms.gle\/TawsX3JPrX3ThkRa9<\/a>\u00a0 at\u00e9 as 23h59min (vinte e tr\u00eas horas e cinquenta e nove minutos), do dia 25 de junho de 2023, conforme o cronograma do item III.4 deste edital. O preenchimento de todos os campos da ficha de inscri\u00e7\u00e3o online \u00e9 obrigat\u00f3rio.<\/p>\n<p>3) Ao inscrever-se, o candidato aceita, de forma irrestrita, as condi\u00e7\u00f5es contidas neste edital, n\u00e3o podendo alegar desconhecimento de seu conte\u00fado.<\/p>\n<p>4) \u00c9 de responsabilidade do candidato manter-se atento \u00e0 divulga\u00e7\u00e3o da lista de deferimento da inscri\u00e7\u00e3o, da lista de candidatos selecionados bem como ao prazo de efetiva\u00e7\u00e3o da matr\u00edcula.<\/p>\n<p>5) O candidato dever\u00e1 enviar at\u00e9 dia 25 de junho de 2023, para o formul\u00e1rio eletr\u00f4nico acima os seguintes documentos anexados, em arquivo formato PDF (exceto a foto, em formato JPG):<br \/>\na) c\u00f3pia do projeto de pesquisa indicando na primeira p\u00e1gina dois n\u00facleos de pesquisa, por ordem de prefer\u00eancia, para an\u00e1lise da proposta<br \/>\nb) Curr\u00edculo Lattes atualizado<br \/>\nc) c\u00f3pia do hist\u00f3rico escolar do curso de gradua\u00e7\u00e3o;<br \/>\nd) c\u00f3pia do diploma do curso de gradua\u00e7\u00e3o ou atestado ou certificado de que concluir\u00e1 o curso at\u00e9 a data da matr\u00edcula;<br \/>\ne) c\u00f3pia do RG e do CPF;<br \/>\nf) uma foto de rosto recente.<\/p>\n<p>6) N\u00e3o ser\u00e3o aceitos documentos enviados por correio ou entregues em qualquer \u00f3rg\u00e3o da UEPG.<\/p>\n<p>7) Em nenhuma hip\u00f3tese ser\u00e3o homologadas inscri\u00e7\u00f5es que n\u00e3o apresentem a documenta\u00e7\u00e3o conforme explicitado neste edital.<\/p>\n<p>8) Os eventuais recursos referentes a todas as fases do processo de sele\u00e7\u00e3o dever\u00e3o ser protocolados exclusivamente via SEI (https:\/\/sei.uepg.br\/), tendo o PPGH como destinat\u00e1rio, at\u00e9 as 23h59 de cada data-limite, conforme o cronograma constante no item III.4 deste edital.<\/p>\n<p><strong>III. Da sele\u00e7\u00e3o<\/strong><br \/>\n1. Primeira etapa \u2013 An\u00e1lise dos projetos pelos N\u00facleos de Pesquisa<\/p>\n<p>Ser\u00e1 considerado aprovado o candidato que obtiver, na Avalia\u00e7\u00e3o do Projeto de Pesquisa, nota igual, ou superior, a sete inteiros (7,0), conforme os crit\u00e9rios da ficha no Anexo I. A an\u00e1lise de projetos de pesquisa tem car\u00e1ter eliminat\u00f3rio.<\/p>\n<p>2. Segunda etapa &#8211; Argui\u00e7\u00e3o<\/p>\n<p>Argui\u00e7\u00e3o on-line, s\u00edncrona e coletiva referente ao Projeto de Pesquisa e \u00e0 trajet\u00f3ria acad\u00eamica e profissional, de acordo com o projeto, o Curr\u00edculo Lattes e a documenta\u00e7\u00e3o apresentados no ato da inscri\u00e7\u00e3o. A argui\u00e7\u00e3o tem car\u00e1ter classificat\u00f3rio e eliminat\u00f3rio.<\/p>\n<p>3. Dos crit\u00e9rios de sele\u00e7\u00e3o e do resultado final<\/p>\n<p>3.1 Todos os projetos inscritos ser\u00e3o analisados pelas linhas e n\u00facleos de pesquisa e ser\u00e3o selecionados para as etapas seguintes somente os projetos que atenderem aos crit\u00e9rios de exequibilidade, pertin\u00eancia \u00e0 \u00e1rea de concentra\u00e7\u00e3o, \u00e0 linha de pesquisa, e aos projetos de pesquisa em andamento no PPGH, conforme detalhado no Anexo 3.<\/p>\n<p>3.2 A argui\u00e7\u00e3o do projeto de pesquisa e trajet\u00f3ria acad\u00eamica levar\u00e1 em considera\u00e7\u00e3o a clareza na exposi\u00e7\u00e3o autobiogr\u00e1fica e suas articula\u00e7\u00f5es com o projeto, na apresenta\u00e7\u00e3o do projeto, na justificativa de escolha do PPGH-UEPG, na demonstra\u00e7\u00e3o de pertin\u00eancia do projeto, dom\u00ednio do(s) campo(s) de pesquisa articulado(s) pelo projeto, da bibliografia, fontes, aspectos \u00e9ticos, cronograma e resultados esperados do projeto, conforme detalhado no Anexo 4.<\/p>\n<p>3.3 A classifica\u00e7\u00e3o dos candidatos dar-se-\u00e1 pela m\u00e9dia aritm\u00e9tica das notas da Avalia\u00e7\u00e3o do Projeto de Pesquisa e da Argui\u00e7\u00e3o.<\/p>\n<p>3.4 Em caso de empate, prevalecer\u00e1 o crit\u00e9rio de melhor curr\u00edculo e, em caso de persist\u00eancia no empate, o crit\u00e9rio de maior idade.<\/p>\n<p>3.5 Ser\u00e3o reservadas 25% das vagas para candidatos autodeclarados negros.<\/p>\n<p>3.6 A inscri\u00e7\u00e3o de candidatos autodeclarados deficientes, nos termos da Lei 20.443 de 17 de dezembro de 2020 implica o oferecimento de uma vaga adicional reservada a alunos deficientes.<\/p>\n<p>3.7 A inscri\u00e7\u00e3o de candidatos autodeclarados ind\u00edgenas implica o oferecimento de uma vaga adicional reservada a ind\u00edgenas.<\/p>\n<p>3.8 A inscri\u00e7\u00e3o de candidatos autodeclarados transg\u00eaneros implica o oferecimento de uma vaga adicional reservada a transg\u00eaneros.<\/p>\n<p>4. Cronograma do processo de sele\u00e7\u00e3o<\/p>\n<table>\n<tbody>\n<tr>\n<td width=\"161\"><strong>ATIVIDADE<\/strong><\/td>\n<td width=\"256\"><strong>LOCAL<\/strong><\/td>\n<td width=\"149\"><strong>DATA<\/strong><\/td>\n<\/tr>\n<tr>\n<td width=\"161\">Per\u00edodo de inscri\u00e7\u00f5es <em>on-line<\/em><\/p>\n<p>&nbsp;<\/td>\n<td width=\"256\"><a href=\"https:\/\/forms.gle\/TawsX3JPrX3ThkRa9\">https:\/\/forms.gle\/TawsX3JPrX3ThkRa9<\/a><\/td>\n<td width=\"149\">5\/06\/23 a 25\/06\/23<\/td>\n<\/tr>\n<tr>\n<td width=\"161\">Divulga\u00e7\u00e3o das inscri\u00e7\u00f5es homologadas<\/p>\n<p>&nbsp;<\/td>\n<td width=\"256\"><a href=\"http:\/\/www2.uepg.br\/ppgh\/editais\">http:\/\/www2.uepg.br\/ppgh\/editais<\/a><\/p>\n<p>&nbsp;<\/td>\n<td width=\"149\">27\/06\/23<\/td>\n<\/tr>\n<tr>\n<td width=\"161\">Prazo para apresenta\u00e7\u00e3o de recurso para candidatos que tiveram inscri\u00e7\u00f5es indeferidas<\/p>\n<p>&nbsp;<\/td>\n<td width=\"256\"><a href=\"https:\/\/sei.uepg.br\/\">https:\/\/sei.uepg.br\/<\/a><\/p>\n<p>&nbsp;<\/td>\n<td width=\"149\">28\/06 a 29\/06\/23<\/td>\n<\/tr>\n<tr>\n<td width=\"161\">Divulga\u00e7\u00e3o dos projetos aprovados para argui\u00e7\u00e3o<\/p>\n<p>&nbsp;<\/td>\n<td width=\"256\"><a href=\"http:\/\/www2.uepg.br\/ppgh\/editais\">http:\/\/www2.uepg.br\/ppgh\/editais<\/a><\/p>\n<p>&nbsp;<\/td>\n<td width=\"149\">10\/07\/23<\/td>\n<\/tr>\n<tr>\n<td width=\"161\">Prazo para apresenta\u00e7\u00e3o de recurso \u00e0 aprova\u00e7\u00e3o de projetos<\/td>\n<td width=\"256\"><a href=\"https:\/\/sei.uepg.br\/\">https:\/\/sei.uepg.br\/<\/a><\/p>\n<p>&nbsp;<\/td>\n<td width=\"149\">11 e 12\/07\/23<\/td>\n<\/tr>\n<tr>\n<td width=\"161\">Avalia\u00e7\u00e3o dos Projetos de Pesquisa<\/td>\n<td width=\"256\">Argui\u00e7\u00f5es on-line (Google Meet) agendadas por e-mail<\/td>\n<td width=\"149\">13 a 18\/07\/23<\/td>\n<\/tr>\n<tr>\n<td width=\"161\">Divulga\u00e7\u00e3o do resultado final<\/td>\n<td width=\"256\"><a href=\"http:\/\/www2.uepg.br\/ppgh\/editais\">http:\/\/www2.uepg.br\/ppgh\/editais<\/a><\/p>\n<p>&nbsp;<\/td>\n<td width=\"149\">19\/07\/23<\/td>\n<\/tr>\n<tr>\n<td width=\"161\">Prazo para apresenta\u00e7\u00e3o de recurso ao resultado final<\/td>\n<td width=\"256\"><a href=\"https:\/\/sei.uepg.br\/\">https:\/\/sei.uepg.br\/<\/a><\/td>\n<td width=\"149\">20 e 21\/07\/23<\/td>\n<\/tr>\n<tr>\n<td width=\"161\">Matriculas<\/td>\n<td width=\"256\"><\/td>\n<td width=\"149\">1 a 4\/08\/23<\/td>\n<\/tr>\n<tr>\n<td width=\"161\">In\u00edcio das aulas<\/td>\n<td width=\"256\">PPGH \u2013 Museu Campos Gerais, 3\u00ba. Piso. Rua XV de Novembro com Engenheiro Schamber, Centro \u2013 Ponta Grossa &#8211; PR<\/td>\n<td width=\"149\">14\/08\/23<\/td>\n<\/tr>\n<\/tbody>\n<\/table>\n<p><strong>IV. Disposi\u00e7\u00f5es gerais<\/strong><br \/>\n1. Informa\u00e7\u00f5es sobre o Programa, seus Cursos, Linhas de Pesquisa, N\u00facleos de Pesquisa e corpo docente podem ser obtidas na p\u00e1gina da internet http:\/\/www2.uepg.br\/ppgh.<\/p>\n<p>2. Os candidatos aprovados dever\u00e3o realizar exame de profici\u00eancia em l\u00edngua estrangeira ou protocolar comprovante de profici\u00eancia em l\u00edngua estrangeira ao longo do curso.<\/p>\n<p>3. Para o ano letivo que se iniciar\u00e1 em agosto de 2023, ser\u00e3o ofertadas at\u00e9 20 vagas, assim distribu\u00eddas:<br \/>\nLinha de pesquisa Institui\u00e7\u00f5es e sujeitos: saberes e pr\u00e1ticas: at\u00e9 10 vagas. Linha de pesquisa Discursos, representa\u00e7\u00f5es: produ\u00e7\u00e3o de sentidos: at\u00e9 10 vagas.<\/p>\n<p style=\"text-align: right\">Ponta Grossa, 1 de junho de 2023<\/p>\n<p><a href=\"http:\/\/www2.uepg.br\/ppgh\/wp-content\/uploads\/sites\/131\/2022\/05\/EDITAL-05-2022-ANEXOS.pdf\">EDITAL PPGH UEPG 05 2023 &#8211; ANEXOS<\/a><\/p>\n","protected":false},"excerpt":{"rendered":"<p>&nbsp; &nbsp; &nbsp; EDITAL PPGH 05\/2023 EDITAL DE INSCRI\u00c7\u00c3O, SELE\u00c7\u00c3O E MATR\u00cdCULA PARA O MESTRADO ACAD\u00caMICO EM HIST\u00d3RIA \u2013 INGRESSO EM AGOSTO DE 2023 A coordena\u00e7\u00e3o do Programa de P\u00f3s-Gradua\u00e7\u00e3o em Hist\u00f3ria da Universidade Estadual de Ponta Grossa, no uso de suas atribui\u00e7\u00f5es, comunica a abertura de inscri\u00e7\u00f5es para a sele\u00e7\u00e3o ao Mestrado Acad\u00eamico em&nbsp;&hellip;<\/p>\n","protected":false},"author":188,"featured_media":0,"parent":0,"menu_order":0,"comment_status":"closed","ping_status":"closed","template":"","meta":[],"_links":{"self":[{"href":"https:\/\/www2.uepg.br\/ppgh\/wp-json\/wp\/v2\/pages\/865"}],"collection":[{"href":"https:\/\/www2.uepg.br\/ppgh\/wp-json\/wp\/v2\/pages"}],"about":[{"href":"https:\/\/www2.uepg.br\/ppgh\/wp-json\/wp\/v2\/types\/page"}],"author":[{"embeddable":true,"href":"https:\/\/www2.uepg.br\/ppgh\/wp-json\/wp\/v2\/users\/188"}],"replies":[{"embeddable":true,"href":"https:\/\/www2.uepg.br\/ppgh\/wp-json\/wp\/v2\/comments?post=865"}],"version-history":[{"count":4,"href":"https:\/\/www2.uepg.br\/ppgh\/wp-json\/wp\/v2\/pages\/865\/revisions"}],"predecessor-version":[{"id":869,"href":"https:\/\/www2.uepg.br\/ppgh\/wp-json\/wp\/v2\/pages\/865\/revisions\/869"}],"wp:attachment":[{"href":"https:\/\/www2.uepg.br\/ppgh\/wp-json\/wp\/v2\/media?parent=865"}],"curies":[{"name":"wp","href":"https:\/\/api.w.org\/{rel}","templated":true}]}}