{"id":879,"date":"2023-06-26T07:55:40","date_gmt":"2023-06-26T10:55:40","guid":{"rendered":"https:\/\/www2.uepg.br\/ppgh\/?page_id=879"},"modified":"2023-06-26T07:56:01","modified_gmt":"2023-06-26T10:56:01","slug":"edital-ppgh-06-2023","status":"publish","type":"page","link":"https:\/\/www2.uepg.br\/ppgh\/edital-ppgh-06-2023\/","title":{"rendered":"Edital PPGH 06 2023"},"content":{"rendered":"<p><strong>EDITAL PPGH 06 2023<\/strong><br \/>\n<strong>RETIFICA O EDITAL PPGH 05\/2023 DE INSCRI\u00c7\u00c3O, SELE\u00c7\u00c3O E MATR\u00cdCULA PARA O MESTRADO ACAD\u00caMICO EM HIST\u00d3RIA<\/strong><\/p>\n<p>O PPGH UEPG TORNA P\u00daBLICA a RETIFICA\u00c7\u00c3O do EDITAL PPGH 05\/2023, considerando: A Lei 9784\/1999 Art. 66. Os prazos come\u00e7am a correr a partir da data da cientifica\u00e7\u00e3o oficial, excluindo-se da contagem o dia do come\u00e7o e incluindo-se o do vencimento. \u00a7 1\u00ba Considera-se prorrogado o prazo at\u00e9 o primeiro dia \u00fatil seguinte se o vencimento cair em dia em que n\u00e3o houver expediente ou este for encerrado antes da hora normal. Dado o exposto o prazo para a inscri\u00e7\u00e3o on-line definido para 25\/06\/2023 no item 4 do Edital PPGH 05\/2023 fica alterado para at\u00e9 as 23h59 de 26\/06\/2023.<\/p>\n<p style=\"text-align: right\">Ponta Grossa, 26 de junho de 2023<\/p>\n<p style=\"text-align: right\">A coordena\u00e7\u00e3o<\/p>\n","protected":false},"excerpt":{"rendered":"<p>EDITAL PPGH 06 2023 RETIFICA O EDITAL PPGH 05\/2023 DE INSCRI\u00c7\u00c3O, SELE\u00c7\u00c3O E MATR\u00cdCULA PARA O MESTRADO ACAD\u00caMICO EM HIST\u00d3RIA O PPGH UEPG TORNA P\u00daBLICA a RETIFICA\u00c7\u00c3O do EDITAL PPGH 05\/2023, considerando: A Lei 9784\/1999 Art. 66. Os prazos come\u00e7am a correr a partir da data da cientifica\u00e7\u00e3o oficial, excluindo-se da contagem o dia do&nbsp;&hellip;<\/p>\n","protected":false},"author":188,"featured_media":0,"parent":0,"menu_order":0,"comment_status":"closed","ping_status":"closed","template":"","meta":[],"_links":{"self":[{"href":"https:\/\/www2.uepg.br\/ppgh\/wp-json\/wp\/v2\/pages\/879"}],"collection":[{"href":"https:\/\/www2.uepg.br\/ppgh\/wp-json\/wp\/v2\/pages"}],"about":[{"href":"https:\/\/www2.uepg.br\/ppgh\/wp-json\/wp\/v2\/types\/page"}],"author":[{"embeddable":true,"href":"https:\/\/www2.uepg.br\/ppgh\/wp-json\/wp\/v2\/users\/188"}],"replies":[{"embeddable":true,"href":"https:\/\/www2.uepg.br\/ppgh\/wp-json\/wp\/v2\/comments?post=879"}],"version-history":[{"count":1,"href":"https:\/\/www2.uepg.br\/ppgh\/wp-json\/wp\/v2\/pages\/879\/revisions"}],"predecessor-version":[{"id":880,"href":"https:\/\/www2.uepg.br\/ppgh\/wp-json\/wp\/v2\/pages\/879\/revisions\/880"}],"wp:attachment":[{"href":"https:\/\/www2.uepg.br\/ppgh\/wp-json\/wp\/v2\/media?parent=879"}],"curies":[{"name":"wp","href":"https:\/\/api.w.org\/{rel}","templated":true}]}}