{"id":887,"date":"2023-06-27T14:15:14","date_gmt":"2023-06-27T17:15:14","guid":{"rendered":"https:\/\/www2.uepg.br\/ppgh\/?page_id=887"},"modified":"2023-06-27T14:15:48","modified_gmt":"2023-06-27T17:15:48","slug":"edital-ppgh-07-2023","status":"publish","type":"page","link":"https:\/\/www2.uepg.br\/ppgh\/edital-ppgh-07-2023\/","title":{"rendered":"EDITAL PPGH 07\/2023"},"content":{"rendered":"<p><img loading=\"lazy\" class=\"alignright size-full wp-image-278\" src=\"http:\/\/www2.uepg.br\/ppgh\/wp-content\/uploads\/sites\/131\/2021\/02\/imagem_2021-02-17_133847.png\" alt=\"\" width=\"257\" height=\"67\" \/><\/p>\n<p>&nbsp;<\/p>\n<p>&nbsp;<\/p>\n<p>&nbsp;<\/p>\n<hr \/>\n<p>EDITAL PPGH-UEPG 07\/2023<\/p>\n<p>INSCRI\u00c7\u00d5ES HOMOLOGADAS PARA O PROCESSO SELETIVO 2023, DE ACORDO COM OS EDITAIS PPGH-UEPG 05 e 06\/2023.<\/p>\n<table dir=\"ltr\" border=\"1\" cellspacing=\"0\" cellpadding=\"0\">\n<colgroup>\n<col width=\"25\" \/>\n<col width=\"168\" \/>\n<col width=\"136\" \/>\n<col width=\"193\" \/><\/colgroup>\n<tbody>\n<tr>\n<td><\/td>\n<td data-sheets-value=\"{&quot;1&quot;:2,&quot;2&quot;:&quot;Nome&quot;}\">Nome<\/td>\n<td data-sheets-value=\"{&quot;1&quot;:2,&quot;2&quot;:&quot;Situa\u00e7\u00e3o da inscri\u00e7\u00e3o&quot;}\">Situa\u00e7\u00e3o da inscri\u00e7\u00e3o<\/td>\n<td data-sheets-value=\"{&quot;1&quot;:2,&quot;2&quot;:&quot;Op\u00e7\u00e3o de vaga&quot;}\">Op\u00e7\u00e3o de vaga<\/td>\n<\/tr>\n<tr>\n<td data-sheets-value=\"{&quot;1&quot;:3,&quot;3&quot;:1}\">1<\/td>\n<td data-sheets-value=\"{&quot;1&quot;:2,&quot;2&quot;:&quot;Alerson Domingues&quot;}\">Alerson Domingues<\/td>\n<td data-sheets-value=\"{&quot;1&quot;:2,&quot;2&quot;:&quot;Homologada&quot;}\">Homologada<\/td>\n<td data-sheets-value=\"{&quot;1&quot;:2,&quot;2&quot;:&quot;Vaga de concorr\u00eancia geral&quot;}\">Vaga de concorr\u00eancia geral<\/td>\n<\/tr>\n<tr>\n<td data-sheets-value=\"{&quot;1&quot;:3,&quot;3&quot;:2}\">2<\/td>\n<td data-sheets-value=\"{&quot;1&quot;:2,&quot;2&quot;:&quot;Aline da Rosa Silva&quot;}\">Aline da Rosa Silva<\/td>\n<td data-sheets-value=\"{&quot;1&quot;:2,&quot;2&quot;:&quot;Homologada&quot;}\">Homologada<\/td>\n<td data-sheets-value=\"{&quot;1&quot;:2,&quot;2&quot;:&quot;Vaga de concorr\u00eancia geral&quot;}\">Vaga de concorr\u00eancia geral<\/td>\n<\/tr>\n<tr>\n<td data-sheets-value=\"{&quot;1&quot;:3,&quot;3&quot;:3}\">3<\/td>\n<td data-sheets-value=\"{&quot;1&quot;:2,&quot;2&quot;:&quot;Ariana Bel\u00e9n Fuentes&quot;}\">Ariana Bel\u00e9n Fuentes<\/td>\n<td data-sheets-value=\"{&quot;1&quot;:2,&quot;2&quot;:&quot;Homologada&quot;}\">Homologada<\/td>\n<td data-sheets-value=\"{&quot;1&quot;:2,&quot;2&quot;:&quot;Vaga de concorr\u00eancia geral&quot;}\">Vaga de concorr\u00eancia geral<\/td>\n<\/tr>\n<tr>\n<td data-sheets-value=\"{&quot;1&quot;:3,&quot;3&quot;:4}\">4<\/td>\n<td data-sheets-value=\"{&quot;1&quot;:2,&quot;2&quot;:&quot;Caroline Dias Rosa&quot;}\">Caroline Dias Rosa<\/td>\n<td data-sheets-value=\"{&quot;1&quot;:2,&quot;2&quot;:&quot;Homologada&quot;}\">Homologada<\/td>\n<td data-sheets-value=\"{&quot;1&quot;:2,&quot;2&quot;:&quot;Vaga de concorr\u00eancia geral&quot;}\">Vaga de concorr\u00eancia geral<\/td>\n<\/tr>\n<tr>\n<td data-sheets-value=\"{&quot;1&quot;:3,&quot;3&quot;:5}\">5<\/td>\n<td data-sheets-value=\"{&quot;1&quot;:2,&quot;2&quot;:&quot;Daniel Lopes&quot;}\">Daniel Lopes<\/td>\n<td data-sheets-value=\"{&quot;1&quot;:2,&quot;2&quot;:&quot;Homologada&quot;}\">Homologada<\/td>\n<td data-sheets-value=\"{&quot;1&quot;:2,&quot;2&quot;:&quot;Vaga de concorr\u00eancia geral&quot;}\">Vaga de concorr\u00eancia geral<\/td>\n<\/tr>\n<tr>\n<td data-sheets-value=\"{&quot;1&quot;:3,&quot;3&quot;:6}\">6<\/td>\n<td data-sheets-value=\"{&quot;1&quot;:2,&quot;2&quot;:&quot;Eduardo Augusto de Mello&quot;}\">Eduardo Augusto de Mello<\/td>\n<td data-sheets-value=\"{&quot;1&quot;:2,&quot;2&quot;:&quot;Homologada&quot;}\">Homologada<\/td>\n<td data-sheets-value=\"{&quot;1&quot;:2,&quot;2&quot;:&quot;Vaga de concorr\u00eancia geral&quot;}\">Vaga de concorr\u00eancia geral<\/td>\n<\/tr>\n<tr>\n<td data-sheets-value=\"{&quot;1&quot;:3,&quot;3&quot;:7}\">7<\/td>\n<td data-sheets-value=\"{&quot;1&quot;:2,&quot;2&quot;:&quot;Eduardo Bezerra Cadena&quot;}\">Eduardo Bezerra Cadena<\/td>\n<td data-sheets-value=\"{&quot;1&quot;:2,&quot;2&quot;:&quot;Homologada&quot;}\">Homologada<\/td>\n<td data-sheets-value=\"{&quot;1&quot;:2,&quot;2&quot;:&quot;Vaga de concorr\u00eancia geral&quot;}\">Vaga de concorr\u00eancia geral<\/td>\n<\/tr>\n<tr>\n<td data-sheets-value=\"{&quot;1&quot;:3,&quot;3&quot;:8}\">8<\/td>\n<td data-sheets-value=\"{&quot;1&quot;:2,&quot;2&quot;:&quot;Erickson Adriano Nunes Alves Batista&quot;}\">Erickson Adriano Nunes Alves Batista<\/td>\n<td data-sheets-value=\"{&quot;1&quot;:2,&quot;2&quot;:&quot;Homologada&quot;}\">Homologada<\/td>\n<td data-sheets-value=\"{&quot;1&quot;:2,&quot;2&quot;:&quot;Vaga para candidato\/a negro\/a&quot;}\">Vaga para candidato\/a negro\/a<\/td>\n<\/tr>\n<tr>\n<td data-sheets-value=\"{&quot;1&quot;:3,&quot;3&quot;:9}\">9<\/td>\n<td data-sheets-value=\"{&quot;1&quot;:2,&quot;2&quot;:&quot;Fabio Ehlke Rodrigues&quot;}\">Fabio Ehlke Rodrigues<\/td>\n<td data-sheets-value=\"{&quot;1&quot;:2,&quot;2&quot;:&quot;Homologada&quot;}\">Homologada<\/td>\n<td data-sheets-value=\"{&quot;1&quot;:2,&quot;2&quot;:&quot;Vaga de concorr\u00eancia geral&quot;}\">Vaga de concorr\u00eancia geral<\/td>\n<\/tr>\n<tr>\n<td data-sheets-value=\"{&quot;1&quot;:3,&quot;3&quot;:10}\">10<\/td>\n<td data-sheets-value=\"{&quot;1&quot;:2,&quot;2&quot;:&quot;Felipe Andr\u00e9 Pedroso de Oliveira&quot;}\">Felipe Andr\u00e9 Pedroso de Oliveira<\/td>\n<td data-sheets-value=\"{&quot;1&quot;:2,&quot;2&quot;:&quot;Homologada&quot;}\">Homologada<\/td>\n<td data-sheets-value=\"{&quot;1&quot;:2,&quot;2&quot;:&quot;Vaga de concorr\u00eancia geral&quot;}\">Vaga de concorr\u00eancia geral<\/td>\n<\/tr>\n<tr>\n<td data-sheets-value=\"{&quot;1&quot;:3,&quot;3&quot;:11}\">11<\/td>\n<td data-sheets-value=\"{&quot;1&quot;:2,&quot;2&quot;:&quot;Felipe Zainedin&quot;}\">Felipe Zainedin<\/td>\n<td data-sheets-value=\"{&quot;1&quot;:2,&quot;2&quot;:&quot;Homologada&quot;}\">Homologada<\/td>\n<td data-sheets-value=\"{&quot;1&quot;:2,&quot;2&quot;:&quot;Vaga de concorr\u00eancia geral&quot;}\">Vaga de concorr\u00eancia geral<\/td>\n<\/tr>\n<tr>\n<td data-sheets-value=\"{&quot;1&quot;:3,&quot;3&quot;:12}\">12<\/td>\n<td data-sheets-value=\"{&quot;1&quot;:2,&quot;2&quot;:&quot;Filipe Henrique Mariani&quot;}\">Filipe Henrique Mariani<\/td>\n<td data-sheets-value=\"{&quot;1&quot;:2,&quot;2&quot;:&quot;Homologada&quot;}\">Homologada<\/td>\n<td data-sheets-value=\"{&quot;1&quot;:2,&quot;2&quot;:&quot;Vaga de concorr\u00eancia geral&quot;}\">Vaga de concorr\u00eancia geral<\/td>\n<\/tr>\n<tr>\n<td data-sheets-value=\"{&quot;1&quot;:3,&quot;3&quot;:13}\">13<\/td>\n<td data-sheets-value=\"{&quot;1&quot;:2,&quot;2&quot;:&quot;Gabriel Barboza Pito&quot;}\">Gabriel Barboza Pito<\/td>\n<td data-sheets-value=\"{&quot;1&quot;:2,&quot;2&quot;:&quot;Homologada&quot;}\">Homologada<\/td>\n<td data-sheets-value=\"{&quot;1&quot;:2,&quot;2&quot;:&quot;Vaga de concorr\u00eancia geral&quot;}\">Vaga de concorr\u00eancia geral<\/td>\n<\/tr>\n<tr>\n<td data-sheets-value=\"{&quot;1&quot;:3,&quot;3&quot;:14}\">14<\/td>\n<td data-sheets-value=\"{&quot;1&quot;:2,&quot;2&quot;:&quot;Gabriele Alessandra de Lima Pedroso&quot;}\">Gabriele Alessandra de Lima Pedroso<\/td>\n<td data-sheets-value=\"{&quot;1&quot;:2,&quot;2&quot;:&quot;Homologada&quot;}\">Homologada<\/td>\n<td data-sheets-value=\"{&quot;1&quot;:2,&quot;2&quot;:&quot;Vaga de concorr\u00eancia geral&quot;}\">Vaga de concorr\u00eancia geral<\/td>\n<\/tr>\n<tr>\n<td data-sheets-value=\"{&quot;1&quot;:3,&quot;3&quot;:15}\">15<\/td>\n<td data-sheets-value=\"{&quot;1&quot;:2,&quot;2&quot;:&quot;Guilherme Felipe Silva de Castro&quot;}\">Guilherme Felipe Silva de Castro<\/td>\n<td data-sheets-value=\"{&quot;1&quot;:2,&quot;2&quot;:&quot;Homologada&quot;}\">Homologada<\/td>\n<td data-sheets-value=\"{&quot;1&quot;:2,&quot;2&quot;:&quot;Vaga para candidato\/a negro\/a&quot;}\">Vaga para candidato\/a negro\/a<\/td>\n<\/tr>\n<tr>\n<td data-sheets-value=\"{&quot;1&quot;:3,&quot;3&quot;:16}\">16<\/td>\n<td data-sheets-value=\"{&quot;1&quot;:2,&quot;2&quot;:&quot;Joaquim Zacarias Bastos&quot;}\">Joaquim Zacarias Bastos<\/td>\n<td data-sheets-value=\"{&quot;1&quot;:2,&quot;2&quot;:&quot;Homologada&quot;}\">Homologada<\/td>\n<td data-sheets-value=\"{&quot;1&quot;:2,&quot;2&quot;:&quot;Vaga de concorr\u00eancia geral&quot;}\">Vaga de concorr\u00eancia geral<\/td>\n<\/tr>\n<tr>\n<td data-sheets-value=\"{&quot;1&quot;:3,&quot;3&quot;:17}\">17<\/td>\n<td data-sheets-value=\"{&quot;1&quot;:2,&quot;2&quot;:&quot;Jonathan Sergio de Freitas&quot;}\">Jonathan Sergio de Freitas<\/td>\n<td data-sheets-value=\"{&quot;1&quot;:2,&quot;2&quot;:&quot;Homologada&quot;}\">Homologada<\/td>\n<td data-sheets-value=\"{&quot;1&quot;:2,&quot;2&quot;:&quot;Vaga de concorr\u00eancia geral&quot;}\">Vaga de concorr\u00eancia geral<\/td>\n<\/tr>\n<tr>\n<td data-sheets-value=\"{&quot;1&quot;:3,&quot;3&quot;:18}\">18<\/td>\n<td data-sheets-value=\"{&quot;1&quot;:2,&quot;2&quot;:&quot;Karen Cristina Barros dos Santos&quot;}\">Karen Cristina Barros dos Santos<\/td>\n<td data-sheets-value=\"{&quot;1&quot;:2,&quot;2&quot;:&quot;Homologada&quot;}\">Homologada<\/td>\n<td data-sheets-value=\"{&quot;1&quot;:2,&quot;2&quot;:&quot;Vaga de concorr\u00eancia geral&quot;}\">Vaga de concorr\u00eancia geral<\/td>\n<\/tr>\n<tr>\n<td data-sheets-value=\"{&quot;1&quot;:3,&quot;3&quot;:19}\">19<\/td>\n<td data-sheets-value=\"{&quot;1&quot;:2,&quot;2&quot;:&quot;Karina Gomes de Souza&quot;}\">Karina Gomes de Souza<\/td>\n<td data-sheets-value=\"{&quot;1&quot;:2,&quot;2&quot;:&quot;Homologada&quot;}\">Homologada<\/td>\n<td data-sheets-value=\"{&quot;1&quot;:2,&quot;2&quot;:&quot;Vaga para candidato\/a deficiente&quot;}\">\n<div>\n<div>Vaga para candidato\/a deficiente<\/div>\n<\/div>\n<\/td>\n<\/tr>\n<tr>\n<td data-sheets-value=\"{&quot;1&quot;:3,&quot;3&quot;:20}\">20<\/td>\n<td data-sheets-value=\"{&quot;1&quot;:2,&quot;2&quot;:&quot;Karine Bruna do Prado Andrejeski&quot;}\">Karine Bruna do Prado Andrejeski<\/td>\n<td data-sheets-value=\"{&quot;1&quot;:2,&quot;2&quot;:&quot;Homologada&quot;}\">Homologada<\/td>\n<td data-sheets-value=\"{&quot;1&quot;:2,&quot;2&quot;:&quot;Vaga para candidato\/a deficiente&quot;}\">\n<div>\n<div>Vaga para candidato\/a deficiente<\/div>\n<\/div>\n<\/td>\n<\/tr>\n<tr>\n<td data-sheets-value=\"{&quot;1&quot;:3,&quot;3&quot;:21}\">21<\/td>\n<td data-sheets-value=\"{&quot;1&quot;:2,&quot;2&quot;:&quot;Lucimeri Francisco Modesto Liller&quot;}\">Lucimeri Francisco Modesto Liller<\/td>\n<td data-sheets-value=\"{&quot;1&quot;:2,&quot;2&quot;:&quot;Homologada&quot;}\">Homologada<\/td>\n<td data-sheets-value=\"{&quot;1&quot;:2,&quot;2&quot;:&quot;Vaga de concorr\u00eancia geral&quot;}\">Vaga de concorr\u00eancia geral<\/td>\n<\/tr>\n<tr>\n<td data-sheets-value=\"{&quot;1&quot;:3,&quot;3&quot;:22}\">22<\/td>\n<td data-sheets-value=\"{&quot;1&quot;:2,&quot;2&quot;:&quot;Matheus dos Santos Fernandes &quot;}\">Matheus dos Santos Fernandes<\/td>\n<td data-sheets-value=\"{&quot;1&quot;:2,&quot;2&quot;:&quot;Homologada&quot;}\">Homologada<\/td>\n<td data-sheets-value=\"{&quot;1&quot;:2,&quot;2&quot;:&quot;Vaga de concorr\u00eancia geral&quot;}\">Vaga de concorr\u00eancia geral<\/td>\n<\/tr>\n<tr>\n<td data-sheets-value=\"{&quot;1&quot;:3,&quot;3&quot;:23}\">23<\/td>\n<td data-sheets-value=\"{&quot;1&quot;:2,&quot;2&quot;:&quot;Matheus Menarim Moers&quot;}\">Matheus Menarim Moers<\/td>\n<td data-sheets-value=\"{&quot;1&quot;:2,&quot;2&quot;:&quot;Homologada&quot;}\">Homologada<\/td>\n<td data-sheets-value=\"{&quot;1&quot;:2,&quot;2&quot;:&quot;Vaga de concorr\u00eancia geral&quot;}\">Vaga de concorr\u00eancia geral<\/td>\n<\/tr>\n<tr>\n<td data-sheets-value=\"{&quot;1&quot;:3,&quot;3&quot;:24}\">24<\/td>\n<td data-sheets-value=\"{&quot;1&quot;:2,&quot;2&quot;:&quot;Mauro S\u00e9rgio Souza Pinto&quot;}\">Mauro S\u00e9rgio Souza Pinto<\/td>\n<td data-sheets-value=\"{&quot;1&quot;:2,&quot;2&quot;:&quot;Homologada&quot;}\">Homologada<\/td>\n<td data-sheets-value=\"{&quot;1&quot;:2,&quot;2&quot;:&quot;Vaga de concorr\u00eancia geral&quot;}\">Vaga de concorr\u00eancia geral<\/td>\n<\/tr>\n<tr>\n<td data-sheets-value=\"{&quot;1&quot;:3,&quot;3&quot;:25}\">25<\/td>\n<td data-sheets-value=\"{&quot;1&quot;:2,&quot;2&quot;:&quot;Miguel Wilian Malacrida&quot;}\">Miguel Wilian Malacrida<\/td>\n<td data-sheets-value=\"{&quot;1&quot;:2,&quot;2&quot;:&quot;Homologada&quot;}\">Homologada<\/td>\n<td data-sheets-value=\"{&quot;1&quot;:2,&quot;2&quot;:&quot;Vaga de concorr\u00eancia geral&quot;}\">Vaga de concorr\u00eancia geral<\/td>\n<\/tr>\n<tr>\n<td data-sheets-value=\"{&quot;1&quot;:3,&quot;3&quot;:26}\">26<\/td>\n<td data-sheets-value=\"{&quot;1&quot;:2,&quot;2&quot;:&quot;Murilo Carlos Siqueira&quot;}\">Murilo Carlos Siqueira<\/td>\n<td data-sheets-value=\"{&quot;1&quot;:2,&quot;2&quot;:&quot;Homologada&quot;}\">Homologada<\/td>\n<td data-sheets-value=\"{&quot;1&quot;:2,&quot;2&quot;:&quot;Vaga de concorr\u00eancia geral&quot;}\">Vaga de concorr\u00eancia geral<\/td>\n<\/tr>\n<tr>\n<td data-sheets-value=\"{&quot;1&quot;:3,&quot;3&quot;:27}\">27<\/td>\n<td data-sheets-value=\"{&quot;1&quot;:2,&quot;2&quot;:&quot;Natalli Delgado Tomazoni&quot;}\">Natalli Delgado Tomazoni<\/td>\n<td data-sheets-value=\"{&quot;1&quot;:2,&quot;2&quot;:&quot;Homologada&quot;}\">Homologada<\/td>\n<td data-sheets-value=\"{&quot;1&quot;:2,&quot;2&quot;:&quot;Vaga de concorr\u00eancia geral&quot;}\">Vaga de concorr\u00eancia geral<\/td>\n<\/tr>\n<tr>\n<td data-sheets-value=\"{&quot;1&quot;:3,&quot;3&quot;:28}\">28<\/td>\n<td data-sheets-value=\"{&quot;1&quot;:2,&quot;2&quot;:&quot;Samanta Harrott &quot;}\">Samanta Harrott<\/td>\n<td data-sheets-value=\"{&quot;1&quot;:2,&quot;2&quot;:&quot;Homologada&quot;}\">Homologada<\/td>\n<td data-sheets-value=\"{&quot;1&quot;:2,&quot;2&quot;:&quot;Vaga de concorr\u00eancia geral&quot;}\">Vaga de concorr\u00eancia geral<\/td>\n<\/tr>\n<tr>\n<td data-sheets-value=\"{&quot;1&quot;:3,&quot;3&quot;:29}\">29<\/td>\n<td data-sheets-value=\"{&quot;1&quot;:2,&quot;2&quot;:&quot;Vin\u00edcius Rodrigues Mesquita&quot;}\">Vin\u00edcius Rodrigues Mesquita<\/td>\n<td data-sheets-value=\"{&quot;1&quot;:2,&quot;2&quot;:&quot;Homologada&quot;}\">Homologada<\/td>\n<td data-sheets-value=\"{&quot;1&quot;:2,&quot;2&quot;:&quot;Vaga para candidato\/a negro\/a&quot;}\">Vaga para candidato\/a negro\/a<\/td>\n<\/tr>\n<tr>\n<td data-sheets-value=\"{&quot;1&quot;:3,&quot;3&quot;:30}\">30<\/td>\n<td data-sheets-value=\"{&quot;1&quot;:2,&quot;2&quot;:&quot;Vitor Bomfim Lopes&quot;}\">Vitor Bomfim Lopes<\/td>\n<td data-sheets-value=\"{&quot;1&quot;:2,&quot;2&quot;:&quot;Homologada&quot;}\">Homologada<\/td>\n<td data-sheets-value=\"{&quot;1&quot;:2,&quot;2&quot;:&quot;Vaga de concorr\u00eancia geral&quot;}\">Vaga de concorr\u00eancia geral<\/td>\n<\/tr>\n<tr>\n<td data-sheets-value=\"{&quot;1&quot;:3,&quot;3&quot;:31}\">31<\/td>\n<td data-sheets-value=\"{&quot;1&quot;:2,&quot;2&quot;:&quot;Waldece Wagner Alexandre de Sousa&quot;}\">Waldece Wagner Alexandre de Sousa<\/td>\n<td data-sheets-value=\"{&quot;1&quot;:2,&quot;2&quot;:&quot;Homologada&quot;}\">Homologada<\/td>\n<td data-sheets-value=\"{&quot;1&quot;:2,&quot;2&quot;:&quot;Vaga de concorr\u00eancia geral&quot;}\">Vaga de concorr\u00eancia geral<\/td>\n<\/tr>\n<tr>\n<td data-sheets-value=\"{&quot;1&quot;:3,&quot;3&quot;:32}\">32<\/td>\n<td data-sheets-value=\"{&quot;1&quot;:2,&quot;2&quot;:&quot;Willian Mateus Lisboa&quot;}\">Willian Mateus Lisboa<\/td>\n<td data-sheets-value=\"{&quot;1&quot;:2,&quot;2&quot;:&quot;Homologada&quot;}\">Homologada<\/td>\n<td data-sheets-value=\"{&quot;1&quot;:2,&quot;2&quot;:&quot;Vaga de concorr\u00eancia geral&quot;}\">Vaga de concorr\u00eancia geral<\/td>\n<\/tr>\n<\/tbody>\n<\/table>\n<p>&nbsp;<\/p>\n<p style=\"text-align: right\">Ponta Grossa, 27 de junho de 2023<\/p>\n<p style=\"text-align: right\">Coordena\u00e7\u00e3o do PPGH-UEPG<\/p>\n","protected":false},"excerpt":{"rendered":"<p>&nbsp; &nbsp; &nbsp; EDITAL PPGH-UEPG 07\/2023 INSCRI\u00c7\u00d5ES HOMOLOGADAS PARA O PROCESSO SELETIVO 2023, DE ACORDO COM OS EDITAIS PPGH-UEPG 05 e 06\/2023. Nome Situa\u00e7\u00e3o da inscri\u00e7\u00e3o Op\u00e7\u00e3o de vaga 1 Alerson Domingues Homologada Vaga de concorr\u00eancia geral 2 Aline da Rosa Silva Homologada Vaga de concorr\u00eancia geral 3 Ariana Bel\u00e9n Fuentes Homologada Vaga de concorr\u00eancia&nbsp;&hellip;<\/p>\n","protected":false},"author":188,"featured_media":0,"parent":0,"menu_order":0,"comment_status":"closed","ping_status":"closed","template":"","meta":[],"_links":{"self":[{"href":"https:\/\/www2.uepg.br\/ppgh\/wp-json\/wp\/v2\/pages\/887"}],"collection":[{"href":"https:\/\/www2.uepg.br\/ppgh\/wp-json\/wp\/v2\/pages"}],"about":[{"href":"https:\/\/www2.uepg.br\/ppgh\/wp-json\/wp\/v2\/types\/page"}],"author":[{"embeddable":true,"href":"https:\/\/www2.uepg.br\/ppgh\/wp-json\/wp\/v2\/users\/188"}],"replies":[{"embeddable":true,"href":"https:\/\/www2.uepg.br\/ppgh\/wp-json\/wp\/v2\/comments?post=887"}],"version-history":[{"count":2,"href":"https:\/\/www2.uepg.br\/ppgh\/wp-json\/wp\/v2\/pages\/887\/revisions"}],"predecessor-version":[{"id":889,"href":"https:\/\/www2.uepg.br\/ppgh\/wp-json\/wp\/v2\/pages\/887\/revisions\/889"}],"wp:attachment":[{"href":"https:\/\/www2.uepg.br\/ppgh\/wp-json\/wp\/v2\/media?parent=887"}],"curies":[{"name":"wp","href":"https:\/\/api.w.org\/{rel}","templated":true}]}}