{"id":898,"date":"2023-07-10T18:30:44","date_gmt":"2023-07-10T21:30:44","guid":{"rendered":"https:\/\/www2.uepg.br\/ppgh\/?page_id=898"},"modified":"2023-07-10T18:30:44","modified_gmt":"2023-07-10T21:30:44","slug":"edital-ppgh-08-2023","status":"publish","type":"page","link":"https:\/\/www2.uepg.br\/ppgh\/edital-ppgh-08-2023\/","title":{"rendered":"EDITAL PPGH 08 2023"},"content":{"rendered":"<p><img loading=\"lazy\" class=\"alignright size-full wp-image-278\" src=\"http:\/\/www2.uepg.br\/ppgh\/wp-content\/uploads\/sites\/131\/2021\/02\/imagem_2021-02-17_133847.png\" alt=\"\" width=\"257\" height=\"67\" \/><\/p>\n<p>&nbsp;<\/p>\n<p>&nbsp;<\/p>\n<p>&nbsp;<\/p>\n<hr \/>\n<p><strong>EDITAL PPGH 08\/2023 \u2013 PROJETOS SELECIONADOS NO PROCESSO SELETIVO DE 2023 E CONVOCA\u00c7\u00c3O PARA AVALIA\u00c7\u00c3O REMOTA<\/strong><\/p>\n<p>A Coordena\u00e7\u00e3o do Programa de P\u00f3s-Gradua\u00e7\u00e3o em Hist\u00f3ria (PPGH) da Universidade Estadual de Ponta Grossa, no uso de suas atribui\u00e7\u00f5es, considerando o que prev\u00ea o Edital PPGH 05\/2023 e 06\/2023 e em aten\u00e7\u00e3o \u00e0 delibera\u00e7\u00e3o da Comiss\u00e3o de Sele\u00e7\u00e3o e do Colegiado, convoca os\/as CANDIDATOS\/AS SELECIONADOS\/AS na primeira etapa do processo seletivo e torna p\u00fablico as datas e os hor\u00e1rios de realiza\u00e7\u00e3o da avalia\u00e7\u00e3o remota (argui\u00e7\u00e3o on-line) sobre os respectivos projetos de pesquisa e trajet\u00f3ria acad\u00eamica e profissional. A avalia\u00e7\u00e3o se dar\u00e1 via plataforma <em>Google Meet<\/em> e o link ser\u00e1 enviado diretamente para o e-mail dos(as) candidatos(as) selecionados(as).<\/p>\n<p>1. Candidatos(as) selecionados\/as<\/p>\n<table>\n<tbody>\n<tr>\n<td width=\"255\"><strong>Candidato\/a<\/strong><\/td>\n<td width=\"123\"><strong>Dia<\/strong><\/td>\n<td width=\"114\"><strong>Hor\u00e1rio<\/strong><\/td>\n<\/tr>\n<tr>\n<td width=\"255\">Ariana Bel\u00e9n Fuentes<\/td>\n<td width=\"123\">14\/07\/2023<\/td>\n<td width=\"114\">13:30<\/td>\n<\/tr>\n<tr>\n<td width=\"255\">Filipe Henrique Mariani<\/td>\n<td width=\"123\">14\/07\/2023<\/td>\n<td width=\"114\">14:00<\/td>\n<\/tr>\n<tr>\n<td width=\"255\">Alerson Domingues<\/td>\n<td width=\"123\">13\/07\/2023<\/td>\n<td width=\"114\">10:00<\/td>\n<\/tr>\n<tr>\n<td width=\"255\">Aline da Rosa Silva<\/td>\n<td width=\"123\">13\/07\/2023<\/td>\n<td width=\"114\">9:30<\/td>\n<\/tr>\n<tr>\n<td width=\"255\">Daniel Lopes<\/td>\n<td width=\"123\">13\/07\/2023<\/td>\n<td width=\"114\">14:30<\/td>\n<\/tr>\n<tr>\n<td width=\"255\">F\u00e1bio Ehlke Rodrigues<\/td>\n<td width=\"123\">13\/07\/2023<\/td>\n<td width=\"114\">10:30<\/td>\n<\/tr>\n<tr>\n<td width=\"255\">\u00a0Guilherme Felipe de Castro<\/td>\n<td width=\"123\">13\/07\/2023<\/td>\n<td width=\"114\">11:00<\/td>\n<\/tr>\n<tr>\n<td width=\"255\">Mauro S\u00e9rgio Souza Pinto<\/td>\n<td width=\"123\">13\/07\/2023<\/td>\n<td width=\"114\">14:00<\/td>\n<\/tr>\n<tr>\n<td width=\"255\">Matheus dos Santos Fernandes<\/td>\n<td width=\"123\">13\/07\/2023<\/td>\n<td width=\"114\">11:30<\/td>\n<\/tr>\n<tr>\n<td width=\"255\">Felipe Andr\u00e9 Pedroso de Oliveira<\/td>\n<td width=\"123\">14\/07\/2023<\/td>\n<td width=\"114\">14:30<\/td>\n<\/tr>\n<tr>\n<td width=\"255\">Gabriele Alessandra de Lima Pedroso<\/td>\n<td width=\"123\">14\/07\/2023<\/td>\n<td width=\"114\">15:00<\/td>\n<\/tr>\n<\/tbody>\n<\/table>\n<table>\n<tbody>\n<tr>\n<td width=\"255\">Murilo Carlos Siqueira<\/td>\n<td width=\"123\">14\/07\/2023<\/td>\n<td width=\"114\">15:30<\/td>\n<\/tr>\n<\/tbody>\n<\/table>\n<table style=\"height: 32px\" width=\"443\">\n<tbody>\n<tr>\n<td width=\"255\">Vitor Bomfim Lopes<\/td>\n<td width=\"123\">14\/07\/2023<\/td>\n<td width=\"114\">16:00<\/td>\n<\/tr>\n<\/tbody>\n<\/table>\n<table style=\"height: 57px\" width=\"443\">\n<tbody>\n<tr>\n<td width=\"255\">Waldece Wagner Alexandre de Souza<\/td>\n<td width=\"123\">14\/07\/2023<\/td>\n<td width=\"114\">16:30<\/td>\n<\/tr>\n<\/tbody>\n<\/table>\n<table style=\"height: 33px\" width=\"443\">\n<tbody>\n<tr>\n<td width=\"255\">Willian Mateus Lisboa<\/td>\n<td width=\"123\">14\/07\/2023<\/td>\n<td width=\"114\">17:00<\/td>\n<\/tr>\n<\/tbody>\n<\/table>\n<table style=\"height: 33px\" width=\"441\">\n<tbody>\n<tr>\n<td width=\"255\">Caroline Dias Rosa<\/td>\n<td width=\"123\">13\/07\/2023<\/td>\n<td width=\"114\">8:30<\/td>\n<\/tr>\n<\/tbody>\n<\/table>\n<table style=\"height: 34px\" width=\"440\">\n<tbody>\n<tr>\n<td width=\"255\">Eduardo Augusto de Mello<\/td>\n<td width=\"123\">13\/07\/2023<\/td>\n<td width=\"114\">9:00<\/td>\n<\/tr>\n<\/tbody>\n<\/table>\n<table style=\"height: 34px\" width=\"438\">\n<tbody>\n<tr>\n<td width=\"255\">Filipe Zainedin<\/td>\n<td width=\"123\">13\/07\/2023<\/td>\n<td width=\"114\">9:30<\/td>\n<\/tr>\n<\/tbody>\n<\/table>\n<table style=\"height: 24px\" width=\"437\">\n<tbody>\n<tr>\n<td width=\"255\">Matheus Menarim Moers<\/td>\n<td width=\"123\">13\/07\/2023<\/td>\n<td width=\"114\">10:00<\/td>\n<\/tr>\n<\/tbody>\n<\/table>\n<table style=\"height: 24px\" width=\"437\">\n<tbody>\n<tr>\n<td width=\"255\"><\/td>\n<td width=\"123\"><\/td>\n<td width=\"114\"><\/td>\n<\/tr>\n<\/tbody>\n<\/table>\n<p>2. Fica aberto o prazo de 48 horas para interposi\u00e7\u00e3o de recursos no sei.uepg.br.<\/p>\n<p>&nbsp;<\/p>\n<p style=\"text-align: right\">Ponta Grossa, 10 de julho de 2023<\/p>\n<p style=\"text-align: right\">Coordena\u00e7\u00e3o do PPGH<\/p>\n","protected":false},"excerpt":{"rendered":"<p>&nbsp; &nbsp; &nbsp; EDITAL PPGH 08\/2023 \u2013 PROJETOS SELECIONADOS NO PROCESSO SELETIVO DE 2023 E CONVOCA\u00c7\u00c3O PARA AVALIA\u00c7\u00c3O REMOTA A Coordena\u00e7\u00e3o do Programa de P\u00f3s-Gradua\u00e7\u00e3o em Hist\u00f3ria (PPGH) da Universidade Estadual de Ponta Grossa, no uso de suas atribui\u00e7\u00f5es, considerando o que prev\u00ea o Edital PPGH 05\/2023 e 06\/2023 e em aten\u00e7\u00e3o \u00e0 delibera\u00e7\u00e3o da&nbsp;&hellip;<\/p>\n","protected":false},"author":188,"featured_media":0,"parent":0,"menu_order":0,"comment_status":"closed","ping_status":"closed","template":"","meta":[],"_links":{"self":[{"href":"https:\/\/www2.uepg.br\/ppgh\/wp-json\/wp\/v2\/pages\/898"}],"collection":[{"href":"https:\/\/www2.uepg.br\/ppgh\/wp-json\/wp\/v2\/pages"}],"about":[{"href":"https:\/\/www2.uepg.br\/ppgh\/wp-json\/wp\/v2\/types\/page"}],"author":[{"embeddable":true,"href":"https:\/\/www2.uepg.br\/ppgh\/wp-json\/wp\/v2\/users\/188"}],"replies":[{"embeddable":true,"href":"https:\/\/www2.uepg.br\/ppgh\/wp-json\/wp\/v2\/comments?post=898"}],"version-history":[{"count":7,"href":"https:\/\/www2.uepg.br\/ppgh\/wp-json\/wp\/v2\/pages\/898\/revisions"}],"predecessor-version":[{"id":905,"href":"https:\/\/www2.uepg.br\/ppgh\/wp-json\/wp\/v2\/pages\/898\/revisions\/905"}],"wp:attachment":[{"href":"https:\/\/www2.uepg.br\/ppgh\/wp-json\/wp\/v2\/media?parent=898"}],"curies":[{"name":"wp","href":"https:\/\/api.w.org\/{rel}","templated":true}]}}