{"id":908,"date":"2023-07-19T21:54:53","date_gmt":"2023-07-20T00:54:53","guid":{"rendered":"https:\/\/www2.uepg.br\/ppgh\/?page_id=908"},"modified":"2023-12-18T11:06:40","modified_gmt":"2023-12-18T14:06:40","slug":"edital-09-2023","status":"publish","type":"page","link":"https:\/\/www2.uepg.br\/ppgh\/edital-09-2023\/","title":{"rendered":"EDITAL 09\/2023"},"content":{"rendered":"<p><img loading=\"lazy\" class=\"alignright size-full wp-image-278\" src=\"http:\/\/www2.uepg.br\/ppgh\/wp-content\/uploads\/sites\/131\/2021\/02\/imagem_2021-02-17_133847.png\" alt=\"\" width=\"257\" height=\"67\" \/><\/p>\n<p>&nbsp;<\/p>\n<p>&nbsp;<\/p>\n<p>&nbsp;<\/p>\n<hr \/>\n<p><strong>EDITAL PPGH UEPG 09\/2023<\/strong><\/p>\n<p><strong>RELA\u00c7\u00c3O DOS(AS) CANDIDATOS(AS) APROVADOS(AS) NO PROCESSO SELETIVO DE 2023<\/strong><\/p>\n<p>&nbsp;<\/p>\n<p>A Coordena\u00e7\u00e3o do Programa de P\u00f3s-Gradua\u00e7\u00e3o em Hist\u00f3ria (PPGH) da Universidade Estadual de Ponta Grossa, no uso de suas atribui\u00e7\u00f5es, considerando o que prev\u00ea o Edital PPGH 05\/2023 e 08\/2023 e em aten\u00e7\u00e3o \u00e0 delibera\u00e7\u00e3o da Comiss\u00e3o de Sele\u00e7\u00e3o e do Colegiado, torna p\u00fablico a rela\u00e7\u00e3o dos candidatos e candidatas aprovados(as) no processo seletivo com ingresso em agosto de 2023:<\/p>\n<table>\n<tbody>\n<tr>\n<td width=\"280\"><strong>Candidata(o)<\/strong><\/td>\n<td width=\"215\"><strong>Orientador(a)\/<\/strong><\/p>\n<p><strong>Coorientador(a)<\/strong><\/td>\n<\/tr>\n<tr>\n<td width=\"280\">Aline da Rosa Silva<\/td>\n<td width=\"215\">Ros\u00e2ngela Zulian<\/td>\n<\/tr>\n<tr>\n<td width=\"280\">Ariana Bel\u00e9n Fuentes<\/td>\n<td width=\"215\">Luis Fernando Cerri<\/p>\n<p>Jana\u00edna de Paula<\/td>\n<\/tr>\n<tr>\n<td width=\"280\">Carolina Dias Rosa<\/td>\n<td width=\"215\">Erivan Karvat<\/td>\n<\/tr>\n<tr>\n<td width=\"280\">Daniel Lopes<\/td>\n<td width=\"215\">Ros\u00e2ngela Zulian<\/td>\n<\/tr>\n<tr>\n<td width=\"280\">Eduardo Augusto de Mello<\/td>\n<td width=\"215\">N\u00e9vio de Campos<\/td>\n<\/tr>\n<tr>\n<td width=\"280\">Felipe Andr\u00e9 Pedroso de Oliveira<\/td>\n<td width=\"215\">Robson Laverdi<\/td>\n<\/tr>\n<tr>\n<td width=\"280\">Felipe Zainedin<\/td>\n<td width=\"215\">Maria Julieta Weber<\/p>\n<p>Cl\u00e1udio Denipoti<\/td>\n<\/tr>\n<tr>\n<td width=\"280\">Filipe Henrique Mariani<\/td>\n<td width=\"215\">Maria Paula Costa<\/td>\n<\/tr>\n<tr>\n<td width=\"280\">Gabriele Alessandra de Lima Pedroso<\/td>\n<td width=\"215\">Robson Laverdi<\/td>\n<\/tr>\n<tr>\n<td width=\"280\">Guilherme Felipe de Castro<\/td>\n<td width=\"215\">Ros\u00e2ngela Zulian<\/td>\n<\/tr>\n<tr>\n<td width=\"280\">Mateus Menarim Moers<\/td>\n<td width=\"215\">Erivan Karvat<\/td>\n<\/tr>\n<tr>\n<td width=\"280\">Mauro S\u00e9rgio Souza Pinto<\/td>\n<td width=\"215\">Edson A. Silva<\/td>\n<\/tr>\n<tr>\n<td width=\"280\">Murilo Carlos Siqueira<\/td>\n<td width=\"215\">Alessandra I. de Carvalho<\/p>\n<p>Evelyn Nimmo<\/td>\n<\/tr>\n<tr>\n<td width=\"280\">Vitor Bomfim Lopes<\/td>\n<td width=\"215\">Alessandra I. de Carvalho<\/p>\n<p>Ilton Martins<\/td>\n<\/tr>\n<tr>\n<td width=\"280\">Waldece Wagner Alexandre de Souza<\/td>\n<td width=\"215\">Robson Laverdi<\/p>\n<p>Evelyn Nimmo<\/td>\n<\/tr>\n<tr>\n<td width=\"280\">Willian Mateus Lisboa<\/td>\n<td width=\"215\">Alessandra I. de Carvalho<\/td>\n<\/tr>\n<\/tbody>\n<\/table>\n<ol>\n<li>As matr\u00edculas dever\u00e3o ser realizadas entre os dias 01 e 07 de agosto de 2023, via sistema ACAD, on-line na p\u00e1gina da UEPG.<\/li>\n<li>O in\u00edcio das aulas ser\u00e1 no dia 14 de agosto de 2023.<\/li>\n<li>A coordena\u00e7\u00e3o do PPGH entrar\u00e1 em contato antecipadamente com os\/as candidatos(as) aprovados(as) para instru\u00e7\u00f5es sobre as disciplinas a serem cursadas.<\/li>\n<\/ol>\n<p>&nbsp;<\/p>\n<p style=\"text-align: right\">Ponta Grossa, 19 de julho de 2023.<\/p>\n<p style=\"text-align: right\">Coordena\u00e7\u00e3o do PPGH<\/p>\n","protected":false},"excerpt":{"rendered":"<p>&nbsp; &nbsp; &nbsp; EDITAL PPGH UEPG 09\/2023 RELA\u00c7\u00c3O DOS(AS) CANDIDATOS(AS) APROVADOS(AS) NO PROCESSO SELETIVO DE 2023 &nbsp; A Coordena\u00e7\u00e3o do Programa de P\u00f3s-Gradua\u00e7\u00e3o em Hist\u00f3ria (PPGH) da Universidade Estadual de Ponta Grossa, no uso de suas atribui\u00e7\u00f5es, considerando o que prev\u00ea o Edital PPGH 05\/2023 e 08\/2023 e em aten\u00e7\u00e3o \u00e0 delibera\u00e7\u00e3o da Comiss\u00e3o de&nbsp;&hellip;<\/p>\n","protected":false},"author":188,"featured_media":0,"parent":0,"menu_order":0,"comment_status":"closed","ping_status":"closed","template":"","meta":[],"_links":{"self":[{"href":"https:\/\/www2.uepg.br\/ppgh\/wp-json\/wp\/v2\/pages\/908"}],"collection":[{"href":"https:\/\/www2.uepg.br\/ppgh\/wp-json\/wp\/v2\/pages"}],"about":[{"href":"https:\/\/www2.uepg.br\/ppgh\/wp-json\/wp\/v2\/types\/page"}],"author":[{"embeddable":true,"href":"https:\/\/www2.uepg.br\/ppgh\/wp-json\/wp\/v2\/users\/188"}],"replies":[{"embeddable":true,"href":"https:\/\/www2.uepg.br\/ppgh\/wp-json\/wp\/v2\/comments?post=908"}],"version-history":[{"count":6,"href":"https:\/\/www2.uepg.br\/ppgh\/wp-json\/wp\/v2\/pages\/908\/revisions"}],"predecessor-version":[{"id":1038,"href":"https:\/\/www2.uepg.br\/ppgh\/wp-json\/wp\/v2\/pages\/908\/revisions\/1038"}],"wp:attachment":[{"href":"https:\/\/www2.uepg.br\/ppgh\/wp-json\/wp\/v2\/media?parent=908"}],"curies":[{"name":"wp","href":"https:\/\/api.w.org\/{rel}","templated":true}]}}