{"id":914,"date":"2023-07-20T13:54:44","date_gmt":"2023-07-20T16:54:44","guid":{"rendered":"https:\/\/www2.uepg.br\/ppgh\/?page_id=914"},"modified":"2023-07-20T13:54:55","modified_gmt":"2023-07-20T16:54:55","slug":"edital-ppgh-10-2023","status":"publish","type":"page","link":"https:\/\/www2.uepg.br\/ppgh\/edital-ppgh-10-2023\/","title":{"rendered":"Edital PPGH 10 2023"},"content":{"rendered":"<p><img loading=\"lazy\" class=\"alignright size-full wp-image-278\" src=\"http:\/\/www2.uepg.br\/ppgh\/wp-content\/uploads\/sites\/131\/2021\/02\/imagem_2021-02-17_133847.png\" alt=\"\" width=\"257\" height=\"67\" \/><\/p>\n<p>&nbsp;<\/p>\n<p>&nbsp;<\/p>\n<p>&nbsp;<\/p>\n<hr \/>\n<p><strong>EDITAL PPGH UEPG 10\/2023<\/strong><\/p>\n<p><strong>ELEI\u00c7\u00c3O DE REPRESENTANTES DOCENTES PARA O COLEGIADO DO PPGH PARA O PER\u00cdODO DE AGOSTO DE 2023 A JULHO DE 2025<\/strong><\/p>\n<p>&nbsp;<\/p>\n<p>A Coordena\u00e7\u00e3o do Programa de P\u00f3s-Gradua\u00e7\u00e3o em Hist\u00f3ria (PPGH) da Universidade Estadual de Ponta Grossa, no uso de suas atribui\u00e7\u00f5es, considerando o que prev\u00ea o Estatuto e o Regimento Geral da UEPG, convoca seus docentes para candidaturas e processo eleitoral para a escolha de 03 (tr\u00eas) representantes docentes para compor o Colegiado de Curso do Programa de P\u00f3s-Gradua\u00e7\u00e3o em Hist\u00f3ria para o per\u00edodo de 01 de agosto de 2023 a 31 de julho de 2025.<\/p>\n<ol>\n<li>Podem se candidatar os professores e professoras permanentes do Programa, regularmente credenciados no momento da inscri\u00e7\u00e3o.<\/li>\n<li>O prazo de inscri\u00e7\u00f5es vai de 20 a 24 de julho de 2023, exclusivamente pelo e-mail ppgh@uepg.br, com o assunto &#8220;ELEI\u00c7\u00c3O DE REPRESENTANTES DOCENTES 2023&#8221;, manifestando o interesse em concorrer a uma vaga e assumindo o compromisso de participar das reuni\u00f5es e comiss\u00f5es do Colegiado e demais atividades inerentes ao cargo.<\/li>\n<li>As elei\u00e7\u00f5es ocorreram por voto secreto, presencialmente, no dia 25 de julho, na sala da coordena\u00e7\u00e3o do PPGH, das 9:00 \u00e0s 17:00, sendo que as urnas ser\u00e3o abertas e a apura\u00e7\u00e3o realizada imediatamente ap\u00f3s este prazo.<\/li>\n<li>S\u00e3o votantes os docentes\u00a0 permanentes e colaboradores do Programa.<\/li>\n<li>Cada eleitor deve votar em tr\u00eas candidatos, sendo eleitos os 3 mais votados.<\/li>\n<li>Os crit\u00e9rios de desempate ser\u00e3o, pela ordem: maior quantidade de meses que o candidato \u00e9 credenciado ao Programa, maior tempo de carreira como docente efetivo em meses e maior idade.<\/li>\n<li>Cabe recurso a qualquer tempo, endere\u00e7ado \u00e0 Propesp por meio do SEI.<\/li>\n<li>Em caso de haver exatamente tr\u00eas candidaturas, ser\u00e3o eleitas por aclama\u00e7\u00e3o e ser\u00e1 suspenso o processo de vota\u00e7\u00e3o. Em caso de haver menos de tr\u00eas candidaturas, o prazo de inscri\u00e7\u00e3o e a data das elei\u00e7\u00f5es ser\u00e3o prorrogados.<\/li>\n<\/ol>\n<p style=\"text-align: right\">Ponta Grossa, 20 de julho de 2023<\/p>\n<p style=\"text-align: right\">A coordena\u00e7\u00e3o<\/p>\n","protected":false},"excerpt":{"rendered":"<p>&nbsp; &nbsp; &nbsp; EDITAL PPGH UEPG 10\/2023 ELEI\u00c7\u00c3O DE REPRESENTANTES DOCENTES PARA O COLEGIADO DO PPGH PARA O PER\u00cdODO DE AGOSTO DE 2023 A JULHO DE 2025 &nbsp; A Coordena\u00e7\u00e3o do Programa de P\u00f3s-Gradua\u00e7\u00e3o em Hist\u00f3ria (PPGH) da Universidade Estadual de Ponta Grossa, no uso de suas atribui\u00e7\u00f5es, considerando o que prev\u00ea o Estatuto e&nbsp;&hellip;<\/p>\n","protected":false},"author":188,"featured_media":0,"parent":0,"menu_order":0,"comment_status":"closed","ping_status":"closed","template":"","meta":[],"_links":{"self":[{"href":"https:\/\/www2.uepg.br\/ppgh\/wp-json\/wp\/v2\/pages\/914"}],"collection":[{"href":"https:\/\/www2.uepg.br\/ppgh\/wp-json\/wp\/v2\/pages"}],"about":[{"href":"https:\/\/www2.uepg.br\/ppgh\/wp-json\/wp\/v2\/types\/page"}],"author":[{"embeddable":true,"href":"https:\/\/www2.uepg.br\/ppgh\/wp-json\/wp\/v2\/users\/188"}],"replies":[{"embeddable":true,"href":"https:\/\/www2.uepg.br\/ppgh\/wp-json\/wp\/v2\/comments?post=914"}],"version-history":[{"count":2,"href":"https:\/\/www2.uepg.br\/ppgh\/wp-json\/wp\/v2\/pages\/914\/revisions"}],"predecessor-version":[{"id":917,"href":"https:\/\/www2.uepg.br\/ppgh\/wp-json\/wp\/v2\/pages\/914\/revisions\/917"}],"wp:attachment":[{"href":"https:\/\/www2.uepg.br\/ppgh\/wp-json\/wp\/v2\/media?parent=914"}],"curies":[{"name":"wp","href":"https:\/\/api.w.org\/{rel}","templated":true}]}}