{"id":919,"date":"2023-07-25T13:36:05","date_gmt":"2023-07-25T16:36:05","guid":{"rendered":"https:\/\/www2.uepg.br\/ppgh\/?page_id=919"},"modified":"2026-04-13T21:22:53","modified_gmt":"2026-04-14T00:22:53","slug":"edital-ppgh-06-2026","status":"publish","type":"page","link":"https:\/\/www2.uepg.br\/ppgh\/edital-ppgh-06-2026\/","title":{"rendered":"EDITAL PPGH 06\/2026"},"content":{"rendered":"<p style=\"text-align: right\">\u00a0<img loading=\"lazy\" class=\"alignnone size-full wp-image-278\" src=\"http:\/\/www2.uepg.br\/ppgh\/wp-content\/uploads\/sites\/131\/2021\/02\/imagem_2021-02-17_133847.png\" alt=\"\" width=\"257\" height=\"67\" \/><\/p>\n<hr \/>\n<h3><strong>EDITAL PPGH 06\/2026<\/strong><\/h3>\n<p><strong>\u00a0Aclama chapas inscritas para representa\u00e7\u00e3o discente no Colegiado do PPGH-UEPG e suspende o processo eleitoral.<\/strong><\/p>\n<p>&nbsp;<\/p>\n<p>A Coordena\u00e7\u00e3o do Programa de P\u00f3s-Gradua\u00e7\u00e3o em Hist\u00f3ria, da Universidade Estadual de Ponta Grossa, no uso de suas atribui\u00e7\u00f5es e, nos termos do edital PPGH UEPG 05\/2026, considerando que houve inscri\u00e7\u00e3o de apenas uma chapa para representa\u00e7\u00e3o discente, respectivamente dos cursos de mestrado e de doutorado ao Colegiado do Programa, ACLAMA a as chapas inscritas e SUSPENDE o processo eleitoral.<\/p>\n<ol>\n<li><span style=\"color: #000000\">Representantes discentes do mestrado aclamados para mandato de 1 de abril de 2026 a 31 de mar\u00e7o de 2027:<\/span><\/li>\n<\/ol>\n<div style=\"padding-left: 80px\"><span style=\"color: #000000\">Titular: <\/span><span style=\"color: #000000\">Gabriel Cesar Brun\u00f3rio<\/span><br \/>\n<span style=\"color: #000000\">RA 250402501000<\/span><br \/>\n<span style=\"color: #000000\">Suplente: <\/span><span style=\"color: #000000\">Isabela de F\u00e1tima Barboza de Melo<\/span><br \/>\n<span style=\"color: #000000\">RA 250402501004<\/span><\/div>\n<div>\n<p><span style=\"color: #000000\">2. Representantes discentes do\u00a0 doutorado aclamados para mandato de 1 de abril de 2026 a 31 de mar\u00e7o de 2027:<\/span><\/p>\n<\/div>\n<div style=\"padding-left: 80px\"><span style=\"color: #000000\">Titular:\u00a0Frederico Renan Hilgenberg Gomes<\/span><\/div>\n<div style=\"padding-left: 80px\"><span style=\"color: #000000\">RA 260314700010.<\/span><br \/>\n<span style=\"color: #000000\">Suplente:\u00a0Gustavo Fardin Anzuategui<\/span><\/div>\n<div style=\"padding-left: 80px\"><span style=\"color: #000000\">RA 260314700012.<\/span><\/div>\n<p>&nbsp;<\/p>\n<p style=\"text-align: right\">Ponta Grossa, 02 de abril de 2026.<\/p>\n<p style=\"text-align: right\">Coordena\u00e7\u00e3o do PPGH<\/p>\n","protected":false},"excerpt":{"rendered":"<p>\u00a0 EDITAL PPGH 06\/2026 \u00a0Aclama chapas inscritas para representa\u00e7\u00e3o discente no Colegiado do PPGH-UEPG e suspende o processo eleitoral. &nbsp; A Coordena\u00e7\u00e3o do Programa de P\u00f3s-Gradua\u00e7\u00e3o em Hist\u00f3ria, da Universidade Estadual de Ponta Grossa, no uso de suas atribui\u00e7\u00f5es e, nos termos do edital PPGH UEPG 05\/2026, considerando que houve inscri\u00e7\u00e3o de apenas uma chapa&nbsp;&hellip;<\/p>\n","protected":false},"author":188,"featured_media":0,"parent":0,"menu_order":0,"comment_status":"closed","ping_status":"closed","template":"","meta":[],"_links":{"self":[{"href":"https:\/\/www2.uepg.br\/ppgh\/wp-json\/wp\/v2\/pages\/919"}],"collection":[{"href":"https:\/\/www2.uepg.br\/ppgh\/wp-json\/wp\/v2\/pages"}],"about":[{"href":"https:\/\/www2.uepg.br\/ppgh\/wp-json\/wp\/v2\/types\/page"}],"author":[{"embeddable":true,"href":"https:\/\/www2.uepg.br\/ppgh\/wp-json\/wp\/v2\/users\/188"}],"replies":[{"embeddable":true,"href":"https:\/\/www2.uepg.br\/ppgh\/wp-json\/wp\/v2\/comments?post=919"}],"version-history":[{"count":5,"href":"https:\/\/www2.uepg.br\/ppgh\/wp-json\/wp\/v2\/pages\/919\/revisions"}],"predecessor-version":[{"id":1513,"href":"https:\/\/www2.uepg.br\/ppgh\/wp-json\/wp\/v2\/pages\/919\/revisions\/1513"}],"wp:attachment":[{"href":"https:\/\/www2.uepg.br\/ppgh\/wp-json\/wp\/v2\/media?parent=919"}],"curies":[{"name":"wp","href":"https:\/\/api.w.org\/{rel}","templated":true}]}}