{"id":966,"date":"2023-08-15T14:56:00","date_gmt":"2023-08-15T17:56:00","guid":{"rendered":"https:\/\/www2.uepg.br\/ppgh\/?page_id=966"},"modified":"2023-08-15T16:30:22","modified_gmt":"2023-08-15T19:30:22","slug":"edital-ppgh-14-2023","status":"publish","type":"page","link":"https:\/\/www2.uepg.br\/ppgh\/edital-ppgh-14-2023\/","title":{"rendered":"Edital PPGH 14\/2023"},"content":{"rendered":"<p><img class=\"alignright\" src=\"http:\/\/www2.uepg.br\/ppgh\/wp-content\/uploads\/sites\/131\/2021\/02\/imagem_2021-02-17_133847.png\" \/><\/p>\n<p>&nbsp;<\/p>\n<p>&nbsp;<\/p>\n<p>&nbsp;<\/p>\n<hr \/>\n<h3>EDITAL PPGH 14\/2023<\/h3>\n<h3>APROVA\u00c7\u00c3O DE INSCRI\u00c7\u00d5ES DE ALUNOS ESPECIAIS EM DISCIPLINAS ISOLADAS NO MESTRADO EM HIST\u00d3RIA, CULTURA &amp; IDENTIDADES NO SEGUNDO SEMESTRE DE 2023<\/h3>\n<p><strong>T\u00f3picos especiais\u00a0em Hist\u00f3ria, cultura e educa\u00e7\u00e3o na Am\u00e9rica Ib\u00e9rica\u00a0<\/strong><\/p>\n<p>Inscri\u00e7\u00f5es aprovadas:<br \/>\n<span data-contrast=\"auto\">Andri\u00e9li Gmach <\/span><span data-ccp-props=\"{&quot;201341983&quot;:0,&quot;335559739&quot;:160,&quot;335559740&quot;:259}\"><br \/>\n<\/span>Matheus Dos Santos Fernandes<\/p>\n<p><strong>T\u00f3picos especiais em Hist\u00f3ria Social e Mundos do Trabalho<\/strong><\/p>\n<p>Inscri\u00e7\u00f5es aprovadas:<br \/>\nAmanda Taeli Rodrigues<br \/>\nMarcos Pereira dos Santos<\/p>\n<p><strong>N\u00facleo de Pesquisas em Hist\u00f3ria e Religi\u00e3o I<\/strong><\/p>\n<p>Inscri\u00e7\u00f5es aprovadas:<br \/>\nAmanda Christine Orza<br \/>\nVinicius de Almeida<\/p>\n<p><strong>N\u00facleo de Pesquisas em Hist\u00f3ria Intelectual I<\/strong><\/p>\n<p>Inscri\u00e7\u00f5es aprovadas:<br \/>\nIsabele Foga\u00e7a de Almeida<\/p>\n<p><strong>N\u00facleo de Pesquisas em Did\u00e1tica da Hist\u00f3ria I<\/strong><\/p>\n<p>Inscri\u00e7\u00f5es aprovadas:<br \/>\nElaine Aparecida Mayer<br \/>\nMelina Lima Pinotti<br \/>\nFrancisca Abrantes Soares<br \/>\nAlerson Domingues<br \/>\nRita Aparecida Carneiro<br \/>\nEduardo Terleski<\/p>\n<p><strong>Teoria da Hist\u00f3ria<\/strong><\/p>\n<p>Inscri\u00e7\u00f5es aprovadas:<br \/>\nJacqueline Aparecida Bueno Machado<\/p>\n<p>&nbsp;<\/p>\n<p>As aulas presenciais ser\u00e3o no Museu Campos Gerais e iniciam no dia 16 de agosto (quarta-feira). Para as participa\u00e7\u00f5es a dist\u00e2ncia, aguardem contato do docente da disciplina.<\/p>\n<p style=\"text-align: right\">Ponta Grossa, 15 de agosto de 2023.<br \/>\nCoordena\u00e7\u00e3o do PPGH<\/p>\n","protected":false},"excerpt":{"rendered":"<p>&nbsp; &nbsp; &nbsp; EDITAL PPGH 14\/2023 APROVA\u00c7\u00c3O DE INSCRI\u00c7\u00d5ES DE ALUNOS ESPECIAIS EM DISCIPLINAS ISOLADAS NO MESTRADO EM HIST\u00d3RIA, CULTURA &amp; IDENTIDADES NO SEGUNDO SEMESTRE DE 2023 T\u00f3picos especiais\u00a0em Hist\u00f3ria, cultura e educa\u00e7\u00e3o na Am\u00e9rica Ib\u00e9rica\u00a0 Inscri\u00e7\u00f5es aprovadas: Andri\u00e9li Gmach Matheus Dos Santos Fernandes T\u00f3picos especiais em Hist\u00f3ria Social e Mundos do Trabalho Inscri\u00e7\u00f5es aprovadas:&nbsp;&hellip;<\/p>\n","protected":false},"author":188,"featured_media":0,"parent":0,"menu_order":0,"comment_status":"closed","ping_status":"closed","template":"","meta":[],"_links":{"self":[{"href":"https:\/\/www2.uepg.br\/ppgh\/wp-json\/wp\/v2\/pages\/966"}],"collection":[{"href":"https:\/\/www2.uepg.br\/ppgh\/wp-json\/wp\/v2\/pages"}],"about":[{"href":"https:\/\/www2.uepg.br\/ppgh\/wp-json\/wp\/v2\/types\/page"}],"author":[{"embeddable":true,"href":"https:\/\/www2.uepg.br\/ppgh\/wp-json\/wp\/v2\/users\/188"}],"replies":[{"embeddable":true,"href":"https:\/\/www2.uepg.br\/ppgh\/wp-json\/wp\/v2\/comments?post=966"}],"version-history":[{"count":2,"href":"https:\/\/www2.uepg.br\/ppgh\/wp-json\/wp\/v2\/pages\/966\/revisions"}],"predecessor-version":[{"id":969,"href":"https:\/\/www2.uepg.br\/ppgh\/wp-json\/wp\/v2\/pages\/966\/revisions\/969"}],"wp:attachment":[{"href":"https:\/\/www2.uepg.br\/ppgh\/wp-json\/wp\/v2\/media?parent=966"}],"curies":[{"name":"wp","href":"https:\/\/api.w.org\/{rel}","templated":true}]}}