{"id":999,"date":"2023-10-06T10:30:33","date_gmt":"2023-10-06T13:30:33","guid":{"rendered":"https:\/\/www2.uepg.br\/ppgh\/?page_id=999"},"modified":"2023-10-06T10:34:11","modified_gmt":"2023-10-06T13:34:11","slug":"edital-ppgh-16-2023","status":"publish","type":"page","link":"https:\/\/www2.uepg.br\/ppgh\/edital-ppgh-16-2023\/","title":{"rendered":"Edital PPGH 16 2023"},"content":{"rendered":"<p><img loading=\"lazy\" class=\"alignright size-full wp-image-278\" src=\"http:\/\/www2.uepg.br\/ppgh\/wp-content\/uploads\/sites\/131\/2021\/02\/imagem_2021-02-17_133847.png\" alt=\"\" width=\"257\" height=\"67\" \/><\/p>\n<p>&nbsp;<\/p>\n<p>&nbsp;<\/p>\n<p>&nbsp;<\/p>\n<hr \/>\n<p><strong>EDITAL PPGH UEPG 16\/2023 &#8211;\u00a0<\/strong><strong>SELE\u00c7\u00c3O PARA BOLSAS DE DEMANDA SOCIAL<\/strong><\/p>\n<p><strong>\u00a0<\/strong><\/p>\n<p>O Programa de Mestrado em Hist\u00f3ria, Cultura e Identidades realizar\u00e1 sele\u00e7\u00e3o de alunos para Bolsas eventualmente concedidas at\u00e9 mar\u00e7o de 2023.<\/p>\n<p>Tem direito a concorrer no Processo de Sele\u00e7\u00e3o os alunos regulares que possam se\u00a0 \u00a0dedicar\u00a0\u00a0 integralmente\u00a0 \u00a0\u00e0s\u00a0 \u00a0atividades\u00a0\u00a0 do\u00a0 \u00a0Programa, ou seja, que n\u00e3o mantenham v\u00ednculo empregat\u00edcio ou que estejam liberados de suas atividades profissionais \u00a0sem \u00a0recebimento \u00a0de \u00a0vencimentos \u00a0(excluem-se \u00a0neste \u00a0\u00faltimo \u00a0os integrantes do quadro funcional da UEPG).<\/p>\n<p>Apenas em caso de bolsa CAPES, ser\u00e1 permitido o v\u00ednculo empregat\u00edcio comprovado de at\u00e9 20 horas em atividade de doc\u00eancia (Hist\u00f3ria) ou de atividade profissional diretamente relacionada a tem\u00e1tica de pesquisa, ap\u00f3s aprova\u00e7\u00e3o do orientador e do Colegiado do PPGH.<\/p>\n<p>A dedica\u00e7\u00e3o integral implica, al\u00e9m do acompanhamento dos cr\u00e9ditos, 20 horas\u00a0semanais de perman\u00eancia nas depend\u00eancias do PPGH UEPG, distribu\u00eddas entre atividades de laborat\u00f3rio, de campo, de est\u00e1gio de doc\u00eancia e outras, atribu\u00eddas e supervisionadas pelo orientador.<\/p>\n<p>Os candidatos \u00e0 bolsa ser\u00e3o selecionados mediante inscri\u00e7\u00e3o junto ao PPGH \u2013 atrav\u00e9s, exclusivamente, do envio por e-mail (ppgh.uepg@gmail.com) \u2013\u00a0<strong>entre 6 a 13\/10\/2023<\/strong>, enviando na mensagem de inscri\u00e7\u00e3o os documentos e informa\u00e7\u00f5es informados no item 1 do documento \u201cCrit\u00e9rios para solicita\u00e7\u00e3o e concess\u00e3o de bolsas de estudo no Programa de P\u00f3s-gradua\u00e7\u00e3o em Hist\u00f3ria da UEPG\u201d, dispon\u00edvel no <a href=\"http:\/\/www2.uepg.br\/ppgh\/wp-content\/uploads\/sites\/131\/2023\/10\/Anexo-I-criterios-para-selecao-de-bolsistas-2023.pdf\">Anexo I<\/a> do presente edital, juntamente com\u00a0documenta\u00e7\u00e3o comprobat\u00f3ria, se for o caso, de participa\u00e7\u00e3o do(a) interessado(o) ou de sua fam\u00edlia em programas sociais p\u00fablicos de distribui\u00e7\u00e3o de renda e\/ou de haver sido admitido(a) na gradua\u00e7\u00e3o como cotista social ou racial.<\/p>\n<p>Os crit\u00e9rios de sele\u00e7\u00e3o est\u00e3o dispon\u00edveis no mesmo documento cujo link segue acima.<\/p>\n<p><strong>Obrigatoriamente o e-mail de inscri\u00e7\u00e3o dever\u00e1 apresentar no campo ASSUNTO o\u00a0<\/strong><strong>se<\/strong><strong>guinte texto: INSCRI\u00c7\u00c3O BOLSA<\/strong><\/p>\n<p>&nbsp;<\/p>\n<p style=\"text-align: right\">Ponta Grossa, 06 de outubro de 2023<\/p>\n<p style=\"text-align: right\">Colegiado do PPGH<\/p>\n<p><a href=\"http:\/\/www2.uepg.br\/ppgh\/wp-content\/uploads\/sites\/131\/2023\/10\/Anexo-I-criterios-para-selecao-de-bolsistas-2023.pdf\">Anexo I &#8211; criterios para selecao de bolsistas &#8211; 2023<\/a><\/p>\n","protected":false},"excerpt":{"rendered":"<p>&nbsp; &nbsp; &nbsp; EDITAL PPGH UEPG 16\/2023 &#8211;\u00a0SELE\u00c7\u00c3O PARA BOLSAS DE DEMANDA SOCIAL \u00a0 O Programa de Mestrado em Hist\u00f3ria, Cultura e Identidades realizar\u00e1 sele\u00e7\u00e3o de alunos para Bolsas eventualmente concedidas at\u00e9 mar\u00e7o de 2023. Tem direito a concorrer no Processo de Sele\u00e7\u00e3o os alunos regulares que possam se\u00a0 \u00a0dedicar\u00a0\u00a0 integralmente\u00a0 \u00a0\u00e0s\u00a0 \u00a0atividades\u00a0\u00a0 do\u00a0 \u00a0Programa,&nbsp;&hellip;<\/p>\n","protected":false},"author":188,"featured_media":0,"parent":0,"menu_order":0,"comment_status":"closed","ping_status":"closed","template":"","meta":[],"_links":{"self":[{"href":"https:\/\/www2.uepg.br\/ppgh\/wp-json\/wp\/v2\/pages\/999"}],"collection":[{"href":"https:\/\/www2.uepg.br\/ppgh\/wp-json\/wp\/v2\/pages"}],"about":[{"href":"https:\/\/www2.uepg.br\/ppgh\/wp-json\/wp\/v2\/types\/page"}],"author":[{"embeddable":true,"href":"https:\/\/www2.uepg.br\/ppgh\/wp-json\/wp\/v2\/users\/188"}],"replies":[{"embeddable":true,"href":"https:\/\/www2.uepg.br\/ppgh\/wp-json\/wp\/v2\/comments?post=999"}],"version-history":[{"count":1,"href":"https:\/\/www2.uepg.br\/ppgh\/wp-json\/wp\/v2\/pages\/999\/revisions"}],"predecessor-version":[{"id":1001,"href":"https:\/\/www2.uepg.br\/ppgh\/wp-json\/wp\/v2\/pages\/999\/revisions\/1001"}],"wp:attachment":[{"href":"https:\/\/www2.uepg.br\/ppgh\/wp-json\/wp\/v2\/media?parent=999"}],"curies":[{"name":"wp","href":"https:\/\/api.w.org\/{rel}","templated":true}]}}