{"id":101,"date":"2019-07-02T10:24:06","date_gmt":"2019-07-02T13:24:06","guid":{"rendered":"http:\/\/www2.uepg.br\/ppgjor\/?page_id=101"},"modified":"2026-04-08T16:32:30","modified_gmt":"2026-04-08T19:32:30","slug":"documentos","status":"publish","type":"page","link":"https:\/\/www2.uepg.br\/ppgjor\/documentos\/","title":{"rendered":"DOCUMENTOS"},"content":{"rendered":"<p><strong>OF\u00cdCIOS<\/strong><\/p>\n<ol>\n<li><a href=\"http:\/\/www2.uepg.br\/ppgjor\/wp-content\/uploads\/sites\/26\/2024\/09\/oficioauxiliofinanceiro.pdf\" target=\"_blank\" rel=\"noopener noreferrer\">Of\u00edcio para Aux\u00edlio Financeiro<\/a><\/li>\n<li><a href=\"http:\/\/www2.uepg.br\/ppgjor\/wp-content\/uploads\/sites\/26\/2024\/09\/oficiodefesadissertacao.pdf\" target=\"_blank\" rel=\"noopener noreferrer\">Of\u00edcio para Defesa da Disserta\u00e7\u00e3o<\/a><\/li>\n<\/ol>\n<p><strong>REGULAMENTOS<\/strong><\/p>\n<ol>\n<li><a href=\"http:\/\/www2.uepg.br\/ppgjor\/wp-content\/uploads\/sites\/26\/2019\/09\/REGULAMENTO-DO-MESTRADO-JORNALISMO.pdf\">Regulamento do Programa de P\u00f3s-Gradua\u00e7\u00e3o Mestrado em Jornalismo (V\u00e1lido at\u00e9 agosto\/2025)<\/a><\/li>\n<li><a href=\"http:\/\/www2.uepg.br\/ppgjor\/wp-content\/uploads\/sites\/26\/2025\/11\/Regulamento-Mestrado-e-Doutorado.pdf\">Regulamento do Programa de P\u00f3s-Gradua\u00e7\u00e3o Mestrado e Doutorado em Jornalismo (V\u00e1lido a partir de setembro de 2025)<\/a><\/li>\n<li><a href=\"http:\/\/www2.uepg.br\/ppgjor\/wp-content\/uploads\/sites\/26\/2019\/07\/regulaestagio.pdf\" target=\"_blank\" rel=\"noopener noreferrer\">Regulamento de est\u00e1gio de p\u00f3s-doutorado UEPG<\/a><\/li>\n<li><a href=\"http:\/\/www2.uepg.br\/ppgjor\/wp-content\/uploads\/sites\/26\/2019\/07\/regulamento.pdf\" target=\"_blank\" rel=\"noopener noreferrer\">Regulamento de est\u00e1gio de doc\u00eancia de discentes<\/a><\/li>\n<li><a href=\"http:\/\/www2.uepg.br\/ppgjor\/wp-content\/uploads\/sites\/26\/2022\/10\/Atividades-estagio-pos-doc.pdf\" target=\"_blank\" rel=\"noopener noreferrer\">Atividades de est\u00e1gio de p\u00f3s-doutorado PPG Jornalismo UEPG<\/a><\/li>\n<\/ol>\n<p><strong>RELAT\u00d3RIOS<\/strong><\/p>\n<ol>\n<li><a href=\"http:\/\/www2.uepg.br\/ppgjor\/wp-content\/uploads\/sites\/26\/2024\/09\/Relatorio-de-atividades-discentes.pdf\" target=\"_blank\" rel=\"noopener noreferrer\">Relat\u00f3rio de Atividades discentes<\/a><\/li>\n<li><a href=\"http:\/\/www2.uepg.br\/ppgjor\/wp-content\/uploads\/sites\/26\/2024\/09\/relatoriodocente.pdf\" target=\"_blank\" rel=\"noopener noreferrer\">Relat\u00f3rio de Atividades docentes<\/a><\/li>\n<li><a href=\"http:\/\/www2.uepg.br\/ppgjor\/wp-content\/uploads\/sites\/26\/2024\/09\/Modelo_RelatorioEstagioDocencia.pdf\" target=\"_blank\" rel=\"noopener noreferrer\">Relat\u00f3rio de Est\u00e1gio de Doc\u00eancia<\/a><\/li>\n<li><a href=\"http:\/\/www2.uepg.br\/ppgjor\/wp-content\/uploads\/sites\/26\/2026\/03\/modelo-relatorio-capes-2026.pdf\">Relat\u00f3rio semestral para bolsistas<\/a><\/li>\n<\/ol>\n<p><strong>SOLICITA\u00c7\u00d5ES<\/strong><\/p>\n<ol>\n<li><a href=\"http:\/\/www2.uepg.br\/ppgjor\/wp-content\/uploads\/sites\/26\/2024\/11\/oficiosolicitacaoexamequalificacao-1.pdf\" target=\"_blank\" rel=\"noopener noreferrer\">Solicita\u00e7\u00e3o do Exame de Qualifica\u00e7\u00e3o<\/a><\/li>\n<li><a href=\"http:\/\/www2.uepg.br\/ppgjor\/wp-content\/uploads\/sites\/26\/2024\/09\/termoautorizacaopulicacao.pdf\" target=\"_blank\" rel=\"noopener noreferrer\">Termo de autoriza\u00e7\u00e3o para publica\u00e7\u00e3o eletr\u00f4nica da disserta\u00e7\u00e3o<\/a><\/li>\n<li><a href=\"http:\/\/www2.uepg.br\/ppgjor\/wp-content\/uploads\/sites\/26\/2024\/09\/intercambio.pdf\" target=\"_blank\" rel=\"noopener noreferrer\">Formul\u00e1rio base para interc\u00e2mbio<\/a><\/li>\n<li><a href=\"http:\/\/www2.uepg.br\/ppgjor\/wp-content\/uploads\/sites\/26\/2024\/09\/prorrogacaodissertacao.pdf\" target=\"_blank\" rel=\"noopener noreferrer\">Pedido de prorroga\u00e7\u00e3o de prazo para a defesa<\/a><\/li>\n<\/ol>\n<p><strong>ORIENTA\u00c7\u00d5ES<\/strong><\/p>\n<ol>\n<li><a href=\"http:\/\/www2.uepg.br\/ppgjor\/wp-content\/uploads\/sites\/26\/2026\/03\/Ficha-Validacao-Creditos-1.pdf\">Ficha de valida\u00e7\u00e3o dos cr\u00e9ditos<\/a><\/li>\n<li><a href=\"http:\/\/www2.uepg.br\/ppgjor\/wp-content\/uploads\/sites\/26\/2019\/07\/sufici\u00eancia-em-L\u00edngua-Estrangeira.pdf\" target=\"_blank\" rel=\"noopener noreferrer\">Exame de Sufici\u00eancia em L\u00edngua Estrangeira<\/a><\/li>\n<li><a href=\"http:\/\/www2.uepg.br\/ppgjor\/wp-content\/uploads\/sites\/26\/2024\/09\/intercambio-1.pdf\" target=\"_blank\" rel=\"noopener noreferrer\">Formul\u00e1rio base para interc\u00e2mbio<\/a><\/li>\n<li><a href=\"http:\/\/www2.uepg.br\/ppgjor\/wp-content\/uploads\/sites\/26\/2019\/07\/qualificacao.pdf\" target=\"_blank\" rel=\"noopener noreferrer\">Qualifica\u00e7\u00e3o &#8211; orienta\u00e7\u00f5es para formata\u00e7\u00e3o e entrega do documento<\/a><\/li>\n<li><a href=\"http:\/\/www2.uepg.br\/ppgjor\/wp-content\/uploads\/sites\/26\/2026\/03\/Sobre-o-termo-de-autorizacao-para-publicacao-na-BDTD.pdf.pdf\">Sobre o termo de autoriza\u00e7\u00e3o para publica\u00e7\u00e3o na BDTD<\/a><\/li>\n<li><a href=\"http:\/\/www2.uepg.br\/ppgjor\/wp-content\/uploads\/sites\/26\/2026\/04\/Orientacoes-para-producao-do-Memorial_-Relatorio-Analitico.docx.pdf\">Orienta\u00e7\u00f5es para produ\u00e7\u00e3o do Memorial\/ Relat\u00f3rio Anal\u00edtico<\/a><\/li>\n<li><a href=\"http:\/\/www2.uepg.br\/ppgjor\/wp-content\/uploads\/sites\/26\/2026\/04\/Criterios-para-Escolha-de-Bolsistas-PPGJor.docx.pdf\">Detalhamento dos Crit\u00e9rios para Escolha de Bolsistas- PPGJor<\/a><\/li>\n<\/ol>\n<p>&nbsp;<\/p>\n<p>&nbsp;<\/p>\n","protected":false},"excerpt":{"rendered":"<p>OF\u00cdCIOS Of\u00edcio para Aux\u00edlio Financeiro Of\u00edcio para Defesa da Disserta\u00e7\u00e3o REGULAMENTOS Regulamento do Programa de P\u00f3s-Gradua\u00e7\u00e3o Mestrado em Jornalismo (V\u00e1lido at\u00e9 agosto\/2025) Regulamento do Programa de P\u00f3s-Gradua\u00e7\u00e3o Mestrado e Doutorado em Jornalismo (V\u00e1lido a partir de setembro de 2025) Regulamento de est\u00e1gio de p\u00f3s-doutorado UEPG Regulamento de est\u00e1gio de doc\u00eancia de discentes Atividades de est\u00e1gio&nbsp;&hellip;<\/p>\n","protected":false},"author":24,"featured_media":0,"parent":0,"menu_order":0,"comment_status":"closed","ping_status":"closed","template":"","meta":[],"_links":{"self":[{"href":"https:\/\/www2.uepg.br\/ppgjor\/wp-json\/wp\/v2\/pages\/101"}],"collection":[{"href":"https:\/\/www2.uepg.br\/ppgjor\/wp-json\/wp\/v2\/pages"}],"about":[{"href":"https:\/\/www2.uepg.br\/ppgjor\/wp-json\/wp\/v2\/types\/page"}],"author":[{"embeddable":true,"href":"https:\/\/www2.uepg.br\/ppgjor\/wp-json\/wp\/v2\/users\/24"}],"replies":[{"embeddable":true,"href":"https:\/\/www2.uepg.br\/ppgjor\/wp-json\/wp\/v2\/comments?post=101"}],"version-history":[{"count":40,"href":"https:\/\/www2.uepg.br\/ppgjor\/wp-json\/wp\/v2\/pages\/101\/revisions"}],"predecessor-version":[{"id":4037,"href":"https:\/\/www2.uepg.br\/ppgjor\/wp-json\/wp\/v2\/pages\/101\/revisions\/4037"}],"wp:attachment":[{"href":"https:\/\/www2.uepg.br\/ppgjor\/wp-json\/wp\/v2\/media?parent=101"}],"curies":[{"name":"wp","href":"https:\/\/api.w.org\/{rel}","templated":true}]}}