{"id":122,"date":"2019-07-02T10:31:11","date_gmt":"2019-07-02T13:31:11","guid":{"rendered":"http:\/\/www2.uepg.br\/ppgjor\/?page_id=122"},"modified":"2023-05-04T14:45:24","modified_gmt":"2023-05-04T17:45:24","slug":"noticias","status":"publish","type":"page","link":"https:\/\/www2.uepg.br\/ppgjor\/noticias\/","title":{"rendered":"NOT\u00cdCIAS"},"content":{"rendered":"<p><span style=\"color: #ff0000\">N\u00e3o edite essa p\u00e1gina<\/span>, utilize os POSTS para publicar novas not\u00edcias, elas ser\u00e3o adicionadas a essa p\u00e1gina automaticamente!<\/p>\n","protected":false},"excerpt":{"rendered":"<p>N\u00e3o edite essa p\u00e1gina, utilize os POSTS para publicar novas not\u00edcias, elas ser\u00e3o adicionadas a essa p\u00e1gina automaticamente!<\/p>\n","protected":false},"author":24,"featured_media":0,"parent":0,"menu_order":0,"comment_status":"closed","ping_status":"closed","template":"","meta":[],"_links":{"self":[{"href":"https:\/\/www2.uepg.br\/ppgjor\/wp-json\/wp\/v2\/pages\/122"}],"collection":[{"href":"https:\/\/www2.uepg.br\/ppgjor\/wp-json\/wp\/v2\/pages"}],"about":[{"href":"https:\/\/www2.uepg.br\/ppgjor\/wp-json\/wp\/v2\/types\/page"}],"author":[{"embeddable":true,"href":"https:\/\/www2.uepg.br\/ppgjor\/wp-json\/wp\/v2\/users\/24"}],"replies":[{"embeddable":true,"href":"https:\/\/www2.uepg.br\/ppgjor\/wp-json\/wp\/v2\/comments?post=122"}],"version-history":[{"count":1,"href":"https:\/\/www2.uepg.br\/ppgjor\/wp-json\/wp\/v2\/pages\/122\/revisions"}],"predecessor-version":[{"id":123,"href":"https:\/\/www2.uepg.br\/ppgjor\/wp-json\/wp\/v2\/pages\/122\/revisions\/123"}],"wp:attachment":[{"href":"https:\/\/www2.uepg.br\/ppgjor\/wp-json\/wp\/v2\/media?parent=122"}],"curies":[{"name":"wp","href":"https:\/\/api.w.org\/{rel}","templated":true}]}}