{"id":129,"date":"2019-07-02T10:42:27","date_gmt":"2019-07-02T13:42:27","guid":{"rendered":"http:\/\/www2.uepg.br\/ppgjor\/?page_id=129"},"modified":"2025-06-04T13:52:56","modified_gmt":"2025-06-04T16:52:56","slug":"calendario-de-eventos","status":"publish","type":"page","link":"https:\/\/www2.uepg.br\/ppgjor\/calendario-de-eventos\/","title":{"rendered":"Hist\u00f3rico de eventos"},"content":{"rendered":"<p style=\"text-align: center\"><strong>2020<\/strong><\/p>\n<p>&nbsp;<\/p>\n<p><strong><img loading=\"lazy\" class=\"wp-image-1003 alignleft\" src=\"http:\/\/www2.uepg.br\/ppgjor\/wp-content\/uploads\/sites\/26\/2020\/02\/8m.jpg\" alt=\"\" width=\"221\" height=\"313\" \/>MULHERES E DIREITOS: ENFRENTAMENTO DE VIOL\u00caNCIAS M\u00daLTIPLAS<\/strong><\/p>\n<p>Data: 04 de mar\u00e7o de 2020<\/p>\n<p>Local: Universidade Estadual de Ponta Grossa (UEPG)<\/p>\n<p>&nbsp;<\/p>\n<p>&nbsp;<\/p>\n<p>&nbsp;<\/p>\n<p>&nbsp;<\/p>\n<p>&nbsp;<\/p>\n<p>&nbsp;<\/p>\n<hr \/>\n<p><img loading=\"lazy\" class=\"size-medium wp-image-1086 alignleft\" src=\"http:\/\/www2.uepg.br\/ppgjor\/wp-content\/uploads\/sites\/26\/2020\/09\/para-publicacao-212x300.jpg\" alt=\"\" width=\"212\" height=\"300\" srcset=\"https:\/\/www2.uepg.br\/ppgjor\/wp-content\/uploads\/sites\/26\/2020\/09\/para-publicacao-212x300.jpg 212w, https:\/\/www2.uepg.br\/ppgjor\/wp-content\/uploads\/sites\/26\/2020\/09\/para-publicacao-724x1024.jpg 724w, https:\/\/www2.uepg.br\/ppgjor\/wp-content\/uploads\/sites\/26\/2020\/09\/para-publicacao-768x1086.jpg 768w, https:\/\/www2.uepg.br\/ppgjor\/wp-content\/uploads\/sites\/26\/2020\/09\/para-publicacao-1086x1536.jpg 1086w, https:\/\/www2.uepg.br\/ppgjor\/wp-content\/uploads\/sites\/26\/2020\/09\/para-publicacao-1448x2048.jpg 1448w, https:\/\/www2.uepg.br\/ppgjor\/wp-content\/uploads\/sites\/26\/2020\/09\/para-publicacao-1232x1743.jpg 1232w, https:\/\/www2.uepg.br\/ppgjor\/wp-content\/uploads\/sites\/26\/2020\/09\/para-publicacao-763x1080.jpg 763w, https:\/\/www2.uepg.br\/ppgjor\/wp-content\/uploads\/sites\/26\/2020\/09\/para-publicacao.jpg 1587w\" sizes=\"(max-width: 212px) 100vw, 212px\" \/><\/p>\n<p><strong>XXIII SEMIN\u00c1RIO DE INVERNO DE ESTUDOS EM COMUNICA\u00c7\u00c3O<\/strong><\/p>\n<p>Data: de 16 a 20 de novembro de 2020<\/p>\n<p>Tema: Demarca\u00e7\u00f5es, cen\u00e1rios e enfrentamentos regionais da pandemia no jornalismo brasileiro<\/p>\n<p>Local: evento no formato remoto<\/p>\n<p>&nbsp;<\/p>\n<p>&nbsp;<\/p>\n<p>&nbsp;<\/p>\n<p>&nbsp;<\/p>\n<hr \/>\n<p style=\"text-align: center\"><strong>2019<\/strong><\/p>\n<p><strong><img loading=\"lazy\" class=\"alignnone size-medium wp-image-873 alignleft\" src=\"http:\/\/www2.uepg.br\/ppgjor\/wp-content\/uploads\/sites\/26\/2019\/10\/DI\u00c1LOGOS-212x300.jpeg\" alt=\"\" width=\"212\" height=\"300\" srcset=\"https:\/\/www2.uepg.br\/ppgjor\/wp-content\/uploads\/sites\/26\/2019\/10\/DI\u00c1LOGOS-212x300.jpeg 212w, https:\/\/www2.uepg.br\/ppgjor\/wp-content\/uploads\/sites\/26\/2019\/10\/DI\u00c1LOGOS.jpeg 353w\" sizes=\"(max-width: 212px) 100vw, 212px\" \/>DI\u00c1LOGOS JORNALISMO, HIST\u00d3RIA E LITERATURA<\/strong><\/p>\n<p>Tema: <em>Marighella<\/em><\/p>\n<p>Data: 27 de mar\u00e7o de 2019<\/p>\n<p>Local: Universidade Estadual de Ponta Grossa (UEPG)<\/p>\n<p>&nbsp;<\/p>\n<p>&nbsp;<\/p>\n<p>&nbsp;<\/p>\n<p>&nbsp;<\/p>\n<hr \/>\n<p><strong><img loading=\"lazy\" class=\" wp-image-868 alignleft\" src=\"http:\/\/www2.uepg.br\/ppgjor\/wp-content\/uploads\/sites\/26\/2019\/10\/01-O-PAPEL-DA-M\u00cdDIA-212x300.jpg\" alt=\"\" width=\"192\" height=\"271\" srcset=\"https:\/\/www2.uepg.br\/ppgjor\/wp-content\/uploads\/sites\/26\/2019\/10\/01-O-PAPEL-DA-M\u00cdDIA-212x300.jpg 212w, https:\/\/www2.uepg.br\/ppgjor\/wp-content\/uploads\/sites\/26\/2019\/10\/01-O-PAPEL-DA-M\u00cdDIA.jpg 678w\" sizes=\"(max-width: 192px) 100vw, 192px\" \/><\/strong><\/p>\n<p><strong>O PAPEL DA M\u00cdDIA NA CONSTRU\u00c7\u00c3O DA HIST\u00d3RIA<\/strong><\/p>\n<p>Palestrante: Prof. Dr. Joan Pag\u00e8s Blanch (Universidade Aut\u00f4noma de Barcelona \u2013 Espanha)<\/p>\n<p>Data: 04 de abril de 2019<\/p>\n<p>Local: Universidade Estadual de Ponta Grossa (UEPG)<\/p>\n<p>&nbsp;<\/p>\n<p>&nbsp;<\/p>\n<p>&nbsp;<\/p>\n<p>&nbsp;<\/p>\n<hr \/>\n<p><img loading=\"lazy\" class=\"size-medium wp-image-893 alignleft\" src=\"http:\/\/www2.uepg.br\/ppgjor\/wp-content\/uploads\/sites\/26\/2019\/10\/WhatsApp-Image-2019-10-24-at-15.38.18-212x300.jpeg\" alt=\"\" width=\"212\" height=\"300\" srcset=\"https:\/\/www2.uepg.br\/ppgjor\/wp-content\/uploads\/sites\/26\/2019\/10\/WhatsApp-Image-2019-10-24-at-15.38.18-212x300.jpeg 212w, https:\/\/www2.uepg.br\/ppgjor\/wp-content\/uploads\/sites\/26\/2019\/10\/WhatsApp-Image-2019-10-24-at-15.38.18-768x1086.jpeg 768w, https:\/\/www2.uepg.br\/ppgjor\/wp-content\/uploads\/sites\/26\/2019\/10\/WhatsApp-Image-2019-10-24-at-15.38.18-724x1024.jpeg 724w, https:\/\/www2.uepg.br\/ppgjor\/wp-content\/uploads\/sites\/26\/2019\/10\/WhatsApp-Image-2019-10-24-at-15.38.18-764x1080.jpeg 764w, https:\/\/www2.uepg.br\/ppgjor\/wp-content\/uploads\/sites\/26\/2019\/10\/WhatsApp-Image-2019-10-24-at-15.38.18.jpeg 905w\" sizes=\"(max-width: 212px) 100vw, 212px\" \/><\/p>\n<p><strong>DIGITALIZA\u00c7\u00c3O, CATALOGA\u00c7\u00c3O E DIFUS\u00c3O: TRABALHANDO COM IMAGENS EM ACERVO<\/strong><\/p>\n<p>Palestrante: S\u00e9rgio Sakakibara (Museu da Imagem e do Som de Santa Catarina)<\/p>\n<p>Data: 05 de abril de 2019<\/p>\n<p>Local: Museu Campos Gerais<\/p>\n<p>&nbsp;<\/p>\n<p>&nbsp;<\/p>\n<p>&nbsp;<\/p>\n<p>&nbsp;<\/p>\n<hr \/>\n<p><img loading=\"lazy\" class=\"size-medium wp-image-851 alignleft\" src=\"http:\/\/www2.uepg.br\/ppgjor\/wp-content\/uploads\/sites\/26\/2019\/10\/6-Coloquio-Mulher-e-Sociedade-UEPG-300x168.jpg\" alt=\"\" width=\"300\" height=\"168\" srcset=\"https:\/\/www2.uepg.br\/ppgjor\/wp-content\/uploads\/sites\/26\/2019\/10\/6-Coloquio-Mulher-e-Sociedade-UEPG-300x168.jpg 300w, https:\/\/www2.uepg.br\/ppgjor\/wp-content\/uploads\/sites\/26\/2019\/10\/6-Coloquio-Mulher-e-Sociedade-UEPG.jpg 686w\" sizes=\"(max-width: 300px) 100vw, 300px\" \/><\/p>\n<p><a href=\"https:\/\/sites.uepg.br\/jornalismo\/ocs\/index.php\/6mulheresociedade\/index\/schedConfs\/current\"><strong>6\u00b0 COL\u00d3QUIO MULHER E SOCIEDADE<\/strong><\/a><\/p>\n<p><strong>Tema:<\/strong> <em>Mulheres e Redes: perspectivas de pesquisa e interven\u00e7\u00e3o em g\u00eanero<\/em><\/p>\n<p>Data: de 23 a 24 de abril de 2019<\/p>\n<p>Local: Universidade Estadual de Ponta Grossa (UEPG)<\/p>\n<p>&nbsp;<\/p>\n<hr \/>\n<p style=\"text-align: left\"><img loading=\"lazy\" class=\"size-full wp-image-853 alignleft\" src=\"http:\/\/www2.uepg.br\/ppgjor\/wp-content\/uploads\/sites\/26\/2019\/10\/download.jpg\" alt=\"\" width=\"267\" height=\"189\" \/><\/p>\n<p><strong><a href=\"https:\/\/enpj2019.wixsite.com\/enpj2019\">18\u00b0 ENCONTRO NACIONAL DE PROFESSORES DE JORNALISMO<\/a><\/strong><\/p>\n<p>Data: de 25 a 27 de abril de 2019<\/p>\n<p>Local: Universidade Estadual de Ponta Grossa (UEPG)<\/p>\n<p>&nbsp;<\/p>\n<p>&nbsp;<\/p>\n<p>&nbsp;<\/p>\n<hr \/>\n<p><img loading=\"lazy\" class=\"wp-image-898 alignleft\" src=\"http:\/\/www2.uepg.br\/ppgjor\/wp-content\/uploads\/sites\/26\/2019\/10\/WhatsApp-Image-2019-10-24-at-16.13.22-212x300.jpeg\" alt=\"\" width=\"188\" height=\"266\" srcset=\"https:\/\/www2.uepg.br\/ppgjor\/wp-content\/uploads\/sites\/26\/2019\/10\/WhatsApp-Image-2019-10-24-at-16.13.22-212x300.jpeg 212w, https:\/\/www2.uepg.br\/ppgjor\/wp-content\/uploads\/sites\/26\/2019\/10\/WhatsApp-Image-2019-10-24-at-16.13.22.jpeg 353w\" sizes=\"(max-width: 188px) 100vw, 188px\" \/><\/p>\n<p><strong>PERIFERIAS DO OLHAR<\/strong><\/p>\n<p>Palestrante: Victor Moriyama<\/p>\n<p>Data: 10 de maio de 2019<\/p>\n<p>Local: Museu Campos Gerais<\/p>\n<p>&nbsp;<\/p>\n<p>&nbsp;<\/p>\n<p>&nbsp;<\/p>\n<p>&nbsp;<\/p>\n<hr \/>\n<p><img loading=\"lazy\" class=\"wp-image-857 alignleft\" src=\"http:\/\/www2.uepg.br\/ppgjor\/wp-content\/uploads\/sites\/26\/2019\/10\/AGORA-\u00c9-VALENDO-212x300.jpg\" alt=\"\" width=\"184\" height=\"260\" srcset=\"https:\/\/www2.uepg.br\/ppgjor\/wp-content\/uploads\/sites\/26\/2019\/10\/AGORA-\u00c9-VALENDO-212x300.jpg 212w, https:\/\/www2.uepg.br\/ppgjor\/wp-content\/uploads\/sites\/26\/2019\/10\/AGORA-\u00c9-VALENDO-768x1086.jpg 768w, https:\/\/www2.uepg.br\/ppgjor\/wp-content\/uploads\/sites\/26\/2019\/10\/AGORA-\u00c9-VALENDO-724x1024.jpg 724w, https:\/\/www2.uepg.br\/ppgjor\/wp-content\/uploads\/sites\/26\/2019\/10\/AGORA-\u00c9-VALENDO-1232x1742.jpg 1232w, https:\/\/www2.uepg.br\/ppgjor\/wp-content\/uploads\/sites\/26\/2019\/10\/AGORA-\u00c9-VALENDO-764x1080.jpg 764w, https:\/\/www2.uepg.br\/ppgjor\/wp-content\/uploads\/sites\/26\/2019\/10\/AGORA-\u00c9-VALENDO.jpg 1588w\" sizes=\"(max-width: 184px) 100vw, 184px\" \/><\/p>\n<p><strong>III SEMIN\u00c1RIO DE PESQUISA MSJOR UEPG<\/strong><\/p>\n<p>Data: 10 e 11 de setembro de 2019<\/p>\n<p>Local: Universidade Estadual de Ponta Grossa (UEPG)<\/p>\n<p>&nbsp;<\/p>\n<p>&nbsp;<\/p>\n<p>&nbsp;<\/p>\n<p>&nbsp;<\/p>\n<hr \/>\n<p><img loading=\"lazy\" class=\" wp-image-863 alignleft\" src=\"http:\/\/www2.uepg.br\/ppgjor\/wp-content\/uploads\/sites\/26\/2019\/10\/69261495_2355581061162045_5758576989518692352_n-212x300.jpg\" alt=\"\" width=\"185\" height=\"261\" srcset=\"https:\/\/www2.uepg.br\/ppgjor\/wp-content\/uploads\/sites\/26\/2019\/10\/69261495_2355581061162045_5758576989518692352_n-212x300.jpg 212w, https:\/\/www2.uepg.br\/ppgjor\/wp-content\/uploads\/sites\/26\/2019\/10\/69261495_2355581061162045_5758576989518692352_n.jpg 679w\" sizes=\"(max-width: 185px) 100vw, 185px\" \/><\/p>\n<p><strong>JORNALISMO REGIONAL: DILEMAS E DESAFIOS CONTEMPOR\u00c2NEOS<\/strong><\/p>\n<p>Palestrante: Prof. Dr. Jo\u00e3o Jos\u00e9 Figueira (Universidade de Coimbra)<\/p>\n<p>Data: 11 de setembro de 2019<\/p>\n<p>Local: Universidade Estadual de Ponta Grossa (UEPG)<\/p>\n<p>&nbsp;<\/p>\n<p>&nbsp;<\/p>\n<p>&nbsp;<\/p>\n<hr \/>\n<p>&nbsp;<\/p>\n<p><img loading=\"lazy\" class=\" wp-image-896 alignleft\" src=\"http:\/\/www2.uepg.br\/ppgjor\/wp-content\/uploads\/sites\/26\/2019\/10\/WhatsApp-Image-2019-10-24-at-16.04.09-212x300.jpeg\" alt=\"\" width=\"186\" height=\"263\" srcset=\"https:\/\/www2.uepg.br\/ppgjor\/wp-content\/uploads\/sites\/26\/2019\/10\/WhatsApp-Image-2019-10-24-at-16.04.09-212x300.jpeg 212w, https:\/\/www2.uepg.br\/ppgjor\/wp-content\/uploads\/sites\/26\/2019\/10\/WhatsApp-Image-2019-10-24-at-16.04.09-768x1086.jpeg 768w, https:\/\/www2.uepg.br\/ppgjor\/wp-content\/uploads\/sites\/26\/2019\/10\/WhatsApp-Image-2019-10-24-at-16.04.09-724x1024.jpeg 724w, https:\/\/www2.uepg.br\/ppgjor\/wp-content\/uploads\/sites\/26\/2019\/10\/WhatsApp-Image-2019-10-24-at-16.04.09-764x1080.jpeg 764w, https:\/\/www2.uepg.br\/ppgjor\/wp-content\/uploads\/sites\/26\/2019\/10\/WhatsApp-Image-2019-10-24-at-16.04.09.jpeg 905w\" sizes=\"(max-width: 186px) 100vw, 186px\" \/><\/p>\n<p><strong>13\u00aa PRIMAVERA DOS MUSEUS<\/strong><\/p>\n<p>Data: de 23 a 29 de setembro de 2019<\/p>\n<p>Local: Museu Campos Gerais<\/p>\n<p>&nbsp;<\/p>\n<p>&nbsp;<\/p>\n<p>&nbsp;<\/p>\n<p>&nbsp;<\/p>\n<p>&nbsp;<\/p>\n<hr \/>\n<p><img loading=\"lazy\" class=\" wp-image-854 alignleft\" src=\"http:\/\/www2.uepg.br\/ppgjor\/wp-content\/uploads\/sites\/26\/2019\/10\/22-Seminario-Inverno-Estudos-ComunicacaoUEPG-212x300.jpg\" alt=\"\" width=\"182\" height=\"258\" srcset=\"https:\/\/www2.uepg.br\/ppgjor\/wp-content\/uploads\/sites\/26\/2019\/10\/22-Seminario-Inverno-Estudos-ComunicacaoUEPG-212x300.jpg 212w, https:\/\/www2.uepg.br\/ppgjor\/wp-content\/uploads\/sites\/26\/2019\/10\/22-Seminario-Inverno-Estudos-ComunicacaoUEPG.jpg 686w\" sizes=\"(max-width: 182px) 100vw, 182px\" \/><\/p>\n<p><a href=\"https:\/\/sites.uepg.br\/jornalismo\/ocs\/index.php\/seminariodeinverno\/22\"><strong>22\u00b0 SEMIN\u00c1RIO DE INVERNO DE ESTUDOS EM COMUNICA\u00c7\u00c3O<\/strong><\/a><\/p>\n<p><strong>Tema:<\/strong><em> Controv\u00e9rsias e Provoca\u00e7\u00f5es: Jornalismo e esfera p\u00fablica digital contempor\u00e2nea<\/em><\/p>\n<p>Data: de 15 a 18 de outubro de 2019<\/p>\n<p>Local: Universidade Estadual de Ponta Grossa (UEPG)<\/p>\n<p>&nbsp;<\/p>\n<p>&nbsp;<\/p>\n<p>&nbsp;<\/p>\n<hr \/>\n<p><img loading=\"lazy\" class=\" wp-image-894 alignleft\" src=\"http:\/\/www2.uepg.br\/ppgjor\/wp-content\/uploads\/sites\/26\/2019\/10\/WhatsApp-Image-2019-10-24-at-15.39.51-212x300.jpeg\" alt=\"\" width=\"185\" height=\"262\" srcset=\"https:\/\/www2.uepg.br\/ppgjor\/wp-content\/uploads\/sites\/26\/2019\/10\/WhatsApp-Image-2019-10-24-at-15.39.51-212x300.jpeg 212w, https:\/\/www2.uepg.br\/ppgjor\/wp-content\/uploads\/sites\/26\/2019\/10\/WhatsApp-Image-2019-10-24-at-15.39.51-768x1087.jpeg 768w, https:\/\/www2.uepg.br\/ppgjor\/wp-content\/uploads\/sites\/26\/2019\/10\/WhatsApp-Image-2019-10-24-at-15.39.51-723x1024.jpeg 723w, https:\/\/www2.uepg.br\/ppgjor\/wp-content\/uploads\/sites\/26\/2019\/10\/WhatsApp-Image-2019-10-24-at-15.39.51-763x1080.jpeg 763w, https:\/\/www2.uepg.br\/ppgjor\/wp-content\/uploads\/sites\/26\/2019\/10\/WhatsApp-Image-2019-10-24-at-15.39.51.jpeg 904w\" sizes=\"(max-width: 185px) 100vw, 185px\" \/><\/p>\n<p><strong>EXPOSI\u00c7\u00c3O LOBATIANDO<\/strong><\/p>\n<p>Data: de 14 de outubro a 7 de dezembro de 2019<\/p>\n<p>Local: Museu Campos Gerais<\/p>\n<p>&nbsp;<\/p>\n<p>&nbsp;<\/p>\n<p>&nbsp;<\/p>\n<p>&nbsp;<\/p>\n<hr \/>\n<p><img loading=\"lazy\" class=\"alignnone wp-image-921 alignleft\" src=\"http:\/\/www2.uepg.br\/ppgjor\/wp-content\/uploads\/sites\/26\/2019\/11\/74277964_2492039040849579_8530933299109953536_o-212x300.jpg\" alt=\"\" width=\"184\" height=\"260\" srcset=\"https:\/\/www2.uepg.br\/ppgjor\/wp-content\/uploads\/sites\/26\/2019\/11\/74277964_2492039040849579_8530933299109953536_o-212x300.jpg 212w, https:\/\/www2.uepg.br\/ppgjor\/wp-content\/uploads\/sites\/26\/2019\/11\/74277964_2492039040849579_8530933299109953536_o.jpg 679w\" sizes=\"(max-width: 184px) 100vw, 184px\" \/><\/p>\n<p><strong>VI SEMIN\u00c1RIO NACIONAL DA P\u00d3S-GRADUA\u00c7\u00c3O EM JORNALISMO<\/strong><\/p>\n<p>Tema: A p\u00f3s-gradua\u00e7\u00e3o em jornalismo frente ao contexto de recess\u00e3o na Educa\u00e7\u00e3o<\/p>\n<p>Data: 06 de novembro de 2019<\/p>\n<p>Local: Universidade Federal de Goi\u00e1s<\/p>\n<p>&nbsp;<\/p>\n<p>&nbsp;<\/p>\n<p>&nbsp;<\/p>\n<p>&nbsp;<\/p>\n<hr \/>\n<p><img loading=\"lazy\" class=\"alignnone wp-image-919 alignleft\" src=\"http:\/\/www2.uepg.br\/ppgjor\/wp-content\/uploads\/sites\/26\/2019\/11\/75418273_2530698966983586_398037172193591296_n-240x300.jpg\" alt=\"\" width=\"184\" height=\"231\" srcset=\"https:\/\/www2.uepg.br\/ppgjor\/wp-content\/uploads\/sites\/26\/2019\/11\/75418273_2530698966983586_398037172193591296_n-240x300.jpg 240w, https:\/\/www2.uepg.br\/ppgjor\/wp-content\/uploads\/sites\/26\/2019\/11\/75418273_2530698966983586_398037172193591296_n.jpg 768w\" sizes=\"(max-width: 184px) 100vw, 184px\" \/><strong>DI\u00c1LOGOS EM JORNALISMO, LITERATURA E HIST\u00d3RIA<\/strong><\/p>\n<p>Tema: <span style=\"color: #201f1e\"><span style=\"font-size: medium\"><span lang=\"pt-BR\">C<\/span><\/span><\/span><span style=\"color: #201f1e\"><span style=\"font-size: medium\"><span lang=\"pt-BR\">ontribui\u00e7\u00e3o do pensamento de Jurgen Habermas<\/span><\/span><\/span><\/p>\n<p>Data: 20 de novembro de 2019<\/p>\n<p>Local: Universidade Estadual de Ponta Grossa (UEPG)<\/p>\n","protected":false},"excerpt":{"rendered":"<p>2020 &nbsp; MULHERES E DIREITOS: ENFRENTAMENTO DE VIOL\u00caNCIAS M\u00daLTIPLAS Data: 04 de mar\u00e7o de 2020 Local: Universidade Estadual de Ponta Grossa (UEPG) &nbsp; &nbsp; &nbsp; &nbsp; &nbsp; &nbsp; XXIII SEMIN\u00c1RIO DE INVERNO DE ESTUDOS EM COMUNICA\u00c7\u00c3O Data: de 16 a 20 de novembro de 2020 Tema: Demarca\u00e7\u00f5es, cen\u00e1rios e enfrentamentos regionais da pandemia no jornalismo&nbsp;&hellip;<\/p>\n","protected":false},"author":24,"featured_media":0,"parent":0,"menu_order":0,"comment_status":"closed","ping_status":"closed","template":"","meta":[],"_links":{"self":[{"href":"https:\/\/www2.uepg.br\/ppgjor\/wp-json\/wp\/v2\/pages\/129"}],"collection":[{"href":"https:\/\/www2.uepg.br\/ppgjor\/wp-json\/wp\/v2\/pages"}],"about":[{"href":"https:\/\/www2.uepg.br\/ppgjor\/wp-json\/wp\/v2\/types\/page"}],"author":[{"embeddable":true,"href":"https:\/\/www2.uepg.br\/ppgjor\/wp-json\/wp\/v2\/users\/24"}],"replies":[{"embeddable":true,"href":"https:\/\/www2.uepg.br\/ppgjor\/wp-json\/wp\/v2\/comments?post=129"}],"version-history":[{"count":40,"href":"https:\/\/www2.uepg.br\/ppgjor\/wp-json\/wp\/v2\/pages\/129\/revisions"}],"predecessor-version":[{"id":3470,"href":"https:\/\/www2.uepg.br\/ppgjor\/wp-json\/wp\/v2\/pages\/129\/revisions\/3470"}],"wp:attachment":[{"href":"https:\/\/www2.uepg.br\/ppgjor\/wp-json\/wp\/v2\/media?parent=129"}],"curies":[{"name":"wp","href":"https:\/\/api.w.org\/{rel}","templated":true}]}}