{"id":146,"date":"2019-07-02T10:46:50","date_gmt":"2019-07-02T13:46:50","guid":{"rendered":"http:\/\/www2.uepg.br\/ppgjor\/?page_id=146"},"modified":"2026-03-26T15:03:50","modified_gmt":"2026-03-26T18:03:50","slug":"contato","status":"publish","type":"page","link":"https:\/\/www2.uepg.br\/ppgjor\/contato\/","title":{"rendered":"CONTATO"},"content":{"rendered":"<div id=\"pl-146\"  class=\"panel-layout\" ><div id=\"pg-146-0\"  class=\"panel-grid panel-no-style\" ><div id=\"pgc-146-0-0\"  class=\"panel-grid-cell\" ><div id=\"panel-146-0-0-0\" class=\"so-panel widget widget_sow-editor panel-first-child\" data-index=\"0\" ><div\n\t\t\t\n\t\t\tclass=\"so-widget-sow-editor so-widget-sow-editor-base\"\n\t\t\t\n\t\t>\n<div class=\"siteorigin-widget-tinymce textwidget\">\n\t<p style=\"text-align: center\"><strong>Programa de P\u00f3s-Gradua\u00e7\u00e3o em Jornalismo\u00a0<\/strong><br \/>\nUniversidade Estadual de Ponta Grossa (UEPG)<br \/>\nPra\u00e7a Santos Andrade, 01<br \/>\nCampus Central (Bloco D, sala 102)<br \/>\nPonta Grossa (PR) - Brasil<br \/>\nCEP: 84010-790<br \/>\nE-mail coordena\u00e7\u00e3o: ppgjor@uepg.br<\/p>\n<p style=\"text-align: center\"><strong>Secret\u00e1ria do Programa:\u00a0<\/strong><br \/>\nJoseli Terezinha Manoel Pinto<br \/>\nHor\u00e1rio de trabalho: 9h \u00e0s 17h<br \/>\nFone: (42) 3220-3379 \/ (42) 2102-8631<br \/>\nE-mail: ppgjor@uepg.br<\/p>\n<\/div>\n<\/div><\/div><div id=\"panel-146-0-0-1\" class=\"so-panel widget widget_sow-slider panel-last-child\" data-index=\"1\" ><div\n\t\t\t\n\t\t\tclass=\"so-widget-sow-slider so-widget-sow-slider-default-53fd0f98de19-146\"\n\t\t\t\n\t\t><div class=\"sow-slider-base\" style=\"display: none\"><ul\n\t\t\t\t\tclass=\"sow-slider-images\"\n\t\t\t\t\tdata-settings=\"{&quot;pagination&quot;:true,&quot;speed&quot;:800,&quot;timeout&quot;:8000,&quot;paused&quot;:false,&quot;pause_on_hover&quot;:false,&quot;swipe&quot;:true,&quot;nav_always_show_desktop&quot;:&quot;&quot;,&quot;nav_always_show_mobile&quot;:&quot;&quot;,&quot;breakpoint&quot;:&quot;780px&quot;,&quot;unmute&quot;:false,&quot;anchor&quot;:null}\"\n\t\t\t\t\t\t\t\t\t\tdata-anchor-id=\"\"\n\t\t\t\t><\/ul>\t\t\t\t<ol class=\"sow-slider-pagination\">\n\t\t\t\t\t\t\t\t\t<\/ol>\n\n\t\t\t\t<div class=\"sow-slide-nav sow-slide-nav-next\">\n\t\t\t\t\t<a href=\"#\" data-goto=\"next\" aria-label=\"next slide\" data-action=\"next\">\n\t\t\t\t\t\t<em class=\"sow-sld-icon-thin-right\"><\/em>\n\t\t\t\t\t<\/a>\n\t\t\t\t<\/div>\n\n\t\t\t\t<div class=\"sow-slide-nav sow-slide-nav-prev\">\n\t\t\t\t\t<a href=\"#\" data-goto=\"previous\" aria-label=\"previous slide\" data-action=\"prev\">\n\t\t\t\t\t\t<em class=\"sow-sld-icon-thin-left\"><\/em>\n\t\t\t\t\t<\/a>\n\t\t\t\t<\/div>\n\t\t\t\t<\/div><\/div><\/div><\/div><\/div><\/div>","protected":false},"excerpt":{"rendered":"<p>Programa de P\u00f3s-Gradua\u00e7\u00e3o em Jornalismo\u00a0 Universidade Estadual de Ponta Grossa (UEPG) Pra\u00e7a Santos Andrade, 01 Campus Central (Bloco D, sala 102) Ponta Grossa (PR) &#8211; Brasil CEP: 84010-790 E-mail coordena\u00e7\u00e3o: ppgjor@uepg.br Secret\u00e1ria do Programa:\u00a0 Joseli Terezinha Manoel Pinto Hor\u00e1rio de trabalho: 9h \u00e0s 17h Fone: (42) 3220-3379 \/ (42) 2102-8631 E-mail: ppgjor@uepg.br<\/p>\n","protected":false},"author":24,"featured_media":0,"parent":0,"menu_order":0,"comment_status":"closed","ping_status":"closed","template":"","meta":[],"_links":{"self":[{"href":"https:\/\/www2.uepg.br\/ppgjor\/wp-json\/wp\/v2\/pages\/146"}],"collection":[{"href":"https:\/\/www2.uepg.br\/ppgjor\/wp-json\/wp\/v2\/pages"}],"about":[{"href":"https:\/\/www2.uepg.br\/ppgjor\/wp-json\/wp\/v2\/types\/page"}],"author":[{"embeddable":true,"href":"https:\/\/www2.uepg.br\/ppgjor\/wp-json\/wp\/v2\/users\/24"}],"replies":[{"embeddable":true,"href":"https:\/\/www2.uepg.br\/ppgjor\/wp-json\/wp\/v2\/comments?post=146"}],"version-history":[{"count":6,"href":"https:\/\/www2.uepg.br\/ppgjor\/wp-json\/wp\/v2\/pages\/146\/revisions"}],"predecessor-version":[{"id":3990,"href":"https:\/\/www2.uepg.br\/ppgjor\/wp-json\/wp\/v2\/pages\/146\/revisions\/3990"}],"wp:attachment":[{"href":"https:\/\/www2.uepg.br\/ppgjor\/wp-json\/wp\/v2\/media?parent=146"}],"curies":[{"name":"wp","href":"https:\/\/api.w.org\/{rel}","templated":true}]}}