{"id":18,"date":"2019-07-01T15:55:45","date_gmt":"2019-07-01T18:55:45","guid":{"rendered":"http:\/\/www2.uepg.br\/ppgjor\/?page_id=18"},"modified":"2025-04-11T16:17:06","modified_gmt":"2025-04-11T19:17:06","slug":"linhas-de-pesquisa","status":"publish","type":"page","link":"https:\/\/www2.uepg.br\/ppgjor\/linhas-de-pesquisa\/","title":{"rendered":"LINHAS DE PESQUISA"},"content":{"rendered":"<h2 style=\"text-align: center\">\u00c1rea de concentra\u00e7\u00e3o: Processos Jornal\u00edsticos<\/h2>\n<p style=\"text-align: left\" align=\"justify\">A \u00e1rea de concentra\u00e7\u00e3o &#8211; estruturada em duas linhas de pesquisa (LP1: Processos de Produ\u00e7\u00e3o Jornal\u00edstica e LP2: Processos Jornal\u00edsticos e Pr\u00e1ticas Sociais) &#8211; busca contemplar tanto aspectos voltados \u00e0 epistemologia do Jornalismo, com bases te\u00f3ricas e conceituais situadas nas din\u00e2micas, rotinas produtivas e aspectos da produ\u00e7\u00e3o midi\u00e1tica, quanto \u00e0s rela\u00e7\u00f5es do Jornalismo com os demais campos do conhecimento, valorizando as interfaces da comunica\u00e7\u00e3o com as representa\u00e7\u00f5es sociais. As duas linhas de pesquisa convergem no estudo das din\u00e2micas internas e externas do Jornalismo, oferecendo olhares distintos, e complementares, na observa\u00e7\u00e3o dos fen\u00f4menos (comunicacionais) jornal\u00edsticos.<\/p>\n<h2 style=\"text-align: center\">Linha 1 &#8211; Processos de Produ\u00e7\u00e3o Jornal\u00edstica<\/h2>\n<p style=\"text-align: center\">A Linha contempla pesquisas sobre a especificidade epistemol\u00f3gica e profissional do jornalismo, investiga\u00e7\u00f5es de fen\u00f4menos jornal\u00edsticos contempor\u00e2neos, notadamente aqueles situados no \u00e2mbito da produ\u00e7\u00e3o, circula\u00e7\u00e3o e consumo, considerando os elementos, rela\u00e7\u00f5es e vari\u00e1veis dos processos editoriais em Jornalismo.<\/p>\n<p>&nbsp;<\/p>\n<h2 style=\"text-align: center\">Linha 2 &#8211; Processos Jornal\u00edsticos e Pr\u00e1ticas Sociais<\/h2>\n<p style=\"text-align: center\">Envolve estudos e reflex\u00f5es conceituais em torno das rela\u00e7\u00f5es do jornalismo com outras pr\u00e1ticas e representa\u00e7\u00f5es, como cultura e pol\u00edtica, e os respectivos impactos nas media\u00e7\u00f5es sociais e debates p\u00fablicos. As pesquisas desta linha tematizam as interfaces do jornalismo no tocante \u00e0s disputas eleitorais, manifesta\u00e7\u00f5es culturais, g\u00eanero, pol\u00edticas publicas, pr\u00e1ticas de cidadania e articula\u00e7\u00f5es com formatos discursivos de grupos e movimentos sociais.<\/p>\n","protected":false},"excerpt":{"rendered":"<p>\u00c1rea de concentra\u00e7\u00e3o: Processos Jornal\u00edsticos A \u00e1rea de concentra\u00e7\u00e3o &#8211; estruturada em duas linhas de pesquisa (LP1: Processos de Produ\u00e7\u00e3o Jornal\u00edstica e LP2: Processos Jornal\u00edsticos e Pr\u00e1ticas Sociais) &#8211; busca contemplar tanto aspectos voltados \u00e0 epistemologia do Jornalismo, com bases te\u00f3ricas e conceituais situadas nas din\u00e2micas, rotinas produtivas e aspectos da produ\u00e7\u00e3o midi\u00e1tica, quanto \u00e0s&nbsp;&hellip;<\/p>\n","protected":false},"author":24,"featured_media":0,"parent":0,"menu_order":0,"comment_status":"closed","ping_status":"closed","template":"","meta":[],"_links":{"self":[{"href":"https:\/\/www2.uepg.br\/ppgjor\/wp-json\/wp\/v2\/pages\/18"}],"collection":[{"href":"https:\/\/www2.uepg.br\/ppgjor\/wp-json\/wp\/v2\/pages"}],"about":[{"href":"https:\/\/www2.uepg.br\/ppgjor\/wp-json\/wp\/v2\/types\/page"}],"author":[{"embeddable":true,"href":"https:\/\/www2.uepg.br\/ppgjor\/wp-json\/wp\/v2\/users\/24"}],"replies":[{"embeddable":true,"href":"https:\/\/www2.uepg.br\/ppgjor\/wp-json\/wp\/v2\/comments?post=18"}],"version-history":[{"count":5,"href":"https:\/\/www2.uepg.br\/ppgjor\/wp-json\/wp\/v2\/pages\/18\/revisions"}],"predecessor-version":[{"id":2488,"href":"https:\/\/www2.uepg.br\/ppgjor\/wp-json\/wp\/v2\/pages\/18\/revisions\/2488"}],"wp:attachment":[{"href":"https:\/\/www2.uepg.br\/ppgjor\/wp-json\/wp\/v2\/media?parent=18"}],"curies":[{"name":"wp","href":"https:\/\/api.w.org\/{rel}","templated":true}]}}