{"id":23,"date":"2019-07-01T16:03:53","date_gmt":"2019-07-01T19:03:53","guid":{"rendered":"http:\/\/www2.uepg.br\/ppgjor\/?page_id=23"},"modified":"2023-05-04T14:46:53","modified_gmt":"2023-05-04T17:46:53","slug":"corpo-docente","status":"publish","type":"page","link":"https:\/\/www2.uepg.br\/ppgjor\/corpo-docente\/","title":{"rendered":"CORPO DOCENTE"},"content":{"rendered":"<p>&nbsp;<\/p>\n<table style=\"height: 735px\" width=\"1023\" cellspacing=\"0\" cellpadding=\"4\">\n<colgroup>\n<col width=\"191\" \/>\n<col width=\"200\" \/>\n<col width=\"117\" \/>\n<col width=\"101\" \/> <\/colgroup>\n<tbody>\n<tr valign=\"top\">\n<td width=\"191\">&nbsp;<\/p>\n<p>&nbsp;<\/p>\n<p>&nbsp;<\/p>\n<p style=\"text-align: left\"><strong>Docente<\/strong><\/p>\n<\/td>\n<td width=\"200\">&nbsp;<\/p>\n<p>&nbsp;<\/p>\n<p>&nbsp;<\/p>\n<p style=\"text-align: left\"><strong>Forma\u00e7\u00e3o<\/strong><\/p>\n<\/td>\n<td width=\"117\">&nbsp;<\/p>\n<p>&nbsp;<\/p>\n<p>&nbsp;<\/p>\n<p style=\"text-align: left\"><strong>Grupos de Pesquisa<\/strong><\/p>\n<\/td>\n<td width=\"101\">&nbsp;<\/p>\n<p>&nbsp;<\/p>\n<p>&nbsp;<\/p>\n<p style=\"text-align: left\"><strong>\u00c1reas de interesse<\/strong><\/p>\n<\/td>\n<\/tr>\n<tr valign=\"top\">\n<td width=\"191\" height=\"209\"><strong><a href=\"http:\/\/buscatextual.cnpq.br\/buscatextual\/visualizacv.do?id=K4734258Z6\" target=\"_blank\" rel=\"noopener noreferrer\"><span style=\"font-family: inherit\">Cintia Xavier<\/span><\/a><\/strong><\/p>\n<p><img loading=\"lazy\" class=\"alignnone size-full wp-image-821\" src=\"http:\/\/www2.uepg.br\/ppgjor\/wp-content\/uploads\/sites\/26\/2019\/10\/Cintia-Xavier.jpg\" alt=\"\" width=\"205\" height=\"137\" \/><\/p>\n<p><a href=\"mailto:%20cintia_xavierpg@yahoo.com.br\">cintia_xavierpg@yahoo.com.br<\/a><\/td>\n<td width=\"200\">\n<p align=\"center\">Jornalista formada pela UEPG<\/p>\n<p align=\"center\">Mestre em Comunica\u00e7\u00e3o e Linguagens (UTP)<\/p>\n<p align=\"center\">Doutora em Ci\u00eancias da Comunica\u00e7\u00e3o (Unisinos)<\/p>\n<\/td>\n<td width=\"117\">&nbsp;<\/p>\n<p><a href=\"http:\/\/abciber.org.br\/simposio2018\/\" target=\"_blank\" rel=\"noopener noreferrer\">L\u00f3gicas de Produ\u00e7\u00e3o e Consumo no Jornalismo<\/a><\/td>\n<td width=\"101\">\n<p align=\"center\">L\u00f3gicas de Produ\u00e7\u00e3o e Consumo no Jornalismo<\/p>\n<p align=\"center\">Teorias do jornalismo, agendamento tem\u00e1tico, document\u00e1rio e \u00e9tica<\/p>\n<\/td>\n<\/tr>\n<tr valign=\"top\">\n<td width=\"191\" height=\"122\"><strong><a href=\"http:\/\/buscatextual.cnpq.br\/buscatextual\/visualizacv.do?id=K4742707H6\" target=\"_blank\" rel=\"noopener noreferrer\">Felipe Sim\u00e3o Pontes<\/a><\/strong><\/p>\n<p><img loading=\"lazy\" class=\"alignnone size-full wp-image-822\" src=\"http:\/\/www2.uepg.br\/ppgjor\/wp-content\/uploads\/sites\/26\/2019\/10\/Felipe-Pontes.jpg\" alt=\"\" width=\"205\" height=\"137\" \/><\/p>\n<p><a href=\"mailto:%20felipesimaopontes@gmail.com\">felipesimaopontes@gmail.com<\/a><\/td>\n<td width=\"200\">\n<p align=\"center\">Jornalista formado pela UEPG<\/p>\n<p align=\"center\">Mestre em Jornalismo (UFSC)<\/p>\n<p align=\"center\">Doutor em Sociologia Pol\u00edtica (UFSC)<\/p>\n<p align=\"center\">P\u00f3s-Doutor em Jornalismo (UEPG)<\/p>\n<\/td>\n<td width=\"117\">\n<p align=\"center\"><a href=\"http:\/\/dgp.cnpq.br\/dgp\/espelhogrupo\/2406607222145508\" target=\"_blank\" rel=\"noopener noreferrer\">Jornalismo, Conhecimento e Profissionaliza\u00e7\u00e3o (\u201cO conhecimento no Jornalismo\u201d)<\/a><\/p>\n<\/td>\n<td width=\"101\">\n<p style=\"text-align: center\">Teoria do Jornalismo, Profiss\u00e3o de Jornalista, Hist\u00f3ria da Pesquisa em Jornalismo, Teoria e Metodologia em Jornalismo e Comunica\u00e7\u00e3o, Hist\u00f3ria do Jornalismo e da Comunica\u00e7\u00e3o<\/p>\n<\/td>\n<\/tr>\n<\/tbody>\n<\/table>\n<table style=\"height: 623px\" width=\"1020\" cellspacing=\"0\" cellpadding=\"4\">\n<colgroup>\n<col width=\"191\" \/>\n<col width=\"200\" \/>\n<col width=\"117\" \/>\n<col width=\"101\" \/> <\/colgroup>\n<tbody>\n<tr valign=\"top\">\n<td width=\"191\"><strong><a href=\"http:\/\/buscatextual.cnpq.br\/buscatextual\/visualizacv.do?id=K4778222D7\" target=\"_blank\" rel=\"noopener noreferrer\">Graziela Soares Bianchi<\/a><\/strong><\/p>\n<p><img loading=\"lazy\" class=\"alignnone wp-image-803\" src=\"http:\/\/www2.uepg.br\/ppgjor\/wp-content\/uploads\/sites\/26\/2019\/10\/Grazi-Soares.jpg\" alt=\"\" width=\"227\" height=\"151\" \/><\/p>\n<p><a href=\"mailto:grazielabianchi@yahoo.com.br\">grazielabianchi@yahoo.com.br<\/a><\/td>\n<td width=\"200\">&nbsp;<\/p>\n<p style=\"text-align: center\">Jornalista formada pela UEPG<\/p>\n<p style=\"text-align: center\">Mestre em Ci\u00eancias da Comunica\u00e7\u00e3o (Unisinos)<\/p>\n<p style=\"text-align: center\"><span style=\"font-family: inherit;font-size: inherit\">Doutora em Ci\u00eancias da Comunica\u00e7\u00e3o (Unisinos)<\/span><\/p>\n<\/td>\n<td width=\"117\">&nbsp;<\/p>\n<p style=\"text-align: center\"><a href=\"http:\/\/dgp.cnpq.br\/dgp\/espelhogrupo\/1044615973465841\" target=\"_blank\" rel=\"noopener noreferrer\">Grupo de Estudos e Pesquisas em M\u00eddias Digitais (GEMIDI)<\/a><\/p>\n<\/td>\n<td width=\"101\">&nbsp;<\/p>\n<p style=\"text-align: center\">R\u00e1dio, Recep\u00e7\u00e3o, Teorias e Metodologias em Comunica\u00e7\u00e3o<\/p>\n<\/td>\n<\/tr>\n<tr valign=\"top\">\n<td width=\"191\" height=\"92\"><a href=\"http:\/\/buscatextual.cnpq.br\/buscatextual\/visualizacv.do?id=K4732890D6&amp;tokenCaptchar=03AOLTBLRvkc0qG_jCpi1m98hodyqFfcmPg0yfuoeRTW32dNfbGPsPyC35E2eNs_yXaUzT4n6OqQvoGUcfnTrJy8TRJ30OfL1WhiGqzEg96T2IBASxhJfoAN5rmcI_LhLyFQZok9BUAs4HYLAF4-7FqrKiMcRvQgMzKYSu_U2v-DLPPrkJh4aj1hAeF5LK4ppGUwZZUP6-98Bqvhf5ZRddzrBbLLzotC0KWnvD0Z8d__dDQebDdA87xbpxvqFPaNl91zWwNmTPUnicxGDluv7gYFDagPDlgkdjt9dteM8Ygo_pb4RITuW_j8_WybaKr125e5yBtOSmdKpQZTlZztU3PXD8RAA51roYUG2NOXyHCa79mwXU5P84jxYzUQGLnN-bOZQ0Qm1c3UWdRDc6yGn2hoQ5YlwqpH9xBJ0b7VM6VnhQmcsT__04r25d2JAuZDWB9uroP6e-i-xLnLS3uKeJYAK_N68-1cXpBvKXJWpbLYg0AcxTVPry1N6un-LMJEqy8LyIUenUdeUM\"><b>Guilherme Gon\u00e7alves de Carvalho<\/b><\/a><\/p>\n<p><img loading=\"lazy\" class=\"alignnone wp-image-800\" src=\"http:\/\/www2.uepg.br\/ppgjor\/wp-content\/uploads\/sites\/26\/2019\/10\/Guilherme-Carvalho-300x225.jpeg\" alt=\"\" width=\"230\" height=\"172\" srcset=\"https:\/\/www2.uepg.br\/ppgjor\/wp-content\/uploads\/sites\/26\/2019\/10\/Guilherme-Carvalho-300x225.jpeg 300w, https:\/\/www2.uepg.br\/ppgjor\/wp-content\/uploads\/sites\/26\/2019\/10\/Guilherme-Carvalho-768x576.jpeg 768w, https:\/\/www2.uepg.br\/ppgjor\/wp-content\/uploads\/sites\/26\/2019\/10\/Guilherme-Carvalho.jpeg 1024w\" sizes=\"(max-width: 230px) 100vw, 230px\" \/><\/p>\n<p><a href=\"mailto:guilhermegdecarvalho@gmail.com\">guilhermegdecarvalho@gmail.com<\/a><\/p>\n<p>&nbsp;<\/td>\n<td width=\"200\">&nbsp;<\/p>\n<p style=\"text-align: center\">Jornalista formado pela UEPG<\/p>\n<p style=\"text-align: center\"><span style=\"font-family: inherit;font-size: inherit\">Mestre em Sociologia (UFPR)<br \/>\n<\/span><\/p>\n<p style=\"text-align: center\"><span style=\"font-family: inherit;font-size: inherit\">Doutor em Sociologia (Unesp)<br \/>\n<\/span><\/p>\n<p style=\"text-align: center\"><span style=\"font-family: inherit;font-size: inherit\">P\u00f3s-Doutor em Jornalismo (UEPG)<\/span><\/p>\n<\/td>\n<td width=\"117\">&nbsp;<\/p>\n<p>&nbsp;<\/p>\n<p style=\"text-align: center\"><a href=\"http:\/\/dgp.cnpq.br\/dgp\/espelhogrupo\/4428174589644778\">L\u00f3gicas de Produ\u00e7\u00e3o e Consumo no Jornalismo<\/a><\/p>\n<\/td>\n<td width=\"101\">&nbsp;<\/p>\n<p style=\"text-align: center\">Jornalismo sindical; Assessoria de imprensa; Ensino de jornalismo; Jornalismo alternativo.<\/p>\n<\/td>\n<\/tr>\n<\/tbody>\n<\/table>\n<table style=\"height: 1522px\" width=\"1022\" cellspacing=\"0\" cellpadding=\"4\">\n<colgroup>\n<col width=\"191\" \/>\n<col width=\"200\" \/>\n<col width=\"117\" \/>\n<col width=\"101\" \/> <\/colgroup>\n<tbody>\n<tr valign=\"top\">\n<td width=\"191\" height=\"150\"><strong><a href=\"http:\/\/buscatextual.cnpq.br\/buscatextual\/visualizacv.do?id=K4537615D3\" target=\"_blank\" rel=\"noopener noreferrer\">Hebe Maria Gon\u00e7alves de Oliveira\u00a0<\/a><\/strong><\/p>\n<p><img loading=\"lazy\" class=\"alignnone wp-image-805\" src=\"http:\/\/www2.uepg.br\/ppgjor\/wp-content\/uploads\/sites\/26\/2019\/10\/Hebe-Gonalves.jpg\" alt=\"\" width=\"244\" height=\"163\" \/><\/p>\n<p><a href=\"mailto:hebegoncalves@hotmail.com\">hebegoncalves@hotmail.com<\/a><\/td>\n<td width=\"200\">&nbsp;<\/p>\n<p style=\"text-align: center\">Jornalista formada pela UFJF<\/p>\n<p style=\"text-align: center\">Mestre em Comunica\u00e7\u00e3o Social (Umesp)<\/p>\n<p style=\"text-align: center\">Doutora em Ci\u00eancias da Comunica\u00e7\u00e3o (Unisinos)<\/p>\n<\/td>\n<td width=\"117\">&nbsp;<\/p>\n<p>&nbsp;<\/p>\n<p style=\"text-align: center\"><a href=\"http:\/\/dgp.cnpq.br\/dgp\/espelhogrupo\/6916392461354988\" target=\"_blank\" rel=\"noopener noreferrer\">Jornalismo e Pol\u00edtica: representa\u00e7\u00f5es e atores sociais<\/a><\/p>\n<\/td>\n<td width=\"101\">&nbsp;<\/p>\n<p>&nbsp;<\/p>\n<p style=\"text-align: center\">M\u00eddia, Pol\u00edtica e Atores sociais<\/p>\n<\/td>\n<\/tr>\n<tr valign=\"top\">\n<td width=\"191\" height=\"123\"><strong><a href=\"http:\/\/buscatextual.cnpq.br\/buscatextual\/visualizacv.do?id=K4481557H0\" target=\"_blank\" rel=\"noopener noreferrer\">Ivan Elizeu Bomfim Pereira<\/a><\/strong><\/p>\n<p><img loading=\"lazy\" class=\"alignnone wp-image-806\" src=\"http:\/\/www2.uepg.br\/ppgjor\/wp-content\/uploads\/sites\/26\/2019\/10\/Ivan-Bomfim.jpg\" alt=\"\" width=\"235\" height=\"157\" \/><\/p>\n<p><a href=\"mailto:ivanbp17@gmail.com\">ivanbp17@gmail.com<\/a><\/td>\n<td width=\"200\">\n<p style=\"text-align: center\">Jornalista formado pela UniBH<\/p>\n<p style=\"text-align: center\">Graduado em Hist\u00f3ria (UFMG)<\/p>\n<p style=\"text-align: center\">Mestre em Comunica\u00e7\u00e3o e Informa\u00e7\u00e3o (UFRGS)<\/p>\n<p style=\"text-align: center\">Doutor em Comunica\u00e7\u00e3o e Informa\u00e7\u00e3o\u00a0(UFRGS)<\/p>\n<p style=\"text-align: center\">P\u00f3s-Doutor em Ci\u00eancias da Comunica\u00e7\u00e3o (Unisinos)<\/p>\n<p style=\"text-align: center\">P\u00f3s-Doutor em Jornalismo (UEPG)<\/p>\n<\/td>\n<td width=\"117\">&nbsp;<\/p>\n<p>&nbsp;<\/p>\n<p><a href=\"http:\/\/dgp.cnpq.br\/dgp\/espelhogrupo\/1044615973465841\" target=\"_blank\" rel=\"noopener noreferrer\">Grupo de Estudos e Pesquisas em M\u00eddias Digitais (GEMIDI)<\/a><\/td>\n<td width=\"101\">&nbsp;<\/p>\n<p>&nbsp;<\/p>\n<p>Cultura, Discurso e Representa\u00e7\u00f5es Midi\u00e1ticas<\/td>\n<\/tr>\n<tr valign=\"top\">\n<td width=\"191\" height=\"164\"><strong><a href=\"http:\/\/buscatextual.cnpq.br\/buscatextual\/visualizacv.do?id=K4766324P0\" target=\"_blank\" rel=\"noopener noreferrer\">Karina Janz Woitowicz\u00a0<\/a><\/strong><\/p>\n<p><img loading=\"lazy\" class=\"alignnone wp-image-807\" src=\"http:\/\/www2.uepg.br\/ppgjor\/wp-content\/uploads\/sites\/26\/2019\/10\/Karina-Woitowicz.jpg\" alt=\"\" width=\"232\" height=\"155\" \/><\/p>\n<p><a href=\"mailto:%20karinajw@gmail.com\">karinajw@gmail.com<\/a><\/p>\n<p>&nbsp;<\/td>\n<td width=\"200\">&nbsp;<\/p>\n<p style=\"text-align: center\">Jornalista formada pela UEPG<\/p>\n<p style=\"text-align: center\">Mestre em Ci\u00eancias da Comunica\u00e7\u00e3o (Unisinos)<\/p>\n<p style=\"text-align: center\">Doutora em Ci\u00eancias Humanas (UFSC)<\/p>\n<p style=\"text-align: center\">P\u00f3s-Doutora em Comunica\u00e7\u00e3o (CIESPAL)<\/p>\n<\/td>\n<td width=\"117\">&nbsp;<\/p>\n<p style=\"text-align: center\"><a href=\"http:\/\/dgp.cnpq.br\/dgp\/espelhogrupo\/3289559958954010\" target=\"_blank\" rel=\"noopener noreferrer\">Grupo de Pesquisa Jornalismo e G\u00eanero<\/a><\/p>\n<p style=\"text-align: center\"><a href=\"http:\/\/dgp.cnpq.br\/dgp\/espelhogrupo\/3599897752335302\" target=\"_blank\" rel=\"noopener noreferrer\">Jornalismo Cultural e Folkcomunica\u00e7\u00e3o<\/a><\/p>\n<\/td>\n<td width=\"101\">&nbsp;<\/p>\n<p style=\"text-align: center\">M\u00eddia Alternativa<\/p>\n<p style=\"text-align: center\">Estudos de G\u00eanero<\/p>\n<p style=\"text-align: center\">Hist\u00f3ria do Jornalismo<\/p>\n<p style=\"text-align: center\">Jornalismo Cultural e Folkcomunica\u00e7\u00e3o<\/p>\n<\/td>\n<\/tr>\n<tr valign=\"top\">\n<td width=\"191\" height=\"146\"><strong><a href=\"http:\/\/buscatextual.cnpq.br\/buscatextual\/visualizacv.do?id=K4767921T2\" target=\"_blank\" rel=\"noopener noreferrer\">Marcelo Engel Bronosky\u00a0<\/a><\/strong><\/p>\n<p><img loading=\"lazy\" class=\"alignnone wp-image-808\" src=\"http:\/\/www2.uepg.br\/ppgjor\/wp-content\/uploads\/sites\/26\/2019\/10\/Marcelo-Bronosky.jpg\" alt=\"\" width=\"233\" height=\"156\" \/><\/p>\n<p><a href=\"mailto:%20mebrono@gmail.com\">mebrono@gmail.com<\/a><\/p>\n<p>&nbsp;<\/td>\n<td width=\"200\">&nbsp;<\/p>\n<p style=\"text-align: center\">Jornalista formado pela UEPG<\/p>\n<p style=\"text-align: center\">Mestre em Comunica\u00e7\u00e3o Social (Umesp)<\/p>\n<p style=\"text-align: center\">Doutor em Ci\u00eancias da Comunica\u00e7\u00e3o (Unisinos)<\/p>\n<\/td>\n<td width=\"117\">&nbsp;<\/p>\n<p>&nbsp;<\/p>\n<p style=\"text-align: center\"><a href=\"http:\/\/dgp.cnpq.br\/dgp\/espelhogrupo\/4428174589644778\" target=\"_blank\" rel=\"noopener noreferrer\">L\u00f3gicas de Produ\u00e7\u00e3o e Consumo no Jornalismo<\/a><\/p>\n<\/td>\n<td width=\"101\">&nbsp;<\/p>\n<p style=\"text-align: center\">Crit\u00e9rios de Noticiabilidade e Educa\u00e7\u00e3o<\/p>\n<p style=\"text-align: center\">Processos de Produ\u00e7\u00e3o Jornal\u00edstica<\/p>\n<\/td>\n<\/tr>\n<tr valign=\"top\">\n<td width=\"191\" height=\"182\"><strong><a href=\"http:\/\/buscatextual.cnpq.br\/buscatextual\/visualizacv.do?id=K4706272Z9\" target=\"_blank\" rel=\"noopener noreferrer\">Paula Melani Rocha\u00a0<\/a><\/strong><\/p>\n<p><img loading=\"lazy\" class=\"alignnone wp-image-809\" src=\"http:\/\/www2.uepg.br\/ppgjor\/wp-content\/uploads\/sites\/26\/2019\/10\/Paula-Melani.jpg\" alt=\"\" width=\"240\" height=\"161\" \/><\/p>\n<p><a href=\"mailto:%20paulamelani@gmail.com\">paulamelani@gmail.com<\/a><\/td>\n<td width=\"200\">\n<p style=\"text-align: center\">Jornalista formada pela Faculdade C\u00e1sper L\u00edbero<\/p>\n<p style=\"text-align: center\">Graduada em Ci\u00eancias Sociais (USP)<\/p>\n<p style=\"text-align: center\">Mestre em Ci\u00eancias Sociais (UFSCar)<\/p>\n<p style=\"text-align: center\">Doutora em Ci\u00eancias Sociais (UFSCar)<\/p>\n<p style=\"text-align: center\">P\u00f3s-Doutora em Jornalismo (Universidade Fernando Pessoa)<\/p>\n<\/td>\n<td width=\"117\">\n<p style=\"text-align: center\"><a href=\"http:\/\/dgp.cnpq.br\/dgp\/espelhogrupo\/3289559958954010\" target=\"_blank\" rel=\"noopener noreferrer\">Grupo de Pesquisa Jornalismo e G\u00eanero<\/a><\/p>\n<p style=\"text-align: center\"><a href=\"http:\/\/dgp.cnpq.br\/dgp\/espelhogrupo\/2406607222145508\" target=\"_blank\" rel=\"noopener noreferrer\">Jornalismo, Conhecimento e Profissionaliza\u00e7\u00e3o (\u201cO conhecimento no Jornalismo\u201d)<\/a><\/p>\n<\/td>\n<td width=\"101\">\n<p style=\"text-align: center\">Estudos de G\u00eanero e Mercado de Trabalho<\/p>\n<p style=\"text-align: center\">Processos de Profissionaliza\u00e7\u00e3o Contempor\u00e2neos e Jornalismo Profissionaliza\u00e7\u00e3o e Feminiza\u00e7\u00e3o<\/p>\n<\/td>\n<\/tr>\n<\/tbody>\n<\/table>\n<table style=\"height: 723px\" width=\"1022\" cellspacing=\"0\" cellpadding=\"4\">\n<colgroup>\n<col width=\"191\" \/>\n<col width=\"200\" \/>\n<col width=\"121\" \/>\n<col width=\"97\" \/> <\/colgroup>\n<tbody>\n<tr valign=\"top\">\n<td width=\"191\"><strong><a href=\"http:\/\/buscatextual.cnpq.br\/buscatextual\/visualizacv.do?id=K4732625U1\" target=\"_blank\" rel=\"noopener noreferrer\">Rafael Schoenherr<\/a><\/strong><\/p>\n<p><img loading=\"lazy\" class=\"alignnone wp-image-810\" src=\"http:\/\/www2.uepg.br\/ppgjor\/wp-content\/uploads\/sites\/26\/2019\/10\/Rafael-Schoenherr-300x201-300x201.jpg\" alt=\"\" width=\"242\" height=\"162\" srcset=\"https:\/\/www2.uepg.br\/ppgjor\/wp-content\/uploads\/sites\/26\/2019\/10\/Rafael-Schoenherr-300x201.jpg 300w, https:\/\/www2.uepg.br\/ppgjor\/wp-content\/uploads\/sites\/26\/2019\/10\/Rafael-Schoenherr-300x201-272x182.jpg 272w\" sizes=\"(max-width: 242px) 100vw, 242px\" \/><\/p>\n<p><a href=\"mailto:rafaelschoenherr@gmail.com\">rafaelschoenherr@gmail.com<\/a><\/td>\n<td width=\"200\">&nbsp;<\/p>\n<p>&nbsp;<\/p>\n<p style=\"text-align: center\">Jornalista formado pela UEPG<\/p>\n<p style=\"text-align: center\">Mestre em Ci\u00eancias da Comunica\u00e7\u00e3o (Unisinos)<\/p>\n<p style=\"text-align: center\">Doutor em Geografia (UEPG)<\/p>\n<\/td>\n<td width=\"121\">&nbsp;<\/p>\n<p>&nbsp;<\/p>\n<p style=\"text-align: center\"><a href=\"http:\/\/dgp.cnpq.br\/dgp\/espelhogrupo\/3599897752335302\" target=\"_blank\" rel=\"noopener noreferrer\">Jornalismo Cultural e Folkcomunica\u00e7\u00e3o<\/a><\/p>\n<p style=\"text-align: center\"><a href=\"http:\/\/dgp.cnpq.br\/dgp\/espelhogrupo\/4428174589644778\" target=\"_blank\" rel=\"noopener noreferrer\">L\u00f3gicas de Produ\u00e7\u00e3o e Consumo no Jornalismo<\/a><\/p>\n<\/td>\n<td width=\"97\">&nbsp;<\/p>\n<p style=\"text-align: center\">Geografia da comunica\u00e7\u00e3o<\/p>\n<p style=\"text-align: center\">Jornalismo cultural<\/p>\n<p style=\"text-align: center\">Fotojornalismo<\/p>\n<p style=\"text-align: center\">Produ\u00e7\u00e3o jornal\u00edstica<\/p>\n<p style=\"text-align: center\">Pol\u00edticas culturais e o espa\u00e7o p\u00fablico<\/p>\n<\/td>\n<\/tr>\n<tr valign=\"top\">\n<td width=\"191\" height=\"161\"><strong><a href=\"http:\/\/buscatextual.cnpq.br\/buscatextual\/visualizacv.do?id=K4791806A6\" target=\"_blank\" rel=\"noopener noreferrer\">S\u00e9rgio Luiz Gadini<\/a><\/strong><\/p>\n<p><img loading=\"lazy\" class=\"alignnone wp-image-811\" src=\"http:\/\/www2.uepg.br\/ppgjor\/wp-content\/uploads\/sites\/26\/2019\/10\/Sergio-Gadini.jpg\" alt=\"\" width=\"245\" height=\"164\" \/><\/p>\n<p><a href=\"mailto:%20slgadini@uepg.br\" target=\"_blank\" rel=\"noopener noreferrer\">slgadini@uepg.br<\/a><\/td>\n<td width=\"200\">\n<p style=\"text-align: center\">Jornalista formado pela UFSM<\/p>\n<p style=\"text-align: center\">Mestre em Comunica\u00e7\u00e3o e Cultura Contempor\u00e2nea (UFBA)<\/p>\n<p style=\"text-align: center\">Doutor em Ci\u00eancias da Comunica\u00e7\u00e3o (Unisinos)<\/p>\n<p style=\"text-align: center\">P\u00f3s-Doutor pela Universidad Complutense de Madrid (UCM)<\/p>\n<\/td>\n<td width=\"121\">&nbsp;<\/p>\n<p style=\"text-align: center\"><a href=\"http:\/\/dgp.cnpq.br\/dgp\/espelhogrupo\/3599897752335302\" target=\"_blank\" rel=\"noopener noreferrer\">Jornalismo Cultural e Folkcomunica\u00e7\u00e3o<\/a><\/p>\n<p style=\"text-align: center\"><a href=\"http:\/\/dgp.cnpq.br\/dgp\/espelhogrupo\/6916392461354988\" target=\"_blank\" rel=\"noopener noreferrer\">Jornalismo e Pol\u00edtica: representa\u00e7\u00f5es e atores sociais<\/a><\/p>\n<p style=\"text-align: center\">\n<\/td>\n<td width=\"97\">&nbsp;<\/p>\n<p style=\"text-align: center\">Jornalismo, Cultura e Cidadania (produ\u00e7\u00e3o jornal\u00edstica, com \u00eanfase em estudos sobre campo cultural, representa\u00e7\u00f5es de m\u00eddia, atores pol\u00edticos e movimentos sociais).<\/p>\n<\/td>\n<\/tr>\n<\/tbody>\n<\/table>\n<p>&nbsp;<\/p>\n<p>&nbsp;<\/p>\n","protected":false},"excerpt":{"rendered":"<p>&nbsp; &nbsp; &nbsp; &nbsp; Docente &nbsp; &nbsp; &nbsp; Forma\u00e7\u00e3o &nbsp; &nbsp; &nbsp; Grupos de Pesquisa &nbsp; &nbsp; &nbsp; \u00c1reas de interesse Cintia Xavier cintia_xavierpg@yahoo.com.br Jornalista formada pela UEPG Mestre em Comunica\u00e7\u00e3o e Linguagens (UTP) Doutora em Ci\u00eancias da Comunica\u00e7\u00e3o (Unisinos) &nbsp; L\u00f3gicas de Produ\u00e7\u00e3o e Consumo no Jornalismo L\u00f3gicas de Produ\u00e7\u00e3o e Consumo no Jornalismo&nbsp;&hellip;<\/p>\n","protected":false},"author":24,"featured_media":0,"parent":0,"menu_order":0,"comment_status":"closed","ping_status":"closed","template":"","meta":[],"_links":{"self":[{"href":"https:\/\/www2.uepg.br\/ppgjor\/wp-json\/wp\/v2\/pages\/23"}],"collection":[{"href":"https:\/\/www2.uepg.br\/ppgjor\/wp-json\/wp\/v2\/pages"}],"about":[{"href":"https:\/\/www2.uepg.br\/ppgjor\/wp-json\/wp\/v2\/types\/page"}],"author":[{"embeddable":true,"href":"https:\/\/www2.uepg.br\/ppgjor\/wp-json\/wp\/v2\/users\/24"}],"replies":[{"embeddable":true,"href":"https:\/\/www2.uepg.br\/ppgjor\/wp-json\/wp\/v2\/comments?post=23"}],"version-history":[{"count":37,"href":"https:\/\/www2.uepg.br\/ppgjor\/wp-json\/wp\/v2\/pages\/23\/revisions"}],"predecessor-version":[{"id":907,"href":"https:\/\/www2.uepg.br\/ppgjor\/wp-json\/wp\/v2\/pages\/23\/revisions\/907"}],"wp:attachment":[{"href":"https:\/\/www2.uepg.br\/ppgjor\/wp-json\/wp\/v2\/media?parent=23"}],"curies":[{"name":"wp","href":"https:\/\/api.w.org\/{rel}","templated":true}]}}