{"id":2480,"date":"2025-02-17T21:10:14","date_gmt":"2025-02-18T00:10:14","guid":{"rendered":"https:\/\/www2.uepg.br\/ppgjor\/?page_id=2480"},"modified":"2025-04-23T16:40:10","modified_gmt":"2025-04-23T19:40:10","slug":"historia","status":"publish","type":"page","link":"https:\/\/www2.uepg.br\/ppgjor\/historia\/","title":{"rendered":"Hist\u00f3ria"},"content":{"rendered":"<p><span style=\"font-weight: 400\">A cria\u00e7\u00e3o do Programa de P\u00f3s-Gradua\u00e7\u00e3o em Jornalismo, em 2012, foi resultado do processo de consolida\u00e7\u00e3o da pesquisa como um eixo importante da gradua\u00e7\u00e3o em Jornalismo da UEPG. O Mestrado em Jornalismo, primeiro da \u00e1rea no Paran\u00e1 e segundo do Brasil, reconheceu desde o in\u00edcio o desafio de integrar \u00e0 p\u00f3s-gradua\u00e7\u00e3o a gradua\u00e7\u00e3o, mantendo linhas de pesquisa com participa\u00e7\u00e3o expressiva de estudantes de inicia\u00e7\u00e3o cient\u00edfica e pesquisadores volunt\u00e1rios. Por meio dos grupos de pesquisa, o Programa tem ainda promovido a integra\u00e7\u00e3o entre a\u00e7\u00f5es de pesquisa e extens\u00e3o, al\u00e9m de ampliar parcerias com entidades da sociedade civil, institui\u00e7\u00f5es profissionais e de pesquisa no Brasil e no exterior. Essa trajet\u00f3ria, rumo \u00e0 qualifica\u00e7\u00e3o da pesquisa em Jornalismo, resultou na aprova\u00e7\u00e3o do curso de Doutorado (APCN 416\/2023), que se encontra em fase de implementa\u00e7\u00e3o na Universidade Estadual de Ponta Grossa.<\/span><\/p>\n<p>&nbsp;<\/p>\n<p><strong>O CURSO DE JORNALISMO<\/strong><\/p>\n<p><span style=\"font-weight: 400\">O curso de Jornalismo da Universidade Estadual de Ponta Grossa foi criado em 1985, com enfoque na dimens\u00e3o do ensino. A partir da d\u00e9cada de 1990, a forma\u00e7\u00e3o acad\u00eamica passa a integrar atividades de ensino, pesquisa e extens\u00e3o.\u00a0<\/span><\/p>\n<p><span style=\"font-weight: 400\">Em 1991, o jornal laborat\u00f3rio Foca Livre passa a ser produzido pelos estudantes para circula\u00e7\u00e3o em formato impresso, at\u00e9 hoje, na comunidade local. O jornal \u00e9 o mais longevo produto do curso, que traz not\u00edcias de interesse p\u00fablico \u00e0 medida que inova nos modelos de diagrama\u00e7\u00e3o e acompanha a evolu\u00e7\u00e3o do jornalismo impresso.<\/span><\/p>\n<p><span style=\"font-weight: 400\">O curso inicia a trajet\u00f3ria de pesquisa que caracteriza a forma\u00e7\u00e3o em Jornalismo na UEPG, com os primeiros projetos de inicia\u00e7\u00e3o cient\u00edfica em 1996. Desde ent\u00e3o, mant\u00e9m oportunidades para que os estudantes participem de grupos e projetos de pesquisa, voluntariamente ou com bolsa, o que propicia aos egressos as bases para\u00a0 continuidade de sua forma\u00e7\u00e3o acad\u00eamica e a amplia\u00e7\u00e3o dos horizontes de trabalho na doc\u00eancia.\u00a0<\/span><\/p>\n<p><span style=\"font-weight: 400\">Com a chegada do novo mil\u00eanio, as mudan\u00e7as no mercado de trabalho impulsionam adequa\u00e7\u00f5es no projeto pedag\u00f3gico do curso, para dar \u00eanfase aos aspectos pr\u00e1ticos da profiss\u00e3o. A partir de 2003, o curso passa a oferecer oportunidades de forma\u00e7\u00e3o em extens\u00e3o, mediante projetos que valorizam parcerias com a comunidade e com movimentos sociais da cidade e da regi\u00e3o. As atividades extracurriculares, al\u00e9m de estimular o desenvolvimento de habilidades que envolvem a produ\u00e7\u00e3o jornal\u00edstica, criam condi\u00e7\u00f5es para que os estudantes ampliem seu repert\u00f3rio sociocultural.\u00a0<\/span><\/p>\n<p><span style=\"font-weight: 400\">Em seus 40 anos, o curso j\u00e1 formou mais de 1000 jornalistas. Alguns nomes que possuem relev\u00e2ncia no jornalismo, assim como em entidades profissionais e acad\u00eamicas de \u00e2mbito regional e nacional, como a FENAJ, SindiJor, Abraji, SBPJor, Abej, Intercom, Rede Folkcom, Rede Alcar, entre outros. O curso \u00e9 uma importante refer\u00eancia na forma\u00e7\u00e3o espec\u00edfica em Jornalismo no pa\u00eds.<\/span><\/p>\n<p><span style=\"font-weight: 400\">Ao promover uma forma\u00e7\u00e3o profissional focada na articula\u00e7\u00e3o permanente entre ensino, pesquisa e extens\u00e3o, o Curso de Jornalismo da UEPG apresenta um\u00a0<\/span><span style=\"font-weight: 400\">diferencial que se revela na expressiva produ\u00e7\u00e3o acad\u00eamica de docentes e estudantes e na representativa produ\u00e7\u00e3o laboratorial e extensionista, desenvolvida <\/span><span style=\"font-weight: 400\">em parceria com diversos setores da sociedade civil.\u00a0<\/span><\/p>\n<ul>\n<li><span style=\"font-weight: 400\">Conhe\u00e7a o Dejor: <\/span><a href=\"https:\/\/www2.uepg.br\/dejor\/\"><span style=\"font-weight: 400\">www2.uepg.br\/dejor\/<\/span><\/a><span style=\"font-weight: 400\">\u00a0<\/span><\/li>\n<\/ul>\n<p>&nbsp;<\/p>\n<p><strong>A UEPG<\/strong><\/p>\n<p><span style=\"font-weight: 400\">A Universidade Estadual de Ponta Grossa (UEPG) est\u00e1 localizada no Sul do Brasil, no munic\u00edpio de Ponta Grossa, cidade polo da regi\u00e3o dos Campos Gerais que abrange 19 munic\u00edpios. A UEPG, criada pelo Governo do Estado do Paran\u00e1 em 1969,\u00a0 \u00e9 uma institui\u00e7\u00e3o p\u00fablica com reconhecida atua\u00e7\u00e3o no desenvolvimento social, econ\u00f4mico e cultural do interior do estado.<\/span><\/p>\n<p><span style=\"font-weight: 400\">A Universidade oferta cursos de gradua\u00e7\u00e3o e p\u00f3s-gradua\u00e7\u00e3o, presencial e \u00e0 dist\u00e2ncia, nas \u00e1reas de Ci\u00eancias Exatas e Naturais, Engenharias, Ci\u00eancias Agr\u00e1rias e de Tecnologia, Ci\u00eancias Biol\u00f3gicas e da Sa\u00fade; Ci\u00eancias Humanas, Letras e Artes; Ci\u00eancias Jur\u00eddicas; e Ci\u00eancias Sociais Aplicadas &#8211; setor do conhecimento no qual os cursos de gradua\u00e7\u00e3o e a p\u00f3s-gradua\u00e7\u00e3o em Jornalismo est\u00e3o inseridos.<\/span><\/p>\n<p><span style=\"font-weight: 400\">Ao longo de mais de 50 anos, a institui\u00e7\u00e3o se consolidou como uma refer\u00eancia no estado e no pa\u00eds, devido \u00e0 qualidade dos cursos ofertados em todos os n\u00edveis de forma\u00e7\u00e3o, \u00e0 relev\u00e2ncia e impacto das pesquisas e\u00a0 projetos desenvolvidos na sua \u00e1rea de abrang\u00eancia. No que se refere \u00e0 p\u00f3s-gradua\u00e7\u00e3o, registra-se o processo de verticaliza\u00e7\u00e3o sobretudo nas \u00faltimas duas d\u00e9cadas, com a qualifica\u00e7\u00e3o do corpo docente e o fortalecimento da pesquisa na institui\u00e7\u00e3o.\u00a0<\/span><\/p>\n<p><span style=\"font-weight: 400\">A estrutura institucional da UEPG ainda contempla dois hospitais de ensino, que integram a Rede de Assist\u00eancia \u00e0 Sa\u00fade de M\u00e9dia e Alta Complexidade, dois Museus, escola de l\u00ednguas e idiomas, al\u00e9m de organizar eventos tradicionais no calend\u00e1rio cultural paranaense: o Festival Nacional de Teatro (Fenata) e o Festival Universit\u00e1rio da Can\u00e7\u00e3o (Fuc).<\/span><\/p>\n<ul>\n<li><span style=\"font-weight: 400\">Conhe\u00e7a a UEPG: <\/span><a href=\"https:\/\/www.uepg.br\/\"><span style=\"font-weight: 400\">www.uepg.br\/<\/span><\/a><\/li>\n<\/ul>\n","protected":false},"excerpt":{"rendered":"<p>A cria\u00e7\u00e3o do Programa de P\u00f3s-Gradua\u00e7\u00e3o em Jornalismo, em 2012, foi resultado do processo de consolida\u00e7\u00e3o da pesquisa como um eixo importante da gradua\u00e7\u00e3o em Jornalismo da UEPG. O Mestrado em Jornalismo, primeiro da \u00e1rea no Paran\u00e1 e segundo do Brasil, reconheceu desde o in\u00edcio o desafio de integrar \u00e0 p\u00f3s-gradua\u00e7\u00e3o a gradua\u00e7\u00e3o, mantendo linhas&nbsp;&hellip;<\/p>\n","protected":false},"author":768,"featured_media":0,"parent":0,"menu_order":0,"comment_status":"closed","ping_status":"closed","template":"","meta":[],"_links":{"self":[{"href":"https:\/\/www2.uepg.br\/ppgjor\/wp-json\/wp\/v2\/pages\/2480"}],"collection":[{"href":"https:\/\/www2.uepg.br\/ppgjor\/wp-json\/wp\/v2\/pages"}],"about":[{"href":"https:\/\/www2.uepg.br\/ppgjor\/wp-json\/wp\/v2\/types\/page"}],"author":[{"embeddable":true,"href":"https:\/\/www2.uepg.br\/ppgjor\/wp-json\/wp\/v2\/users\/768"}],"replies":[{"embeddable":true,"href":"https:\/\/www2.uepg.br\/ppgjor\/wp-json\/wp\/v2\/comments?post=2480"}],"version-history":[{"count":5,"href":"https:\/\/www2.uepg.br\/ppgjor\/wp-json\/wp\/v2\/pages\/2480\/revisions"}],"predecessor-version":[{"id":2838,"href":"https:\/\/www2.uepg.br\/ppgjor\/wp-json\/wp\/v2\/pages\/2480\/revisions\/2838"}],"wp:attachment":[{"href":"https:\/\/www2.uepg.br\/ppgjor\/wp-json\/wp\/v2\/media?parent=2480"}],"curies":[{"name":"wp","href":"https:\/\/api.w.org\/{rel}","templated":true}]}}