{"id":2483,"date":"2025-02-17T21:12:41","date_gmt":"2025-02-18T00:12:41","guid":{"rendered":"https:\/\/www2.uepg.br\/ppgjor\/?page_id=2483"},"modified":"2025-04-11T16:26:17","modified_gmt":"2025-04-11T19:26:17","slug":"autoavaliacao","status":"publish","type":"page","link":"https:\/\/www2.uepg.br\/ppgjor\/autoavaliacao\/","title":{"rendered":"Autoavalia\u00e7\u00e3o"},"content":{"rendered":"<p><span style=\"font-weight: 400\">A autoavalia\u00e7\u00e3o do Programa de P\u00f3s-Gradua\u00e7\u00e3o em Jornalismo est\u00e1 institucionalizada no Plano de Desenvolvimento Institucional 2023-2027 da Universidade Estadual de Ponta Grossa (<\/span><a href=\"https:\/\/www2.uepg.br\/proplan\/avaliacao-institucional\/pdi\/\"><span style=\"font-weight: 400\">link<\/span><\/a><span style=\"font-weight: 400\">), que contempla as seguinte metas:<\/span><\/p>\n<p>&nbsp;<\/p>\n<ul>\n<li style=\"font-weight: 400\"><span style=\"font-weight: 400\">Realizar autoavalia\u00e7\u00e3o de acordo com orienta\u00e7\u00f5es de avalia\u00e7\u00e3o anual, determinada pela CAPES para o PPGJor, em colabora\u00e7\u00e3o com a Propesp;\u00a0<\/span><\/li>\n<li style=\"font-weight: 400\"><span style=\"font-weight: 400\">Criar comiss\u00e3o de autoavalia\u00e7\u00e3o do Programa com representa\u00e7\u00e3o docente, discente, t\u00e9cnico, egressos e membros externos;\u00a0<\/span><\/li>\n<li style=\"font-weight: 400\"><span style=\"font-weight: 400\">Sistematizar um projeto de autoavalia\u00e7\u00e3o para o programa de p\u00f3s-gradua\u00e7\u00e3o envolvendo discentes, docentes, t\u00e9cnicos e egressos.<\/span><\/li>\n<\/ul>\n<p>&nbsp;<\/p>\n<p><span style=\"font-weight: 400\">A Comiss\u00e3o Interna de Autoavalia\u00e7\u00e3o do PPGJor foi implantada por meio da Portaria Propesp n\u00ba 2024.13, com vig\u00eancia no per\u00edodo de 1\u00ba de julho de 2024 a 30 de junho de 2025, com a seguinte composi\u00e7\u00e3o:<\/span><\/p>\n<p>&nbsp;<\/p>\n<ul>\n<li style=\"font-weight: 400\"><span style=\"font-weight: 400\">Felipe Sim\u00e3o Pontes (Coordenador)<\/span><\/li>\n<li style=\"font-weight: 400\"><span style=\"font-weight: 400\">Joseli Terezinha Pinto (Secret\u00e1ria)<\/span><\/li>\n<\/ul>\n<p>&nbsp;<\/p>\n<p><b>Docentes<\/b><\/p>\n<ul>\n<li style=\"font-weight: 400\"><span style=\"font-weight: 400\">C\u00edntia Xavier<\/span><\/li>\n<li style=\"font-weight: 400\"><span style=\"font-weight: 400\">Graziela Bianch<\/span><\/li>\n<li style=\"font-weight: 400\"><span style=\"font-weight: 400\">Guilherme Carvalho<\/span><\/li>\n<li style=\"font-weight: 400\"><span style=\"font-weight: 400\">Ivan Bonfim<\/span><\/li>\n<li style=\"font-weight: 400\"><span style=\"font-weight: 400\">Karina Janz Woitowicz<\/span><\/li>\n<li style=\"font-weight: 400\"><span style=\"font-weight: 400\">Marcelo Bronosky<\/span><\/li>\n<li style=\"font-weight: 400\"><span style=\"font-weight: 400\">Paula Melani Rocha<\/span><\/li>\n<li style=\"font-weight: 400\"><span style=\"font-weight: 400\">Rafael Shoenherr<\/span><\/li>\n<\/ul>\n<p>&nbsp;<\/p>\n<p><b>Representantes discentes<\/b><\/p>\n<ul>\n<li style=\"font-weight: 400\"><span style=\"font-weight: 400\">Paulo Pess\u00f4a de Andrade Neto<\/span><\/li>\n<li style=\"font-weight: 400\"><span style=\"font-weight: 400\">Yago Raphael Massuqueto Rocha<\/span><\/li>\n<\/ul>\n<p>&nbsp;<\/p>\n<p><b>Representantes Egressos<\/b><\/p>\n<ul>\n<li style=\"font-weight: 400\"><span style=\"font-weight: 400\">Manoel Moabis Pereira dos Anjos<\/span><\/li>\n<li style=\"font-weight: 400\"><span style=\"font-weight: 400\">Gabriela Carneiro Cavalcanti de Almeida<\/span><\/li>\n<\/ul>\n<p>&nbsp;<\/p>\n<p><span style=\"font-weight: 400\">O processo de autoavalia\u00e7\u00e3o \u00e9 realizado anualmente no PPGJor, mediante question\u00e1rio eletr\u00f4nico an\u00f4nimo encaminhado para todo o corpo t\u00e9cnico, docente e discente, incluindo egressos. Os resultados da autoavalia\u00e7\u00e3o s\u00e3o apresentados em formato de semin\u00e1rio interno, visando a participa\u00e7\u00e3o e o di\u00e1logo aberto quanto a identifica\u00e7\u00e3o de pontos fortes e de melhoria no que tange o aprimoramento da infraestrutura e dos processos de trabalho do Programa.<\/span><\/p>\n","protected":false},"excerpt":{"rendered":"<p>A autoavalia\u00e7\u00e3o do Programa de P\u00f3s-Gradua\u00e7\u00e3o em Jornalismo est\u00e1 institucionalizada no Plano de Desenvolvimento Institucional 2023-2027 da Universidade Estadual de Ponta Grossa (link), que contempla as seguinte metas: &nbsp; Realizar autoavalia\u00e7\u00e3o de acordo com orienta\u00e7\u00f5es de avalia\u00e7\u00e3o anual, determinada pela CAPES para o PPGJor, em colabora\u00e7\u00e3o com a Propesp;\u00a0 Criar comiss\u00e3o de autoavalia\u00e7\u00e3o do Programa&nbsp;&hellip;<\/p>\n","protected":false},"author":768,"featured_media":0,"parent":0,"menu_order":0,"comment_status":"closed","ping_status":"closed","template":"","meta":[],"_links":{"self":[{"href":"https:\/\/www2.uepg.br\/ppgjor\/wp-json\/wp\/v2\/pages\/2483"}],"collection":[{"href":"https:\/\/www2.uepg.br\/ppgjor\/wp-json\/wp\/v2\/pages"}],"about":[{"href":"https:\/\/www2.uepg.br\/ppgjor\/wp-json\/wp\/v2\/types\/page"}],"author":[{"embeddable":true,"href":"https:\/\/www2.uepg.br\/ppgjor\/wp-json\/wp\/v2\/users\/768"}],"replies":[{"embeddable":true,"href":"https:\/\/www2.uepg.br\/ppgjor\/wp-json\/wp\/v2\/comments?post=2483"}],"version-history":[{"count":4,"href":"https:\/\/www2.uepg.br\/ppgjor\/wp-json\/wp\/v2\/pages\/2483\/revisions"}],"predecessor-version":[{"id":2802,"href":"https:\/\/www2.uepg.br\/ppgjor\/wp-json\/wp\/v2\/pages\/2483\/revisions\/2802"}],"wp:attachment":[{"href":"https:\/\/www2.uepg.br\/ppgjor\/wp-json\/wp\/v2\/media?parent=2483"}],"curies":[{"name":"wp","href":"https:\/\/api.w.org\/{rel}","templated":true}]}}