{"id":2490,"date":"2025-02-17T21:21:42","date_gmt":"2025-02-18T00:21:42","guid":{"rendered":"https:\/\/www2.uepg.br\/ppgjor\/?page_id=2490"},"modified":"2025-12-01T15:45:14","modified_gmt":"2025-12-01T18:45:14","slug":"regulamento","status":"publish","type":"page","link":"https:\/\/www2.uepg.br\/ppgjor\/regulamento\/","title":{"rendered":"Regulamento"},"content":{"rendered":"<p><a href=\"http:\/\/www2.uepg.br\/ppgjor\/wp-content\/uploads\/sites\/26\/2025\/11\/Regulamento-Mestrado-e-Doutorado.pdf\">Regulamento do Programa Acad\u00eamico de P\u00f3s-Gradua\u00e7\u00e3o S<em>tricto Sensu\u00a0<\/em>em Jornalismo<\/a><\/p>\n","protected":false},"excerpt":{"rendered":"<p>Regulamento do Programa Acad\u00eamico de P\u00f3s-Gradua\u00e7\u00e3o Stricto Sensu\u00a0em Jornalismo<\/p>\n","protected":false},"author":768,"featured_media":0,"parent":0,"menu_order":0,"comment_status":"closed","ping_status":"closed","template":"","meta":[],"_links":{"self":[{"href":"https:\/\/www2.uepg.br\/ppgjor\/wp-json\/wp\/v2\/pages\/2490"}],"collection":[{"href":"https:\/\/www2.uepg.br\/ppgjor\/wp-json\/wp\/v2\/pages"}],"about":[{"href":"https:\/\/www2.uepg.br\/ppgjor\/wp-json\/wp\/v2\/types\/page"}],"author":[{"embeddable":true,"href":"https:\/\/www2.uepg.br\/ppgjor\/wp-json\/wp\/v2\/users\/768"}],"replies":[{"embeddable":true,"href":"https:\/\/www2.uepg.br\/ppgjor\/wp-json\/wp\/v2\/comments?post=2490"}],"version-history":[{"count":4,"href":"https:\/\/www2.uepg.br\/ppgjor\/wp-json\/wp\/v2\/pages\/2490\/revisions"}],"predecessor-version":[{"id":3850,"href":"https:\/\/www2.uepg.br\/ppgjor\/wp-json\/wp\/v2\/pages\/2490\/revisions\/3850"}],"wp:attachment":[{"href":"https:\/\/www2.uepg.br\/ppgjor\/wp-json\/wp\/v2\/media?parent=2490"}],"curies":[{"name":"wp","href":"https:\/\/api.w.org\/{rel}","templated":true}]}}