{"id":2492,"date":"2025-02-17T21:22:01","date_gmt":"2025-02-18T00:22:01","guid":{"rendered":"https:\/\/www2.uepg.br\/ppgjor\/?page_id=2492"},"modified":"2025-04-16T08:54:16","modified_gmt":"2025-04-16T11:54:16","slug":"matriz-curricular","status":"publish","type":"page","link":"https:\/\/www2.uepg.br\/ppgjor\/matriz-curricular\/","title":{"rendered":"Matriz curricular"},"content":{"rendered":"<p style=\"text-align: center\"><strong>MATRIZ CURRICULAR<\/strong><\/p>\n<p>&nbsp;<\/p>\n<p>As disciplinas obrigat\u00f3rias e optativas est\u00e3o articuladas \u00e0 \u00e1rea de concentra\u00e7\u00e3o do Programa e suas respectivas linhas de pesquisa.<\/p>\n<p>&nbsp;<\/p>\n<p><strong>Disciplinas Obrigat\u00f3rias<\/strong><\/p>\n<p>Conforme o regulamento do PPGJor, para completar sua forma\u00e7\u00e3o, o mestrando precisa concluir 16 cr\u00e9ditos em disciplinas obrigat\u00f3rias, devendo cursar:<\/p>\n<p><strong>Teorias do Jornalismo (45h \u2013 3 cr\u00e9ditos)<\/strong><br \/>\nEmenta: Abordagens te\u00f3ricas dos estudos de jornalismo: percurso hist\u00f3rico. Fundamentos epistemol\u00f3gicos das teorias do jornalismo. Contribui\u00e7\u00f5es das teorias da Comunica\u00e7\u00e3o e de outras \u00e1reas aos estudos em jornalismo. A constitui\u00e7\u00e3o te\u00f3rica do campo jornal\u00edstico. O jornalismo como forma de conhecimento. Processos de produ\u00e7\u00e3o jornal\u00edstica: estruturas operacionais, organizacionais, narrativas e tecnol\u00f3gicas. Implica\u00e7\u00f5es sociais do fazer jornal\u00edstico.<\/p>\n<p><strong>Metodologias de Pesquisa em jornalismo (45h \u2013 3 cr\u00e9ditos)<\/strong><br \/>\nEmenta: A l\u00f3gica da pesquisa cient\u00edfica. A constru\u00e7\u00e3o do objeto de pesquisa. O campo da pesquisa em Jornalismo. Quest\u00f5es epistemol\u00f3gicas sobre ci\u00eancia e m\u00e9todo. O m\u00e9todo como horizonte conceitual, estrat\u00e9gia norteadora e dispositivo instrumental. Especificidades metodol\u00f3gicas na pesquisa em jornalismo. Os processos de produ\u00e7\u00e3o como foco de pesquisa e os desafios da investiga\u00e7\u00e3o no contexto da reconfigura\u00e7\u00e3o do jornalismo. Estrat\u00e9gias metodol\u00f3gicas em di\u00e1logo (interdisciplinar) com outras \u00e1reas de conhecimento. Principais abordagens e propostas de m\u00e9todo de pesquisa em jornalismo.<\/p>\n<p><strong>Jornalismo, Democracia e Poder (45h \u2013 3 cr\u00e9ditos)<\/strong><br \/>\nEmenta: Processos de forma\u00e7\u00e3o da opini\u00e3o p\u00fablica em sociedades complexas. Esfera p\u00fablica e formas de representa\u00e7\u00e3o pol\u00edtica. Papel do Jornalismo na defini\u00e7\u00e3o de agendas (p\u00fablica, pol\u00edtica e midi\u00e1tica). Mercados jornal\u00edsticos, demanda social e disputa de hegemonia. Estado, regulamenta\u00e7\u00e3o da m\u00eddia e controle social da informa\u00e7\u00e3o. Limites e desafios da autonomia e legitimidade jornal\u00edsticas em sociedades democr\u00e1ticas.<\/p>\n<p><strong>Jornalismo e Converg\u00eancia Tecnol\u00f3gica (45h \u2013 3 cr\u00e9ditos)<\/strong><br \/>\nEmenta: Transforma\u00e7\u00f5es do jornalismo no contexto hist\u00f3rico das tecnologias da comunica\u00e7\u00e3o. O processo de converg\u00eancia midi\u00e1tica e os dispositivos midi\u00e1ticos. Mudan\u00e7as no fazer jornal\u00edstico e a constru\u00e7\u00e3o da not\u00edcia. Velocidade e mobilidade como desafios \u00e0s responsabilidades profissionais.<\/p>\n<p><strong>Orienta\u00e7\u00e3o Disserta\u00e7\u00e3o de Mestrado \u2013 ODM I (30h \u2013 2 cr\u00e9ditos)<\/strong><br \/>\nEmenta: Acompanhamento das atividades de pesquisa, pelo(a) orientador(a), no segundo semestre de Curso.<\/p>\n<p><strong>Orienta\u00e7\u00e3o Disserta\u00e7\u00e3o de Mestrado \u2013 ODM II (30h \u2013 2 cr\u00e9ditos)<\/strong><br \/>\nEmenta: Acompanhamento das atividades de pesquisa, pelo(a) orientador(a), no terceiro semestre de Curso.<\/p>\n<p><strong>Est\u00e1gio em Doc\u00eancia \u2013 EDM (30h \u2013 2 cr\u00e9ditos, obrigat\u00f3ria para bolsistas)<\/strong><br \/>\nEmenta: Realiza\u00e7\u00e3o de est\u00e1gio doc\u00eancia na gradua\u00e7\u00e3o com supervis\u00e3o de professor(a) doutor(a).<\/p>\n<p>&nbsp;<\/p>\n<p><strong>Disciplinas Optativas<\/strong><\/p>\n<p>Al\u00e9m das disciplinas obrigat\u00f3rias, o(a) discente deve concluir 12 cr\u00e9ditos em disciplinas optativas. O PPGJor oferece seis disciplinas optativas:<\/p>\n<p><em><strong>Linha 1: Processos de Produ\u00e7\u00e3o Jornal\u00edstica<\/strong><\/em><\/p>\n<p><strong>Circula\u00e7\u00e3o e Consumo em Jornalismo (45h \u2013 3 cr\u00e9ditos)<\/strong><br \/>\nEmenta: Compreens\u00e3o da circula\u00e7\u00e3o e do consumo em processos e produtos midi\u00e1ticos. Aspectos caracterizadores dos fluxos midi\u00e1ticos-jornal\u00edsticos. Identifica\u00e7\u00e3o de l\u00f3gicas de consumo midi\u00e1tico. Dispositivos de circula\u00e7\u00e3o de produtos jornal\u00edsticos. Estrat\u00e9gias de reconhecimento dos processos de circula\u00e7\u00e3o e consumo jornal\u00edstico.<\/p>\n<p><strong>Semin\u00e1rio Tem\u00e1tico (45h \u2013 3 cr\u00e9ditos)<\/strong><br \/>\nEmenta: Aprofundar um eixo tem\u00e1tico, a partir de um setor ou campo de estudos do Jornalismo Contempor\u00e2neo, propiciando aos estudantes um conhecimento sistematizado, capaz de contribuir para com o desenvolvimento do projeto de pesquisa no Mestrado. Os Semin\u00e1rios Tem\u00e1ticos ser\u00e3o ofertados, a cada semestre, com eixos vari\u00e1veis, em sintonia com as demandas acad\u00eamicas e a disponibilidade de trabalho e pesquisa dos docentes do Programa.<\/p>\n<p><strong>Semin\u00e1rio Metodol\u00f3gico (45h \u2013 3 cr\u00e9ditos)<\/strong><br \/>\nEmenta: Apresenta\u00e7\u00e3o da vers\u00e3o preliminar dos projetos de pesquisa pelos respectivos autores (estudantes), considerando foco nos aspectos conceituais, metodol\u00f3gicos e t\u00e9cnicas operacionais de investiga\u00e7\u00f5es, tanto emp\u00edricas quanto te\u00f3ricas. O Semin\u00e1rio deve operar como laborat\u00f3rio de pesquisa entre os participantes dos grupos mantidos pelo PPG Jornalismo.<\/p>\n<p>&nbsp;<\/p>\n<p><strong><em>Linha 2: Processos Jornal\u00edsticos e Pr\u00e1ticas Sociais<\/em><\/strong><\/p>\n<p><strong>Jornalismo, Cultura e Atores Sociais (45h \u2013 3 cr\u00e9ditos)<\/strong><br \/>\nEmenta: Jornalismo, representa\u00e7\u00f5es sociais e identidades culturais. A m\u00eddia na forma\u00e7\u00e3o do consumo cultural. Produ\u00e7\u00e3o midi\u00e1tica, globaliza\u00e7\u00e3o e diversidade cultural. Processos de interven\u00e7\u00e3o dos atores sociais no campo midi\u00e1tico. Rela\u00e7\u00f5es entre jornalismo, movimentos sociais e redes de comunica\u00e7\u00e3o. Jornalismo, pr\u00e1ticas de cidadania e resist\u00eancia cultural.<\/p>\n<p><strong>Semin\u00e1rio Tem\u00e1tico (45h \u2013 3 cr\u00e9ditos)<\/strong><br \/>\nEmenta: Aprofundar um eixo tem\u00e1tico, a partir de um setor ou campo de estudos do Jornalismo Contempor\u00e2neo, propiciando aos estudantes um conhecimento sistematizado, capaz de contribuir para com o desenvolvimento do projeto de pesquisa no Mestrado. Os Semin\u00e1rios Tem\u00e1ticos ser\u00e3o ofertados, a cada semestre, com eixos vari\u00e1veis, em sintonia com as demandas acad\u00eamicas e a disponibilidade de trabalho e pesquisa dos docentes do Programa.<\/p>\n<p><strong>Semin\u00e1rio Metodol\u00f3gico (45h \u2013 3 cr\u00e9ditos)<\/strong><br \/>\nEmenta: Apresenta\u00e7\u00e3o da vers\u00e3o preliminar dos projetos de pesquisa pelos respectivos autores (estudantes), considerando foco nos aspectos conceituais, metodol\u00f3gicos e t\u00e9cnicas operacionais de investiga\u00e7\u00f5es, tanto emp\u00edricas quanto te\u00f3ricas. O Semin\u00e1rio deve operar como laborat\u00f3rio de pesquisa entre os participantes dos grupos mantidos pelo PPG Jornalismo.<\/p>\n","protected":false},"excerpt":{"rendered":"<p>MATRIZ CURRICULAR &nbsp; As disciplinas obrigat\u00f3rias e optativas est\u00e3o articuladas \u00e0 \u00e1rea de concentra\u00e7\u00e3o do Programa e suas respectivas linhas de pesquisa. &nbsp; Disciplinas Obrigat\u00f3rias Conforme o regulamento do PPGJor, para completar sua forma\u00e7\u00e3o, o mestrando precisa concluir 16 cr\u00e9ditos em disciplinas obrigat\u00f3rias, devendo cursar: Teorias do Jornalismo (45h \u2013 3 cr\u00e9ditos) Ementa: Abordagens te\u00f3ricas&nbsp;&hellip;<\/p>\n","protected":false},"author":768,"featured_media":0,"parent":0,"menu_order":0,"comment_status":"closed","ping_status":"closed","template":"","meta":[],"_links":{"self":[{"href":"https:\/\/www2.uepg.br\/ppgjor\/wp-json\/wp\/v2\/pages\/2492"}],"collection":[{"href":"https:\/\/www2.uepg.br\/ppgjor\/wp-json\/wp\/v2\/pages"}],"about":[{"href":"https:\/\/www2.uepg.br\/ppgjor\/wp-json\/wp\/v2\/types\/page"}],"author":[{"embeddable":true,"href":"https:\/\/www2.uepg.br\/ppgjor\/wp-json\/wp\/v2\/users\/768"}],"replies":[{"embeddable":true,"href":"https:\/\/www2.uepg.br\/ppgjor\/wp-json\/wp\/v2\/comments?post=2492"}],"version-history":[{"count":5,"href":"https:\/\/www2.uepg.br\/ppgjor\/wp-json\/wp\/v2\/pages\/2492\/revisions"}],"predecessor-version":[{"id":2823,"href":"https:\/\/www2.uepg.br\/ppgjor\/wp-json\/wp\/v2\/pages\/2492\/revisions\/2823"}],"wp:attachment":[{"href":"https:\/\/www2.uepg.br\/ppgjor\/wp-json\/wp\/v2\/media?parent=2492"}],"curies":[{"name":"wp","href":"https:\/\/api.w.org\/{rel}","templated":true}]}}