{"id":2496,"date":"2025-02-17T21:41:32","date_gmt":"2025-02-18T00:41:32","guid":{"rendered":"https:\/\/www2.uepg.br\/ppgjor\/?page_id=2496"},"modified":"2025-05-09T16:20:57","modified_gmt":"2025-05-09T19:20:57","slug":"colegiado","status":"publish","type":"page","link":"https:\/\/www2.uepg.br\/ppgjor\/colegiado\/","title":{"rendered":"Colegiado"},"content":{"rendered":"<p>O Colegiado \u00e9 composto por todos os docentes, permanentes e colaboradores, vinculados ao Programa de P\u00f3s-Gradua\u00e7\u00e3o em Jornalismo:<\/p>\n<ul>\n<li>Cintia Xavier<\/li>\n<li>Felipe Sim\u00e3o Pontes<\/li>\n<li>Graziela Soares Bianchi<\/li>\n<li>Guilherme Gon\u00e7alves de Carvalho<\/li>\n<li>Hebe Maria Gon\u00e7alves de Oliveira<\/li>\n<li>Ivan Elizeu Bomfim Pereira<\/li>\n<li>Karina Janz Woitowicz<\/li>\n<li>Marcelo Engel Bronosky<\/li>\n<li>Paula Melani Rocha<\/li>\n<li>Rafael Schoenherr<\/li>\n<li>S\u00e9rgio Luiz Gadini<\/li>\n<\/ul>\n","protected":false},"excerpt":{"rendered":"<p>O Colegiado \u00e9 composto por todos os docentes, permanentes e colaboradores, vinculados ao Programa de P\u00f3s-Gradua\u00e7\u00e3o em Jornalismo: Cintia Xavier Felipe Sim\u00e3o Pontes Graziela Soares Bianchi Guilherme Gon\u00e7alves de Carvalho Hebe Maria Gon\u00e7alves de Oliveira Ivan Elizeu Bomfim Pereira Karina Janz Woitowicz Marcelo Engel Bronosky Paula Melani Rocha Rafael Schoenherr S\u00e9rgio Luiz Gadini<\/p>\n","protected":false},"author":768,"featured_media":0,"parent":0,"menu_order":0,"comment_status":"closed","ping_status":"closed","template":"","meta":[],"_links":{"self":[{"href":"https:\/\/www2.uepg.br\/ppgjor\/wp-json\/wp\/v2\/pages\/2496"}],"collection":[{"href":"https:\/\/www2.uepg.br\/ppgjor\/wp-json\/wp\/v2\/pages"}],"about":[{"href":"https:\/\/www2.uepg.br\/ppgjor\/wp-json\/wp\/v2\/types\/page"}],"author":[{"embeddable":true,"href":"https:\/\/www2.uepg.br\/ppgjor\/wp-json\/wp\/v2\/users\/768"}],"replies":[{"embeddable":true,"href":"https:\/\/www2.uepg.br\/ppgjor\/wp-json\/wp\/v2\/comments?post=2496"}],"version-history":[{"count":2,"href":"https:\/\/www2.uepg.br\/ppgjor\/wp-json\/wp\/v2\/pages\/2496\/revisions"}],"predecessor-version":[{"id":3076,"href":"https:\/\/www2.uepg.br\/ppgjor\/wp-json\/wp\/v2\/pages\/2496\/revisions\/3076"}],"wp:attachment":[{"href":"https:\/\/www2.uepg.br\/ppgjor\/wp-json\/wp\/v2\/media?parent=2496"}],"curies":[{"name":"wp","href":"https:\/\/api.w.org\/{rel}","templated":true}]}}