{"id":2502,"date":"2025-02-17T21:42:23","date_gmt":"2025-02-18T00:42:23","guid":{"rendered":"https:\/\/www2.uepg.br\/ppgjor\/?page_id=2502"},"modified":"2025-05-16T16:02:45","modified_gmt":"2025-05-16T19:02:45","slug":"secretaria","status":"publish","type":"page","link":"https:\/\/www2.uepg.br\/ppgjor\/secretaria\/","title":{"rendered":"Secretaria"},"content":{"rendered":"<h4><b>Joseli Terezinha Manoel Pinto<\/b><\/h4>\n<p><strong>T\u00e9cnica Administrativa<\/strong><\/p>\n<p>Ingressou na Universidade Estadual de Ponta Grossa no dia 1\u00ba de agosto de 1980. A maior parte de sua trajet\u00f3ria na IES foi dedicada aos trabalhos junto \u00e0 Pr\u00f3-Reitoria de Extens\u00e3o e Assuntos Culturais (Proex). A partir de 1\u00ba de setembro de 2018 passou a integrar os quadros da Pr\u00f3-Reitoria de Pesquisa e P\u00f3s-Gradua\u00e7\u00e3o (Propesp). Desde ent\u00e3o, exerce suas atividades no Programa de P\u00f3s-Gradua\u00e7\u00e3o em Jornalismo.<\/p>\n<p>E-mail: <a href=\"mailto:ppgjornalismo@gmail.com\">ppgjornalismo@gmail.com<\/a><\/p>\n<p>Telefone: +55 42 3220-3379<\/p>\n","protected":false},"excerpt":{"rendered":"<p>Joseli Terezinha Manoel Pinto T\u00e9cnica Administrativa Ingressou na Universidade Estadual de Ponta Grossa no dia 1\u00ba de agosto de 1980. A maior parte de sua trajet\u00f3ria na IES foi dedicada aos trabalhos junto \u00e0 Pr\u00f3-Reitoria de Extens\u00e3o e Assuntos Culturais (Proex). A partir de 1\u00ba de setembro de 2018 passou a integrar os quadros da&nbsp;&hellip;<\/p>\n","protected":false},"author":768,"featured_media":0,"parent":0,"menu_order":0,"comment_status":"closed","ping_status":"closed","template":"","meta":[],"_links":{"self":[{"href":"https:\/\/www2.uepg.br\/ppgjor\/wp-json\/wp\/v2\/pages\/2502"}],"collection":[{"href":"https:\/\/www2.uepg.br\/ppgjor\/wp-json\/wp\/v2\/pages"}],"about":[{"href":"https:\/\/www2.uepg.br\/ppgjor\/wp-json\/wp\/v2\/types\/page"}],"author":[{"embeddable":true,"href":"https:\/\/www2.uepg.br\/ppgjor\/wp-json\/wp\/v2\/users\/768"}],"replies":[{"embeddable":true,"href":"https:\/\/www2.uepg.br\/ppgjor\/wp-json\/wp\/v2\/comments?post=2502"}],"version-history":[{"count":4,"href":"https:\/\/www2.uepg.br\/ppgjor\/wp-json\/wp\/v2\/pages\/2502\/revisions"}],"predecessor-version":[{"id":3138,"href":"https:\/\/www2.uepg.br\/ppgjor\/wp-json\/wp\/v2\/pages\/2502\/revisions\/3138"}],"wp:attachment":[{"href":"https:\/\/www2.uepg.br\/ppgjor\/wp-json\/wp\/v2\/media?parent=2502"}],"curies":[{"name":"wp","href":"https:\/\/api.w.org\/{rel}","templated":true}]}}