{"id":2505,"date":"2025-02-17T21:42:57","date_gmt":"2025-02-18T00:42:57","guid":{"rendered":"https:\/\/www2.uepg.br\/ppgjor\/?page_id=2505"},"modified":"2025-05-16T15:19:46","modified_gmt":"2025-05-16T18:19:46","slug":"espacos-de-estudo-e-convivencia","status":"publish","type":"page","link":"https:\/\/www2.uepg.br\/ppgjor\/espacos-de-estudo-e-convivencia\/","title":{"rendered":"Espa\u00e7os de estudo e conviv\u00eancia"},"content":{"rendered":"<h2><strong>Espa\u00e7o de pesquisa PPGJOR-UEPG<\/strong><\/h2>\n<h2><img loading=\"lazy\" class=\"alignnone size-full wp-image-3095\" src=\"http:\/\/www2.uepg.br\/ppgjor\/wp-content\/uploads\/sites\/26\/2025\/05\/MG_1404.jpg\" alt=\"\" width=\"2048\" height=\"1365\" \/><\/h2>\n<h2><strong>Entrada do Bloco A<\/strong><\/h2>\n<p><img loading=\"lazy\" class=\"alignnone size-full wp-image-3128\" src=\"http:\/\/www2.uepg.br\/ppgjor\/wp-content\/uploads\/sites\/26\/2025\/05\/MG_1456.jpg\" alt=\"\" width=\"6000\" height=\"4000\" \/><\/p>\n<h2><strong>Entrada do Bloco B &#8211; Acesso ao PPGJOR-UEPG<\/strong><\/h2>\n<p><img loading=\"lazy\" class=\"alignnone size-full wp-image-3091\" src=\"http:\/\/www2.uepg.br\/ppgjor\/wp-content\/uploads\/sites\/26\/2025\/05\/MG_1375.jpg\" alt=\"\" width=\"2048\" height=\"1365\" \/><\/p>\n<p>&nbsp;<\/p>\n<h2><strong>Acessibilidade nos corredores levam \u00e0s depend\u00eancias do PPGJOR<\/strong><\/h2>\n<h2><img loading=\"lazy\" class=\"alignnone size-full wp-image-3092\" src=\"http:\/\/www2.uepg.br\/ppgjor\/wp-content\/uploads\/sites\/26\/2025\/05\/MG_1379.jpg\" alt=\"\" width=\"1365\" height=\"2048\" \/> <img loading=\"lazy\" class=\"alignnone size-full wp-image-3094\" src=\"http:\/\/www2.uepg.br\/ppgjor\/wp-content\/uploads\/sites\/26\/2025\/05\/MG_1388.jpg\" alt=\"\" width=\"1365\" height=\"2048\" \/><\/h2>\n<p><img loading=\"lazy\" class=\"alignnone size-full wp-image-3096\" src=\"http:\/\/www2.uepg.br\/ppgjor\/wp-content\/uploads\/sites\/26\/2025\/05\/MG_1398.jpg\" alt=\"\" width=\"1365\" height=\"2048\" \/><\/p>\n<h2><strong>Grande audit\u00f3rio<\/strong><\/h2>\n<p><img loading=\"lazy\" class=\"alignnone size-full wp-image-3126\" src=\"http:\/\/www2.uepg.br\/ppgjor\/wp-content\/uploads\/sites\/26\/2025\/05\/MG_1481.jpg\" alt=\"\" width=\"6000\" height=\"4000\" \/> <img loading=\"lazy\" class=\"alignnone size-full wp-image-3127\" src=\"http:\/\/www2.uepg.br\/ppgjor\/wp-content\/uploads\/sites\/26\/2025\/05\/MG_1477.jpg\" alt=\"\" width=\"6000\" height=\"4000\" \/><\/p>\n<h2><strong>Mini-audit\u00f3rio, Sala B-108<\/strong><\/h2>\n<p><img loading=\"lazy\" class=\"alignnone size-full wp-image-3090\" src=\"http:\/\/www2.uepg.br\/ppgjor\/wp-content\/uploads\/sites\/26\/2025\/05\/MG_1358.jpg\" alt=\"\" width=\"2048\" height=\"1049\" \/> <img loading=\"lazy\" class=\"alignnone size-full wp-image-3089\" src=\"http:\/\/www2.uepg.br\/ppgjor\/wp-content\/uploads\/sites\/26\/2025\/05\/MG_1347.jpg\" alt=\"\" width=\"2048\" height=\"1365\" \/><\/p>\n<h2><\/h2>\n<h2><strong>Biblioteca central<\/strong><\/h2>\n<p><img loading=\"lazy\" class=\"alignnone wp-image-3087 size-full\" src=\"http:\/\/www2.uepg.br\/ppgjor\/wp-content\/uploads\/sites\/26\/2025\/05\/MG_1306.jpg\" alt=\"\" width=\"2048\" height=\"1365\" \/> <img loading=\"lazy\" class=\"alignnone wp-image-3088 size-full\" src=\"http:\/\/www2.uepg.br\/ppgjor\/wp-content\/uploads\/sites\/26\/2025\/05\/MG_1310.jpg\" alt=\"\" width=\"1365\" height=\"2048\" \/><\/p>\n","protected":false},"excerpt":{"rendered":"<p>Espa\u00e7o de pesquisa PPGJOR-UEPG Entrada do Bloco A Entrada do Bloco B &#8211; Acesso ao PPGJOR-UEPG &nbsp; Acessibilidade nos corredores levam \u00e0s depend\u00eancias do PPGJOR Grande audit\u00f3rio Mini-audit\u00f3rio, Sala B-108 Biblioteca central<\/p>\n","protected":false},"author":768,"featured_media":0,"parent":0,"menu_order":0,"comment_status":"closed","ping_status":"closed","template":"","meta":[],"_links":{"self":[{"href":"https:\/\/www2.uepg.br\/ppgjor\/wp-json\/wp\/v2\/pages\/2505"}],"collection":[{"href":"https:\/\/www2.uepg.br\/ppgjor\/wp-json\/wp\/v2\/pages"}],"about":[{"href":"https:\/\/www2.uepg.br\/ppgjor\/wp-json\/wp\/v2\/types\/page"}],"author":[{"embeddable":true,"href":"https:\/\/www2.uepg.br\/ppgjor\/wp-json\/wp\/v2\/users\/768"}],"replies":[{"embeddable":true,"href":"https:\/\/www2.uepg.br\/ppgjor\/wp-json\/wp\/v2\/comments?post=2505"}],"version-history":[{"count":9,"href":"https:\/\/www2.uepg.br\/ppgjor\/wp-json\/wp\/v2\/pages\/2505\/revisions"}],"predecessor-version":[{"id":3132,"href":"https:\/\/www2.uepg.br\/ppgjor\/wp-json\/wp\/v2\/pages\/2505\/revisions\/3132"}],"wp:attachment":[{"href":"https:\/\/www2.uepg.br\/ppgjor\/wp-json\/wp\/v2\/media?parent=2505"}],"curies":[{"name":"wp","href":"https:\/\/api.w.org\/{rel}","templated":true}]}}