{"id":2549,"date":"2025-02-20T09:57:27","date_gmt":"2025-02-20T12:57:27","guid":{"rendered":"https:\/\/www2.uepg.br\/ppgjor\/?page_id=2549"},"modified":"2025-04-16T08:32:10","modified_gmt":"2025-04-16T11:32:10","slug":"perguntas-frequentes","status":"publish","type":"page","link":"https:\/\/www2.uepg.br\/ppgjor\/perguntas-frequentes\/","title":{"rendered":"Perguntas frequentes"},"content":{"rendered":"<p><strong>O PPGJor\/Uepg possui pol\u00edtica afirmativa para ingresso de estudantes?<\/strong><\/p>\n<p>Sim, o PPGJor mant\u00e9m uma pol\u00edtica afirmativa de acesso e perman\u00eancia dos discentes. Das 15 vagas ofertadas anualmente, 4 (quatro) s\u00e3o reservadas para candidatos(as) autodeclarados(as) negros(as). Al\u00e9m disso, s\u00e3o ofertadas, em car\u00e1ter adicional: 01 (uma) vaga para pessoas com defici\u00eancia (PcD) \u2013 nos termos da Portaria Normativa n\u00ba 13\/2016 do Minist\u00e9rio da Educa\u00e7\u00e3o; 01 (uma) vaga para candidatos\/as Trans (Transexuais, Transg\u00eaneros e Travestis); 01 (uma) vaga candidato(a) autodeclarado(a) ind\u00edgena. 01 (uma) vaga para candidatos\/as estrangeiros\/as com status de refugiados ou portadores de visto humanit\u00e1rio \u2013 nos termos do Art. 1 da Lei 9474\/1997 e 01 (uma) vaga para Servidores T\u00e9cnico-Administrativos da UEPG.<\/p>\n<p>&nbsp;<\/p>\n<p><strong>O PPGJor\/Uepg possui pol\u00edtica afirmativa para bolsas de estudos?<\/strong><\/p>\n<p>O fortalecimento das pol\u00edticas afirmativas no PPGJor se estende para os crit\u00e9rios de sele\u00e7\u00e3o de bolsistas, com peso para candidatos cadastrados no CAD\u00danico do Governo Federal, manuten\u00e7\u00e3o de dependente e acr\u00e9scimo de nota para estudantes cotistas (10%).<\/p>\n","protected":false},"excerpt":{"rendered":"<p>O PPGJor\/Uepg possui pol\u00edtica afirmativa para ingresso de estudantes? Sim, o PPGJor mant\u00e9m uma pol\u00edtica afirmativa de acesso e perman\u00eancia dos discentes. Das 15 vagas ofertadas anualmente, 4 (quatro) s\u00e3o reservadas para candidatos(as) autodeclarados(as) negros(as). Al\u00e9m disso, s\u00e3o ofertadas, em car\u00e1ter adicional: 01 (uma) vaga para pessoas com defici\u00eancia (PcD) \u2013 nos termos da Portaria&nbsp;&hellip;<\/p>\n","protected":false},"author":768,"featured_media":0,"parent":0,"menu_order":0,"comment_status":"closed","ping_status":"closed","template":"","meta":[],"_links":{"self":[{"href":"https:\/\/www2.uepg.br\/ppgjor\/wp-json\/wp\/v2\/pages\/2549"}],"collection":[{"href":"https:\/\/www2.uepg.br\/ppgjor\/wp-json\/wp\/v2\/pages"}],"about":[{"href":"https:\/\/www2.uepg.br\/ppgjor\/wp-json\/wp\/v2\/types\/page"}],"author":[{"embeddable":true,"href":"https:\/\/www2.uepg.br\/ppgjor\/wp-json\/wp\/v2\/users\/768"}],"replies":[{"embeddable":true,"href":"https:\/\/www2.uepg.br\/ppgjor\/wp-json\/wp\/v2\/comments?post=2549"}],"version-history":[{"count":2,"href":"https:\/\/www2.uepg.br\/ppgjor\/wp-json\/wp\/v2\/pages\/2549\/revisions"}],"predecessor-version":[{"id":2822,"href":"https:\/\/www2.uepg.br\/ppgjor\/wp-json\/wp\/v2\/pages\/2549\/revisions\/2822"}],"wp:attachment":[{"href":"https:\/\/www2.uepg.br\/ppgjor\/wp-json\/wp\/v2\/media?parent=2549"}],"curies":[{"name":"wp","href":"https:\/\/api.w.org\/{rel}","templated":true}]}}