{"id":2552,"date":"2025-02-20T09:58:21","date_gmt":"2025-02-20T12:58:21","guid":{"rendered":"https:\/\/www2.uepg.br\/ppgjor\/?page_id=2552"},"modified":"2025-05-11T23:59:47","modified_gmt":"2025-05-12T02:59:47","slug":"depoimentos-e-conselhos","status":"publish","type":"page","link":"https:\/\/www2.uepg.br\/ppgjor\/depoimentos-e-conselhos\/","title":{"rendered":"Depoimentos e conselhos"},"content":{"rendered":"<blockquote><p>Eu perten\u00e7o ao Programa de Bolsas do ZICOSUR Universit\u00e1rio. Fiquei muito grato de poder pertencer a este programa de bolsistas porque me permite conhecer e interagir com bolsitas de outros paises, alem de estudar aqui dois anos.<br \/>\nAcho muito bacana que outros jovens estudantes possam ter suas experiencias de estudo e aprimoramento profissional em outros paises da Regiao, e conhecer outros estudantes e academicos, como eu no Programa de Pos Gradua\u00e7ao em Jornalismo da UEPG (Universidade Estadual de Ponta Grossa).<\/p><\/blockquote>\n<p><strong>Pablino C\u00e1ceres Paredes &#8211; Discente de Mestrado<\/strong><\/p>\n<blockquote><p>&#8220;Estar no mestrado \u00e9, na maioria dos dias, a realiza\u00e7\u00e3o de um sonho e uma prova de vontade. Estar disposto a aprender, reestruturar, defender e come\u00e7ar do zero todos os dias \u00e9 uma felicidade.<br \/>\nPara aqueles que tem vontade, minhas dicas s\u00e3o:<br \/>\n1) Nunca esque\u00e7a o motivo de ter come\u00e7ado. Se \u00e9 algo que voc\u00ea quer, lute at\u00e9 o final;<br \/>\n2) Tenha uma rede de suporte que te ajude em todos os momentos;<br \/>\n3) Esteja disposto a tentar v\u00e1rias vezes.&#8221;<\/p><\/blockquote>\n<p><strong>Tamires Limurci &#8211; Discente de Mestrado<\/strong><\/p>\n<blockquote><p>&#8220;O mestrado \u00e9 aprendizado constante e o amadurecimento da mente de um pesquisador que nasce. Se eu pudesse dar um conselho, diria para aproveitar cada intera\u00e7\u00e3o &#8211; com os colegas, professores, todos que passam pelo programa. Leia, n\u00e3o tenha medo de testar e conhecer coisas novas e acredite no seu potencial&#8221;.<\/p><\/blockquote>\n<p><strong>Maria Helena Denck &#8211; Discente de Mestrado<\/strong><\/p>\n<blockquote><p>&#8220;Estar no mestrado envolve exigir mais de si, e perceber o quanto essa exig\u00eancia desenvolve nossa capacidade cr\u00edtica e de produ\u00e7\u00e3o, express\u00e3o e compartilhamento de ideias. As dicas s\u00e3o: estar disposto a se desafiar e ter comprometimento com a tarefa&#8221;.<\/p><\/blockquote>\n<p><strong>Gabriel Ip\u00f3lito &#8211; Discente de Mestrado<\/strong><\/p>\n<blockquote><p>&#8220;Ingressar no PPGJOR \u00e9 estar disposto a refletir sobre o jornalismo como pr\u00e1tica social. Minhas dicas para esse percurso s\u00e3o: n\u00e3o tenha medo de mudar de ideia, ou\u00e7a e compartilhe experi\u00eancia com os colegas, participe dos grupos de pesquisa. H\u00e1 um universo cient\u00edfico a desbravar&#8221;.<\/p><\/blockquote>\n<p><strong>V\u00edtor Almeida &#8211; Discente de Mestrado<\/strong><\/p>\n","protected":false},"excerpt":{"rendered":"<p>Eu perten\u00e7o ao Programa de Bolsas do ZICOSUR Universit\u00e1rio. Fiquei muito grato de poder pertencer a este programa de bolsistas porque me permite conhecer e interagir com bolsitas de outros paises, alem de estudar aqui dois anos. Acho muito bacana que outros jovens estudantes possam ter suas experiencias de estudo e aprimoramento profissional em outros&nbsp;&hellip;<\/p>\n","protected":false},"author":768,"featured_media":0,"parent":0,"menu_order":0,"comment_status":"closed","ping_status":"closed","template":"","meta":[],"_links":{"self":[{"href":"https:\/\/www2.uepg.br\/ppgjor\/wp-json\/wp\/v2\/pages\/2552"}],"collection":[{"href":"https:\/\/www2.uepg.br\/ppgjor\/wp-json\/wp\/v2\/pages"}],"about":[{"href":"https:\/\/www2.uepg.br\/ppgjor\/wp-json\/wp\/v2\/types\/page"}],"author":[{"embeddable":true,"href":"https:\/\/www2.uepg.br\/ppgjor\/wp-json\/wp\/v2\/users\/768"}],"replies":[{"embeddable":true,"href":"https:\/\/www2.uepg.br\/ppgjor\/wp-json\/wp\/v2\/comments?post=2552"}],"version-history":[{"count":4,"href":"https:\/\/www2.uepg.br\/ppgjor\/wp-json\/wp\/v2\/pages\/2552\/revisions"}],"predecessor-version":[{"id":3085,"href":"https:\/\/www2.uepg.br\/ppgjor\/wp-json\/wp\/v2\/pages\/2552\/revisions\/3085"}],"wp:attachment":[{"href":"https:\/\/www2.uepg.br\/ppgjor\/wp-json\/wp\/v2\/media?parent=2552"}],"curies":[{"name":"wp","href":"https:\/\/api.w.org\/{rel}","templated":true}]}}