{"id":2555,"date":"2025-02-20T09:59:17","date_gmt":"2025-02-20T12:59:17","guid":{"rendered":"https:\/\/www2.uepg.br\/ppgjor\/?page_id=2555"},"modified":"2025-04-16T08:28:54","modified_gmt":"2025-04-16T11:28:54","slug":"calendario-academico","status":"publish","type":"page","link":"https:\/\/www2.uepg.br\/ppgjor\/calendario-academico\/","title":{"rendered":"Calend\u00e1rio acad\u00eamico"},"content":{"rendered":"<ul>\n<li><strong>2025 &#8211;\u00a0<\/strong><a href=\"http:\/\/www2.uepg.br\/ppgjor\/wp-content\/uploads\/sites\/26\/2025\/04\/Ingresso_UEPG_Calendario-Academico-2025.pdf\">Calend\u00e1rio universit\u00e1rio para cursos de gradua\u00e7\u00e3o e p\u00f3s-gradua\u00e7\u00e3o presenciais e a dist\u00e2ncia.<\/a><\/li>\n<\/ul>\n","protected":false},"excerpt":{"rendered":"<p>2025 &#8211;\u00a0Calend\u00e1rio universit\u00e1rio para cursos de gradua\u00e7\u00e3o e p\u00f3s-gradua\u00e7\u00e3o presenciais e a dist\u00e2ncia.<\/p>\n","protected":false},"author":768,"featured_media":0,"parent":0,"menu_order":0,"comment_status":"closed","ping_status":"closed","template":"","meta":[],"_links":{"self":[{"href":"https:\/\/www2.uepg.br\/ppgjor\/wp-json\/wp\/v2\/pages\/2555"}],"collection":[{"href":"https:\/\/www2.uepg.br\/ppgjor\/wp-json\/wp\/v2\/pages"}],"about":[{"href":"https:\/\/www2.uepg.br\/ppgjor\/wp-json\/wp\/v2\/types\/page"}],"author":[{"embeddable":true,"href":"https:\/\/www2.uepg.br\/ppgjor\/wp-json\/wp\/v2\/users\/768"}],"replies":[{"embeddable":true,"href":"https:\/\/www2.uepg.br\/ppgjor\/wp-json\/wp\/v2\/comments?post=2555"}],"version-history":[{"count":3,"href":"https:\/\/www2.uepg.br\/ppgjor\/wp-json\/wp\/v2\/pages\/2555\/revisions"}],"predecessor-version":[{"id":2819,"href":"https:\/\/www2.uepg.br\/ppgjor\/wp-json\/wp\/v2\/pages\/2555\/revisions\/2819"}],"wp:attachment":[{"href":"https:\/\/www2.uepg.br\/ppgjor\/wp-json\/wp\/v2\/media?parent=2555"}],"curies":[{"name":"wp","href":"https:\/\/api.w.org\/{rel}","templated":true}]}}