{"id":2566,"date":"2025-02-20T10:07:21","date_gmt":"2025-02-20T13:07:21","guid":{"rendered":"https:\/\/www2.uepg.br\/ppgjor\/?page_id=2566"},"modified":"2025-05-23T16:13:14","modified_gmt":"2025-05-23T19:13:14","slug":"seminario-de-inverno-edicao-atual","status":"publish","type":"page","link":"https:\/\/www2.uepg.br\/ppgjor\/seminario-de-inverno-edicao-atual\/","title":{"rendered":"Semin\u00e1rio de Inverno &#8211; Edi\u00e7\u00e3o atual"},"content":{"rendered":"<p><b>Semin\u00e1rio de Inverno de Estudos em Comunica\u00e7\u00e3o<\/b><\/p>\n<p><b>ISBN: 2175-0505<\/b><\/p>\n<p>O Semin\u00e1rio de Inverno de Estudos em Comunica\u00e7\u00e3o foi criado em 1996 pelo curso de Comunica\u00e7\u00e3o Social &#8211; Jornalismo da Universidade Estadual de Ponta Grossa (UEPG). O evento surgiu do desejo de professores e professoras do curso, rec\u00e9m mestres e que na \u00e9poca desenvolviam suas pesquisas de doutorado em programas de p\u00f3s-gradua\u00e7\u00e3o de diversas regi\u00f5es do pa\u00eds, de criar um evento cient\u00edfico para os estudantes conhecerem seus projetos de pesquisa de doutorado.<\/p>\n<p>A inten\u00e7\u00e3o inicial do evento era estimular a pesquisa cient\u00edfica e criar um ambiente de pesquisa no curso, em um per\u00edodo de poucas bolsas de inicia\u00e7\u00e3o cient\u00edfica, portanto, os anos 1990 e in\u00edcio dos anos 2000 s\u00e3o marcados por um car\u00e1ter intimista. O evento cresce com uma pretens\u00e3o cr\u00edtica frente ao Estado e os meios de comunica\u00e7\u00e3o, estimulando a cr\u00edtica social, leitura pol\u00edtica e a problematiza\u00e7\u00e3o das coberturas jornal\u00edsticas.<\/p>\n<p>A partir de 2013, o corpo docente do curso de Jornalismo muda o foco do evento, dando \u00eanfase \u00e0s linhas de pesquisa do rec\u00e9m criado programa de p\u00f3s-gradua\u00e7\u00e3o Mestrado em Jornalismo da UEPG (PPGJor-UEPG), \u201cProcessos de Produ\u00e7\u00e3o Jornal\u00edstica\u201d e \u201cProcessos Jornal\u00edsticos e Pr\u00e1ticas Sociais\u201d. Com esta virada, o Semin\u00e1rio de Inverno come\u00e7a a convidar com mais frequ\u00eancia, para mesas, comunica\u00e7\u00f5es orais e palestras, pesquisadores e pesquisadoras de universidades brasileiras para estabelecer di\u00e1logos, principalmente de universidades do Rio Grande do Sul, Santa Catarina e do Paran\u00e1.<\/p>\n<p>Em 2024 o Mestrado em Jornalismo da UEPG realizou o 27\u00ba Semin\u00e1rio de Inverno, que acontece ininterruptamente desde sua cria\u00e7\u00e3o. Em 2020 e 2021, o evento aconteceu remotamente devido a pandemia de Covid-19. Os anais do evento est\u00e3o dispon\u00edveis no site do PPGJor-UEPG.<\/p>\n<p>A 28\u00aa edi\u00e7\u00e3o do evento tem como tema as &#8220;Quatro d\u00e9cadas de forma\u00e7\u00e3o superior em Jornalismo nos Campos Gerais&#8221;, em virtude aos 40 anos do curso de Jornalismo da UEPG. O Semin\u00e1rio de Inverno ocorre na primeira semana de junho, entre os dias 2 e 6, e conta com a organiza\u00e7\u00e3o do\u00a0<a href=\"https:\/\/www.instagram.com\/combateadesinformacao\/\">Projeto Combate \u00e0 Desinforma\u00e7\u00e3o<\/a>\u00a0e\u00a0<a href=\"https:\/\/www.instagram.com\/agenciajornalismouepg\/\">Ag\u00eancia de Jornalismo UEPG<\/a>. Confira o <a href=\"https:\/\/siseve.apps.uepg.br\/pt_BR\/xxiiiseminariojornalismo\">site do evento<\/a>.<\/p>\n","protected":false},"excerpt":{"rendered":"<p>Semin\u00e1rio de Inverno de Estudos em Comunica\u00e7\u00e3o ISBN: 2175-0505 O Semin\u00e1rio de Inverno de Estudos em Comunica\u00e7\u00e3o foi criado em 1996 pelo curso de Comunica\u00e7\u00e3o Social &#8211; Jornalismo da Universidade Estadual de Ponta Grossa (UEPG). O evento surgiu do desejo de professores e professoras do curso, rec\u00e9m mestres e que na \u00e9poca desenvolviam suas pesquisas&nbsp;&hellip;<\/p>\n","protected":false},"author":768,"featured_media":0,"parent":0,"menu_order":0,"comment_status":"closed","ping_status":"closed","template":"","meta":[],"_links":{"self":[{"href":"https:\/\/www2.uepg.br\/ppgjor\/wp-json\/wp\/v2\/pages\/2566"}],"collection":[{"href":"https:\/\/www2.uepg.br\/ppgjor\/wp-json\/wp\/v2\/pages"}],"about":[{"href":"https:\/\/www2.uepg.br\/ppgjor\/wp-json\/wp\/v2\/types\/page"}],"author":[{"embeddable":true,"href":"https:\/\/www2.uepg.br\/ppgjor\/wp-json\/wp\/v2\/users\/768"}],"replies":[{"embeddable":true,"href":"https:\/\/www2.uepg.br\/ppgjor\/wp-json\/wp\/v2\/comments?post=2566"}],"version-history":[{"count":4,"href":"https:\/\/www2.uepg.br\/ppgjor\/wp-json\/wp\/v2\/pages\/2566\/revisions"}],"predecessor-version":[{"id":3197,"href":"https:\/\/www2.uepg.br\/ppgjor\/wp-json\/wp\/v2\/pages\/2566\/revisions\/3197"}],"wp:attachment":[{"href":"https:\/\/www2.uepg.br\/ppgjor\/wp-json\/wp\/v2\/media?parent=2566"}],"curies":[{"name":"wp","href":"https:\/\/api.w.org\/{rel}","templated":true}]}}