{"id":2569,"date":"2025-02-20T10:08:25","date_gmt":"2025-02-20T13:08:25","guid":{"rendered":"https:\/\/www2.uepg.br\/ppgjor\/?page_id=2569"},"modified":"2025-03-19T09:05:54","modified_gmt":"2025-03-19T12:05:54","slug":"seminario-de-inverno-edicoes-anteriores","status":"publish","type":"page","link":"https:\/\/www2.uepg.br\/ppgjor\/seminario-de-inverno-edicoes-anteriores\/","title":{"rendered":"Semin\u00e1rio de Inverno &#8211; Edi\u00e7\u00f5es anteriores"},"content":{"rendered":"<p>Semin\u00e1rio de Inverno &#8211; Edi\u00e7\u00f5es anteriores<\/p>\n<ul>\n<li><strong>2024<\/strong> &#8211; <a href=\"http:\/\/www2.uepg.br\/ppgjor\/wp-content\/uploads\/sites\/26\/2025\/03\/Seminario-de-Inverno.pdf\">27\u00ba Semin\u00e1rio de Inverno em Estudos da Comunica\u00e7\u00e3o: O jornalismo em meio \u00e0s demandas sociais, regionais, pol\u00edticas e cient\u00edficas.<\/a><\/li>\n<li><strong>2023<\/strong> &#8211; <a href=\"https:\/\/ocs-jornal.apps.uepg.br\/index.php\/26SeminariodeInverno\/26SeminariodeInverno\/schedConf\/presentations\">26\u00ba Semin\u00e1rio de Inverno em Estudos da Comunica\u00e7\u00e3o: O Jornalismo como profiss\u00e3o e a regulamenta\u00e7\u00e3o das plataformas.<\/a><\/li>\n<li><strong>2022<\/strong> &#8211; <a href=\"https:\/\/ocs-jornal.apps.uepg.br\/index.php\/25seminariodeinverno\/25Semcom\/schedConf\/presentations\">25\u00ba Semin\u00e1rio de Inverno em Estudos da Comunica\u00e7\u00e3o: H\u00e1 25 anos pensando o jornalismo.\u00a0<\/a><\/li>\n<li><strong>2021<\/strong> &#8211; <a href=\"https:\/\/ocs-jornal.apps.uepg.br\/index.php\/24SemdeInverno\/24SemdeInverno\/schedConf\/presentations\">24\u00ba Semin\u00e1rio de Inverno em Estudos da Comunica\u00e7\u00e3o: Conflitos, desigualdade social e informa\u00e7\u00e3o.<\/a><\/li>\n<\/ul>\n","protected":false},"excerpt":{"rendered":"<p>Semin\u00e1rio de Inverno &#8211; Edi\u00e7\u00f5es anteriores 2024 &#8211; 27\u00ba Semin\u00e1rio de Inverno em Estudos da Comunica\u00e7\u00e3o: O jornalismo em meio \u00e0s demandas sociais, regionais, pol\u00edticas e cient\u00edficas. 2023 &#8211; 26\u00ba Semin\u00e1rio de Inverno em Estudos da Comunica\u00e7\u00e3o: O Jornalismo como profiss\u00e3o e a regulamenta\u00e7\u00e3o das plataformas. 2022 &#8211; 25\u00ba Semin\u00e1rio de Inverno em Estudos da&nbsp;&hellip;<\/p>\n","protected":false},"author":768,"featured_media":0,"parent":0,"menu_order":0,"comment_status":"closed","ping_status":"closed","template":"","meta":[],"_links":{"self":[{"href":"https:\/\/www2.uepg.br\/ppgjor\/wp-json\/wp\/v2\/pages\/2569"}],"collection":[{"href":"https:\/\/www2.uepg.br\/ppgjor\/wp-json\/wp\/v2\/pages"}],"about":[{"href":"https:\/\/www2.uepg.br\/ppgjor\/wp-json\/wp\/v2\/types\/page"}],"author":[{"embeddable":true,"href":"https:\/\/www2.uepg.br\/ppgjor\/wp-json\/wp\/v2\/users\/768"}],"replies":[{"embeddable":true,"href":"https:\/\/www2.uepg.br\/ppgjor\/wp-json\/wp\/v2\/comments?post=2569"}],"version-history":[{"count":3,"href":"https:\/\/www2.uepg.br\/ppgjor\/wp-json\/wp\/v2\/pages\/2569\/revisions"}],"predecessor-version":[{"id":2675,"href":"https:\/\/www2.uepg.br\/ppgjor\/wp-json\/wp\/v2\/pages\/2569\/revisions\/2675"}],"wp:attachment":[{"href":"https:\/\/www2.uepg.br\/ppgjor\/wp-json\/wp\/v2\/media?parent=2569"}],"curies":[{"name":"wp","href":"https:\/\/api.w.org\/{rel}","templated":true}]}}