{"id":2572,"date":"2025-02-20T10:10:00","date_gmt":"2025-02-20T13:10:00","guid":{"rendered":"https:\/\/www2.uepg.br\/ppgjor\/?page_id=2572"},"modified":"2025-06-04T13:55:56","modified_gmt":"2025-06-04T16:55:56","slug":"coloquio-mulher-sociedade-edicoes-anteriores","status":"publish","type":"page","link":"https:\/\/www2.uepg.br\/ppgjor\/coloquio-mulher-sociedade-edicoes-anteriores\/","title":{"rendered":"Col\u00f3quio Mulheres e Sociedade &#8211; Edi\u00e7\u00f5es anteriores"},"content":{"rendered":"<h3><strong>8\u00ba Col\u00f3quio Mulheres e Sociedade<\/strong><\/h3>\n<p>ISSN: 2317-2665<\/p>\n<p><img loading=\"lazy\" class=\"alignnone wp-image-3185\" src=\"http:\/\/www2.uepg.br\/ppgjor\/wp-content\/uploads\/sites\/26\/2025\/05\/Cartaz_8Coloquio.png\" alt=\"\" width=\"540\" height=\"675\" \/><\/p>\n<p>&nbsp;<\/p>\n<p>O Col\u00f3quio Mulheres e Sociedade \u00e9 um evento promovido pelo Grupo de Pesquisa Jornalismo e G\u00eanero, projeto de extens\u00e3o Elos \u2013 Jornalismo, Direitos Humanos e Forma\u00e7\u00e3o Cidad\u00e3, Programa de P\u00f3s-Gradua\u00e7\u00e3o em Jornalismo da UEPG e Programa de P\u00f3s-Gradua\u00e7\u00e3o em Comunica\u00e7\u00e3o da Universidade de Bras\u00edlia. Em sua oitava edi\u00e7\u00e3o, o evento abordou o tema \u201cG\u00eanero e Pol\u00edticas P\u00fablicas: Pr\u00e1ticas de resist\u00eancia em m\u00faltiplos territ\u00f3rios\u201d. Trata-se de uma abordagem transdisciplinar voltada ao desafio de discutir a implementa\u00e7\u00e3o de pol\u00edticas p\u00fablicas voltadas aos direitos das mulheres e as resist\u00eancias promovidas em distintos espa\u00e7os e contextos socioculturais.<\/p>\n<h4><b>Comit\u00ea Organizador<\/b><\/h4>\n<p>Dione Oliveira Moura<\/p>\n<p>Jaqueline Andriolli Silva<\/p>\n<p>Karina Janz Woitowicz<\/p>\n<p>Lina Marinque Villanueva<\/p>\n<p>Mara Rovida Martini<\/p>\n<p>Paula Melani Rocha<\/p>\n<h4><b>Comit\u00ea Cient\u00edfico<\/b><\/h4>\n<p>Dra. Angela Ribeiro Ferreira<\/p>\n<p>Dra. Aparecida de Jesus Ferreira (UEPG)<\/p>\n<p>Dra. Ariane Pereira (UNICENTRO)<\/p>\n<p>Dra. Camilla Quesada Tavares (UFMA)<\/p>\n<p>Dra. Dirceia Moreira (UEPG)<\/p>\n<p>Dra. Daiane Bertasso (UFSC)<\/p>\n<p>Dra. Dione Oliveira Moura (UnB)<\/p>\n<p>Dra. Edina Schimanski (UEPG)<\/p>\n<p>Dr. Felipe Sim\u00e3o Pontes (UEPG)<\/p>\n<p>Dra. Gabriella Zauith Leite Lopes (Centro Universit\u00e1rio Bar\u00e3o de Mau\u00e1)<\/p>\n<p>Dra. Lina Maria Patr\u00edcia Marinque Villanueva (Universidad Nacional de Col\u00f4mbia)<\/p>\n<p>Dra. Georgiane Garabely Heil V\u00e1zquez (UEPG)<\/p>\n<p>Dr. Guilherme Moreira Fernandes (UFRB)<\/p>\n<p>Dra. Graziela Soares Bianchi (UEPG)<\/p>\n<p>Dr. Jair Zandon\u00e1 (UFSC)<\/p>\n<p>Dra. Joseli Silva (UEPG)<\/p>\n<p>Dra. Karina Janz Woitowicz (UEPG)<\/p>\n<p>Dra. Kati Eliana Caetano (UTP)<\/p>\n<p>Dra. Mara Rovida Martini (UNISO)<\/p>\n<p>Dr. Muriel Em\u00eddio Pereira do Amaral (UEPG)<\/p>\n<p>Dra. Paula Melani Rocha (UEPG)<\/p>\n<p>Dra. Raquel de Barros Pinto Miguel (UFSC)<\/p>\n<p>Dra. Sandra Fischer (UTP)<\/p>\n<p>Dra. Valqu\u00edria John (UFPR)<\/p>\n<p>Dr. Volney Campos dos Santos (UEPG)<\/p>\n<p>Dra. Yamile, Haber Guerra (Universidad de Oriente, Cuba)<\/p>\n<h4><b>Realiza\u00e7\u00e3o<\/b><\/h4>\n<p>Grupo de Pesquisa Jornalismo e G\u00eanero\/PPG Jornalismo UEPG<\/p>\n<p>Projeto de extens\u00e3o Elos \u2013 Direitos Humanos, Jornalismo e Forma\u00e7\u00e3o Cidad\u00e3<\/p>\n<p>Departamento de Jornalismo Programa de P\u00f3s-Gradua\u00e7\u00e3o em Jornalismo UEPG<\/p>\n<p>Programa de P\u00f3s-Gradua\u00e7\u00e3o em Comunica\u00e7\u00e3o UnB<\/p>\n<p><a href=\"http:\/\/www2.uepg.br\/ppgjor\/wp-content\/uploads\/sites\/26\/2025\/05\/8-Coloquio-Mulheres-e-Sociedade_Anais_2023.pdf\"><b>Anais<\/b> dispon\u00edveis aqui\u00a0<\/a><\/p>\n<p>&nbsp;<\/p>\n<h3><strong>7\u00ba Col\u00f3quio Mulheres e Sociedade<\/strong><\/h3>\n<p>ISSN: 2317-2665<\/p>\n<p><img loading=\"lazy\" class=\"alignnone size-full wp-image-3186\" src=\"http:\/\/www2.uepg.br\/ppgjor\/wp-content\/uploads\/sites\/26\/2025\/05\/figura-7-coloquio.png\" alt=\"\" width=\"1269\" height=\"135\" \/><\/p>\n<p>O 7\u00ba Col\u00f3quio Mulher e Sociedade, que teve como tema \u201cDesigualdades de g\u00eanero e interseccionalidade: os direitos humanos em tempos de crise\u201d, foi um evento promovido pelo Grupo de Pesquisa Jornalismo e G\u00eanero do Mestrado em Jornalismo e pelo projeto de extens\u00e3o Elos \u2013 Jornalismo, Direitos Humanos e Forma\u00e7\u00e3o Cidad\u00e3 da Universidade Estadual de Ponta Grossa, em parceria com o Programa de P\u00f3s-Gradua\u00e7\u00e3o em Comunica\u00e7\u00e3o da Universidade de Bras\u00edlia e conta com o apoio da Parada LGBTQIA+ dos Campos Gerais.<\/p>\n<p>O Col\u00f3quio reuniu docentes, estudantes, pesquisadores(as), profissionais e representantes de entidades e movimentos que lutam pela equidade de g\u00eanero, com o prop\u00f3sito de discutir temas pertinentes na atualidade, em uma abordagem transdisciplinar. No ano de 2021, o evento abordou os impactos sociais da pandemia da Covid-19 a partir de marcadores de g\u00eanero, ra\u00e7a, classe, sexualidade, entre outros, refletindo sobre a garantia dos direitos humanos em um cen\u00e1rio de crise.<\/p>\n<p>Criado em 8 de mar\u00e7o de 2012, por ocasi\u00e3o do Dia Internacional da Mulher, o Col\u00f3quio visa propiciar um di\u00e1logo entre academia e sociedade, oportunizando um espa\u00e7o de reflex\u00e3o e debate em torno das quest\u00f5es de g\u00eanero em uma perspectiva interseccional. O evento divide-se em pain\u00e9is de debates, oficinas e apresenta\u00e7\u00e3o de artigos cient\u00edficos de diferentes \u00e1reas.<\/p>\n<h4><b>Comit\u00ea Organizador<\/b><\/h4>\n<p>Dione Moura<\/p>\n<p>Karina Janz Woitowicz<\/p>\n<p>Paula Claro<\/p>\n<p>Paula Melani Rocha<\/p>\n<p>Muriel Em\u00eddio Pessoa do Amaral<\/p>\n<p>Vin\u00edcius Biazotti<\/p>\n<h4><b>Comit\u00ea Cient\u00edfico<\/b><\/h4>\n<p>Dra. Aparecida de Jesus Ferreira (UEPG)<\/p>\n<p>Dra. Ariane Pereira (UNICENTRO)<\/p>\n<p>Dra. Camilla Quesada Tavares (UFMA)<\/p>\n<p>Dra. Dirceia Moreira (UEPG)<\/p>\n<p>Dra. Daiane Bertasso (UFSC)<\/p>\n<p>Dra. Dione Oliveira Moura (UnB)<\/p>\n<p>Dra. Edina Schimanski (UEPG)<\/p>\n<p>Dr. Felipe Sim\u00e3o Pontes (UEPG)<\/p>\n<p>Dra. Georgiane Garabely Heil V\u00e1zquez (UEPG)<\/p>\n<p>Dr. Guilherme Moreira Fernandes (UFRB)<\/p>\n<p>Dra. Graziela Soares Bianchi (UEPG)<\/p>\n<p>Dr. Jair Zandon\u00e1 (UFSC)<\/p>\n<p>Dra. Joseli Silva (UEPG)<\/p>\n<p>Dra. Karina Janz Woitowicz (UEPG)<\/p>\n<p>Dra. Kati Eliana Caetano (UTP)<\/p>\n<p>Dr. Muriel Em\u00eddio Pereira do Amaral (UEPG)<\/p>\n<p>Dra. Paula Melani Rocha (UEPG)<\/p>\n<p>Dra. Raquel de Barros Pinto Miguel (UFSC)<\/p>\n<p>Dra. Sandra Fischer (UTP)<\/p>\n<p>Dra. Valqu\u00edria John (UFPR)<\/p>\n<p>Dr. Volney Campos dos Santos (UEPG)<\/p>\n<h4><b>Realiza\u00e7\u00e3o<\/b>:<\/h4>\n<p>Grupo de Pesquisa Jornalismo e G\u00eanero\/PPG Jornalismo UEPG<\/p>\n<p>Projeto de extens\u00e3o Elos \u2013 Direitos Humanos, Jornalismo e Forma\u00e7\u00e3o Cidad\u00e3<\/p>\n<p>Departamento de Jornalismo<\/p>\n<p>Programa de P\u00f3s-Gradua\u00e7\u00e3o em Comunica\u00e7\u00e3o da UnB<\/p>\n<p><a href=\"http:\/\/www2.uepg.br\/ppgjor\/wp-content\/uploads\/sites\/26\/2025\/05\/7-Coloquio-Mulher-e-Sociedade_Anais_2021.pdf\"><b>Anais<\/b> dispon\u00edveis aqui<\/a><\/p>\n<p>&nbsp;<\/p>\n<h3><strong>6\u00ba Col\u00f3quio Mulher e Sociedade<\/strong><\/h3>\n<p><img loading=\"lazy\" class=\"alignnone size-full wp-image-3187\" src=\"http:\/\/www2.uepg.br\/ppgjor\/wp-content\/uploads\/sites\/26\/2025\/05\/figura-6-coloquio.png\" alt=\"\" width=\"679\" height=\"377\" \/><\/p>\n<p>O 6\u00ba Col\u00f3quio Mulher e Sociedade \u00e9 um evento promovido pelo Grupo de Pesquisa Jornalismo e G\u00eanero, vinculado ao Mestrado em Jornalismo da UEPG, em parceria com o projeto de extens\u00e3o Elos \u2013 Direitos Humanos, Jornalismo e Forma\u00e7\u00e3o Cidad\u00e3 e o Departamento de Jornalismo.<\/p>\n<p>No ano de 2019, o evento abordou o tema \u201cMulheres e Redes: perspectivas de pesquisa e interven\u00e7\u00e3o em g\u00eanero\u201d. Trata-se de uma abordagem voltada ao desafio de articula\u00e7\u00e3o entre saberes e pr\u00e1ticas que, em distintas \u00e1reas, promovem impactos sociais no que se refere \u00e0s demandas de g\u00eanero.<\/p>\n<h4><b>Comit\u00ea Cient\u00edfico:<\/b><\/h4>\n<p>Dra. Ana Maria da Concei\u00e7\u00e3o Veloso (UFPE)<\/p>\n<p>Dra. Aparecida de Jesus Ferreira (UEPG)<\/p>\n<p>Dra. Ariane Carla Pereira (UNICENTRO)<\/p>\n<p>Dra. Dione Oliveira Moura (UNB)<\/p>\n<p>Dra. Edina Schimanski (UEPG)<\/p>\n<p>Dr. Felipe Sim\u00e3o Pontes (UEPG)<\/p>\n<p>Dra. Graziela Bianchi (UEPG)<\/p>\n<p>Dr. Guilherme Moreira Fernandes (UFRB)<\/p>\n<p>Dr. Jeferson Bertolini (UEPG)<\/p>\n<p>Dra. Joseli Silva (UEPG)<\/p>\n<p>Dra. Karina Janz Woitowicz (UEPG)<\/p>\n<p>Dra. Kati Eliana Caetano (UTP)<\/p>\n<p>Dra. Liliane Maria Macedo Machado (UEPG)<\/p>\n<p>Dra. Luciana Rosar Fornazari Klanovicz (UNICENTRO)<\/p>\n<p>Dra. Marcia Veiga da Silva (UNISINOS)<\/p>\n<p>Dra. Paula Melani Rocha (UEPG)<\/p>\n<p>Dra. Raquel Barros (UFSC)<\/p>\n<p>Dra. Regiane Ribeiro (UFPR)<\/p>\n<p>Dr. Rozinaldo Miani (UEL)<\/p>\n<p>Dra. Sandra Fischer (UTP)<\/p>\n<p>Dra. Yamile Haber Guerra (Universidad de Oriente, Cuba)<\/p>\n<h4><b>Realiza\u00e7\u00e3o:<\/b><\/h4>\n<p>Grupo de Pesquisa Jornalismo e G\u00eanero\/Mestrado em Jornalismo\/UEPG; Projeto Elos &#8211; Direitos Humanos, Jornalismo e Forma\u00e7\u00e3o Cidad\u00e3; Departamento de Jornalismo<\/p>\n<p><b>Apoio:<\/b><\/p>\n<p>Pr\u00f3-Reitoria de Pesquisa e P\u00f3s-Gradua\u00e7\u00e3o\/UEPG; Capes &#8211; Coordena\u00e7\u00e3o de Aperfei\u00e7oamento de Pessoal de N\u00edvel Superior<\/p>\n<p><a href=\"http:\/\/www2.uepg.br\/ppgjor\/wp-content\/uploads\/sites\/26\/2025\/05\/6-Coloquio-Mulher-e-Sociedade_Anais_2019.pdf\"><b>Anais<\/b> dispon\u00edveis aqui<\/a><\/p>\n","protected":false},"excerpt":{"rendered":"<p>8\u00ba Col\u00f3quio Mulheres e Sociedade ISSN: 2317-2665 &nbsp; O Col\u00f3quio Mulheres e Sociedade \u00e9 um evento promovido pelo Grupo de Pesquisa Jornalismo e G\u00eanero, projeto de extens\u00e3o Elos \u2013 Jornalismo, Direitos Humanos e Forma\u00e7\u00e3o Cidad\u00e3, Programa de P\u00f3s-Gradua\u00e7\u00e3o em Jornalismo da UEPG e Programa de P\u00f3s-Gradua\u00e7\u00e3o em Comunica\u00e7\u00e3o da Universidade de Bras\u00edlia. Em sua oitava&nbsp;&hellip;<\/p>\n","protected":false},"author":768,"featured_media":0,"parent":0,"menu_order":0,"comment_status":"closed","ping_status":"closed","template":"","meta":[],"_links":{"self":[{"href":"https:\/\/www2.uepg.br\/ppgjor\/wp-json\/wp\/v2\/pages\/2572"}],"collection":[{"href":"https:\/\/www2.uepg.br\/ppgjor\/wp-json\/wp\/v2\/pages"}],"about":[{"href":"https:\/\/www2.uepg.br\/ppgjor\/wp-json\/wp\/v2\/types\/page"}],"author":[{"embeddable":true,"href":"https:\/\/www2.uepg.br\/ppgjor\/wp-json\/wp\/v2\/users\/768"}],"replies":[{"embeddable":true,"href":"https:\/\/www2.uepg.br\/ppgjor\/wp-json\/wp\/v2\/comments?post=2572"}],"version-history":[{"count":7,"href":"https:\/\/www2.uepg.br\/ppgjor\/wp-json\/wp\/v2\/pages\/2572\/revisions"}],"predecessor-version":[{"id":3476,"href":"https:\/\/www2.uepg.br\/ppgjor\/wp-json\/wp\/v2\/pages\/2572\/revisions\/3476"}],"wp:attachment":[{"href":"https:\/\/www2.uepg.br\/ppgjor\/wp-json\/wp\/v2\/media?parent=2572"}],"curies":[{"name":"wp","href":"https:\/\/api.w.org\/{rel}","templated":true}]}}