{"id":2574,"date":"2025-02-20T10:10:18","date_gmt":"2025-02-20T13:10:18","guid":{"rendered":"https:\/\/www2.uepg.br\/ppgjor\/?page_id=2574"},"modified":"2025-05-09T16:13:18","modified_gmt":"2025-05-09T19:13:18","slug":"coloquio-mulher-sociedade-edicao-atual","status":"publish","type":"page","link":"https:\/\/www2.uepg.br\/ppgjor\/coloquio-mulher-sociedade-edicao-atual\/","title":{"rendered":"Col\u00f3quio Mulheres e Sociedade &#8211; Edi\u00e7\u00e3o atual"},"content":{"rendered":"<p><b>Col\u00f3quio Mulheres e Sociedade<\/b><\/p>\n<p><b>ISSN 2317-2665<\/b><\/p>\n<p>Em 2012 nascia o Col\u00f3quio Mulheres e Sociedade. Um evento conectado \u00e0 pesquisa e extens\u00e3o, que promove o di\u00e1logo com movimentos sociais, busca caminhos para problem\u00e1ticas sobre g\u00eanero, ra\u00e7a, classe e etnia, al\u00e9m de fomentar a cria\u00e7\u00e3o de pol\u00edticas p\u00fablicas. O encontro surgiu no dia 8 de mar\u00e7o em alus\u00e3o ao Dia Internacional da Mulher e at\u00e9 2025 foram realizadas nove edi\u00e7\u00f5es.<\/p>\n<p>Foi a partir do segundo ciclo, criou-se espa\u00e7o para promover estudos interdisciplinares, por meio de temas que versam sobre direitos humanos, democracia e igualdade de g\u00eanero.<\/p>\n<p>De abrang\u00eancia nacional, o encontro \u00e9 promovido pelo Departamento de Jornalismo da Universidade Estadual de Ponta Grossa, Grupo de Pesquisa Jornalismo e G\u00eanero, projeto de extens\u00e3o Elos \u2013 Jornalismo, Direitos Humanos e Forma\u00e7\u00e3o Cidad\u00e3, Programa de P\u00f3s-Gradua\u00e7\u00e3o em Jornalismo (PPGJor-UEPG) e Programa de P\u00f3s-Gradua\u00e7\u00e3o em Comunica\u00e7\u00e3o da Universidade de Bras\u00edlia (UNB). Atualmente esse movimento acontece a cada dois anos, no formato h\u00edbrido, e conta com a participa\u00e7\u00e3o de docentes, estudantes, especialistas, sociedade civil, profissionais, pesquisadores brasileiros e internacionais.<\/p>\n<p>A partir das \u00faltimas edi\u00e7\u00f5es foram organizadas duas publica\u00e7\u00f5es. Um deles \u00e9 o e-book <b>Marcas &amp; Discursos G\u00eanero: produ\u00e7\u00f5es jornal\u00edsticas, representa\u00e7\u00f5es femininas e outros olhares<\/b>, dispon\u00edvel gratuitamente pela UEPG. A obra \u00e9 organizada pelas professoras do Departamento de Jornalismo e do programa de p\u00f3s-gradua\u00e7\u00e3o em Jornalismo da universidade, Karina Janz e Paula Melani. O livro re\u00fane estudos interdisciplinares sobre quest\u00f5es de g\u00eanero, abordando \u00e1reas de literatura, pol\u00edtica, jornalismo, economia, cultura e sociedade. Fa\u00e7a o download gratuito pelo link: <a href=\"https:\/\/www.editora.uepg.br\/ebooks\/ebook-marcas-e-discursos-de-genero-producoes-jornalisticas-representacoes-femininas-e-outros-olhares\">www.editora.uepg.br\/ebooks\/ebook-marcas-e-discursos-de-genero-producoes-jornalisticas-representacoes-femininas-e-outros-olhares<\/a><\/p>\n<p>J\u00e1 o livro <b>G\u00eanero, M\u00eddia &amp; Lutas Sociais: percep\u00e7\u00f5es cr\u00edticas e experi\u00eancias emancipadoras<\/b> \u00e9 resultado de trabalhos desenvolvidos pelo grupo de pesquisa Jornalismo e G\u00eanero (CNPq) e discuss\u00f5es realizadas durante o 5\u00b0 Col\u00f3quio Mulher e Sociedade &#8211; 2017. O livro \u00e9 de autoria das professoras do Departamento de Jornalismo e do programa de p\u00f3s-gradua\u00e7\u00e3o em Jornalismo da universidade, Graziela Bianchi, Karina Janz e Paula Melani. A obra est\u00e1 dispon\u00edvel gratuitamente pelo site da Editora UEPG: <a href=\"https:\/\/www.editora.uepg.br\/ebooks\/genero-midia-lutas-sociais-percepcoes-criticas-e-experiencias-emancipadoras-ebook\">www.editora.uepg.br\/ebooks\/genero-midia-lutas-sociais-percepcoes-criticas-e-experiencias-emancipadoras-ebook<\/a><\/p>\n","protected":false},"excerpt":{"rendered":"<p>Col\u00f3quio Mulheres e Sociedade ISSN 2317-2665 Em 2012 nascia o Col\u00f3quio Mulheres e Sociedade. Um evento conectado \u00e0 pesquisa e extens\u00e3o, que promove o di\u00e1logo com movimentos sociais, busca caminhos para problem\u00e1ticas sobre g\u00eanero, ra\u00e7a, classe e etnia, al\u00e9m de fomentar a cria\u00e7\u00e3o de pol\u00edticas p\u00fablicas. O encontro surgiu no dia 8 de mar\u00e7o em&nbsp;&hellip;<\/p>\n","protected":false},"author":768,"featured_media":0,"parent":0,"menu_order":0,"comment_status":"closed","ping_status":"closed","template":"","meta":[],"_links":{"self":[{"href":"https:\/\/www2.uepg.br\/ppgjor\/wp-json\/wp\/v2\/pages\/2574"}],"collection":[{"href":"https:\/\/www2.uepg.br\/ppgjor\/wp-json\/wp\/v2\/pages"}],"about":[{"href":"https:\/\/www2.uepg.br\/ppgjor\/wp-json\/wp\/v2\/types\/page"}],"author":[{"embeddable":true,"href":"https:\/\/www2.uepg.br\/ppgjor\/wp-json\/wp\/v2\/users\/768"}],"replies":[{"embeddable":true,"href":"https:\/\/www2.uepg.br\/ppgjor\/wp-json\/wp\/v2\/comments?post=2574"}],"version-history":[{"count":5,"href":"https:\/\/www2.uepg.br\/ppgjor\/wp-json\/wp\/v2\/pages\/2574\/revisions"}],"predecessor-version":[{"id":3074,"href":"https:\/\/www2.uepg.br\/ppgjor\/wp-json\/wp\/v2\/pages\/2574\/revisions\/3074"}],"wp:attachment":[{"href":"https:\/\/www2.uepg.br\/ppgjor\/wp-json\/wp\/v2\/media?parent=2574"}],"curies":[{"name":"wp","href":"https:\/\/api.w.org\/{rel}","templated":true}]}}