{"id":2580,"date":"2025-02-20T10:11:55","date_gmt":"2025-02-20T13:11:55","guid":{"rendered":"https:\/\/www2.uepg.br\/ppgjor\/?page_id=2580"},"modified":"2025-05-23T17:19:56","modified_gmt":"2025-05-23T20:19:56","slug":"descomemorar-golpes-edicoes-anteriores","status":"publish","type":"page","link":"https:\/\/www2.uepg.br\/ppgjor\/descomemorar-golpes-edicoes-anteriores\/","title":{"rendered":"Descomemorar golpes &#8211; Edi\u00e7\u00f5es anteriores"},"content":{"rendered":"<h3><strong>VI Ciclo Descomemorar Golpes<\/strong><\/h3>\n<p><img loading=\"lazy\" class=\"alignnone wp-image-3200\" src=\"http:\/\/www2.uepg.br\/ppgjor\/wp-content\/uploads\/sites\/26\/2025\/05\/VI-Descomemorar-Golpes_2025.jpg\" alt=\"\" width=\"540\" height=\"675\" \/><\/p>\n<p>O evento VI Ciclo Descomemorar Golpes \u2013 Sem Anistia! foi realizado entre os dias 31 de mar\u00e7o e 2 de abril de 2025, no campus central da Universidade Estadual de Ponta Grossa (UEPG).<\/p>\n<p>O ciclo ganha relev\u00e2ncia este ano ao tematizar os 61 anos do golpe c\u00edvico-militar de 1964, os 41 anos da campanha Diretas J\u00e1!, os 40 anos do lan\u00e7amento da obra \u201cBrasil Nunca Mais\u201d e os dois anos da tentativa de golpe de 08 de janeiro de 2023. Essas datas marcam per\u00edodos importantes da hist\u00f3ria brasileira, e o evento busca resgatar a mem\u00f3ria hist\u00f3rica, refletindo sobre os impactos desses momentos na sociedade atual.<\/p>\n<h4><b>Programa\u00e7\u00e3o<\/b>:<\/h4>\n<p>31\/03\/2025 \u2013 Movimentos sociais de resist\u00eancia estudantil \u00e0 ditadura c\u00edvico-militar<\/p>\n<p>Narciso Pires (Ex-Presidente do Grupo Tortura Nunca Mais do Paran\u00e1<\/p>\n<p>Guilherme Bomba (GTNHP)<\/p>\n<p>01\/04\/2025 \u2013 Crimes, penas, torturas: de mar\u00e7o de 1964 a janeiro de 2023<\/p>\n<p>Reinaldo Morano, Heloisa Fernandes C\u00e2mara (UFPR e Pedro Miranda (UEPG)<\/p>\n<p>02\/04\/2025 \u2013 O esp\u00f3lio da ditadura militar na UFPR<\/p>\n<p>Regis Clemente (UFFS)<\/p>\n<p>Nevio Campo (UEPG)<\/p>\n<p>Carina Darcoleto (UEPG)<\/p>\n<p>&nbsp;<\/p>\n<h3><strong>V Ciclo Descomemorar Golpes<\/strong><\/h3>\n<p><img loading=\"lazy\" class=\"alignnone wp-image-3201\" src=\"http:\/\/www2.uepg.br\/ppgjor\/wp-content\/uploads\/sites\/26\/2025\/05\/VCiclo-Descomemorar_2024.jpg\" alt=\"\" width=\"540\" height=\"764\" \/><\/p>\n<p><b>Tema:<\/b> 60 anos do golpe militar de mar\u00e7o\/64, 40 anos da campanha Direitas J\u00e1\/1984, 20 anos do Movimento 2 de Mar\u00e7o\/UEPG<\/p>\n<h4><b>Programa\u00e7\u00e3o:<\/b><\/h4>\n<p>18\/03\/2024, 2\u00aa-feira, 8h: Grande Audit\u00f3rio UEPG \u2013 Abertura <i>V Ciclo Descomemorar Golpes<\/i><\/p>\n<p>8h30, Grande Audit\u00f3rio UEPG \u2013 Mem\u00f3rias da resist\u00eancia \u00e0 ditadura no Paran\u00e1 \u2013 com Alu\u00edzio Palmar (<i>Doc Revelado<\/i>) e Alexandre Palmar\/H2Foz (debatedor)<\/p>\n<p>10h \u2013 Duas d\u00e9cadas do Movimento 2 de Mar\u00e7o\/2004. Coord: Luciano Miguel\/Unila e Felipe Pontes\/UEPG.<\/p>\n<p>16h \u2013 Mostra de Document\u00e1rio de Resist\u00eancia (Coord: Projeto Cultura Plural)<\/p>\n<p>19\/03\/2024, 3\u00aa-feira, 19h, Mini Audit\u00f3rio de Humanas\/UEPG \u2013 Ditadura militar no Brasil (1964-1985): a luta dos trabalhadores e a defesa da democracia. Alessandro de Melo (UEPG) e Regis Costa (UFFS).<\/p>\n<p>20\/03\/2024, 4\u00aa-feira, 13h30, Lab. Telejornal UEPG \u2013 Campanha Diretas J\u00e1 em PG e PR (com participantes do movimento\/1984)<\/p>\n<p>19h, Grande Audit\u00f3rio UEPG \u2013 Responsabilidade penal dos golpistas em 8\/01\/2023. Painel com Tha\u00eds Machinski (OAB PG), Pedro Miranda (UEPG) e Volney Campos (Sinduepg)<\/p>\n<p>21\/03\/2024, 5\u00aa-feira, 18h, Campus Central UEPG \u2013 Lan\u00e7amentos editoriais. Coord: Lambrequim &amp; Parceiros.<\/p>\n<p>21\/03, 19h: Grande Audit\u00f3rio \u2013 Aula inaugural Jornalismo\/UEPG: Refletir \u00e9 descomemorar golpes. Com Lu\u00eds Felipe Miguel (UnB)<\/p>\n<p>22\/03\/2024, 6\u00aa-feira, 16h \u2013 Mostra de Document\u00e1rio de Resist\u00eancia (Coord: Projeto Al\u00f4, Mulheres!)<\/p>\n<p>22\/03, 18h, Hall do Bloco D\/Campus Central UEPG \u2013 Lan\u00e7amento da exposi\u00e7\u00e3o 20 anos Movimento 2 de Mar\u00e7o\/2004) \u2013 Lente Quente\/Ag\u00eancia de Jornalismo\/Sinduepg-ANDES.<\/p>\n<p>&nbsp;<\/p>\n<h3><strong>IV Ciclo Descomemorar Golpes<\/strong><\/h3>\n<p><img loading=\"lazy\" class=\"alignnone wp-image-3202\" src=\"http:\/\/www2.uepg.br\/ppgjor\/wp-content\/uploads\/sites\/26\/2025\/05\/IVCiclo-Descomemorar_2023.jpg\" alt=\"\" width=\"540\" height=\"764\" \/><\/p>\n<p><b>Programa\u00e7\u00e3o:<\/b><\/p>\n<ul>\n<li>Exposi\u00e7\u00e3o fotogr\u00e1fica Cidade em curso: arquivos da reportagem (Ponta Grossa, 1980-2000). Abertura do IV Ciclo Descomemorar Golpes: 27\/03, 17h (Hall do Bloco B \u2013 Campus Central UEPG). Produ\u00e7\u00e3o: Projeto Lente Quente (coord: Rafael Schoenherr)<\/li>\n<li>Painel Intentona golpista da extrema-direita de 8\/01 contra democracia Brasileira. Palestrantes: Lorena Zomer e Pedro Miranda (Direito) com media\u00e7\u00e3o de Volney Campos (Direito). Dia 28\/03, 19h \u2013 Mini Audit\u00f3rio de Humanas (Bloco B)<\/li>\n<\/ul>\n<p>Entrevista coletiva (29\/03, 14h): Escravid\u00e3o e presen\u00e7a negra nos Campos Gerais. Ilton Martins (Museu Campos Gerais). Local: Laborat\u00f3rio de Telejornal UEPG. Coord: Rafael Schoenherr<\/p>\n<ul>\n<li>Entrevista coletiva (30\/03, 14h): Morar em PG nos 200 anos em mem\u00f3rias de lutas sociais: Convidados: Sra. Claudete Dalabona, Jeverson Tramontin, Leandro Dias (FNL PG). Local: Laborat\u00f3rio de Telejornal UEPG. Ag\u00eancia de Jornalismo (Coord: S\u00e9rgio Gadini)<\/li>\n<li>Entrevista coletiva (30\/03, 14h): A inven\u00e7\u00e3o de pratos t\u00edpicos nos Campos Gerais. Convidado: Prof. Marco Aur\u00e9lio Pereira. Local: Laborat\u00f3rio de Telejornal UEPG<\/li>\n<li>Mostra de Document\u00e1rios Descomemorar Golpes (Karina Woitowicz\/DeJor). Dia 30\/03, 17h (Lab. Telejornal \u2013 DeJor) e 31\/03, 18h30 (Ocupa\u00e7\u00e3o Ericson Duarte\/FNL PG). Projeto Cultura Plural (Coord: Karina Janz)<\/li>\n<li>Painel Hist\u00f3ria da M\u00eddia Regional. Participantes: Osni Gomes (A Not\u00edcia, Jornal do Estado) e Neomil Macedo (A Not\u00edcia, JM, DM e DC). Coord: Marcelo Bronosky (DeJor). Dia 31\/03, 6\u00aa-feira, 9h. Campus Central UEPG<\/li>\n<li>Lan\u00e7amentos editoriais: selo Olaria Cartonera + lan\u00e7amento do livro \u2018Uma casa em PG\u2019, de Antonio Paulo Benatte. Sexta, 31\/03, 19h, Hall Bloco B (t\u00e9rreo) Campus Central UEPG.<\/li>\n<\/ul>\n<p>&nbsp;<\/p>\n<h3><strong>III Ciclo Descomemorar Golpes<\/strong><\/h3>\n<p><img loading=\"lazy\" class=\"alignnone wp-image-3203\" src=\"http:\/\/www2.uepg.br\/ppgjor\/wp-content\/uploads\/sites\/26\/2025\/05\/III-Ciclo-Descomemorar-Golpes_2022.jpg\" alt=\"\" width=\"540\" height=\"764\" \/><\/p>\n<p><span style=\"font-weight: 400\">Os desafios da Universidade na defesa dos Direitos Humanos pautou a terceira edi\u00e7\u00e3o do ciclo \u2018Descomemorar Golpes\u2019, evento organizado pelo curso de Jornalismo da Universidade Estadual de Ponta Grossa (UEPG). A atividade aconteceu de 29 de mar\u00e7o a 02 de abril de 2022, com mostra documental, painelistas e espa\u00e7o cultural.<\/span><\/p>\n<h3><strong>II Ciclo Descomemorar Golpes<\/strong><\/h3>\n<p><img loading=\"lazy\" class=\"alignnone wp-image-3204\" src=\"http:\/\/www2.uepg.br\/ppgjor\/wp-content\/uploads\/sites\/26\/2025\/05\/II-Ciclo-Descomemorar-Golpes_2021.png\" alt=\"\" width=\"540\" height=\"284\" \/><\/p>\n<p>O Programa de P\u00f3s-Gradua\u00e7\u00e3o em Jornalismo (PPGJor), em parceria com a Ag\u00eancia de Jornalismo UEPG, PPG Prof. Hist\u00f3ria e PPG Educa\u00e7\u00e3o, promoveu as atividades do II Ciclo Descomemorar golpes em defesa dos Direitos Humanos, nos dias 31 de mar\u00e7o e 1\u00ba de abril de 2021.<\/p>\n<h4><b>Programa\u00e7\u00e3o:<\/b><\/h4>\n<p><b>31\/03\/2021, 4\u00aa feira, 20h<\/b><\/p>\n<p><i>\u201cM\u00eddia regional e representa\u00e7\u00e3o discursiva em ataques \u00e0 democracia\u201d<\/i><\/p>\n<p>Daniel Bordin (UEPG)<\/p>\n<p>Elaine Schmitt (UFSC)<\/p>\n<p>Iara Tizot (UEPG)<\/p>\n<p>Paulo Mello(UEPG)<\/p>\n<p><b>1\/04\/2021, 5\u00aafeira, 20h<\/b><\/p>\n<p><i>\u201cDefesa de Pol\u00edticas P\u00fablicas, Democracia e luta pela Vida\u201d<\/i><\/p>\n<p>Angela R. Ferreira (UEPG)<\/p>\n<p>Karina Woitowicz (UEPG)<\/p>\n<p>Julieta Weber (UEPG)<\/p>\n<p>S\u00e9rgio Gadini (UEPG)<\/p>\n<p>&nbsp;<\/p>\n<h3><strong>I Ciclo Descomemorar Golpes<\/strong><\/h3>\n<p><img loading=\"lazy\" class=\"alignnone wp-image-3205 size-full\" src=\"http:\/\/www2.uepg.br\/ppgjor\/wp-content\/uploads\/sites\/26\/2025\/05\/I-Ciclo-Descomemorar-Golpes_2019.jpeg\" alt=\"\" width=\"369\" height=\"500\" \/><\/p>\n<h4><b>Programa\u00e7\u00e3o:<\/b><\/h4>\n<p>25\/03\/2019, 2\u00aa-feira, 18h \u2013 Abertura e lan\u00e7amento exposi\u00e7\u00e3o \u2018O som das ruas: atualidade pol\u00edtica e ativismo social\u2019 (Museu Campos Gerais\/Lente Quente)<br \/>\n19 h \u2013 Exibi\u00e7\u00e3o Doc \u201cQue bom te ver viva\u201d. Local: Audit\u00f3rio Museu Campos Gerais UEPG (Rua Eng. Schamber, 686, Centro PG)<\/p>\n<p>26\/03\/2019, 3\u00aa-feira, 18h30 \u2013 Relan\u00e7amento do F\u00f3rum em Defesa da Previd\u00eancia P\u00fablica nos Campos Gerais<br \/>\n26\/03\/2019, 3\u00aa-feira, 19h \u2013 Grande Audit\u00f3rio do Campus Central UEPG \u2013 Painel: Cidadania, Direitos Humanos e defesa da aposentadoria. Painelistas: Sandro Silva (economista do DIEESE), Luiz Fernando Reis (Unioeste\/Cascavel). Coord: Sinduepg\/ANDES-SN<\/p>\n<p>27\/03\/2019, 4\u00aa-feira, 19h \u2013 Di\u00e1logos Jornalismo, Hist\u00f3ria e Literatura (Marighella na literatura e no cinema)<br \/>\nPainelistas: Karina Vieira (Uninter), Paulo Mello (PPGH), Hebe Gon\u00e7alves (MsJor). Local: Pequeno Audit\u00f3rio (Campus Central UEPG)<\/p>\n<p>29\/03\/2019, 6\u00aa-feira, 10h \u2013 \u201cA ditadura nos livros did\u00e1ticos de Hist\u00f3ria\u201d. Painelistas: Paulo Eduardo Dias de Mello (UEPG) e Angela Ribeiro Ferreira (UEPG). Local: Sala 37 \u2013 Central de Salas, Campus Uvaranas<br \/>\n14h \u2013 Painel \u201cO ensino de hist\u00f3ria e a ditadura\u201d. Painelistas: Christiane Szesz (UEPG), Michele Teles (UEPG) e William Baron (UEPG). Local: Sala 37 \u2013 Central de Salas, Campus Uvaranas<\/p>\n","protected":false},"excerpt":{"rendered":"<p>VI Ciclo Descomemorar Golpes O evento VI Ciclo Descomemorar Golpes \u2013 Sem Anistia! foi realizado entre os dias 31 de mar\u00e7o e 2 de abril de 2025, no campus central da Universidade Estadual de Ponta Grossa (UEPG). O ciclo ganha relev\u00e2ncia este ano ao tematizar os 61 anos do golpe c\u00edvico-militar de 1964, os 41&nbsp;&hellip;<\/p>\n","protected":false},"author":768,"featured_media":0,"parent":0,"menu_order":0,"comment_status":"closed","ping_status":"closed","template":"","meta":[],"_links":{"self":[{"href":"https:\/\/www2.uepg.br\/ppgjor\/wp-json\/wp\/v2\/pages\/2580"}],"collection":[{"href":"https:\/\/www2.uepg.br\/ppgjor\/wp-json\/wp\/v2\/pages"}],"about":[{"href":"https:\/\/www2.uepg.br\/ppgjor\/wp-json\/wp\/v2\/types\/page"}],"author":[{"embeddable":true,"href":"https:\/\/www2.uepg.br\/ppgjor\/wp-json\/wp\/v2\/users\/768"}],"replies":[{"embeddable":true,"href":"https:\/\/www2.uepg.br\/ppgjor\/wp-json\/wp\/v2\/comments?post=2580"}],"version-history":[{"count":7,"href":"https:\/\/www2.uepg.br\/ppgjor\/wp-json\/wp\/v2\/pages\/2580\/revisions"}],"predecessor-version":[{"id":3210,"href":"https:\/\/www2.uepg.br\/ppgjor\/wp-json\/wp\/v2\/pages\/2580\/revisions\/3210"}],"wp:attachment":[{"href":"https:\/\/www2.uepg.br\/ppgjor\/wp-json\/wp\/v2\/media?parent=2580"}],"curies":[{"name":"wp","href":"https:\/\/api.w.org\/{rel}","templated":true}]}}