{"id":2584,"date":"2025-02-20T10:13:55","date_gmt":"2025-02-20T13:13:55","guid":{"rendered":"https:\/\/www2.uepg.br\/ppgjor\/?page_id=2584"},"modified":"2025-05-27T15:19:12","modified_gmt":"2025-05-27T18:19:12","slug":"dialogos-edicoes-anteriores","status":"publish","type":"page","link":"https:\/\/www2.uepg.br\/ppgjor\/dialogos-edicoes-anteriores\/","title":{"rendered":"Di\u00e1logos &#8211; Edi\u00e7\u00f5es anteriores"},"content":{"rendered":"<p style=\"text-align: left\"><strong>Di\u00e1logos em Jornalismo, Hist\u00f3ria e Literatura (2021)<\/strong><\/p>\n<p style=\"text-align: left\"><img loading=\"lazy\" class=\"alignnone wp-image-3235\" src=\"http:\/\/www2.uepg.br\/ppgjor\/wp-content\/uploads\/sites\/26\/2025\/05\/paulo-freire.png\" alt=\"\" width=\"413\" height=\"518\" \/><\/p>\n<p style=\"text-align: left\">No dia 22\/09\/2021, foi transmitido ao vivo o painel \u201cDi\u00e1logos em Jornalismo, Literatura e Hist\u00f3ria:100 anos de Paulo Freire\u201d, pelo N\u00facleo de Tecnologia e Educa\u00e7\u00e3o Aberta e a Dist\u00e2ncia (Nutead) da Universidade Estadual de Ponta Grossa (UEPG).<\/p>\n<p style=\"text-align: left\">Promovido pelos Programas de P\u00f3s-Gradua\u00e7\u00e3o em Jornalismo (PPJOR\/UEPG), em Estudos da Linguagem (PPGEL\/UEPG), em Educa\u00e7\u00e3o (PPGE\/UEPG) e em Hist\u00f3ria (PPGH\/UEPG), foi composto pelo painelistas:<\/p>\n<p style=\"text-align: left\">Profa. Dra. Angela Ferreira (UEPG)<br \/>\nProfa. Dra. Hebe Gon\u00e7alves (UEPG)<br \/>\nProfa. Dra. Lucimara de Paula (UEPG)<br \/>\nProfa. Dra. Ivonete Varela (UFPR)<\/p>\n<p style=\"text-align: left\">Media\u00e7\u00e3o: Dr. S\u00e9rgio Gadini (UEPG)<\/p>\n<p style=\"text-align: left\">Evento dispon\u00edvel em: <a href=\"https:\/\/www.youtube.com\/watch?reload=9&amp;v=9ajpqnInkJ4\">https:\/\/www.youtube.com\/watch?reload=9&amp;v=9ajpqnInkJ4<\/a> (2h15min)<\/p>\n<p style=\"text-align: left\"><strong><br \/>\nDi\u00e1logos em Jornalismo, Hist\u00f3ria e Literatura (2019.2)<\/strong><\/p>\n<p style=\"text-align: left\"><img loading=\"lazy\" class=\"alignnone wp-image-3236\" src=\"http:\/\/www2.uepg.br\/ppgjor\/wp-content\/uploads\/sites\/26\/2025\/05\/jurgen-habermas.png\" alt=\"\" width=\"563\" height=\"317\" \/><\/p>\n<p style=\"text-align: left\">Em 20\/11\/2019, foi transmitido ao vivo o painel \u201cDi\u00e1logos em Jornalismo, Literatura e Hist\u00f3ria: Contribui\u00e7\u00e3o do pensamento de Jurgen Habermas\u201d, pelo N\u00facleo de Tecnologia e Educa\u00e7\u00e3o Aberta e a Dist\u00e2ncia (Nutead) da Universidade Estadual de Ponta Grossa (UEPG).<\/p>\n<p style=\"text-align: left\">O evento \u2013 promovido pelos Programas de P\u00f3s-Gradua\u00e7\u00e3o em Jornalismo (PPJOR\/UEPG), em Estudos da Linguagem (PPGEL\/UEPG), em Educa\u00e7\u00e3o (PPGE\/UEPG) e em Hist\u00f3ria (PPGH\/UEPG) \u2013 contou com a participa\u00e7\u00e3o dos seguintes painelistas:<\/p>\n<p style=\"text-align: left\">Prof. Dr. Guilherme Telles Bauer, doutor em Ci\u00eancia Pol\u00edtica e Sociologia pela Universitat Heidelberg (Ruprecht-Karls). Atualmente \u00e9 docente da Universidade Tuiuti do Paran\u00e1 (UTP).<\/p>\n<p style=\"text-align: left\">Prof\u00aa. Dr\u00aa. Rosaly Machado, doutora em Administra\u00e7\u00e3o pela Universidade Positivo (UP), com tese sobre \u00e9tica nas organiza\u00e7\u00f5es, em que aborda a teoria do agir comunicativo de Habermas. Docente do departamento de Contabilidade da UEPG.<\/p>\n<p style=\"text-align: left\">Prof. Ms. Ricardo Grokorriski, mestre em Educa\u00e7\u00e3o pela UEPG e graduado em Filosofia pelo Centro Universit\u00e1rio Assun\u00e7\u00e3o. Docente da Institui\u00e7\u00e3o de Ensino Superior Sant&#8217;Ana (IESSA) e na Secretaria de Estado da Educa\u00e7\u00e3o do Paran\u00e1 (SEED\/PR).<\/p>\n<p style=\"text-align: left\">A media\u00e7\u00e3o foi do professor doutor Carlos Willians J. Morais, autor do livro \u201cFilosofia, Educa\u00e7\u00e3o e Conhecimento: subjetividade e intersubjetividade em Kant e Habermas\u201d, publicado em 2013 pela Editora UEPG, e de outras publica\u00e7\u00f5es a respeito.<\/p>\n<p style=\"text-align: left\">Evento dispon\u00edvel em: <a href=\"https:\/\/www.youtube.com\/watch?v=WfTbihlEWCk\">https:\/\/www.youtube.com\/watch?v=WfTbihlEWCk<\/a> (2h06min)<\/p>\n<p style=\"text-align: left\"><strong><br \/>\nDi\u00e1logos em Jornalismo, Hist\u00f3ria e Literatura (2019.1)<\/strong><\/p>\n<p style=\"text-align: left\"><img loading=\"lazy\" class=\"alignnone wp-image-3237\" src=\"http:\/\/www2.uepg.br\/ppgjor\/wp-content\/uploads\/sites\/26\/2025\/05\/marighella.png\" alt=\"\" width=\"416\" height=\"588\" \/><\/p>\n<p style=\"text-align: left\">\u201cDi\u00e1logos Jornalismo, Hist\u00f3ria e Literatura\u201d reuniu olhares interdisciplinares em torno da obra de M\u00e1rio Magalh\u00e3es. Discutir aspectos de uma obra, autor ou momento hist\u00f3rico a partir de perspectivas m\u00faltiplas. Esta foi a proposta do evento \u201cDi\u00e1logos Jornalismo, Hist\u00f3ria e Literatura\u201d, promovido semestralmente pelo Mestrado em Jornalismo da UEPG desde 2016. No primeiro semestre de 2019, a obra escolhida foi \u201cMariguella, o guerrilheiro que incendiou o mundo\u201d, escrita pelo jornalista e escritor M\u00e1rio Magalh\u00e3es e publicada pela Companhia das Letras em 2012. O evento integrou a programa\u00e7\u00e3o do Ciclo Descomemorar Golpes, que prev\u00ea atividades em diferentes locais da cidade durante toda a semana para debater a mem\u00f3ria e os impactos da ditadura civil-militar no Brasil.<\/p>\n<p>O painel sobre a biografia de Carlos Marighella contou com a participa\u00e7\u00e3o da professora Dra. Karine Moura Vieira, do curso de Jornalismo da Uninter, do prof. Dr. Paulo Mello, do Mestrado Profissional de Ensino da Hist\u00f3ria da UEPG e da professora Dra. Hebe Maria Gon\u00e7alves de Oliveira, do Mestrado em Jornalismo da UEPG. O evento aconteceu no dia 27 de mar\u00e7o de 2019, quarta-feira, \u00e0s 19 horas, no Pequeno Audit\u00f3rio do Campus Central da UEPG, com entrada franca.<\/p>\n<p>\u201cDi\u00e1logos Jornalismo, Hist\u00f3ria e Literatura\u201d j\u00e1 abordou, em edi\u00e7\u00f5es anteriores, a obra de Umberto Eco, Euclides da Cunha, Lima Barreto, Clarice Lispector e escritos da Revolu\u00e7\u00e3o Russa e de Maio de 1968. A obra Marighella foi escolhida pela sintonia com a proposta do Ciclo Descomemorar Golpes e pela sua relev\u00e2ncia hist\u00f3rica, jornal\u00edstica e liter\u00e1ria.<\/p>\n<p>Carlos Marighella foi militante do Partido Comunista Brasileiro (PCB) e um dos l\u00edderes da A\u00e7\u00e3o Nacional Libertadora (ANL). Negro e pobre, o pol\u00edtico e escritor foi perseguido e torturado em dois momentos da hist\u00f3ria brasileira: pelo governo Vargas e pelo regime militar, sendo assassinado em 1969.<\/p>\n<p style=\"text-align: left\"><strong><br \/>\nDi\u00e1logos em Jornalismo e Literatura (2018)<\/strong><\/p>\n<p style=\"text-align: left\"><img loading=\"lazy\" class=\"alignnone wp-image-3238\" src=\"http:\/\/www2.uepg.br\/ppgjor\/wp-content\/uploads\/sites\/26\/2025\/05\/clarice-lispector.png\" alt=\"\" width=\"408\" height=\"577\" \/><\/p>\n<p style=\"text-align: left\">As contribui\u00e7\u00f5es de Clarice Lispector (1925-1977) ao jornalismo e \u00e0 literatura foram tema do Di\u00e1logos 2018 na Universidade Estadual de Ponta Grossa (UEPG). O evento ocorreu no dia 17 de outubro, campus central da UEPG, com entrada gratuita.<\/p>\n<p>Participaram do debate as professoras da UEPG Silvana Oliveira (Estudos da Linguagem) e Paula Melani Rocha (Jornalismo), al\u00e9m do professor da Faculdade Sant\u00b4Ana, Fernando Zan Vieira (Letras).<\/p>\n<p>Di\u00e1logos \u00e9 organizado pelo Programa de P\u00f3s-Gradua\u00e7\u00e3o (Mestrado) em Jornalismo da UEPG. O evento existe h\u00e1 dois anos, e j\u00e1 discutiu outros cl\u00e1ssicos, como Euclides da Cunha (1866-1909), Lima Barreto (1881-1922), Umberto Eco (1932-2016).<\/p>\n<p>No primeiro semestre, o tema do evento foi &#8220;Rela\u00e7\u00f5es entre intelectuais franceses e maio de 68&#8221; e contou com a participa\u00e7\u00e3o de Daniel de Oliveira Gomes (PPGL UEPG), Jhony Skeika (PPGL UEPG) e Carlos Morais (PPGJor UEPG).<\/p>\n","protected":false},"excerpt":{"rendered":"<p>Di\u00e1logos em Jornalismo, Hist\u00f3ria e Literatura (2021) No dia 22\/09\/2021, foi transmitido ao vivo o painel \u201cDi\u00e1logos em Jornalismo, Literatura e Hist\u00f3ria:100 anos de Paulo Freire\u201d, pelo N\u00facleo de Tecnologia e Educa\u00e7\u00e3o Aberta e a Dist\u00e2ncia (Nutead) da Universidade Estadual de Ponta Grossa (UEPG). Promovido pelos Programas de P\u00f3s-Gradua\u00e7\u00e3o em Jornalismo (PPJOR\/UEPG), em Estudos da&nbsp;&hellip;<\/p>\n","protected":false},"author":768,"featured_media":0,"parent":0,"menu_order":0,"comment_status":"closed","ping_status":"closed","template":"","meta":[],"_links":{"self":[{"href":"https:\/\/www2.uepg.br\/ppgjor\/wp-json\/wp\/v2\/pages\/2584"}],"collection":[{"href":"https:\/\/www2.uepg.br\/ppgjor\/wp-json\/wp\/v2\/pages"}],"about":[{"href":"https:\/\/www2.uepg.br\/ppgjor\/wp-json\/wp\/v2\/types\/page"}],"author":[{"embeddable":true,"href":"https:\/\/www2.uepg.br\/ppgjor\/wp-json\/wp\/v2\/users\/768"}],"replies":[{"embeddable":true,"href":"https:\/\/www2.uepg.br\/ppgjor\/wp-json\/wp\/v2\/comments?post=2584"}],"version-history":[{"count":4,"href":"https:\/\/www2.uepg.br\/ppgjor\/wp-json\/wp\/v2\/pages\/2584\/revisions"}],"predecessor-version":[{"id":3240,"href":"https:\/\/www2.uepg.br\/ppgjor\/wp-json\/wp\/v2\/pages\/2584\/revisions\/3240"}],"wp:attachment":[{"href":"https:\/\/www2.uepg.br\/ppgjor\/wp-json\/wp\/v2\/media?parent=2584"}],"curies":[{"name":"wp","href":"https:\/\/api.w.org\/{rel}","templated":true}]}}