{"id":2586,"date":"2025-02-20T10:14:11","date_gmt":"2025-02-20T13:14:11","guid":{"rendered":"https:\/\/www2.uepg.br\/ppgjor\/?page_id=2586"},"modified":"2025-04-25T15:25:25","modified_gmt":"2025-04-25T18:25:25","slug":"dialogos-edicao-atual","status":"publish","type":"page","link":"https:\/\/www2.uepg.br\/ppgjor\/dialogos-edicao-atual\/","title":{"rendered":"Di\u00e1logos &#8211; Edi\u00e7\u00e3o atual"},"content":{"rendered":"<p><b>Di\u00e1logos<\/b><\/p>\n<p>Desde 2016, o Programa de P\u00f3s-gradua\u00e7\u00e3o em Jornalismo da UEPG promove o \u201cDi\u00e1logos Jornalismo, Hist\u00f3ria e Literatura\u201d. O objetivo do evento \u00e9 discutir aspectos de uma obra, autor ou momento hist\u00f3rico a partir de perspectivas m\u00faltiplas das Ci\u00eancias Humanas e Sociais. O evento \u00e9 promovido pelo PPGJor em parceria com os programas de p\u00f3s-gradua\u00e7\u00e3o em Estudos da Linguagem (PPGel), em Educa\u00e7\u00e3o (PPGE) e em Hist\u00f3ria (PPGH) da UEPG.<\/p>\n<p>Por meio de pain\u00e9is abertos \u00e0 comunidade, com a participa\u00e7\u00e3o de especialistas, pesquisadores(as) e professores(as) dessas diferentes \u00e1reas, o evento colabora com o debate interdisciplinar junto ao jornalismo. Al\u00e9m do PPGJor, a atividade mobiliza grupos de pesquisa e projetos de extens\u00e3o na organiza\u00e7\u00e3o do evento, como a Ag\u00eancia de Jornalismo.<\/p>\n<p>Em suas edi\u00e7\u00f5es anteriores, o Di\u00e1logos j\u00e1 abordou obras de Jurgen Habermas, Paulo Freire, M\u00e1rio Magalh\u00e3es, Umberto Eco, Euclides da Cunha, Lima Barreto, Clarice Lispector e escritos da Revolu\u00e7\u00e3o Russa e de Maio de 1968.<\/p>\n<p>Mem\u00f3ria:<\/p>\n<p><a href=\"https:\/\/maiode1968.wixsite.com\/50anos\/programacao\">https:\/\/maiode1968.wixsite.com\/50anos\/programacao<\/a><\/p>\n<p><a href=\"https:\/\/www2.uepg.br\/ppgjor\/xvi-encontro-paranaense-de-pesquisa-em-jornalismo-inicia-hoje-na-uepg-programacao-contara-com-debates-lancamento-de-livros-e-apresentacao-de-trabalhos-ate-a-proxima-sexa-dia-19\/\">https:\/\/www2.uepg.br\/ppgjor\/xvi-encontro-paranaense-de-pesquisa-em-jornalismo-inicia-hoje-na-uepg-programacao-contara-com-debates-lancamento-de-livros-e-apresentacao-de-trabalhos-ate-a-proxima-sexa-dia-19\/<\/a><\/p>\n<p><a href=\"https:\/\/www.sinduepg.com.br\/100-anos-de-paulo-freire-dialogos-em-jornalismo-historia-e-literatura\/\">https:\/\/www.sinduepg.com.br\/100-anos-de-paulo-freire-dialogos-em-jornalismo-historia-e-literatura\/<\/a><\/p>\n","protected":false},"excerpt":{"rendered":"<p>Di\u00e1logos Desde 2016, o Programa de P\u00f3s-gradua\u00e7\u00e3o em Jornalismo da UEPG promove o \u201cDi\u00e1logos Jornalismo, Hist\u00f3ria e Literatura\u201d. O objetivo do evento \u00e9 discutir aspectos de uma obra, autor ou momento hist\u00f3rico a partir de perspectivas m\u00faltiplas das Ci\u00eancias Humanas e Sociais. O evento \u00e9 promovido pelo PPGJor em parceria com os programas de p\u00f3s-gradua\u00e7\u00e3o&nbsp;&hellip;<\/p>\n","protected":false},"author":768,"featured_media":0,"parent":0,"menu_order":0,"comment_status":"closed","ping_status":"closed","template":"","meta":[],"_links":{"self":[{"href":"https:\/\/www2.uepg.br\/ppgjor\/wp-json\/wp\/v2\/pages\/2586"}],"collection":[{"href":"https:\/\/www2.uepg.br\/ppgjor\/wp-json\/wp\/v2\/pages"}],"about":[{"href":"https:\/\/www2.uepg.br\/ppgjor\/wp-json\/wp\/v2\/types\/page"}],"author":[{"embeddable":true,"href":"https:\/\/www2.uepg.br\/ppgjor\/wp-json\/wp\/v2\/users\/768"}],"replies":[{"embeddable":true,"href":"https:\/\/www2.uepg.br\/ppgjor\/wp-json\/wp\/v2\/comments?post=2586"}],"version-history":[{"count":3,"href":"https:\/\/www2.uepg.br\/ppgjor\/wp-json\/wp\/v2\/pages\/2586\/revisions"}],"predecessor-version":[{"id":2870,"href":"https:\/\/www2.uepg.br\/ppgjor\/wp-json\/wp\/v2\/pages\/2586\/revisions\/2870"}],"wp:attachment":[{"href":"https:\/\/www2.uepg.br\/ppgjor\/wp-json\/wp\/v2\/media?parent=2586"}],"curies":[{"name":"wp","href":"https:\/\/api.w.org\/{rel}","templated":true}]}}